{"id":36456,"date":"2025-01-30T17:36:27","date_gmt":"2025-01-30T16:36:27","guid":{"rendered":"https:\/\/www.tatanka.nl\/?post_type=product&#038;p=36456"},"modified":"2025-05-16T14:39:08","modified_gmt":"2025-05-16T13:39:08","slug":"dark-star-x-ak-49","status":"publish","type":"product","link":"https:\/\/www.tatanka.nl\/de\/dark-star-x-ak-49\/","title":{"rendered":"Dark Star x AK-49 - Vision Seeds"},"content":{"rendered":"<h2><span data-sheets-value=\"{&quot;1&quot;:2,&quot;2&quot;:&quot;Dark Star x AK-49&quot;}\" data-sheets-userformat=\"{&quot;2&quot;:6723,&quot;3&quot;:{&quot;1&quot;:0},&quot;4&quot;:{&quot;1&quot;:2,&quot;2&quot;:14275305},&quot;9&quot;:0,&quot;12&quot;:0,&quot;14&quot;:{&quot;1&quot;:2,&quot;2&quot;:0},&quot;15&quot;:&quot;Arial&quot;}\">Dark Star x AK-49 <\/span>Cannabis-Samen von Vision Seeds<\/h2>\n<p>AK-49 x Dark Star ist eine Kombination aus absoluten Legenden, und es ist mir eine Freude, Dir diese preisgekr\u00f6nte Sorte vorzustellen. Diese Sorte hat einen der interessantesten Stammb\u00e4ume auf unserer Cannabis-Samenliste, wenn Du also auf der Suche nach spannender Genetik bist, ist sie genau das Richtige f\u00fcr Dich.<\/p>\n<p>Unter perfekten Bedingungen - d.h. bei einem erfahrenen Z\u00fcchter, der sich um seine Pflanzen k\u00fcmmert - kann Dark Star x AK-49 fast 1 kg dichte Knospen liefern! Der Geschmack bietet eine sch\u00f6ne Balance zwischen erdigen, w\u00fcrzigen und s\u00fc\u00dfen Aromen, die sich gut miteinander verbinden. Eine super Pflanze f\u00fcr super Z\u00fcchter!<\/p>","protected":false},"excerpt":{"rendered":"<p>Dark Star x AK-49 ist eine ausgewogene Hybridsorte, die Sie sicherlich mit ihrem Geschmack beeindrucken wird. Tone kombiniert dominante Aromen von Erdigkeit, Gew\u00fcrzen und s\u00fc\u00dfen Aromen f\u00fcr eine unglaubliche Erfahrung jedes Mal. Bei richtiger Pflege im Freien k\u00f6nnen Sie sich auf eine erstaunliche Menge an dichten Knospen freuen. Mit dieser Pflanze ist nicht zu spa\u00dfen!<\/p>","protected":false},"featured_media":36486,"template":"","meta":[],"product_brand":[],"product_cat":[546,297,549,548,638],"product_tag":[],"class_list":{"0":"post-36456","1":"product","2":"type-product","3":"status-publish","4":"has-post-thumbnail","6":"product_cat-seedshop","7":"product_cat-all-products","8":"product_cat-feminized-seeds","9":"product_cat-high-thc-seeds","10":"product_cat-vision-seeds","11":"product_shipping_class-creditcard-on","13":"first","14":"instock","15":"taxable","16":"shipping-taxable","17":"purchasable","18":"product-type-variable","19":"has-default-attributes"},"_links":{"self":[{"href":"https:\/\/www.tatanka.nl\/de\/wp-json\/wp\/v2\/product\/36456","targetHints":{"allow":["GET"]}}],"collection":[{"href":"https:\/\/www.tatanka.nl\/de\/wp-json\/wp\/v2\/product"}],"about":[{"href":"https:\/\/www.tatanka.nl\/de\/wp-json\/wp\/v2\/types\/product"}],"wp:featuredmedia":[{"embeddable":true,"href":"https:\/\/www.tatanka.nl\/de\/wp-json\/wp\/v2\/media\/36486"}],"wp:attachment":[{"href":"https:\/\/www.tatanka.nl\/de\/wp-json\/wp\/v2\/media?parent=36456"}],"wp:term":[{"taxonomy":"product_brand","embeddable":true,"href":"https:\/\/www.tatanka.nl\/de\/wp-json\/wp\/v2\/product_brand?post=36456"},{"taxonomy":"product_cat","embeddable":true,"href":"https:\/\/www.tatanka.nl\/de\/wp-json\/wp\/v2\/product_cat?post=36456"},{"taxonomy":"product_tag","embeddable":true,"href":"https:\/\/www.tatanka.nl\/de\/wp-json\/wp\/v2\/product_tag?post=36456"}],"curies":[{"name":"wp","href":"https:\/\/api.w.org\/{rel}","templated":true}]}}