{"id":36457,"date":"2025-01-30T17:36:27","date_gmt":"2025-01-30T16:36:27","guid":{"rendered":"https:\/\/www.tatanka.nl\/?post_type=product&#038;p=36457"},"modified":"2025-05-16T14:39:13","modified_gmt":"2025-05-16T13:39:13","slug":"doctor-jamaica","status":"publish","type":"product","link":"https:\/\/www.tatanka.nl\/de\/doctor-jamaica\/","title":{"rendered":"Doctor Jamaica - Vision Saatgut"},"content":{"rendered":"<h2><span data-sheets-value=\"{&quot;1&quot;:2,&quot;2&quot;:&quot;Doctor Jamaica&quot;}\" data-sheets-userformat=\"{&quot;2&quot;:6723,&quot;3&quot;:{&quot;1&quot;:0},&quot;4&quot;:{&quot;1&quot;:2,&quot;2&quot;:16043212},&quot;9&quot;:0,&quot;12&quot;:0,&quot;14&quot;:{&quot;1&quot;:2,&quot;2&quot;:0},&quot;15&quot;:&quot;Arial&quot;}\">Doctor Jamaica<\/span> Cannabis-Samen von Vision Seeds<\/h2>\n<p>Vision Seeds Doctor Jamaica ist eine klassische kalifornische Sorte der alten Schule, die in den 90er Jahren ihren Siegeszug antrat und wegen ihres fantastischen Geschmacks \u00fcberall angebaut wird. Obwohl sie manchmal keine gro\u00dfen Ernten einf\u00e4hrt und der THC-Gehalt manchmal nur durchschnittlich ist, scheint das ihre Fans nicht zu st\u00f6ren: Sie lieben die Art, wie sie schmeckt und riecht!<\/p>\n<p>Wenn Sie auf der Suche nach etwas wirklich Einzigartigem und K\u00f6stlichem sind, sind Sie bei dieser Dame an der richtigen Adresse - sie wird Sie mit jedem einzelnen Hauch in Erstaunen versetzen.<\/p>\n<p>Vision Seeds Doctor Jamaica ist ein erfrischender Standard, dessen Geschmack einer ihrer Fans als \"eine Kombination aus Skunk, Mango und Mandarine\" beschreibt. Die k\u00f6stlichsten, s\u00fc\u00dfesten Orangen, die du je probiert hast, mit einem zitrusartigen Aroma. Niam!<\/p>","protected":false},"excerpt":{"rendered":"<p>Diese Sorte ist ein Muss f\u00fcr jeden Cannabis-Kenner, der den Geschmack \u00fcber alles andere stellt. Sie ist nicht die ertragreichste Sorte auf dem Planeten, aber sie hat einige wirklich intensive Aromen, die den Mund w\u00e4ssrig und erfrischend machen, so dass sie jedes bisschen Aufwand wert ist. Die Wirkung wird ein erhebendes, gl\u00fcckliches High sein, bei dem die Kreativit\u00e4t noch intakt ist - und es gibt nichts Besseres, als diese Blume mit Freunden zu teilen und dabei das k\u00f6stliche Terpenprofil zu genie\u00dfen!<\/p>","protected":false},"featured_media":36432,"template":"","meta":[],"product_brand":[],"product_cat":[546,297,549,638],"product_tag":[],"class_list":{"0":"post-36457","1":"product","2":"type-product","3":"status-publish","4":"has-post-thumbnail","6":"product_cat-seedshop","7":"product_cat-all-products","8":"product_cat-feminized-seeds","9":"product_cat-vision-seeds","10":"product_shipping_class-creditcard-on","12":"first","13":"instock","14":"taxable","15":"shipping-taxable","16":"purchasable","17":"product-type-variable","18":"has-default-attributes"},"_links":{"self":[{"href":"https:\/\/www.tatanka.nl\/de\/wp-json\/wp\/v2\/product\/36457","targetHints":{"allow":["GET"]}}],"collection":[{"href":"https:\/\/www.tatanka.nl\/de\/wp-json\/wp\/v2\/product"}],"about":[{"href":"https:\/\/www.tatanka.nl\/de\/wp-json\/wp\/v2\/types\/product"}],"wp:featuredmedia":[{"embeddable":true,"href":"https:\/\/www.tatanka.nl\/de\/wp-json\/wp\/v2\/media\/36432"}],"wp:attachment":[{"href":"https:\/\/www.tatanka.nl\/de\/wp-json\/wp\/v2\/media?parent=36457"}],"wp:term":[{"taxonomy":"product_brand","embeddable":true,"href":"https:\/\/www.tatanka.nl\/de\/wp-json\/wp\/v2\/product_brand?post=36457"},{"taxonomy":"product_cat","embeddable":true,"href":"https:\/\/www.tatanka.nl\/de\/wp-json\/wp\/v2\/product_cat?post=36457"},{"taxonomy":"product_tag","embeddable":true,"href":"https:\/\/www.tatanka.nl\/de\/wp-json\/wp\/v2\/product_tag?post=36457"}],"curies":[{"name":"wp","href":"https:\/\/api.w.org\/{rel}","templated":true}]}}