{"id":36458,"date":"2025-01-30T17:36:27","date_gmt":"2025-01-30T16:36:27","guid":{"rendered":"https:\/\/www.tatanka.nl\/?post_type=product&#038;p=36458"},"modified":"2025-05-16T14:40:05","modified_gmt":"2025-05-16T13:40:05","slug":"jack-herer","status":"publish","type":"product","link":"https:\/\/www.tatanka.nl\/de\/jack-herer\/","title":{"rendered":"Jack Herer - Vision Saatgut"},"content":{"rendered":"<h2><span data-sheets-value=\"{&quot;1&quot;:2,&quot;2&quot;:&quot;Jack Herer&quot;}\" data-sheets-userformat=\"{&quot;2&quot;:6723,&quot;3&quot;:{&quot;1&quot;:0},&quot;4&quot;:{&quot;1&quot;:2,&quot;2&quot;:15389148},&quot;9&quot;:0,&quot;12&quot;:0,&quot;14&quot;:{&quot;1&quot;:2,&quot;2&quot;:0},&quot;15&quot;:&quot;Arial&quot;}\">Jack Herer <\/span>Cannabis-Samen von Vision Seeds<\/h2>\n<p>Du hast nach einer M\u00f6glichkeit gesucht, Dich zu entspannen und Spa\u00df zu haben, ohne Dich dabei tr\u00e4ge oder \u00fcberm\u00e4\u00dfig m\u00fcde zu f\u00fchlen. Du m\u00f6chtest, dass das euphorische Gef\u00fchl von Deinem Cannabis bei Dir bleibt, ohne davon \u00fcberw\u00e4ltigt zu werden. Jack Herer Cannabis Seeds k\u00f6nnte das sein, was Du brauchst!<\/p>\n<p>Diese b\u00f6sartige Marihuana-Sorte wird Dich benommen und gl\u00fccklich machen, ohne Dich ersch\u00f6pft oder tr\u00e4ge zu machen - ideal, wenn es das ist, was Du von einer Sorte Gras erwartest. Jack Herer ist stolz auf Skunk-, Northern Lights- und Haze-Genetik - ja!<\/p>","protected":false},"excerpt":{"rendered":"<p>Lass Jack sich selbst vorstellen, damit wir das nicht tun m\u00fcssen... \"Ich bin ein hochwertiger Sativa-Hybrid mit einer 100% Skunk, Northern Lights und Haze-Genetik, die dich stolz machen wird, mich anzubauen. Ich bin bekannt f\u00fcr meine gro\u00dfartigen Bl\u00fcten, die hellgr\u00fcnen Knospen, die mit vielen Haaren bedeckt sind, die Euphorie ausl\u00f6sen, wenn sie dein System erreicht.\" Wir k\u00f6nnten es selbst nicht besser sagen!<\/p>","protected":false},"featured_media":36487,"template":"","meta":[],"product_brand":[],"product_cat":[546,297,549,638],"product_tag":[],"class_list":{"0":"post-36458","1":"product","2":"type-product","3":"status-publish","4":"has-post-thumbnail","6":"product_cat-seedshop","7":"product_cat-all-products","8":"product_cat-feminized-seeds","9":"product_cat-vision-seeds","10":"product_shipping_class-creditcard-on","12":"first","13":"instock","14":"taxable","15":"shipping-taxable","16":"purchasable","17":"product-type-variable","18":"has-default-attributes"},"_links":{"self":[{"href":"https:\/\/www.tatanka.nl\/de\/wp-json\/wp\/v2\/product\/36458","targetHints":{"allow":["GET"]}}],"collection":[{"href":"https:\/\/www.tatanka.nl\/de\/wp-json\/wp\/v2\/product"}],"about":[{"href":"https:\/\/www.tatanka.nl\/de\/wp-json\/wp\/v2\/types\/product"}],"wp:featuredmedia":[{"embeddable":true,"href":"https:\/\/www.tatanka.nl\/de\/wp-json\/wp\/v2\/media\/36487"}],"wp:attachment":[{"href":"https:\/\/www.tatanka.nl\/de\/wp-json\/wp\/v2\/media?parent=36458"}],"wp:term":[{"taxonomy":"product_brand","embeddable":true,"href":"https:\/\/www.tatanka.nl\/de\/wp-json\/wp\/v2\/product_brand?post=36458"},{"taxonomy":"product_cat","embeddable":true,"href":"https:\/\/www.tatanka.nl\/de\/wp-json\/wp\/v2\/product_cat?post=36458"},{"taxonomy":"product_tag","embeddable":true,"href":"https:\/\/www.tatanka.nl\/de\/wp-json\/wp\/v2\/product_tag?post=36458"}],"curies":[{"name":"wp","href":"https:\/\/api.w.org\/{rel}","templated":true}]}}