{"id":36460,"date":"2025-01-30T17:36:27","date_gmt":"2025-01-30T16:36:27","guid":{"rendered":"https:\/\/www.tatanka.nl\/?post_type=product&#038;p=36460"},"modified":"2025-05-16T14:40:20","modified_gmt":"2025-05-16T13:40:20","slug":"la-blanca-gold","status":"publish","type":"product","link":"https:\/\/www.tatanka.nl\/de\/la-blanca-gold\/","title":{"rendered":"La Blanca Gold - Vision Saatgut"},"content":{"rendered":"<h2><span data-sheets-value=\"{&quot;1&quot;:2,&quot;2&quot;:&quot;AK-49&quot;}\" data-sheets-userformat=\"{&quot;2&quot;:14915,&quot;3&quot;:{&quot;1&quot;:0},&quot;4&quot;:{&quot;1&quot;:2,&quot;2&quot;:16773836},&quot;9&quot;:0,&quot;12&quot;:0,&quot;14&quot;:{&quot;1&quot;:2,&quot;2&quot;:0},&quot;15&quot;:&quot;docs-Calibri&quot;,&quot;16&quot;:12}\">La Blanca Gold<\/span>\u00a0Cannabis-Samen von Vision Seeds<\/h2>\n<p>Vision Seeds La Blanca Gold ist eine gemeine K\u00f6nigin aller klebrigen Dinge, die eine hohe Harzproduktion aufweist und einen sehr hohen CBD-Gehalt bietet, der sie f\u00fcr bestimmte medizinische Bed\u00fcrfnisse geeignet macht. Diese Dame liebt es, mit unterdurchschnittlichen Ertr\u00e4gen zu wachsen, die mit Kristallen bedeckt sind. Wenn Du auf der Suche nach einem dynamischen Raucherlebnis mit einer angenehmen CBD\/THC-Balance bist, k\u00f6nnte diese Dame Deine neue beste Freundin sein.<\/p>\n<p>La Blanca Gold ist eine Knospe mit einem knackigen, blumig-erdigen Duft und Geschmack. Die Wirkung ist sch\u00f6n ausgewogen und vermittelt das Gef\u00fchl, erhoben und energiegeladen zu sein, ohne zu aufdringlich zu sein. Der THC-Gehalt dieser Sorte wird Sie ohne Probleme in den Schlaf versetzen; 2 Stunden nach dem Genuss werden Sie davon tr\u00e4umen, wie sch\u00f6n das Leben auch in schwierigen Zeiten sein kann.<\/p>","protected":false},"excerpt":{"rendered":"<p>La Blanca Gold ist eine interessante neue Cannabis-Hybridsorte, die die Welt der erstaunlichen Cannabis-Genetik von Vision Seeds widerspiegelt. Die perfekte Mischung aus THC und CBD f\u00fcr einige gro\u00dfe medizinische Bed\u00fcrfnisse, w\u00e4hrend auch Spa\u00df zu wachsen mit einigen s\u00fc\u00dfen Ertr\u00e4gen zu sein! Unbedingt ausprobieren!<\/p>","protected":false},"featured_media":36489,"template":"","meta":[],"product_brand":[],"product_cat":[546,297,549,638],"product_tag":[],"class_list":{"0":"post-36460","1":"product","2":"type-product","3":"status-publish","4":"has-post-thumbnail","6":"product_cat-seedshop","7":"product_cat-all-products","8":"product_cat-feminized-seeds","9":"product_cat-vision-seeds","10":"product_shipping_class-creditcard-on","12":"first","13":"instock","14":"taxable","15":"shipping-taxable","16":"purchasable","17":"product-type-variable","18":"has-default-attributes"},"_links":{"self":[{"href":"https:\/\/www.tatanka.nl\/de\/wp-json\/wp\/v2\/product\/36460","targetHints":{"allow":["GET"]}}],"collection":[{"href":"https:\/\/www.tatanka.nl\/de\/wp-json\/wp\/v2\/product"}],"about":[{"href":"https:\/\/www.tatanka.nl\/de\/wp-json\/wp\/v2\/types\/product"}],"wp:featuredmedia":[{"embeddable":true,"href":"https:\/\/www.tatanka.nl\/de\/wp-json\/wp\/v2\/media\/36489"}],"wp:attachment":[{"href":"https:\/\/www.tatanka.nl\/de\/wp-json\/wp\/v2\/media?parent=36460"}],"wp:term":[{"taxonomy":"product_brand","embeddable":true,"href":"https:\/\/www.tatanka.nl\/de\/wp-json\/wp\/v2\/product_brand?post=36460"},{"taxonomy":"product_cat","embeddable":true,"href":"https:\/\/www.tatanka.nl\/de\/wp-json\/wp\/v2\/product_cat?post=36460"},{"taxonomy":"product_tag","embeddable":true,"href":"https:\/\/www.tatanka.nl\/de\/wp-json\/wp\/v2\/product_tag?post=36460"}],"curies":[{"name":"wp","href":"https:\/\/api.w.org\/{rel}","templated":true}]}}