{"id":36462,"date":"2025-01-30T17:36:28","date_gmt":"2025-01-30T16:36:28","guid":{"rendered":"https:\/\/www.tatanka.nl\/?post_type=product&#038;p=36462"},"modified":"2025-05-16T14:38:36","modified_gmt":"2025-05-16T13:38:36","slug":"mighty-mango-bud","status":"publish","type":"product","link":"https:\/\/www.tatanka.nl\/de\/mighty-mango-bud\/","title":{"rendered":"Mighty Mango Bud - Vision Saatgut"},"content":{"rendered":"<h2><span data-sheets-value=\"{&quot;1&quot;:2,&quot;2&quot;:&quot;Mighty Mango Bud&quot;}\" data-sheets-userformat=\"{&quot;2&quot;:6723,&quot;3&quot;:{&quot;1&quot;:0},&quot;4&quot;:{&quot;1&quot;:2,&quot;2&quot;:16773836},&quot;9&quot;:0,&quot;12&quot;:0,&quot;14&quot;:{&quot;1&quot;:2,&quot;2&quot;:0},&quot;15&quot;:&quot;Arial&quot;}\">Mighty Mango Bud<\/span> Cannabis-Samen von Vision Seeds<\/h2>\n<p>Wenn Sie etwas brauchen, das zum Entspannen und Beruhigen in einer klebrigen, sativa-high Art und Weise, Mighty Mango Bud Cannabis Strain wird immer da sein mit den richtigen Auswirkungen \u00fcber seine erdige Mischung geliefert. Du wirst Dich dabei ertappen, wie Du zu Melodien oder Projekten, die Du fertigstellen willst, mitwippst.<\/p>\n<p>Wer liebt nicht einen frischen, s\u00fc\u00dfen Mango-Frucht-Schr\u00e4gstrich-Cannabis-Pflanzen-Hybriden, der sich an deinen Geschmacksknospen labt? Vision Seeds Mighty Mango Bud Cannabis Strain ist das Beste aus beiden Welten - ein Indica-dominantes Fruchtbeeren-Cannabis, das sich um Ihren K\u00f6rper k\u00fcmmert, w\u00e4hrend es einen fr\u00f6hlichen, zerebralen Rausch ausl\u00f6st.<\/p>","protected":false},"excerpt":{"rendered":"<p>Vision Seeds Mighty Mango Bud Cannabis Strain ist das Beste aus beiden Welten - ein Indica-dominantes Fruchtbeeren-Cannabis, das sich um Ihren K\u00f6rper k\u00fcmmert, w\u00e4hrend es einen fr\u00f6hlichen, zerebralen Rausch ausl\u00f6st. Lieben Sie nicht auch diese saftigen und s\u00fc\u00dfen Cannabis-Z\u00fcge? Niam!<\/p>","protected":false},"featured_media":36491,"template":"","meta":[],"product_brand":[],"product_cat":[546,297,549,548,638],"product_tag":[],"class_list":{"0":"post-36462","1":"product","2":"type-product","3":"status-publish","4":"has-post-thumbnail","6":"product_cat-seedshop","7":"product_cat-all-products","8":"product_cat-feminized-seeds","9":"product_cat-high-thc-seeds","10":"product_cat-vision-seeds","11":"product_shipping_class-creditcard-on","13":"first","14":"instock","15":"taxable","16":"shipping-taxable","17":"purchasable","18":"product-type-variable","19":"has-default-attributes"},"_links":{"self":[{"href":"https:\/\/www.tatanka.nl\/de\/wp-json\/wp\/v2\/product\/36462","targetHints":{"allow":["GET"]}}],"collection":[{"href":"https:\/\/www.tatanka.nl\/de\/wp-json\/wp\/v2\/product"}],"about":[{"href":"https:\/\/www.tatanka.nl\/de\/wp-json\/wp\/v2\/types\/product"}],"wp:featuredmedia":[{"embeddable":true,"href":"https:\/\/www.tatanka.nl\/de\/wp-json\/wp\/v2\/media\/36491"}],"wp:attachment":[{"href":"https:\/\/www.tatanka.nl\/de\/wp-json\/wp\/v2\/media?parent=36462"}],"wp:term":[{"taxonomy":"product_brand","embeddable":true,"href":"https:\/\/www.tatanka.nl\/de\/wp-json\/wp\/v2\/product_brand?post=36462"},{"taxonomy":"product_cat","embeddable":true,"href":"https:\/\/www.tatanka.nl\/de\/wp-json\/wp\/v2\/product_cat?post=36462"},{"taxonomy":"product_tag","embeddable":true,"href":"https:\/\/www.tatanka.nl\/de\/wp-json\/wp\/v2\/product_tag?post=36462"}],"curies":[{"name":"wp","href":"https:\/\/api.w.org\/{rel}","templated":true}]}}