{"id":36465,"date":"2025-01-30T17:36:28","date_gmt":"2025-01-30T16:36:28","guid":{"rendered":"https:\/\/www.tatanka.nl\/?post_type=product&#038;p=36465"},"modified":"2025-05-16T14:38:49","modified_gmt":"2025-05-16T13:38:49","slug":"ny-diesel","status":"publish","type":"product","link":"https:\/\/www.tatanka.nl\/de\/ny-diesel\/","title":{"rendered":"NY Diesel - Vision Saatgut"},"content":{"rendered":"<h2><span data-sheets-value=\"{&quot;1&quot;:2,&quot;2&quot;:&quot;NY Diesel&quot;}\" data-sheets-userformat=\"{&quot;2&quot;:6723,&quot;3&quot;:{&quot;1&quot;:0},&quot;4&quot;:{&quot;1&quot;:2,&quot;2&quot;:14281427},&quot;9&quot;:0,&quot;12&quot;:0,&quot;14&quot;:{&quot;1&quot;:2,&quot;2&quot;:0},&quot;15&quot;:&quot;Arial&quot;}\">NY Diesel <\/span>Cannabis-Samen von Vision Seeds<\/h2>\n<p>NY Diesel ist eine neue und verbesserte Sorte, die Sie zu jeder Tageszeit genie\u00dfen k\u00f6nnen, aber Vorsicht! Die NY Diesel von Vision Seeds vereint die besten Eigenschaften von Indica und Sativa und bringt alle Vorz\u00fcge dieser fabelhaften Pflanze mit sich. Der Hybrid (50\/50) sorgt f\u00fcr ein noch ausgewogeneres Erlebnis, das perfekt f\u00fcr den mobilen Lebensstil ist, den wir in diesen hektischen Tagen f\u00fchren.<\/p>\n<p>Diese geniale K\u00f6nigin aus New York City wurde gez\u00fcchtet, indem man zwei verschiedene Sorten ausbalanciert hat, um keine Einschr\u00e4nkungen zu zeigen: Du bekommst nur die beste Qualit\u00e4t der Knospen und einen erstaunlichen Rauch - es wird Liebe auf den ersten Zug sein! Vertraue uns: Das sind keine gew\u00f6hnlichen Handvoll Kristalle, die h\u00fcbscher aussehen, als sie tats\u00e4chlich riechen.<\/p>\n<p>Diese Sorte ist ein erstaunlicher Hybrid, der Dich mit viel hochwertigem Rauch versorgen wird. Sie wurde aus klassischen Diesel-Vibes und fruchtigen Puffs gez\u00fcchtet, um die perfekte Sorte f\u00fcr jeden erfahrenen Weed-Kenner zu schaffen.<\/p>","protected":false},"excerpt":{"rendered":"<p>NY Diesel ist ein ausgewogener Hybrid (50\/50) mit interessanter Genetik. Das Geschmacksprofil umfasst schwere s\u00fc\u00df-saure und fruchtige T\u00f6ne, mit einigen Diesel-Vibes f\u00fcr eine gute Ma\u00dfnahme hinzugef\u00fcgt. NY Diesel ist die Pflanze der Wahl, wenn Sie sowohl einen Indica- als auch einen Sativa-Effekt w\u00fcnschen!<\/p>","protected":false},"featured_media":36494,"template":"","meta":[],"product_brand":[],"product_cat":[546,297,549,638],"product_tag":[],"class_list":{"0":"post-36465","1":"product","2":"type-product","3":"status-publish","4":"has-post-thumbnail","6":"product_cat-seedshop","7":"product_cat-all-products","8":"product_cat-feminized-seeds","9":"product_cat-vision-seeds","10":"product_shipping_class-creditcard-on","12":"first","13":"instock","14":"taxable","15":"shipping-taxable","16":"purchasable","17":"product-type-variable","18":"has-default-attributes"},"_links":{"self":[{"href":"https:\/\/www.tatanka.nl\/de\/wp-json\/wp\/v2\/product\/36465","targetHints":{"allow":["GET"]}}],"collection":[{"href":"https:\/\/www.tatanka.nl\/de\/wp-json\/wp\/v2\/product"}],"about":[{"href":"https:\/\/www.tatanka.nl\/de\/wp-json\/wp\/v2\/types\/product"}],"wp:featuredmedia":[{"embeddable":true,"href":"https:\/\/www.tatanka.nl\/de\/wp-json\/wp\/v2\/media\/36494"}],"wp:attachment":[{"href":"https:\/\/www.tatanka.nl\/de\/wp-json\/wp\/v2\/media?parent=36465"}],"wp:term":[{"taxonomy":"product_brand","embeddable":true,"href":"https:\/\/www.tatanka.nl\/de\/wp-json\/wp\/v2\/product_brand?post=36465"},{"taxonomy":"product_cat","embeddable":true,"href":"https:\/\/www.tatanka.nl\/de\/wp-json\/wp\/v2\/product_cat?post=36465"},{"taxonomy":"product_tag","embeddable":true,"href":"https:\/\/www.tatanka.nl\/de\/wp-json\/wp\/v2\/product_tag?post=36465"}],"curies":[{"name":"wp","href":"https:\/\/api.w.org\/{rel}","templated":true}]}}