{"id":36466,"date":"2025-01-30T17:36:28","date_gmt":"2025-01-30T16:36:28","guid":{"rendered":"https:\/\/www.tatanka.nl\/?post_type=product&#038;p=36466"},"modified":"2025-05-16T14:38:55","modified_gmt":"2025-05-16T13:38:55","slug":"pure-gelato","status":"publish","type":"product","link":"https:\/\/www.tatanka.nl\/de\/pure-gelato\/","title":{"rendered":"Pure Gelato - Vision Saatgut"},"content":{"rendered":"<h2><span data-sheets-value=\"{&quot;1&quot;:2,&quot;2&quot;:&quot;Pure Gelato&quot;}\" data-sheets-userformat=\"{&quot;2&quot;:6723,&quot;3&quot;:{&quot;1&quot;:0},&quot;4&quot;:{&quot;1&quot;:2,&quot;2&quot;:15389148},&quot;9&quot;:0,&quot;12&quot;:0,&quot;14&quot;:{&quot;1&quot;:2,&quot;2&quot;:0},&quot;15&quot;:&quot;Arial&quot;}\">Pure Gelato <\/span>Cannabis-Samen von Vision Seeds<\/h2>\n<p>Willkommen in der Welt des puren Gelatos! Benannt nach seinem k\u00f6stlichen, cremigen Geschmack, verspricht diese in den USA gez\u00fcchtete Cannabis-Sorte nichts anderes als s\u00fc\u00dfe K\u00f6stlichkeiten. Mit einer 75% genetischen Zusammensetzung von Sativa-dominanten St\u00e4mmen ist es f\u00fcr beide gewagte und neue Raucher da drau\u00dfen auf der Suche nach einem hervorragenden hoch. Erwarte extreme Aromen mit frischen minzigen Untert\u00f6nen, w\u00e4hrend Du erstaunt sein wirst, wie gro\u00dfartig sich Dein Geist anf\u00fchlen wird - wahrscheinlich wegen ihrer 30% Indica-DNA, was bedeutet, dass Du Dir keine Sorgen \u00fcber starke Sedierung oder das Aufgeben von Kreativit\u00e4t aufgrund schlechter Laune machen musst. Unser Pure Gelato hat f\u00fcr jeden etwas zu bieten - egal, ob Du Dich fruchtig-lecker f\u00fchlst oder etwas THC brauchst, das sich seinen Weg in Dein System bahnt, mach Dich bereit, dieses M\u00e4dchen hat Power unter diesem s\u00fc\u00dfen Duft. Wir reden hier von echter Power!<\/p>\n<p>Vision Seeds Pure Gelato ist bereit, Deine Lieblingssorte f\u00fcr diesen Winter zu werden. Wenn Du etwas brauchst, das die Nacht zum Tag macht - diese Sorte wird Dich mit ihrem hohen THC-Gehalt, dem klaren Kopf und den lang anhaltenden subtilen Aromen sicherlich nicht entt\u00e4uschen.<\/p>","protected":false},"excerpt":{"rendered":"<p>M\u00e4dels und Jungs, es gibt jetzt eine Pure Gelato Sorte, die nicht nur nach Eiscreme schmeckt, sondern Dich auch \"high\" macht! Sei jedoch gewarnt - diese Stud-Lady enth\u00e4lt viel mehr THC als dein durchschnittlicher Hybrid! Egal, ob Du zum ersten Mal Cannabis konsumierst, gelegentlich kiffst oder einfach immer auf der Suche nach etwas Neuem bist - es ist schwer, sich nicht f\u00fcr den Geschmack zu begeistern, den diese beerige Sorte Dir geben wird. Das Beste aus beiden Welten? Ja, genau.<\/p>","protected":false},"featured_media":36495,"template":"","meta":[],"product_brand":[],"product_cat":[546,297,549,548,550,552,638],"product_tag":[],"class_list":{"0":"post-36466","1":"product","2":"type-product","3":"status-publish","4":"has-post-thumbnail","6":"product_cat-seedshop","7":"product_cat-all-products","8":"product_cat-feminized-seeds","9":"product_cat-high-thc-seeds","10":"product_cat-seedshop-top-10","11":"product_cat-usa-seeds","12":"product_cat-vision-seeds","13":"product_shipping_class-creditcard-on","15":"first","16":"instock","17":"taxable","18":"shipping-taxable","19":"purchasable","20":"product-type-variable","21":"has-default-attributes"},"_links":{"self":[{"href":"https:\/\/www.tatanka.nl\/de\/wp-json\/wp\/v2\/product\/36466","targetHints":{"allow":["GET"]}}],"collection":[{"href":"https:\/\/www.tatanka.nl\/de\/wp-json\/wp\/v2\/product"}],"about":[{"href":"https:\/\/www.tatanka.nl\/de\/wp-json\/wp\/v2\/types\/product"}],"wp:featuredmedia":[{"embeddable":true,"href":"https:\/\/www.tatanka.nl\/de\/wp-json\/wp\/v2\/media\/36495"}],"wp:attachment":[{"href":"https:\/\/www.tatanka.nl\/de\/wp-json\/wp\/v2\/media?parent=36466"}],"wp:term":[{"taxonomy":"product_brand","embeddable":true,"href":"https:\/\/www.tatanka.nl\/de\/wp-json\/wp\/v2\/product_brand?post=36466"},{"taxonomy":"product_cat","embeddable":true,"href":"https:\/\/www.tatanka.nl\/de\/wp-json\/wp\/v2\/product_cat?post=36466"},{"taxonomy":"product_tag","embeddable":true,"href":"https:\/\/www.tatanka.nl\/de\/wp-json\/wp\/v2\/product_tag?post=36466"}],"curies":[{"name":"wp","href":"https:\/\/api.w.org\/{rel}","templated":true}]}}