{"id":36467,"date":"2025-01-30T17:36:28","date_gmt":"2025-01-30T16:36:28","guid":{"rendered":"https:\/\/www.tatanka.nl\/?post_type=product&#038;p=36467"},"modified":"2025-05-16T14:38:58","modified_gmt":"2025-05-16T13:38:58","slug":"russian-snow","status":"publish","type":"product","link":"https:\/\/www.tatanka.nl\/de\/russian-snow\/","title":{"rendered":"Russian Snow - Vision Seeds"},"content":{"rendered":"<h2><span data-sheets-value=\"{&quot;1&quot;:2,&quot;2&quot;:&quot;Russian Snow&quot;}\" data-sheets-userformat=\"{&quot;2&quot;:6723,&quot;3&quot;:{&quot;1&quot;:0},&quot;4&quot;:{&quot;1&quot;:2,&quot;2&quot;:13689059},&quot;9&quot;:0,&quot;12&quot;:0,&quot;14&quot;:{&quot;1&quot;:2,&quot;2&quot;:0},&quot;15&quot;:&quot;Arial&quot;}\">Russian Snow<\/span> Cannabis-Samen von Vision Seeds<\/h2>\n<p>Vision Seeds Russian Snow hat ihren einzigartigen Namen von nichts anderem als der schneewei\u00dfen, frostigen Trichomenzahl, die selbst den erfahrensten Cannabisz\u00fcchter verbl\u00fcffen wird! Wer h\u00e4tte gedacht, dass die Kreuzung von AK-49 und White Widow solch angenehme und kraftvolle Indica-Ergebnisse hervorbringen w\u00fcrde...<\/p>\n<p>Mit mehr Schie\u00dfpulver als n\u00f6tig, w\u00e4chst diese Schneek\u00f6nigin zu einer durchschnittlichen H\u00f6he mit einer engen Statur heran und gl\u00e4nzt dann mit sehr harzigen Bl\u00fctenspitzen. Erwarten Sie, dass sp\u00fcrbare AK-49 und White Widow Aroma mit s\u00fc\u00dfen Noten gef\u00fcllt. Wenn es darum geht, sie anzuz\u00fcnden, ist das High, das sie mit einem starken und dauerhaften Rausch liefert, nicht von dieser Welt!<\/p>\n<p>Entwickelt in Russland, durch Kreuzung von AK-97 und White Widow. Hauchd\u00fcnne wei\u00dfe Trichome machen diese Sorte zu einem wahr gewordenen Traum einer Schneek\u00f6nigin. AK-97 ist kraftvoll und m\u00e4chtig allein, w\u00e4hrend die White Widow mit ihrem Hauch von tropischen Fr\u00fcchten s\u00fc\u00df schmeckt. Diese K\u00f6nigin wird eine durchschnittliche H\u00f6he erreichen, w\u00e4hrend sie dicke Knospen bildet, die nur f\u00fcr den Innen- oder Gew\u00e4chshausgebrauch empfohlen werden, um sie wie eine K\u00f6nigin zu genie\u00dfen!<\/p>","protected":false},"excerpt":{"rendered":"<p>Die AK-49 und White Widow vereinen sich zu dieser erstaunlichen Russian Snow Cannabis Sorte! Diese Schneek\u00f6nigin gl\u00e4nzt mit einem starken Harzgehalt und einer erstaunlichen Ernte. Sie ist die perfekte Mischung aus Potenz, Qualit\u00e4t, Ertrag und Geschmack. Erleichtern Sie Ihren Geist mit einer raumgreifenden Euphorie, die Sie nie entt\u00e4uschen wird. Jeder, der einen Zug von dieser Cannabis-Sorte nimmt, wird sich in einem traumhaften Rausch befinden, der jeden Stress bew\u00e4ltigen kann!<\/p>","protected":false},"featured_media":36496,"template":"","meta":[],"product_brand":[],"product_cat":[546,297,549,548,638],"product_tag":[],"class_list":{"0":"post-36467","1":"product","2":"type-product","3":"status-publish","4":"has-post-thumbnail","6":"product_cat-seedshop","7":"product_cat-all-products","8":"product_cat-feminized-seeds","9":"product_cat-high-thc-seeds","10":"product_cat-vision-seeds","11":"product_shipping_class-creditcard-on","13":"first","14":"instock","15":"taxable","16":"shipping-taxable","17":"purchasable","18":"product-type-variable","19":"has-default-attributes"},"_links":{"self":[{"href":"https:\/\/www.tatanka.nl\/de\/wp-json\/wp\/v2\/product\/36467","targetHints":{"allow":["GET"]}}],"collection":[{"href":"https:\/\/www.tatanka.nl\/de\/wp-json\/wp\/v2\/product"}],"about":[{"href":"https:\/\/www.tatanka.nl\/de\/wp-json\/wp\/v2\/types\/product"}],"wp:featuredmedia":[{"embeddable":true,"href":"https:\/\/www.tatanka.nl\/de\/wp-json\/wp\/v2\/media\/36496"}],"wp:attachment":[{"href":"https:\/\/www.tatanka.nl\/de\/wp-json\/wp\/v2\/media?parent=36467"}],"wp:term":[{"taxonomy":"product_brand","embeddable":true,"href":"https:\/\/www.tatanka.nl\/de\/wp-json\/wp\/v2\/product_brand?post=36467"},{"taxonomy":"product_cat","embeddable":true,"href":"https:\/\/www.tatanka.nl\/de\/wp-json\/wp\/v2\/product_cat?post=36467"},{"taxonomy":"product_tag","embeddable":true,"href":"https:\/\/www.tatanka.nl\/de\/wp-json\/wp\/v2\/product_tag?post=36467"}],"curies":[{"name":"wp","href":"https:\/\/api.w.org\/{rel}","templated":true}]}}