{"id":36468,"date":"2025-01-30T17:36:29","date_gmt":"2025-01-30T16:36:29","guid":{"rendered":"https:\/\/www.tatanka.nl\/?post_type=product&#038;p=36468"},"modified":"2025-05-16T14:37:30","modified_gmt":"2025-05-16T13:37:30","slug":"silver-haze","status":"publish","type":"product","link":"https:\/\/www.tatanka.nl\/de\/silver-haze\/","title":{"rendered":"Silver Haze - Vision Saatgut"},"content":{"rendered":"<h2><span data-sheets-value=\"{&quot;1&quot;:2,&quot;2&quot;:&quot;Silver Haze&quot;}\" data-sheets-userformat=\"{&quot;2&quot;:6723,&quot;3&quot;:{&quot;1&quot;:0},&quot;4&quot;:{&quot;1&quot;:2,&quot;2&quot;:13624051},&quot;9&quot;:0,&quot;12&quot;:0,&quot;14&quot;:{&quot;1&quot;:2,&quot;2&quot;:0},&quot;15&quot;:&quot;Arial&quot;}\">Silver Haze<\/span> Cannabis-Samen von Vision Seeds<\/h2>\n<p>Silver Haze wird von einigen als eine der interessantesten Cannabissorten angesehen, die es gibt. Sie ist eine perfekte Mischung aus Indica- und Sativa-Genetik, die Dich den ganzen Tag kichern l\u00e4sst. Mach Dich bereit, kreative H\u00f6hen mit euphorischem Rausch und starken zerebralen Effekten zu erleben!<\/p>\n<p>Silver Haze ist eine der bekanntesten Cannabis-Haze-Sorten da drau\u00dfen, die jeden Sativa-Liebhaber in den Wahnsinn treiben wird! Und Vision Seeds Silver Haze ist eine Haze, die jeden Pot-Liebhaber sabbern lassen wird! Diese beliebte Genetik kommt von der reinen Haze-Seite, hat aber auch Skunk und Northern Lights untergemischt.<\/p>\n<p>Dies verleiht ihr einen moderaten THC-Gehalt mit einem gro\u00dfartigen, kichernden High. Die Wirkung ist das, was diese Sorte zu einem Klassiker gemacht hat - ein starker zerebraler Rausch, der mit euphorischen Gef\u00fchlen einhergeht, die durch einige ernsthafte Lacher hervorgerufen werden. Funky Kiefer \/ Obst Geschmack Kombinationen sind erstaunlich, aber ernsthaft w\u00fcrzigen Noten zeigen sich auch, die f\u00fcr manche Menschen \u00fcberw\u00e4ltigend sein kann.<\/p>","protected":false},"excerpt":{"rendered":"<p>Auf der Suche nach einem intensiven Abenteuer in Ihrem eigenen Kopf? Silver Haze ist hier, bereit, die K\u00f6pfe zu sprengen, indem sie die T\u00fcren der Wahrnehmung \u00f6ffnet. Diese schwere Indica-Genetik kreuzt Skunk und Northern Lights mit reiner Haze, um einen knallharten Rausch in Kombination mit einigen ernsthaft introspektiven Highs zu erhalten. Du wei\u00dft, dass Du es willst!<\/p>","protected":false},"featured_media":36497,"template":"","meta":[],"product_brand":[],"product_cat":[546,297,549,638],"product_tag":[],"class_list":{"0":"post-36468","1":"product","2":"type-product","3":"status-publish","4":"has-post-thumbnail","6":"product_cat-seedshop","7":"product_cat-all-products","8":"product_cat-feminized-seeds","9":"product_cat-vision-seeds","10":"product_shipping_class-creditcard-on","12":"first","13":"instock","14":"taxable","15":"shipping-taxable","16":"purchasable","17":"product-type-variable","18":"has-default-attributes"},"_links":{"self":[{"href":"https:\/\/www.tatanka.nl\/de\/wp-json\/wp\/v2\/product\/36468","targetHints":{"allow":["GET"]}}],"collection":[{"href":"https:\/\/www.tatanka.nl\/de\/wp-json\/wp\/v2\/product"}],"about":[{"href":"https:\/\/www.tatanka.nl\/de\/wp-json\/wp\/v2\/types\/product"}],"wp:featuredmedia":[{"embeddable":true,"href":"https:\/\/www.tatanka.nl\/de\/wp-json\/wp\/v2\/media\/36497"}],"wp:attachment":[{"href":"https:\/\/www.tatanka.nl\/de\/wp-json\/wp\/v2\/media?parent=36468"}],"wp:term":[{"taxonomy":"product_brand","embeddable":true,"href":"https:\/\/www.tatanka.nl\/de\/wp-json\/wp\/v2\/product_brand?post=36468"},{"taxonomy":"product_cat","embeddable":true,"href":"https:\/\/www.tatanka.nl\/de\/wp-json\/wp\/v2\/product_cat?post=36468"},{"taxonomy":"product_tag","embeddable":true,"href":"https:\/\/www.tatanka.nl\/de\/wp-json\/wp\/v2\/product_tag?post=36468"}],"curies":[{"name":"wp","href":"https:\/\/api.w.org\/{rel}","templated":true}]}}