{"id":36469,"date":"2025-01-30T17:36:29","date_gmt":"2025-01-30T16:36:29","guid":{"rendered":"https:\/\/www.tatanka.nl\/?post_type=product&#038;p=36469"},"modified":"2025-05-16T14:37:38","modified_gmt":"2025-05-16T13:37:38","slug":"super-skunk","status":"publish","type":"product","link":"https:\/\/www.tatanka.nl\/de\/super-skunk\/","title":{"rendered":"Super Skunk - Vision Seeds"},"content":{"rendered":"<h2><span data-sheets-value=\"{&quot;1&quot;:2,&quot;2&quot;:&quot;Super Skunk&quot;}\" data-sheets-userformat=\"{&quot;2&quot;:6723,&quot;3&quot;:{&quot;1&quot;:0},&quot;4&quot;:{&quot;1&quot;:2,&quot;2&quot;:14281427},&quot;9&quot;:0,&quot;12&quot;:0,&quot;14&quot;:{&quot;1&quot;:2,&quot;2&quot;:0},&quot;15&quot;:&quot;Arial&quot;}\">Super Skunk<\/span> Cannabis-Samen von Vision Seeds<\/h2>\n<p>Vision Seeds Super Skunk ist eine gro\u00dfartige Wahl f\u00fcr klassische und Old-School-Z\u00fcchter, aber auch f\u00fcr Anf\u00e4nger. Mit einem THC-Gehalt, der tendenziell niedriger als der Durchschnitt ist, ist Super Skunk perfekt f\u00fcr sehr sensible Cannabis-Enthusiasten, die das Risiko einer \u00dcberreizung reduzieren wollen.<\/p>\n<p>Die<span style=\"font-size: 14.4px;\">\u00a0Die Gesamtleistung der Pflanze bleibt ziemlich stabil; es dauert etwa 9 Wochen ab dem Keimlingsstadium, bevor andere Kulturen wie Knospen- oder Wurzelverpflanzungen versucht werden sollten, um Schockwirkungen zu vermeiden. Der Geschmack? Nun, Sie haben es erraten: skunky!<\/span><\/p>\n<p>Eine der besten Sorten f\u00fcr Anf\u00e4nger und auch eine gro\u00dfartige Wahl f\u00fcr regelm\u00e4\u00dfige Z\u00fcchter, die es ruhig angehen lassen wollen. Sie produziert gro\u00dfartige Indica-dominante Knospen, die Dich mit einem wirklich entspannenden Rauch versorgen, w\u00e4hrend sie nach Stinktier riecht!<\/p>","protected":false},"excerpt":{"rendered":"<p>Vision Seeds Super Skunk ist die perfekte Cannabissorte f\u00fcr Anbauanf\u00e4nger! Anf\u00e4ngerfreundliche, hochwertige indicadominierte Buds, wir kommen! Was ist so toll an ihr? Super Skunk hat das am besten schmeckende Gras, das Du jemals probieren wirst... im Ernst. Wenn das nicht nach Deinem Geschmack ist, kannst Du eine andere Sorte auf unserer Website finden, aber Skunk- und K\u00e4se-Liebhaber lieben diesen Klassiker sehr!<\/p>","protected":false},"featured_media":36498,"template":"","meta":[],"product_brand":[],"product_cat":[546,297,549,550,638],"product_tag":[],"class_list":{"0":"post-36469","1":"product","2":"type-product","3":"status-publish","4":"has-post-thumbnail","6":"product_cat-seedshop","7":"product_cat-all-products","8":"product_cat-feminized-seeds","9":"product_cat-seedshop-top-10","10":"product_cat-vision-seeds","11":"product_shipping_class-creditcard-on","13":"first","14":"instock","15":"taxable","16":"shipping-taxable","17":"purchasable","18":"product-type-variable","19":"has-default-attributes"},"_links":{"self":[{"href":"https:\/\/www.tatanka.nl\/de\/wp-json\/wp\/v2\/product\/36469","targetHints":{"allow":["GET"]}}],"collection":[{"href":"https:\/\/www.tatanka.nl\/de\/wp-json\/wp\/v2\/product"}],"about":[{"href":"https:\/\/www.tatanka.nl\/de\/wp-json\/wp\/v2\/types\/product"}],"wp:featuredmedia":[{"embeddable":true,"href":"https:\/\/www.tatanka.nl\/de\/wp-json\/wp\/v2\/media\/36498"}],"wp:attachment":[{"href":"https:\/\/www.tatanka.nl\/de\/wp-json\/wp\/v2\/media?parent=36469"}],"wp:term":[{"taxonomy":"product_brand","embeddable":true,"href":"https:\/\/www.tatanka.nl\/de\/wp-json\/wp\/v2\/product_brand?post=36469"},{"taxonomy":"product_cat","embeddable":true,"href":"https:\/\/www.tatanka.nl\/de\/wp-json\/wp\/v2\/product_cat?post=36469"},{"taxonomy":"product_tag","embeddable":true,"href":"https:\/\/www.tatanka.nl\/de\/wp-json\/wp\/v2\/product_tag?post=36469"}],"curies":[{"name":"wp","href":"https:\/\/api.w.org\/{rel}","templated":true}]}}