{"id":36473,"date":"2025-01-30T17:36:29","date_gmt":"2025-01-30T16:36:29","guid":{"rendered":"https:\/\/www.tatanka.nl\/?post_type=product&#038;p=36473"},"modified":"2025-05-16T14:38:29","modified_gmt":"2025-05-16T13:38:29","slug":"vision-gorilla","status":"publish","type":"product","link":"https:\/\/www.tatanka.nl\/de\/vision-gorilla\/","title":{"rendered":"Vision Gorilla - Vision Saatgut"},"content":{"rendered":"<h2><span data-sheets-value=\"{&quot;1&quot;:2,&quot;2&quot;:&quot;Vision Gorilla&quot;}\" data-sheets-userformat=\"{&quot;2&quot;:6723,&quot;3&quot;:{&quot;1&quot;:0},&quot;4&quot;:{&quot;1&quot;:2,&quot;2&quot;:14281427},&quot;9&quot;:0,&quot;12&quot;:0,&quot;14&quot;:{&quot;1&quot;:2,&quot;2&quot;:0},&quot;15&quot;:&quot;Arial&quot;}\">Vision Gorilla<\/span> Cannabis-Samen von Vision Seeds<\/h2>\n<p>Vision Gorilla ist eine superstarke Marihuana-Sorte mit bis zu 25% THC, was sie zu einer perfekten Wahl f\u00fcr alle macht, die auf der Suche nach \"echten Knallern\" mit hohen Ertr\u00e4gen sind. Dieses M\u00e4dchen kann gro\u00df und hoch wachsen und verstr\u00f6mt erdige Aromen, bei denen Du Dich fragen wirst, wie es sich anf\u00fchlen w\u00fcrde, einen Bissen von diesem gr\u00fcnen Gorilla zu nehmen.<\/p>\n<p>Diese Sorte ist das Come-up aller Come-ups, Mann! Allein der Geschmack l\u00e4sst dich sofort wie ein Wanderer in einem Land f\u00fchlen, das von herrlichen Bergen und glitzernden Fl\u00fcssen bedeckt ist; es wird dich von den F\u00fc\u00dfen hauen und dich wie eine Steinstatue f\u00fchlen lassen. Vielleicht fragst du dich sogar, ob du echt bist oder nicht: So bringt Vision Gorilla Cannabis Strain seine Nutzer zum Nachdenken.<\/p>\n<p>Mit einer hohen Potenz von bis zu 25% THC kann dieses M\u00e4dchen gro\u00df und fr\u00f6hlich werden, mit riesigen, klobigen, harz\u00fcberzogenen Knospen, die \u00fcberall aus ihrem langen Rahmen herauskommen, und sie ist auch keine Unbekannte darin, hoch zu wachsen. Typischerweise wird sie f\u00fcr diejenigen gez\u00fcchtet, die nach \"echten Schwergewichten\" suchen, die potente Cannabissorten mit h\u00f6heren Ertr\u00e4gen wollen.<\/p>","protected":false},"excerpt":{"rendered":"<p>Die Vision Gorilla Cannabis Strain ist ein harter Brocken, der bis zu 25% THC enth\u00e4lt. Z\u00fcchter empfehlen dieses M\u00e4dchen f\u00fcr diejenigen, die hohe Ertr\u00e4ge und hohe Potenz wollen! Sagen wir es mal so... Wenn Du das St\u00e4rkste suchst, was wir verkaufen. Dies ist die richtige Sorte. Ernsthaft, dies ist eine der st\u00e4rksten Sorte auf dem Planeten. Halten Sie sich an Ihrem Stuhl fest, wenn Sie den ersten Zug nehmen. Sag nicht, wir h\u00e4tten dich nicht gewarnt, Kumpel!<\/p>","protected":false},"featured_media":36440,"template":"","meta":[],"product_brand":[],"product_cat":[546,297,549,548,550,552,638],"product_tag":[],"class_list":{"0":"post-36473","1":"product","2":"type-product","3":"status-publish","4":"has-post-thumbnail","6":"product_cat-seedshop","7":"product_cat-all-products","8":"product_cat-feminized-seeds","9":"product_cat-high-thc-seeds","10":"product_cat-seedshop-top-10","11":"product_cat-usa-seeds","12":"product_cat-vision-seeds","13":"product_shipping_class-creditcard-on","15":"first","16":"instock","17":"taxable","18":"shipping-taxable","19":"purchasable","20":"product-type-variable","21":"has-default-attributes"},"_links":{"self":[{"href":"https:\/\/www.tatanka.nl\/de\/wp-json\/wp\/v2\/product\/36473","targetHints":{"allow":["GET"]}}],"collection":[{"href":"https:\/\/www.tatanka.nl\/de\/wp-json\/wp\/v2\/product"}],"about":[{"href":"https:\/\/www.tatanka.nl\/de\/wp-json\/wp\/v2\/types\/product"}],"wp:featuredmedia":[{"embeddable":true,"href":"https:\/\/www.tatanka.nl\/de\/wp-json\/wp\/v2\/media\/36440"}],"wp:attachment":[{"href":"https:\/\/www.tatanka.nl\/de\/wp-json\/wp\/v2\/media?parent=36473"}],"wp:term":[{"taxonomy":"product_brand","embeddable":true,"href":"https:\/\/www.tatanka.nl\/de\/wp-json\/wp\/v2\/product_brand?post=36473"},{"taxonomy":"product_cat","embeddable":true,"href":"https:\/\/www.tatanka.nl\/de\/wp-json\/wp\/v2\/product_cat?post=36473"},{"taxonomy":"product_tag","embeddable":true,"href":"https:\/\/www.tatanka.nl\/de\/wp-json\/wp\/v2\/product_tag?post=36473"}],"curies":[{"name":"wp","href":"https:\/\/api.w.org\/{rel}","templated":true}]}}