{"id":36592,"date":"2025-01-30T17:37:16","date_gmt":"2025-01-30T16:37:16","guid":{"rendered":"https:\/\/www.tatanka.nl\/?post_type=product&#038;p=36592"},"modified":"2025-05-16T14:37:19","modified_gmt":"2025-05-16T13:37:19","slug":"white-widow","status":"publish","type":"product","link":"https:\/\/www.tatanka.nl\/de\/white-widow\/","title":{"rendered":"White Widow - Vision Saatgut"},"content":{"rendered":"<h2><span data-sheets-value=\"{&quot;1&quot;:2,&quot;2&quot;:&quot;White Widow&quot;}\" data-sheets-userformat=\"{&quot;2&quot;:6723,&quot;3&quot;:{&quot;1&quot;:0},&quot;4&quot;:{&quot;1&quot;:2,&quot;2&quot;:13228792},&quot;9&quot;:0,&quot;12&quot;:0,&quot;14&quot;:{&quot;1&quot;:2,&quot;2&quot;:0},&quot;15&quot;:&quot;Arial&quot;}\">White Widow <\/span>Cannabis-Samen von Vision Seeds<\/h2>\n<p>Wenn Du eine gute Zeit brauchst, ist dies die richtige Sorte f\u00fcr Deinen Tag. White Widow\" macht ihrem Namen alle Ehre und verstr\u00f6mt eine intensive Projektion wei\u00df glitzernder Trichome, die weitaus st\u00e4rker sind als die meisten anderen Sorten auf dem Markt. Die Sorte wird jeden Nutzer verzaubern und entspannen, w\u00e4hrend sie gleichzeitig sein Interesse an neuen Dingen weckt! Und es ist auch gro\u00dfartig f\u00fcr die Unterst\u00fctzung mit Appetit!<\/p>\n<p>Es gibt einen Grund, warum die Pflanze White Widow genannt wird, mit seiner hohen Menge an Trichomen und Potenz. Aus einer Sativa- und Indica-Kreuzung stammend, verdient diese Sorte es, einer Deiner Favoriten zu sein. Erwarte einen sehr entspannenden Zug, mit einigen stimmungsaufhellenden Effekten, plus Gedanken daran, neue Dinge auszuprobieren - alles ohne das tiefe lethargische Gef\u00fchl obendrein. Der Name kommt vielleicht von dem, was Du Dir nach dem ersten Zug dieser Sorte \"w\u00fcnschen\" wirst!<\/p>","protected":false},"excerpt":{"rendered":"<p>Die entspannende, aber hochpotente White Widow von Vision Seeds ist genau das, was Du brauchst, wenn Du einen Schritt zur\u00fccktreten und \u00fcber das Leben nachdenken willst. Da sich Deine sozialen Impulse durch diese erstaunliche Kreuzung aus Sativa und Indica verlangsamen, wirst Du mehr Lust versp\u00fcren, neue Dinge auszuprobieren - also keine Angst! Lassen Sie sich vom Anblick ihrer wei\u00dfen Trichome \u00fcberraschen. Sie ist wirklich ein Cannabis-Klassiker der alten Schule, der immer noch perfekt f\u00fcr jede Situation ist. Sie w\u00fcrde nicht z\u00f6gern, Dir bei dumpfen Kopfschmerzen zu helfen oder Deinen Appetit auf die n\u00e4chste Stufe in der Welt der Essensw\u00fcnsche zu bringen.<\/p>","protected":false},"featured_media":36594,"template":"","meta":[],"product_brand":[],"product_cat":[546,297,549,548,638],"product_tag":[],"class_list":{"0":"post-36592","1":"product","2":"type-product","3":"status-publish","4":"has-post-thumbnail","6":"product_cat-seedshop","7":"product_cat-all-products","8":"product_cat-feminized-seeds","9":"product_cat-high-thc-seeds","10":"product_cat-vision-seeds","11":"product_shipping_class-creditcard-on","13":"first","14":"instock","15":"taxable","16":"shipping-taxable","17":"purchasable","18":"product-type-variable","19":"has-default-attributes"},"_links":{"self":[{"href":"https:\/\/www.tatanka.nl\/de\/wp-json\/wp\/v2\/product\/36592","targetHints":{"allow":["GET"]}}],"collection":[{"href":"https:\/\/www.tatanka.nl\/de\/wp-json\/wp\/v2\/product"}],"about":[{"href":"https:\/\/www.tatanka.nl\/de\/wp-json\/wp\/v2\/types\/product"}],"wp:featuredmedia":[{"embeddable":true,"href":"https:\/\/www.tatanka.nl\/de\/wp-json\/wp\/v2\/media\/36594"}],"wp:attachment":[{"href":"https:\/\/www.tatanka.nl\/de\/wp-json\/wp\/v2\/media?parent=36592"}],"wp:term":[{"taxonomy":"product_brand","embeddable":true,"href":"https:\/\/www.tatanka.nl\/de\/wp-json\/wp\/v2\/product_brand?post=36592"},{"taxonomy":"product_cat","embeddable":true,"href":"https:\/\/www.tatanka.nl\/de\/wp-json\/wp\/v2\/product_cat?post=36592"},{"taxonomy":"product_tag","embeddable":true,"href":"https:\/\/www.tatanka.nl\/de\/wp-json\/wp\/v2\/product_tag?post=36592"}],"curies":[{"name":"wp","href":"https:\/\/api.w.org\/{rel}","templated":true}]}}