{"id":37821,"date":"2021-12-01T14:33:13","date_gmt":"2021-12-01T12:33:13","guid":{"rendered":"https:\/\/www.tatanka.nl\/?post_type=product&#038;p=37821"},"modified":"2025-05-20T08:39:25","modified_gmt":"2025-05-20T07:39:25","slug":"mdnx-partypills","status":"publish","type":"product","link":"https:\/\/www.tatanka.nl\/de\/mdnx-partypills\/","title":{"rendered":"MDNX PartyPillen"},"content":{"rendered":"<h2 data-start=\"0\" data-end=\"16\">Was ist MDNX?<\/h2>\n<p data-start=\"18\" data-end=\"439\">MDNX ist ein nat\u00fcrliches Erg\u00e4nzungsmittel, das entwickelt wurde, um die Erfahrungen von Partyfreunden zu verbessern. Es sorgt f\u00fcr einen Energieschub, steigert die Fr\u00f6hlichkeit und f\u00f6rdert die sozialen Interaktionen. MDNX wird aus nat\u00fcrlichen Inhaltsstoffen hergestellt und arbeitet in Harmonie mit Ihrem K\u00f6rper, so dass es eine sichere Alternative zu k\u00fcnstlichen Stimulanzien darstellt. Egal, ob Sie auf einem Festival oder bei einem intimen Treffen sind, MDNX sorgt daf\u00fcr, dass Sie w\u00e4hrend der gesamten Veranstaltung energiegeladen und engagiert bleiben.<\/p>\n<p data-start=\"441\" data-end=\"802\">Zu den Wirkungen von MDNX geh\u00f6ren ein intensiver Energieschub, eine gesteigerte emotionale Verbundenheit und ein insgesamt euphorischer Zustand. Mit einer einzigartigen Mischung aus Kr\u00e4uterextrakten und Aminos\u00e4uren unterst\u00fctzt es sowohl die geistige als auch die k\u00f6rperliche Ausdauer und hilft Ihnen, im Moment zu bleiben, ohne sp\u00e4ter abzust\u00fcrzen. MDNX verwandelt Ihre N\u00e4chte in unvergessliche Erlebnisse voller Freude und Vitalit\u00e4t.<\/p>\n<h2 data-start=\"804\" data-end=\"826\">Die Geschichte von MDNX<\/h2>\n<p data-start=\"828\" data-end=\"1021\">MDNX wurde als nat\u00fcrliche Alternative zu synthetischen Stimulanzien entwickelt. Viele Partyg\u00e4nger haben lange nach M\u00f6glichkeiten gesucht, ihre Erfahrungen ohne die sch\u00e4dlichen Nebenwirkungen k\u00fcnstlicher Substanzen zu steigern.<\/p>\n<p data-start=\"1023\" data-end=\"1406\">Bei der Entwicklung von MDNX wurden alte pflanzliche Heilmittel mit moderner wissenschaftlicher Forschung kombiniert. Inhaltsstoffe wie Maca, Kanna und Ingwer werden seit Jahrhunderten f\u00fcr ihre energie- und stimmungsaufhellenden Eigenschaften verwendet. Durch die Kombination dieser kraftvollen Inhaltsstoffe unterst\u00fctzt MDNX sowohl den Geist als auch den K\u00f6rper, so dass die Nutzer ihre Nacht genie\u00dfen k\u00f6nnen, ohne sich Sorgen \u00fcber einen Absturz am n\u00e4chsten Tag zu machen.<\/p>\n<h2 data-start=\"1408\" data-end=\"1426\">So verwenden Sie MDNX<\/h2>\n<p data-start=\"1428\" data-end=\"1643\">Um die besten Ergebnisse zu erzielen, nehmen Sie 1 bis 2 Kapseln etwa 30 Minuten vor der gew\u00fcnschten Wirkung ein. Bei Bedarf k\u00f6nnen Sie die Dosierung bis zu einem Maximum von 4 Kapseln innerhalb von 24 Stunden erh\u00f6hen, aber \u00fcberschreiten Sie nicht die empfohlene Menge.<\/p>\n<p data-start=\"1645\" data-end=\"1972\">MDNX wurde f\u00fcr einen verantwortungsvollen Gebrauch entwickelt und funktioniert am besten in Kombination mit Fl\u00fcssigkeitszufuhr und einer ausgewogenen Ern\u00e4hrung. Egal, ob Sie auf einem Festival tanzen, sich mit Freunden treffen oder eine Nacht durchfeiern, MDNX sorgt daf\u00fcr, dass Sie Ihr Bestes geben. H\u00f6ren Sie immer auf Ihren K\u00f6rper und verwenden Sie MDNX in Ma\u00dfen, um das ultimative Partyerlebnis zu gew\u00e4hrleisten.<\/p>\n<h2 data-start=\"1974\" data-end=\"1996\">Inhaltsstoffe von MDNX<\/h2>\n<p data-start=\"1998\" data-end=\"2123\">MDNX besteht aus einer sorgf\u00e4ltig ausgew\u00e4hlten Mischung nat\u00fcrlicher Inhaltsstoffe, die zusammenwirken, um Energie, Stimmung und Konzentration zu verbessern:<\/p>\n<ul data-start=\"2125\" data-end=\"3093\">\n<li data-start=\"2125\" data-end=\"2323\"><strong data-start=\"2127\" data-end=\"2135\">Maca<\/strong>: Eine peruanische Wurzel, die f\u00fcr ihre adaptogenen Eigenschaften bekannt ist. Sie steigert die Ausdauer, hebt die Stimmung und verbessert das allgemeine Wohlbefinden, w\u00e4hrend sie die Hormone ausgleicht und f\u00fcr ein stabileres, angenehmes Erlebnis sorgt.<\/li>\n<li data-start=\"2324\" data-end=\"2502\"><strong data-start=\"2326\" data-end=\"2336\">Ingwer<\/strong>: Eine kr\u00e4ftige Wurzel, die die Verdauung f\u00f6rdert, \u00dcbelkeit lindert und entz\u00fcndungshemmend wirkt. Ingwer hilft, das Energieniveau und die Wachsamkeit w\u00e4hrend der Nacht aufrechtzuerhalten.<\/li>\n<li data-start=\"2503\" data-end=\"2696\"><strong data-start=\"2505\" data-end=\"2532\">DL-Phenylalanin (DLPA)<\/strong>: Eine Aminos\u00e4ure, die durch die Beeinflussung von Neurotransmittern wie Dopamin und Endorphinen zur Stimmungsregulierung beitr\u00e4gt. Sie verbessert die Konzentration, die Wachsamkeit und die Gl\u00fccksgef\u00fchle.<\/li>\n<li data-start=\"2697\" data-end=\"2887\"><strong data-start=\"2699\" data-end=\"2711\">Koffein<\/strong>: Ein nat\u00fcrliches Stimulans, das Energie und Wachsamkeit steigert. Koffein steigert die Ausdauer und verst\u00e4rkt die Wirkung der anderen Inhaltsstoffe, so dass Sie l\u00e4nger aktiv bleiben k\u00f6nnen.<\/li>\n<li data-start=\"2888\" data-end=\"3093\"><strong data-start=\"2890\" data-end=\"2899\">Kanna<\/strong>: Eine s\u00fcdafrikanische Pflanze, die f\u00fcr ihre stimmungsaufhellenden Eigenschaften bekannt ist. Sie steigert den Serotoninspiegel, reduziert \u00c4ngste und f\u00f6rdert die soziale Verbundenheit, wodurch Interaktionen angenehmer und m\u00fcheloser werden.<\/li>\n<\/ul>\n<p data-start=\"3095\" data-end=\"3105\"><strong>Warnung<\/strong><\/p>\n<p data-start=\"3107\" data-end=\"3563\" data-is-last-node=\"\">MDNX ist ein Nahrungserg\u00e4nzungsmittel und sollte eine abwechslungsreiche Ern\u00e4hrung nicht ersetzen. Au\u00dferhalb der Reichweite von Kindern aufbewahren und nur f\u00fcr Personen \u00fcber 18 Jahren verwenden. Kombinieren Sie MDNX nicht mit Medikamenten, anderen Stimulanzien oder wenn Sie an Herzerkrankungen, hohem\/niedrigem Blutdruck, Schilddr\u00fcsenerkrankungen, Nierenerkrankungen, Depressionen, Angstzust\u00e4nden oder anderen k\u00f6rperlichen oder geistigen Beschwerden leiden. Vermeiden Sie \u00fcberm\u00e4\u00dfigen Alkoholkonsum. Wenn Sie irgendwelche Zweifel haben, konsultieren Sie Ihren Arzt vor der Einnahme.<\/p>","protected":false},"excerpt":{"rendered":"<p>Brauchst du den Extra-Schub, um deine Nacht auf die n\u00e4chste Stufe zu heben? MDNX ist eine nat\u00fcrliche Party-Pille, die Ihre Energie steigert, Ihre Stimmung hebt und Sie die ganze Nacht durchhalten l\u00e4sst. Mit einer Mischung sorgf\u00e4ltig ausgew\u00e4hlter nat\u00fcrlicher Inhaltsstoffe sorgt MDNX f\u00fcr euphorische Gef\u00fchle, w\u00e4hrend Sie die volle Kontrolle behalten. Verabschieden Sie sich von einem Kater und begr\u00fc\u00dfen Sie das pure Vergn\u00fcgen.<\/p>","protected":false},"featured_media":37829,"template":"","meta":[],"product_brand":[],"product_cat":[535,297,385,527,513,525,476],"product_tag":[],"class_list":{"0":"post-37821","1":"product","2":"type-product","3":"status-publish","4":"has-post-thumbnail","6":"product_cat-dnx","7":"product_cat-all-products","8":"product_cat-buy-xtc","9":"product_cat-energy-pills","10":"product_cat-party","11":"product_cat-party-pills","12":"product_cat-smartshop","14":"first","15":"instock","16":"taxable","17":"shipping-taxable","18":"purchasable","19":"product-type-variable","20":"has-default-attributes"},"_links":{"self":[{"href":"https:\/\/www.tatanka.nl\/de\/wp-json\/wp\/v2\/product\/37821","targetHints":{"allow":["GET"]}}],"collection":[{"href":"https:\/\/www.tatanka.nl\/de\/wp-json\/wp\/v2\/product"}],"about":[{"href":"https:\/\/www.tatanka.nl\/de\/wp-json\/wp\/v2\/types\/product"}],"wp:featuredmedia":[{"embeddable":true,"href":"https:\/\/www.tatanka.nl\/de\/wp-json\/wp\/v2\/media\/37829"}],"wp:attachment":[{"href":"https:\/\/www.tatanka.nl\/de\/wp-json\/wp\/v2\/media?parent=37821"}],"wp:term":[{"taxonomy":"product_brand","embeddable":true,"href":"https:\/\/www.tatanka.nl\/de\/wp-json\/wp\/v2\/product_brand?post=37821"},{"taxonomy":"product_cat","embeddable":true,"href":"https:\/\/www.tatanka.nl\/de\/wp-json\/wp\/v2\/product_cat?post=37821"},{"taxonomy":"product_tag","embeddable":true,"href":"https:\/\/www.tatanka.nl\/de\/wp-json\/wp\/v2\/product_tag?post=37821"}],"curies":[{"name":"wp","href":"https:\/\/api.w.org\/{rel}","templated":true}]}}