{"id":37822,"date":"2021-12-01T14:33:13","date_gmt":"2021-12-01T12:33:13","guid":{"rendered":"https:\/\/www.tatanka.nl\/?post_type=product&#038;p=37822"},"modified":"2025-05-20T08:39:33","modified_gmt":"2025-05-20T07:39:33","slug":"lemonx-partypills","status":"publish","type":"product","link":"https:\/\/www.tatanka.nl\/de\/lemonx-partypills\/","title":{"rendered":"LemonX PartyPillen"},"content":{"rendered":"<h2>4 LemonX PartyTabletten<\/h2>\n<p>LimonX ist nicht nur ein Energizer f\u00fcr Partyg\u00e4nger, sondern auch ein sozialer Verst\u00e4rker. Die Benutzer berichten, dass sie sich wie ein Teil der feiernden Menge f\u00fchlen und jedes Hindernis, das ihnen in den Weg kommt, bew\u00e4ltigen k\u00f6nnen!<\/p>\n<p>LemonX ist das Leben auf jeder Party. Mit ein paar Pillen k\u00f6nnen Sie stundenlang erh\u00f6hte Energie und Aufregung bei Ihrer n\u00e4chsten Veranstaltung genie\u00dfen. LemonX verbesserte Formel sorgt daf\u00fcr, dass egal wie lange es dauert, oder was dazwischen passiert, dies wird eine wilde Nacht sein!<\/p>\n<p>Die ganze Energie, die Du f\u00fcr ein intensives Party-Erlebnis brauchst, ist in diesen kleinen Nitro-Extasy-Kapseln enthalten! Die meisten Nutzer beschreiben, dass Lemon X eine euphorische und schnelle Wirkung hat, so dass es ein perfekter Weg ist, um in jeder Nacht zu entspannen. Es handelt sich um eine nat\u00fcrliche, energiereiche Formel, die mit Alkohol gemischt werden kann, weshalb 1-4 Pillen ausreichen sollten, wenn Du nach etwas Erleichterung von Deinen Problemen suchst.<\/p>","protected":false},"excerpt":{"rendered":"<p>Lemon X ist die perfekte Party-Pille, um wach und energiegeladen zu bleiben. Die Wirkung ist so stark, dass Sie sich wie Ihr eigener pers\u00f6nlicher DJ f\u00fchlen werden, da die Musik mehr Spa\u00df macht als je zuvor!<\/p>","protected":false},"featured_media":37832,"template":"","meta":[],"product_brand":[],"product_cat":[535,297,385,527,513,525,476],"product_tag":[],"class_list":{"0":"post-37822","1":"product","2":"type-product","3":"status-publish","4":"has-post-thumbnail","6":"product_cat-dnx","7":"product_cat-all-products","8":"product_cat-buy-xtc","9":"product_cat-energy-pills","10":"product_cat-party","11":"product_cat-party-pills","12":"product_cat-smartshop","14":"first","15":"instock","16":"taxable","17":"shipping-taxable","18":"purchasable","19":"product-type-variable","20":"has-default-attributes"},"_links":{"self":[{"href":"https:\/\/www.tatanka.nl\/de\/wp-json\/wp\/v2\/product\/37822","targetHints":{"allow":["GET"]}}],"collection":[{"href":"https:\/\/www.tatanka.nl\/de\/wp-json\/wp\/v2\/product"}],"about":[{"href":"https:\/\/www.tatanka.nl\/de\/wp-json\/wp\/v2\/types\/product"}],"wp:featuredmedia":[{"embeddable":true,"href":"https:\/\/www.tatanka.nl\/de\/wp-json\/wp\/v2\/media\/37832"}],"wp:attachment":[{"href":"https:\/\/www.tatanka.nl\/de\/wp-json\/wp\/v2\/media?parent=37822"}],"wp:term":[{"taxonomy":"product_brand","embeddable":true,"href":"https:\/\/www.tatanka.nl\/de\/wp-json\/wp\/v2\/product_brand?post=37822"},{"taxonomy":"product_cat","embeddable":true,"href":"https:\/\/www.tatanka.nl\/de\/wp-json\/wp\/v2\/product_cat?post=37822"},{"taxonomy":"product_tag","embeddable":true,"href":"https:\/\/www.tatanka.nl\/de\/wp-json\/wp\/v2\/product_tag?post=37822"}],"curies":[{"name":"wp","href":"https:\/\/api.w.org\/{rel}","templated":true}]}}