{"id":37826,"date":"2021-12-01T14:33:14","date_gmt":"2021-12-01T12:33:14","guid":{"rendered":"https:\/\/www.tatanka.nl\/?post_type=product&#038;p=37826"},"modified":"2025-08-10T12:48:34","modified_gmt":"2025-08-10T11:48:34","slug":"speedx-partypills","status":"publish","type":"product","link":"https:\/\/www.tatanka.nl\/de\/speedx-partypills\/","title":{"rendered":"SpeedX PartyPillen"},"content":{"rendered":"<h2 data-pm-slice=\"1 1 []\">Was ist SpeedX?<\/h2>\n<p>SpeedX ist ein hochenergetisches Party-Supplement, das einen intensiven und anhaltenden Energieschub liefert. Egal, ob Sie die ganze Nacht tanzen, lange arbeiten oder einfach nur zus\u00e4tzliche Ausdauer brauchen, SpeedX h\u00e4lt Sie mit unerbittlicher Kraft auf Trab. Seine wirksame Kombination aus nat\u00fcrlichen Stimulanzien verbessert die Aufmerksamkeit, den Fokus und die Ausdauer und sorgt daf\u00fcr, dass M\u00fcdigkeit Sie nicht ausbremst.<\/p>\n<p>SpeedX wurde f\u00fcr diejenigen entwickelt, die den \"Work hard, play harder\"-Lebensstil bevorzugen, und ist der perfekte Begleiter f\u00fcr hochintensive Aktivit\u00e4ten. Im Gegensatz zu synthetischen Stimulanzien nutzt SpeedX nat\u00fcrliche Inhaltsstoffe, um das Energieniveau zu optimieren und gleichzeitig die kognitiven Funktionen und die k\u00f6rperliche Leistungsf\u00e4higkeit zu unterst\u00fctzen. Das Ergebnis? Sie bleiben wach, energiegeladen und bereit, sich jeder Herausforderung zu stellen - egal ob auf einem Festival, in einem Club oder bei einem anspruchsvollen Training. Mit SpeedX bleiben Sie in Bewegung, ohne einen Beat zu verpassen.<\/p>\n<h2>Geschichte der SpeedX<\/h2>\n<p>Die Verwendung von energief\u00f6rdernden Nahrungserg\u00e4nzungsmitteln reicht Jahrhunderte zur\u00fcck. Schon die alten Zivilisationen verlie\u00dfen sich auf pflanzliche Heilmittel und Pflanzenextrakte, um die Ausdauer f\u00fcr Schlachten, Rituale und Feste aufrechtzuerhalten. Inhaltsstoffe wie Citrus aurantium und Koffein werden seit langem f\u00fcr ihre stimulierenden Eigenschaften gesch\u00e4tzt, die sowohl geistige als auch k\u00f6rperliche Impulse geben, wenn sie am meisten gebraucht werden.<\/p>\n<p>Mit den wissenschaftlichen Fortschritten wurden diese nat\u00fcrlichen Verst\u00e4rker verfeinert und es entstanden gezielte Formeln zur Optimierung der Energiefreisetzung. SpeedX stellt die Weiterentwicklung dieses Wissens dar und kombiniert traditionelle Weisheit mit moderner Wissenschaft, um ein leistungsstarkes und dennoch nat\u00fcrliches Party-Supplement zu schaffen. Im Gegensatz zu Stimulanzien auf chemischer Basis sorgt SpeedX f\u00fcr einen ausgewogenen und anhaltenden Energieschub und verhindert pl\u00f6tzliche Abst\u00fcrze oder unerw\u00fcnschte Nebenwirkungen.<\/p>\n<p>Die wachsende Nachfrage nach sicheren und wirksamen Energieverst\u00e4rkern hat zur Entwicklung von SpeedX gef\u00fchrt, das eine saubere und optimierte L\u00f6sung f\u00fcr diejenigen bietet, die sich weigern, langsamer zu werden. Ob f\u00fcr energiereiche Veranstaltungen oder lange Arbeitstage, SpeedX hilft, die Leistung und den Genuss zu maximieren.<\/p>\n<h2>So verwenden Sie SpeedX<\/h2>\n<p>Um die volle Wirkung von SpeedX zu erfahren, nehmen Sie 1 bis 2 Kapseln etwa 30 Minuten vor der gew\u00fcnschten Wirkung ein. Falls erforderlich, kann die Dosis auf 3 oder 4 Kapseln erh\u00f6ht werden, aber \u00fcberschreiten Sie nicht die maximale Tagesdosis von 4 Kapseln innerhalb von 24 Stunden. Das richtige Timing stellt sicher, dass der Energieschub genau dann einsetzt, wenn er ben\u00f6tigt wird.<\/p>\n<p>F\u00fcr beste Ergebnisse nehmen Sie SpeedX mit einem Glas Wasser oder Fruchtsaft ein. Die Formel ist f\u00fcr einen allm\u00e4hlichen Energieanstieg konzipiert und sorgt f\u00fcr gleichm\u00e4\u00dfige und anhaltende Ausdauer und Wachsamkeit. Die Wirkung h\u00e4lt in der Regel mehrere Stunden lang an, je nach individueller Vertr\u00e4glichkeit und Aktivit\u00e4tsniveau. Wenn Sie SpeedX f\u00fcr eine Veranstaltung oder ein Training einnehmen, achten Sie auf ausreichende Fl\u00fcssigkeitszufuhr und eine ausgewogene Ern\u00e4hrung, um die Gesamtleistung zu unterst\u00fctzen.<\/p>\n<p>SpeedX ist ideal f\u00fcr energiegeladene Aktivit\u00e4ten wie Clubbing, Raven, Sport und lange Arbeitsschichten. Egal, ob Sie die ganze Nacht durchtanzen, ein intensives Training absolvieren oder w\u00e4hrend einer anspruchsvollen Aufgabe aufmerksam bleiben m\u00fcssen, SpeedX liefert den n\u00f6tigen Schub. Es ist jedoch wichtig, die Dosierungsempfehlungen zu befolgen, um eine \u00dcberstimulation zu vermeiden.<\/p>\n<h2>Inhaltsstoffe von SpeedX<\/h2>\n<p>SpeedX enth\u00e4lt eine einzigartige Mischung nat\u00fcrlicher Stimulanzien, die sorgf\u00e4ltig nach ihrer F\u00e4higkeit ausgew\u00e4hlt wurden, Energie, Konzentration und Ausdauer zu steigern.<\/p>\n<ul data-spread=\"false\">\n<li><strong>DL-Phenylalanin (DLPA):<\/strong> Diese Aminos\u00e4ure tr\u00e4gt durch die Beeinflussung von Neurotransmittern wie Dopamin und Endorphinen zur Verbesserung der Stimmung und zur Verringerung von M\u00fcdigkeit bei. DLPA verbessert die geistige Klarheit und die k\u00f6rperliche Ausdauer, was sie zu einem wichtigen Bestandteil von SpeedX macht.<\/li>\n<li><strong>Koffein:<\/strong> Als bekanntes Stimulans steigert Koffein die Energie und Wachsamkeit und verringert die M\u00fcdigkeit. Koffein, das in verschiedenen Pflanzen vorkommt, verst\u00e4rkt die Wirkung anderer Inhaltsstoffe und sorgt so f\u00fcr einen starken, lang anhaltenden Schub.<\/li>\n<li><strong>Citrus Aurantium:<\/strong> Dieser auch als Bitterorange bekannte Extrakt enth\u00e4lt Synephrin, eine Verbindung, die das Energieniveau und die geistige Konzentration steigert. Er erh\u00f6ht die Ausdauer und f\u00f6rdert das Wohlbefinden.<\/li>\n<li><strong>Higenamin:<\/strong> Higenamin ist ein nat\u00fcrliches Alkaloid, das in Lotus- und Eisenhutpflanzen vorkommt und als Stimulans vor dem Training wirkt. Es steigert den Adrenalinspiegel, unterst\u00fctzt die kardiovaskul\u00e4re Funktion und verbessert die Atmungseffizienz, wodurch es f\u00fcr energiereiche Aktivit\u00e4ten von Vorteil ist.<\/li>\n<li><strong>Octopamin:<\/strong> Diese nat\u00fcrliche Verbindung unterst\u00fctzt den Fettstoffwechsel und die Energieproduktion. Sie unterst\u00fctzt geistige Klarheit, Wachsamkeit und allgemeine Ausdauer und hilft den Anwendern, \u00fcber l\u00e4ngere Zeitr\u00e4ume konzentriert und energiegeladen zu bleiben.<\/li>\n<\/ul>\n<p>Zusammen bilden diese Inhaltsstoffe eine ausgewogene Formel, die darauf ausgelegt ist, Energie, Leistung und Ausdauer zu maximieren und gleichzeitig geistige Klarheit zu bewahren.<\/p>\n<p><strong>Warnung:<\/strong><\/p>\n<p>Verwenden Sie dieses Nahrungserg\u00e4nzungsmittel nicht als Ersatz f\u00fcr eine abwechslungsreiche Ern\u00e4hrung. Au\u00dferhalb der Reichweite von Kindern aufbewahren. Nur verwenden, wenn Sie \u00fcber 18 Jahre alt sind. Nicht in Kombination mit Medikamenten oder anderen Stimulanzien verwenden, insbesondere wenn Sie unter hohem oder niedrigem Blutdruck, Herzproblemen, Schilddr\u00fcsenerkrankungen, Nierenerkrankungen, Depressionen, Nervosit\u00e4t oder psychischen\/physischen Gesundheitsproblemen leiden. Vermeiden Sie \u00fcberm\u00e4\u00dfigen Alkoholkonsum w\u00e4hrend der Einnahme dieses Produkts. Im Zweifelsfall konsultieren Sie Ihren Arzt.<\/p>","protected":false},"excerpt":{"rendered":"<p>SpeedX ist der ultimative Party-Kraftstoff f\u00fcr alle, die das Leben mit Vollgas leben. Diese potente, nat\u00fcrliche Formel wurde f\u00fcr energiegeladene Enthusiasten entwickelt und steigert die Ausdauer, sch\u00e4rft den Fokus und erh\u00f6ht die Wachsamkeit - damit du stundenlang tanzen, toben und dich bewegen kannst. Vollgepackt mit einer kraftvollen Mischung aus stimulierenden Inhaltsstoffen sorgt SpeedX daf\u00fcr, dass Ihr Energielevel in die H\u00f6he schie\u00dft und Sie die Nacht f\u00fcr sich entscheiden k\u00f6nnen. Lassen Sie nicht nach - entz\u00fcnden Sie Ihre Energie mit SpeedX und halten Sie die Party am Leben!<\/p>","protected":false},"featured_media":37841,"template":"","meta":[],"product_brand":[],"product_cat":[535,297,385,527,513,525,476],"product_tag":[],"class_list":{"0":"post-37826","1":"product","2":"type-product","3":"status-publish","4":"has-post-thumbnail","6":"product_cat-dnx","7":"product_cat-all-products","8":"product_cat-buy-xtc","9":"product_cat-energy-pills","10":"product_cat-party","11":"product_cat-party-pills","12":"product_cat-smartshop","14":"first","15":"instock","16":"taxable","17":"shipping-taxable","18":"purchasable","19":"product-type-variable","20":"has-default-attributes"},"_links":{"self":[{"href":"https:\/\/www.tatanka.nl\/de\/wp-json\/wp\/v2\/product\/37826","targetHints":{"allow":["GET"]}}],"collection":[{"href":"https:\/\/www.tatanka.nl\/de\/wp-json\/wp\/v2\/product"}],"about":[{"href":"https:\/\/www.tatanka.nl\/de\/wp-json\/wp\/v2\/types\/product"}],"wp:featuredmedia":[{"embeddable":true,"href":"https:\/\/www.tatanka.nl\/de\/wp-json\/wp\/v2\/media\/37841"}],"wp:attachment":[{"href":"https:\/\/www.tatanka.nl\/de\/wp-json\/wp\/v2\/media?parent=37826"}],"wp:term":[{"taxonomy":"product_brand","embeddable":true,"href":"https:\/\/www.tatanka.nl\/de\/wp-json\/wp\/v2\/product_brand?post=37826"},{"taxonomy":"product_cat","embeddable":true,"href":"https:\/\/www.tatanka.nl\/de\/wp-json\/wp\/v2\/product_cat?post=37826"},{"taxonomy":"product_tag","embeddable":true,"href":"https:\/\/www.tatanka.nl\/de\/wp-json\/wp\/v2\/product_tag?post=37826"}],"curies":[{"name":"wp","href":"https:\/\/api.w.org\/{rel}","templated":true}]}}