{"id":42174,"date":"2022-03-08T11:57:03","date_gmt":"2022-03-08T09:57:03","guid":{"rendered":"https:\/\/www.tatanka.nl\/product\/red-borneo-kratom\/"},"modified":"2026-03-02T00:48:38","modified_gmt":"2026-03-01T23:48:38","slug":"red-borneo-kratom","status":"publish","type":"product","link":"https:\/\/www.tatanka.nl\/de\/red-borneo-kratom\/","title":{"rendered":"Red Borneo Kratom"},"content":{"rendered":"<h2 data-start=\"0\" data-end=\"29\">Was ist Red Borneo Kratom?<\/h2>\n<p data-start=\"31\" data-end=\"804\">Red Borneo Kratom ist eine einzigartige Sorte, die aus dem indonesischen Teil von Borneo, bekannt als Kalimantan, stammt. Sie hat eine gro\u00dfe kulturelle Bedeutung und wird wegen ihrer nat\u00fcrlichen gesundheitlichen Vorteile weithin verehrt. Traditionell verwendeten die Menschen in Kalimantan Kratom in verschiedenen Formen, einschlie\u00dflich des Rauchens der getrockneten Bl\u00e4tter. Heute wird Kratom meist zu einem entspannenden und zugleich anregenden Tee aufgebr\u00fcht. Die Bl\u00e4tter werden einer l\u00e4ngeren Trocknungsphase unterzogen, gefolgt von einer milden Fermentation, die ihren nat\u00fcrlichen Alkaloidgehalt erh\u00f6ht. Red Borneo Kratom ist bekannt f\u00fcr seine ausgewogene Wirkung, die im Vergleich zu anderen Kratom-Sorten einen sanfteren, entspannteren Energieschub bietet. Es ist eine gro\u00dfartige Wahl f\u00fcr diejenigen, die einen nat\u00fcrlichen Muntermacher suchen, der auch die Stimmung und den Fokus f\u00f6rdert, ohne die Intensit\u00e4t der st\u00e4rkeren Sorten.<\/p>\n<h2 data-start=\"806\" data-end=\"837\">Geschichte von Red Borneo Kratom<\/h2>\n<p data-start=\"839\" data-end=\"1691\">Die Geschichte von Red Borneo Kratom ist tief in den Traditionen der Ureinwohner von Kalimantan verwurzelt. Seit Jahrhunderten gilt Kratom als wirksames Heilmittel f\u00fcr verschiedene gesundheitliche Probleme. Die Einheimischen nannten die Bl\u00e4tter \"himmlische Bl\u00e4tter\", was ihren Glauben an die heilenden Eigenschaften der Pflanze unterstreicht. Traditionell wurden die Bl\u00e4tter auf verschiedene Weise konsumiert, unter anderem durch Rauchen in selbstgemachten Zigaretten. Im Laufe der Zeit hat sich jedoch die Praxis des Aufbr\u00fchens der Bl\u00e4tter zu Tee aufgrund seiner kontrollierten und beruhigenden Wirkung durchgesetzt. Die f\u00fcr Red Borneo Kratom verwendeten Bl\u00e4tter werden sorgf\u00e4ltig ausgew\u00e4hlt, da sie l\u00e4nger getrocknet und mild fermentiert werden, wodurch der Alkaloidgehalt erh\u00f6ht wird, was zu den besonderen Eigenschaften der Sorte f\u00fchrt. Mit zunehmender Beliebtheit erlangte Red Borneo Kratom weltweite Anerkennung f\u00fcr seine ausgewogenen und wirksamen Vorteile.<\/p>\n<h2 data-start=\"1693\" data-end=\"1724\">So verwenden Sie Red Borneo Kratom<\/h2>\n<p data-start=\"1726\" data-end=\"2567\">Red Borneo Kratom wird am besten als beruhigender Tee getrunken. Um den Tee zuzubereiten, l\u00f6st man 4 bis 5 Gramm Kratompulver in hei\u00dfem Wasser (zwischen 70 und 95 Grad Celsius) auf und l\u00e4sst ihn 3 bis 5 Minuten ziehen, damit die Alkaloide vollst\u00e4ndig einziehen k\u00f6nnen. Der Tee muss nicht abgeseiht werden, da alle Teile des Kratoms konsumiert werden k\u00f6nnen. Wenn man Red Borneo Kratom zum ersten Mal konsumiert, ist es wichtig, mit einer kleineren Dosis zu beginnen, um zu sehen, wie der K\u00f6rper reagiert, da die Wirkung je nach individueller Toleranz variieren kann. Bei vielen Benutzern sorgen 3 bis 5 Gramm f\u00fcr eine milde Wirkung, w\u00e4hrend erfahrenere Benutzer m\u00f6glicherweise eine etwas h\u00f6here Dosis ben\u00f6tigen. Bekannt f\u00fcr seine ausgewogene Wirkung, ist Red Borneo Kratom ideal f\u00fcr den Tagesgebrauch und als nat\u00fcrlicher Stimmungsaufheller. Wie bei jedem Kratom-Produkt ist es wichtig, es verantwortungsbewusst zu verwenden, um eine Toleranz zu vermeiden oder unerw\u00fcnschte Nebenwirkungen zu erfahren.<\/p>\n<h2 data-start=\"2569\" data-end=\"2604\">Inhaltsstoffe von Red Borneo Kratom<\/h2>\n<p data-start=\"2606\" data-end=\"3475\">Der Hauptbestandteil von Red Borneo Kratom ist Mitragyna speciosa, ein tropischer Baum, der in S\u00fcdostasien heimisch ist. Die Bl\u00e4tter dieses Baumes werden geerntet, getrocknet und zu dem im Erg\u00e4nzungsmittel verwendeten Kratompulver verarbeitet. Red Borneo Kratom wird einem einzigartigen Trocknungs- und milden Fermentierungsprozess unterzogen, der den Alkaloidgehalt der Bl\u00e4tter erh\u00f6ht, was zu einer st\u00e4rkeren und dennoch ausgewogenen Wirkung f\u00fchrt. Die wichtigsten Alkaloide, die in Red Borneo Kratom enthalten sind, sind Mitragynin und 7-Hydroxymitragynin, die mit den Rezeptoren des K\u00f6rpers interagieren, um ein Gef\u00fchl des Wohlbefindens, eine erh\u00f6hte Energie und eine Erleichterung von Unbehagen zu f\u00f6rdern. Der Fermentationsprozess ist der Schl\u00fcssel zur Entwicklung der ausgepr\u00e4gten Wirkung von Red Borneo, und die hohe Qualit\u00e4t der Bl\u00e4tter sorgt daf\u00fcr, dass das Kratom seine Potenz beibeh\u00e4lt. Ob als Tee oder in anderen Formen konsumiert, Red Borneo Kratom bietet einen nat\u00fcrlichen Energieschub mit beruhigenden Eigenschaften.<\/p>\n<p data-start=\"3477\" data-end=\"3487\"><strong>Warnung<\/strong><\/p>\n<p data-start=\"3489\" data-end=\"3802\" data-is-last-node=\"\">Der Verkauf und die Verwendung von Red Borneo Kratom ist f\u00fcr Personen unter 18 Jahren verboten. Au\u00dferhalb der Reichweite von Kindern aufbewahren. Nicht verwenden bei hohem oder niedrigem Blutdruck, Herz- oder Lungenproblemen, Diabetes, Schwangerschaft, Einnahme von Medikamenten, Drogen oder Alkohol. Konsultieren Sie vor der Einnahme immer einen Arzt oder eine \u00c4rztin.<\/p>","protected":false},"excerpt":{"rendered":"<p>Red Borneo Kratom ist eine langanhaltende Red Vein Kratom-Sorte, die von denjenigen geliebt wird, die Kratom-Effekte suchen, die eine Weile anhalten. Das macht es zu einer perfekten Kratom-Sorte f\u00fcr diejenigen, die eine mildere, aber lang anhaltende Kratom-Wirkung m\u00f6gen oder sogar etwas Kratom den ganzen Tag \u00fcber m\u00f6gen. Red Borneo gibt einen lang anhaltenden Entspannungsschub, der von vielen geliebt wird!<\/p>","protected":false},"featured_media":126055,"template":"","meta":[],"product_brand":[],"product_cat":[599,297,512,477,509,510,511,476],"product_tag":[],"class_list":{"0":"post-42174","1":"product","2":"type-product","3":"status-publish","4":"has-post-thumbnail","6":"product_cat-kratopia","7":"product_cat-all-products","8":"product_cat-extracts","9":"product_cat-herbs","10":"product_cat-kratom","11":"product_cat-relax","12":"product_cat-relax-herbs","13":"product_cat-smartshop","14":"product_shipping_class-creditcard-off","16":"first","17":"instock","18":"taxable","19":"shipping-taxable","20":"purchasable","21":"product-type-variable","22":"has-default-attributes"},"_links":{"self":[{"href":"https:\/\/www.tatanka.nl\/de\/wp-json\/wp\/v2\/product\/42174","targetHints":{"allow":["GET"]}}],"collection":[{"href":"https:\/\/www.tatanka.nl\/de\/wp-json\/wp\/v2\/product"}],"about":[{"href":"https:\/\/www.tatanka.nl\/de\/wp-json\/wp\/v2\/types\/product"}],"wp:featuredmedia":[{"embeddable":true,"href":"https:\/\/www.tatanka.nl\/de\/wp-json\/wp\/v2\/media\/126055"}],"wp:attachment":[{"href":"https:\/\/www.tatanka.nl\/de\/wp-json\/wp\/v2\/media?parent=42174"}],"wp:term":[{"taxonomy":"product_brand","embeddable":true,"href":"https:\/\/www.tatanka.nl\/de\/wp-json\/wp\/v2\/product_brand?post=42174"},{"taxonomy":"product_cat","embeddable":true,"href":"https:\/\/www.tatanka.nl\/de\/wp-json\/wp\/v2\/product_cat?post=42174"},{"taxonomy":"product_tag","embeddable":true,"href":"https:\/\/www.tatanka.nl\/de\/wp-json\/wp\/v2\/product_tag?post=42174"}],"curies":[{"name":"wp","href":"https:\/\/api.w.org\/{rel}","templated":true}]}}