{"id":42175,"date":"2022-03-08T11:57:03","date_gmt":"2022-03-08T09:57:03","guid":{"rendered":"https:\/\/www.tatanka.nl\/product\/red-maeng-da-kratom\/"},"modified":"2026-01-23T12:48:35","modified_gmt":"2026-01-23T11:48:35","slug":"red-maeng-da-kratom","status":"publish","type":"product","link":"https:\/\/www.tatanka.nl\/de\/red-maeng-da-kratom\/","title":{"rendered":"Red Maeng Da Kratom"},"content":{"rendered":"<h2 data-start=\"0\" data-end=\"31\">Was ist Red Maeng Da Kratom?<\/h2>\n<p data-start=\"33\" data-end=\"735\">Red Maeng Da Kratom ist eine unverwechselbare und potente Sorte, die f\u00fcr ihre einzigartige Kombination aus anregender und beruhigender Wirkung bekannt ist. Diese Sorte wird oft verwendet, um die Stimmung zu verbessern, die Konzentration zu steigern und Schmerzen zu lindern. Die Bl\u00e4tter werden in der Regel geerntet und dann fermentiert, um ihre charakteristische rote Farbe zu erhalten, was den Alkaloidgehalt erh\u00f6ht und Red Maeng Da zu einer der st\u00e4rksten verf\u00fcgbaren Kratom-Sorten macht. Urspr\u00fcnglich wurde diese Sorte in Thailand durch Veredelungstechniken entwickelt und gez\u00fcchtet, um in der warmen, feuchten Umgebung S\u00fcdostasiens zu gedeihen. Seitdem hat Red Maeng Da Kratom aufgrund seiner starken Wirkung und seiner nat\u00fcrlichen F\u00e4higkeit, Energie und Wohlbefinden zu steigern, weltweit an Popularit\u00e4t gewonnen, insbesondere im Westen.<\/p>\n<h2 data-start=\"737\" data-end=\"770\">Geschichte des Red Maeng Da Kratom<\/h2>\n<p data-start=\"772\" data-end=\"1231\">Die Urspr\u00fcnge von Red Maeng Da Kratom gehen auf das sp\u00e4te 19. Jahrhundert in Thailand zur\u00fcck. Thai-Bauern begannen mit der Veredelung verschiedener Kratom-Sorten zu experimentieren, um eine widerstandsf\u00e4higere Sorte zu schaffen, die dem hei\u00dfen und feuchten Klima der Region besser standhalten konnte. Das Ergebnis war die Maeng Da-Sorte, die widerstandsf\u00e4higer ist als herk\u00f6mmliche Kratomb\u00e4ume. Der Name \"Maeng Da\", der auf Thai \"Zuh\u00e4lterqualit\u00e4t\" bedeutet, spiegelt die hohe Potenz und die erstklassige Qualit\u00e4t wider.<\/p>\n<p data-start=\"1233\" data-end=\"1597\">Die rote Variante, Red Maeng Da, wird durch einen Fermentationsprozess hergestellt, der den Alkaloidgehalt der Bl\u00e4tter weiter erh\u00f6ht. Dieser Prozess erh\u00f6ht die Potenz und macht sie zu einer der st\u00e4rksten Kratom-Sorten. Im Laufe der Zeit erlangte Red Maeng Da Kratom internationale Anerkennung und wurde wegen seiner ausgewogenen, energiespendenden Wirkung zu einem weltweit begehrten Produkt.<\/p>\n<h2 data-start=\"1599\" data-end=\"1632\">So verwenden Sie Red Maeng Da Kratom<\/h2>\n<p data-start=\"1634\" data-end=\"1943\">Red Maeng Da Kratom wird am h\u00e4ufigsten als Tee konsumiert. F\u00fcr die Zubereitung l\u00f6sen Sie 4 bis 5 Gramm Red Maeng Da-Pulver in hei\u00dfem Wasser (70 bis 95 Grad Celsius) auf. Lassen Sie den Tee 3 bis 5 Minuten ziehen, um die Alkaloide effektiv zu extrahieren. Es ist nicht notwendig, den Tee abzusieben, da der gesamte Inhalt konsumiert werden kann.<\/p>\n<p data-start=\"1945\" data-end=\"2419\">Wenn Sie Red Maeng Da zum ersten Mal verwenden, ist es wichtig, mit einer kleineren Dosis zu beginnen und diese schrittweise an die Reaktion Ihres K\u00f6rpers anzupassen. W\u00e4hrend 3 bis 5 Gramm in der Regel f\u00fcr eine milde Wirkung ausreichen, k\u00f6nnen erfahrene Nutzer eine h\u00f6here Dosierung ben\u00f6tigen, um die gew\u00fcnschten Ergebnisse zu erzielen. Verwenden Sie Red Maeng Da immer verantwortungsvoll und in Ma\u00dfen, um eine Toleranzentwicklung oder unerw\u00fcnschte Nebenwirkungen zu vermeiden. Es ist wichtig zu wissen, dass die Wirkung von Kratom je nach individueller Toleranz variieren kann.<\/p>\n<h2 data-start=\"2421\" data-end=\"2458\">Inhaltsstoffe von Red Maeng Da Kratom<\/h2>\n<p data-start=\"2460\" data-end=\"2875\">Der Hauptbestandteil von Red Maeng Da Kratom ist Mitragyna speciosa, ein tropischer Baum, der in S\u00fcdostasien beheimatet ist. Die Bl\u00e4tter werden sorgf\u00e4ltig geerntet und zu Pulver verarbeitet, um dieses Erg\u00e4nzungsmittel herzustellen. Red Maeng Da unterscheidet sich von anderen Kratom-Sorten durch den Fermentationsprozess, der den Bl\u00e4ttern nicht nur ihre charakteristische rote Farbe verleiht, sondern auch die f\u00fcr die starke Wirkung verantwortlichen Alkaloide intensiviert.<\/p>\n<p data-start=\"2877\" data-end=\"3399\">Der Fermentationsprozess verst\u00e4rkt die energetisierenden, stimmungsaufhellenden und schmerzlindernden Eigenschaften von Red Maeng Da. Wie andere Kratom-Sorten enth\u00e4lt Red Maeng Da Alkaloide wie Mitragynin und 7-Hydroxymitragynin, die mit den k\u00f6rpereigenen Rezeptoren interagieren, um ihre Wirkung zu entfalten. W\u00e4hrend die genaue Blattmischung, die verwendet wird, gesch\u00fctzt ist, stammt Red Maeng Da immer von Mitragyna speciosa, einer Pflanze mit einer langen Geschichte der medizinischen Verwendung in S\u00fcdostasien. Red Maeng Da sollte verantwortungsvoll verwendet werden, um sichere und effektive Ergebnisse zu gew\u00e4hrleisten.<\/p>\n<p data-start=\"3401\" data-end=\"3411\"><strong>Warnung<\/strong><\/p>\n<p data-start=\"3413\" data-end=\"3748\" data-is-last-node=\"\">Der Verkauf und die Verwendung von Red Maeng Da Kratom ist f\u00fcr Personen unter 18 Jahren verboten. Au\u00dferhalb der Reichweite von Kindern aufbewahren. Nicht verwenden, wenn Sie hohen oder niedrigen Blutdruck, Herz- oder Lungenprobleme, Diabetes haben, schwanger sind oder Medikamente, Drogen oder Alkohol einnehmen. Konsultieren Sie immer einen Arzt, bevor Sie ein Nahrungserg\u00e4nzungsmittel einnehmen.<\/p>","protected":false},"excerpt":{"rendered":"<p>Red Maeng Da Kratom ist eine weitere gro\u00dfartige Red Vein Kratom-Sorte, die von denjenigen geliebt wird, die Entspannung mit einem Hauch von Euphorie suchen. Bereiten Sie sich darauf vor, mit einem gl\u00fccklichen Gesicht und guter Laune zu entspannen, die Red Maeng Da Kratom liefert. Da es sich um eine rote Kratom-Sorte handelt, wei\u00dft Du, dass dieses Kratom stark ist und von vielen erfahrenen Kratom-Konsumenten geliebt wird.<\/p>","protected":false},"featured_media":126052,"template":"","meta":[],"product_brand":[],"product_cat":[599,297,512,477,509,510,511,476],"product_tag":[],"class_list":{"0":"post-42175","1":"product","2":"type-product","3":"status-publish","4":"has-post-thumbnail","6":"product_cat-kratopia","7":"product_cat-all-products","8":"product_cat-extracts","9":"product_cat-herbs","10":"product_cat-kratom","11":"product_cat-relax","12":"product_cat-relax-herbs","13":"product_cat-smartshop","14":"product_shipping_class-creditcard-off","16":"first","17":"instock","18":"taxable","19":"shipping-taxable","20":"purchasable","21":"product-type-variable","22":"has-default-attributes"},"_links":{"self":[{"href":"https:\/\/www.tatanka.nl\/de\/wp-json\/wp\/v2\/product\/42175","targetHints":{"allow":["GET"]}}],"collection":[{"href":"https:\/\/www.tatanka.nl\/de\/wp-json\/wp\/v2\/product"}],"about":[{"href":"https:\/\/www.tatanka.nl\/de\/wp-json\/wp\/v2\/types\/product"}],"wp:featuredmedia":[{"embeddable":true,"href":"https:\/\/www.tatanka.nl\/de\/wp-json\/wp\/v2\/media\/126052"}],"wp:attachment":[{"href":"https:\/\/www.tatanka.nl\/de\/wp-json\/wp\/v2\/media?parent=42175"}],"wp:term":[{"taxonomy":"product_brand","embeddable":true,"href":"https:\/\/www.tatanka.nl\/de\/wp-json\/wp\/v2\/product_brand?post=42175"},{"taxonomy":"product_cat","embeddable":true,"href":"https:\/\/www.tatanka.nl\/de\/wp-json\/wp\/v2\/product_cat?post=42175"},{"taxonomy":"product_tag","embeddable":true,"href":"https:\/\/www.tatanka.nl\/de\/wp-json\/wp\/v2\/product_tag?post=42175"}],"curies":[{"name":"wp","href":"https:\/\/api.w.org\/{rel}","templated":true}]}}