{"id":42179,"date":"2022-03-08T11:57:03","date_gmt":"2022-03-08T09:57:03","guid":{"rendered":"https:\/\/www.tatanka.nl\/product\/white-maeng-da-kratom\/"},"modified":"2025-11-18T15:37:47","modified_gmt":"2025-11-18T14:37:47","slug":"white-maeng-da-kratom","status":"publish","type":"product","link":"https:\/\/www.tatanka.nl\/de\/white-maeng-da-kratom\/","title":{"rendered":"White Maeng Da Kratom"},"content":{"rendered":"<h2 data-start=\"0\" data-end=\"33\">Was bedeutet White Maeng Da Kratom?<\/h2>\n<p data-start=\"35\" data-end=\"597\">White Maeng Da Kratom ist eine bekannte Sorte von Kratom, die f\u00fcr ihre anregende Wirkung bekannt ist. Diese vom Mitragyna speciosa-Baum stammende Sorte ist aufgrund ihres hohen Alkaloidgehalts, insbesondere des Mitragynins, besonders wirksam. Diese Verbindung ist in erster Linie f\u00fcr die stimulierende und stimmungsaufhellende Wirkung verantwortlich. Die Bl\u00e4tter werden in einem bestimmten Stadium geerntet, wenn sie teilweise reif sind, was eine hohe Konzentration an psychoaktiven Alkaloiden gew\u00e4hrleistet. Diese einzigartige Erntemethode in Verbindung mit einem speziellen Trocknungsverfahren verleiht White Maeng Da seine charakteristische wei\u00dfe Farbe.<\/p>\n<p data-start=\"599\" data-end=\"1082\">White Maeng Da wird weithin als nat\u00fcrlicher Energiespender verwendet und ist eine beliebte Alternative zu Koffein und anderen Stimulanzien. Es ist daf\u00fcr bekannt, den Fokus, die Konzentration und die geistige Klarheit zu verbessern, was es ideal f\u00fcr diejenigen macht, die einen zus\u00e4tzlichen Energieschub oder einen geistigen Schub w\u00e4hrend des Tages ben\u00f6tigen. Um die besten Ergebnisse zu erzielen, wird er in der Regel als Tee aufgebr\u00fcht, wodurch die Alkaloide schnell aufgenommen werden k\u00f6nnen. Die Wirkung ist oft schon nach 15 Minuten sp\u00fcrbar und h\u00e4lt mehrere Stunden an.<\/p>\n<h2 data-start=\"1084\" data-end=\"1119\">Geschichte von White Maeng Da Kratom<\/h2>\n<p data-start=\"1121\" data-end=\"1487\">White Maeng Da Kratom hat seine Wurzeln in S\u00fcdostasien, wo Kratom traditionell f\u00fcr medizinische Zwecke verwendet wurde. Der Begriff \"Maeng Da\" bezieht sich auf eine hochwertige und sorgf\u00e4ltig gez\u00fcchtete Sorte von Kratom, die f\u00fcr ihre starke Wirkung bekannt ist. Diese Sorte wird auf eine Art und Weise geerntet, die ihren Alkaloidgehalt maximiert, was sie zu einer der st\u00e4rksten verf\u00fcgbaren Sorten macht.<\/p>\n<p data-start=\"1489\" data-end=\"2046\">Urspr\u00fcnglich in Thailand kultiviert, hat sich Maeng Da Kratom in anderen Teilen S\u00fcdostasiens verbreitet und wurde f\u00fcr seine belebenden und stimmungsaufhellenden Eigenschaften bekannt. Im Laufe der Zeit wurde White Maeng Da Kratom auch in westlichen L\u00e4ndern popul\u00e4r, insbesondere in den Vereinigten Staaten, wo es wegen seiner anregenden und konzentrationsf\u00f6rdernden Wirkung gesch\u00e4tzt wird. In Kalifornien wird es h\u00e4ufig in Smoothies oder Tees gemischt, um einen nat\u00fcrlichen Energieschub zu erhalten. Der einzigartige Trocknungsprozess und der hohe Alkaloidgehalt unterscheiden sie von anderen Kratom-Sorten und tragen zu ihrer weltweiten Beliebtheit bei.<\/p>\n<h2 data-start=\"2048\" data-end=\"2083\">So verwenden Sie White Maeng Da Kratom<\/h2>\n<p data-start=\"2085\" data-end=\"2489\">Die effektivste Art, White Maeng Da Kratom zu konsumieren, ist das Aufbr\u00fchen zu Tee. Dazu l\u00f6st man 4 bis 5 Gramm Kratom-Pulver in hei\u00dfem Wasser (zwischen 70 und 95 Grad Celsius) auf und l\u00e4sst es 3 bis 5 Minuten ziehen. Ein Abseihen ist nicht erforderlich, da die gesamte Mischung verzehrt werden kann. Eine Dosierung von 3 bis 5 Gramm sorgt f\u00fcr eine leichte bis mittlere Wirkung, aber die individuelle Empfindlichkeit und das K\u00f6rpergewicht k\u00f6nnen eine Anpassung erfordern.<\/p>\n<p data-start=\"2491\" data-end=\"2985\">Es dauert in der Regel etwa 15 Minuten, bis die energetisierende Wirkung von White Maeng Da sp\u00fcrbar wird, obwohl dies von Faktoren wie Alter, Gesundheit und Geschlecht abh\u00e4ngt. F\u00fcr neue Nutzer ist es ratsam, mit einer niedrigeren Dosis zu beginnen und diese je nach Bedarf schrittweise zu erh\u00f6hen. Manche Benutzer ziehen es vor, das Kratom-Pulver in Smoothies oder Shakes zu mischen, um es bequemer zu haben. Es ist jedoch Vorsicht geboten, da h\u00f6here Dosen eher eine beruhigende Wirkung haben k\u00f6nnen als den stimulierenden Schub, der gemeinhin mit dieser Sorte assoziiert wird.<\/p>\n<h2 data-start=\"2987\" data-end=\"3026\">Inhaltsstoffe von White Maeng Da Kratom<\/h2>\n<p data-start=\"3028\" data-end=\"3372\">White Maeng Da Kratom besteht haupts\u00e4chlich aus den pulverisierten Bl\u00e4ttern des Mitragyna speciosa-Baumes. Diese Bl\u00e4tter werden geerntet, wenn sie teilweise reif sind, um sicherzustellen, dass die maximale Menge an Alkaloiden erhalten bleibt. Wichtige Alkaloide, darunter Mitragynin und 7-Hydroxymitragynin, sind f\u00fcr die energetisierenden und stimmungsaufhellenden Eigenschaften der Sorte verantwortlich.<\/p>\n<p data-start=\"3374\" data-end=\"3738\">Nach der Ernte werden die Bl\u00e4tter einem speziellen Trocknungsprozess unter dunklen Bedingungen unterzogen, um die Potenz der Alkaloide zu erhalten und die charakteristische wei\u00dfe Farbe der Sorte zu erzielen. Es sind keine k\u00fcnstlichen Zusatzstoffe oder Chemikalien enthalten, was White Maeng Da zu einem v\u00f6llig nat\u00fcrlichen Erg\u00e4nzungsmittel macht. Dies stellt sicher, dass die Nutzer die vollen Vorteile der aktiven Verbindungen von Kratom erfahren.<\/p>\n<p data-start=\"3740\" data-end=\"4036\">Der hohe Alkaloidgehalt von White Maeng Da macht sie zu einer der wirksamsten Kratom-Sorten zur Steigerung der Energie und Verbesserung der geistigen Klarheit. Bei verantwortungsvollem Gebrauch bietet sie eine nat\u00fcrliche Alternative zu Koffein und anderen synthetischen Stimulanzien, ohne die \u00fcblichen Nebenwirkungen, die mit ihnen verbunden sind.<\/p>\n<p data-start=\"4038\" data-end=\"4048\"><strong>Warnung<\/strong><\/p>\n<p data-start=\"4050\" data-end=\"4413\" data-is-last-node=\"\">Der Verkauf und die Verwendung von White Maeng Da Kratom ist f\u00fcr Personen unter 18 Jahren verboten. Au\u00dferhalb der Reichweite von Kindern aufbewahren. Dieses Produkt sollte nicht von Personen mit hohem oder niedrigem Blutdruck, Herz- oder Lungenerkrankungen, Diabetes oder Personen, die schwanger sind oder Medikamente, Drogen oder Alkohol einnehmen, verwendet werden. Konsultieren Sie vor dem Gebrauch immer einen Arzt.<\/p>","protected":false},"excerpt":{"rendered":"<p>White Maeng Da ist eine gro\u00dfartige White Vein Kratom-Sorte, die perfekt f\u00fcr diejenigen ist, die mehr Motivation und einen gro\u00dfen Energieschub suchen. Wenn die Arbeit erledigt werden muss und Kaffee nicht ausreicht, betrachten einige einen kleinen, aber starken Energiekick von dieser Sorte. Viele Nutzer berichten von einer verbesserten Konzentration und einer Leichtigkeit des Denkens, so dass dies eine perfekte Kratom-Sorte f\u00fcr den Tag ist!<\/p>","protected":false},"featured_media":126039,"template":"","meta":[],"product_brand":[],"product_cat":[599,297,512,477,509,510,511,476],"product_tag":[],"class_list":{"0":"post-42179","1":"product","2":"type-product","3":"status-publish","4":"has-post-thumbnail","6":"product_cat-kratopia","7":"product_cat-all-products","8":"product_cat-extracts","9":"product_cat-herbs","10":"product_cat-kratom","11":"product_cat-relax","12":"product_cat-relax-herbs","13":"product_cat-smartshop","14":"product_shipping_class-creditcard-off","16":"first","17":"instock","18":"taxable","19":"shipping-taxable","20":"purchasable","21":"product-type-variable","22":"has-default-attributes"},"_links":{"self":[{"href":"https:\/\/www.tatanka.nl\/de\/wp-json\/wp\/v2\/product\/42179","targetHints":{"allow":["GET"]}}],"collection":[{"href":"https:\/\/www.tatanka.nl\/de\/wp-json\/wp\/v2\/product"}],"about":[{"href":"https:\/\/www.tatanka.nl\/de\/wp-json\/wp\/v2\/types\/product"}],"wp:featuredmedia":[{"embeddable":true,"href":"https:\/\/www.tatanka.nl\/de\/wp-json\/wp\/v2\/media\/126039"}],"wp:attachment":[{"href":"https:\/\/www.tatanka.nl\/de\/wp-json\/wp\/v2\/media?parent=42179"}],"wp:term":[{"taxonomy":"product_brand","embeddable":true,"href":"https:\/\/www.tatanka.nl\/de\/wp-json\/wp\/v2\/product_brand?post=42179"},{"taxonomy":"product_cat","embeddable":true,"href":"https:\/\/www.tatanka.nl\/de\/wp-json\/wp\/v2\/product_cat?post=42179"},{"taxonomy":"product_tag","embeddable":true,"href":"https:\/\/www.tatanka.nl\/de\/wp-json\/wp\/v2\/product_tag?post=42179"}],"curies":[{"name":"wp","href":"https:\/\/api.w.org\/{rel}","templated":true}]}}