{"id":42532,"date":"2022-03-14T10:32:16","date_gmt":"2022-03-14T08:32:16","guid":{"rendered":"https:\/\/www.tatanka.nl\/?post_type=product&#038;p=42532"},"modified":"2025-07-08T15:18:08","modified_gmt":"2025-07-08T14:18:08","slug":"raw-pre-rolled-tips","status":"publish","type":"product","link":"https:\/\/www.tatanka.nl\/de\/raw-pre-rolled-tips\/","title":{"rendered":"Raw Vorgerollt Tips"},"content":{"rendered":"<h2 dir=\"ltr\" data-pm-slice=\"1 1 []\">Was sind RAW Pre-Rollled Tips?<\/h2>\n<p dir=\"ltr\">RAW Pre-Rollled Tips sind innovatives Raucherzubeh\u00f6r, das den Rollvorgang vereinfacht. Diese aus ungebleichten, nat\u00fcrlichen Pflanzenfasern hergestellten vorgerollten Filterspitzen machen das manuelle Formen der Spitzen \u00fcberfl\u00fcssig und bieten Komfort f\u00fcr alle Raucher. Jede Packung enth\u00e4lt 21 Filterspitzen mit 20 St\u00fcck pro Schachtel, so dass eine zuverl\u00e4ssige Versorgung gew\u00e4hrleistet ist. Die RAW Pre-Rollled Tips sind so konzipiert, dass sie sich nahtlos in verschiedene Rolling Papers einf\u00fcgen und einen sanften, gleichm\u00e4\u00dfigen Zug erm\u00f6glichen, der die H\u00e4rte reduziert und gleichzeitig den Geschmack des Rauchmaterials bewahrt. Ihre zusatzstofffreie, umweltfreundliche Zusammensetzung spiegelt das Engagement von RAW f\u00fcr Nachhaltigkeit und Qualit\u00e4t wider und macht sie ideal f\u00fcr umweltbewusste Nutzer. Diese Tips sind perfekt f\u00fcr Anf\u00e4nger oder diejenigen, die nach Effizienz streben, da sie das Drehen vereinfachen, ohne die Authentizit\u00e4t zu beeintr\u00e4chtigen. Das patentierte Design unterstreicht das Engagement von RAW, benutzerorientierte, qualitativ hochwertige Produkte zu entwickeln, die das Raucherlebnis verbessern. Das macht RAW Pre-Rollled Tips zu einem Muss f\u00fcr Raucher, die Wert auf Praktikabilit\u00e4t, Reinheit und eine nat\u00fcrliche, problemlose Herangehensweise an das Drehen legen, die mit modernen, nachhaltigen Werten in Einklang steht.<\/p>\n<h2 dir=\"ltr\">Geschichte von RAW Pre-Rollled Tips<\/h2>\n<p dir=\"ltr\">RAW Pre-Rollled Tips wurde aus der Mission von RAW geboren, die Rolling Paper Industrie mit innovativen, umweltfreundlichen L\u00f6sungen anzuf\u00fchren. Diese Tips wurden auf Wunsch eines Freundes nach einer schnelleren Rollmethode entwickelt und zun\u00e4chst von Hand gerollt, was das Engagement von RAW f\u00fcr Handwerkskunst unterstreicht. Sie wurden als patentierte US-Erfindung auf den Markt gebracht, um die Probleme von Rauchern zu l\u00f6sen, die das traditionelle Rollen von Tips als schwierig empfanden, und gewannen schnell an Popularit\u00e4t, da sie so bequem zu handhaben waren. Aufgrund der steigenden Nachfrage entwickelte RAW eine spezielle Maschine, mit der die Tips in gro\u00dfem Ma\u00dfstab hergestellt werden konnten, ohne dass ihre nat\u00fcrliche, zusatzstofffreie Qualit\u00e4t beeintr\u00e4chtigt wurde. Dies war ein entscheidender Moment in der Entwicklung des Produkts, das traditionelle Werte mit moderner Effizienz verband. Im Laufe der Zeit verfeinerte RAW die Spitzen unter Verwendung nachhaltiger Pflanzenfasern und unterstrich damit sein Umweltethos. Die vorgerollten Tips von RAW sind zu einem Eckpfeiler des Verm\u00e4chtnisses der Marke geworden und verk\u00f6rpern die Philosophie von RAW \"pur und roh\". Ihr Weg von einer Innovation in kleinem Ma\u00dfstab zu einem weltweiten Favoriten unterstreicht die F\u00e4higkeit von RAW, die Bed\u00fcrfnisse der Raucher zu antizipieren und ein Produkt anzubieten, das Funktionalit\u00e4t, Nachhaltigkeit und Authentizit\u00e4t in Einklang bringt und den Komfort auf dem Markt f\u00fcr Raucherzubeh\u00f6r neu definiert.<\/p>\n<h2 dir=\"ltr\">Verwendung von RAW Pre-Rolled Tips<\/h2>\n<p dir=\"ltr\">Die Verwendung von RAW Pre-Rollled Tips ist einfach und verbessert das Roll-Erlebnis f\u00fcr alle Erfahrungsstufen. W\u00e4hle eine Spitze aus der 21er-Packung und achte auf ihre vorgerollte, zylindrische Form. Legen Sie das Mundst\u00fcck an ein Ende Ihres Rollpapiers und achten Sie darauf, dass es sicher ausgerichtet ist. F\u00fcgen Sie das von Ihnen gew\u00e4hlte legale Rauchmaterial entlang der Mitte des Papiers hinzu, falten und rollen Sie das Papier dann fest um die Spitze. Befeuchten Sie den Klebestreifen des Papiers, um es zu versiegeln, und nutzen Sie die Struktur der Spitze f\u00fcr eine feste, gleichm\u00e4\u00dfige Rolle. Die Spitze sorgt f\u00fcr einen gleichm\u00e4\u00dfigen Luftstrom, minimiert die H\u00e4rte und verbessert den Geschmack. Bewahren Sie die Packung an einem k\u00fchlen, trockenen Ort auf, um die Qualit\u00e4t zu erhalten. Die RAW Pre-Rolled Tips sind mit den meisten Rolling Papers kompatibel und vielseitig einsetzbar, ideal f\u00fcr schnelle Sessions oder gem\u00fctliches Rollen. Ihr nat\u00fcrliches, umweltfreundliches Design bietet einen Mehrwert und unterst\u00fctzt nachhaltige Praktiken. Egal, ob Sie Anf\u00e4nger oder erfahrener Dreher sind, diese Tips sind zuverl\u00e4ssig und einfach zu handhaben und sorgen f\u00fcr eine gleichbleibend hohe Rauchqualit\u00e4t. Sie eignen sich perfekt f\u00fcr unterwegs oder zu Hause und machen jede Session m\u00fchelos, indem sie mit minimalem Aufwand ein sauberes, genussvolles und auf Ihre Vorlieben zugeschnittenes Erlebnis bieten.<\/p>\n<h2 dir=\"ltr\">Inhaltsstoffe von RAW Pre-Rollled Tips<\/h2>\n<p dir=\"ltr\">RAW Pre-Rollled Tips werden mit einer minimalistischen, umweltbewussten Zusammensetzung f\u00fcr ein reines Raucherlebnis hergestellt. Die einzige Zutat sind ungebleichte Pflanzenfasern, die aus nachhaltigem Hanf oder Flachs gewonnen und ohne Chlor, Farbstoffe oder Zusatzstoffe verarbeitet werden. Diese Fasern werden zu vorgerollten Zylindern geformt, die eine lange Haltbarkeit und einen gleichm\u00e4\u00dfigen Luftstrom gew\u00e4hrleisten, ohne den Geschmack des Rauchmaterials zu ver\u00e4ndern. Die Tips sind frei von k\u00fcnstlichen F\u00fcllstoffen oder Chemikalien und produzieren nur wenig Asche, so dass ein sauberer Rauch entsteht. Der Verzicht auf synthetische Komponenten steht im Einklang mit RAWs Engagement f\u00fcr Authentizit\u00e4t und Umweltverantwortung. Die Pflanzenfasern stammen aus verantwortungsbewussten Quellen, die die \u00f6kologischen Auswirkungen minimieren und nachhaltige Praktiken unterst\u00fctzen. Dieses einfache Inhaltsstoffprofil stellt sicher, dass RAW Pre-Rolled Tips ein hochwertiges, unverf\u00e4lschtes Erlebnis bietet, das Raucher anspricht, die Wert auf Reinheit und Nachhaltigkeit legen. Ihre biologische Abbaubarkeit macht sie noch attraktiver und bietet ein umweltfreundliches Accessoire, das keine Kompromisse bei der Leistung eingeht. Durch die Konzentration auf nat\u00fcrliche, hochwertige Materialien bieten diese Tips eine zuverl\u00e4ssige, schuldfreie Option f\u00fcr Rollers, die das Rauchritual mit einem sauberen, konsistenten Zug verbessern und gleichzeitig das Engagement von RAW widerspiegeln, Produkte zu entwickeln, die sowohl effektiv als auch freundlich zum Planeten sind.<\/p>\n<p dir=\"ltr\"><strong>Warnung<\/strong><br \/>\nRAW Pre-Rolled Tips sind nur f\u00fcr die Verwendung mit legalem Rauchmaterial bestimmt. Achten Sie beim Rauchen auf eine gute Bel\u00fcftung, da Rauchen gesundheitliche Risiken birgt. Au\u00dferhalb der Reichweite von Kindern aufbewahren und an einem trockenen Ort lagern, um die Qualit\u00e4t zu erhalten. Verantwortungsvoll verwenden.<\/p>","protected":false},"excerpt":{"rendered":"<p dir=\"ltr\" data-pm-slice=\"1 1 []\">RAW Pre-Rollled Tips sind umweltfreundliche, vorgerollte Filterspitzen aus nat\u00fcrlichen Pflanzenfasern, die sich schnell und einfach aufrollen lassen. Jede Packung enth\u00e4lt 21 Filterspitzen, mit 20 Packungen pro Schachtel.<\/p>","protected":false},"featured_media":44839,"template":"","meta":[],"product_brand":[],"product_cat":[571,297,488,471,492,564],"product_tag":[],"class_list":{"0":"post-42532","1":"product","2":"type-product","3":"status-publish","4":"has-post-thumbnail","6":"product_cat-tips","7":"product_cat-all-products","8":"product_cat-headshop","9":"product_cat-raw","10":"product_cat-rolling-papers","11":"product_cat-unbleached-rolling-papers","12":"product_shipping_class-creditcard-on","14":"first","15":"instock","16":"taxable","17":"shipping-taxable","18":"purchasable","19":"product-type-variable","20":"has-default-attributes"},"_links":{"self":[{"href":"https:\/\/www.tatanka.nl\/de\/wp-json\/wp\/v2\/product\/42532","targetHints":{"allow":["GET"]}}],"collection":[{"href":"https:\/\/www.tatanka.nl\/de\/wp-json\/wp\/v2\/product"}],"about":[{"href":"https:\/\/www.tatanka.nl\/de\/wp-json\/wp\/v2\/types\/product"}],"wp:featuredmedia":[{"embeddable":true,"href":"https:\/\/www.tatanka.nl\/de\/wp-json\/wp\/v2\/media\/44839"}],"wp:attachment":[{"href":"https:\/\/www.tatanka.nl\/de\/wp-json\/wp\/v2\/media?parent=42532"}],"wp:term":[{"taxonomy":"product_brand","embeddable":true,"href":"https:\/\/www.tatanka.nl\/de\/wp-json\/wp\/v2\/product_brand?post=42532"},{"taxonomy":"product_cat","embeddable":true,"href":"https:\/\/www.tatanka.nl\/de\/wp-json\/wp\/v2\/product_cat?post=42532"},{"taxonomy":"product_tag","embeddable":true,"href":"https:\/\/www.tatanka.nl\/de\/wp-json\/wp\/v2\/product_tag?post=42532"}],"curies":[{"name":"wp","href":"https:\/\/api.w.org\/{rel}","templated":true}]}}