{"id":42535,"date":"2022-03-14T10:32:22","date_gmt":"2022-03-14T08:32:22","guid":{"rendered":"https:\/\/www.tatanka.nl\/?post_type=product&#038;p=42535"},"modified":"2025-05-20T08:33:28","modified_gmt":"2025-05-20T07:33:28","slug":"actitube-activated-charcoal-slim-filter-tip","status":"publish","type":"product","link":"https:\/\/www.tatanka.nl\/de\/actitube-activated-charcoal-slim-filter-tip\/","title":{"rendered":"ActiTube Aktivkohle Slim Filterspitze"},"content":{"rendered":"<h2>\u00dcber Actitube<\/h2>\n<p>Wenn es eine intelligente Rauchermarke gibt, dann ist es diese! Attitude ist der Innovator, wenn es um die Filtration von Cannabis- und Tabakrauch geht. Lange Rede, kurzer Sinn: Wenn Sie noch nie versucht haben, Ihren Joint mit actitube-aktivierten Kohlefiltern zu rauchen, verpassen Sie etwas!<\/p>","protected":false},"excerpt":{"rendered":"<p>Schlanke Rollfilter f\u00fcr Joints... mit einem gesunden Twist! Dies sind Aktivkohlefilter, die speziell f\u00fcr Cannabis-Raucher hergestellt wurden. Sie s\u00e4ubern das schlechte Zeug und machen Deinen Zug viel angenehmer, ohne dass Du irgendeinen \"guten Stoff\" von Deinem Cannabis verlierst. Wenn Sie noch nie versucht haben, Ihren Joint mit ActiTube Filterspitze zu rollen - dann verpassen Sie etwas ganz Gro\u00dfes!<\/p>","protected":false},"featured_media":45271,"template":"","meta":[],"product_brand":[],"product_cat":[567,297,556,488,492,571],"product_tag":[],"class_list":{"0":"post-42535","1":"product","2":"type-product","3":"status-publish","4":"has-post-thumbnail","6":"product_cat-filters","7":"product_cat-all-products","8":"product_cat-charcoal-filter-tips","9":"product_cat-headshop","10":"product_cat-rolling-papers","11":"product_cat-tips","12":"product_shipping_class-creditcard-on","14":"first","15":"instock","16":"taxable","17":"shipping-taxable","18":"purchasable","19":"product-type-variable","20":"has-default-attributes"},"_links":{"self":[{"href":"https:\/\/www.tatanka.nl\/de\/wp-json\/wp\/v2\/product\/42535","targetHints":{"allow":["GET"]}}],"collection":[{"href":"https:\/\/www.tatanka.nl\/de\/wp-json\/wp\/v2\/product"}],"about":[{"href":"https:\/\/www.tatanka.nl\/de\/wp-json\/wp\/v2\/types\/product"}],"wp:featuredmedia":[{"embeddable":true,"href":"https:\/\/www.tatanka.nl\/de\/wp-json\/wp\/v2\/media\/45271"}],"wp:attachment":[{"href":"https:\/\/www.tatanka.nl\/de\/wp-json\/wp\/v2\/media?parent=42535"}],"wp:term":[{"taxonomy":"product_brand","embeddable":true,"href":"https:\/\/www.tatanka.nl\/de\/wp-json\/wp\/v2\/product_brand?post=42535"},{"taxonomy":"product_cat","embeddable":true,"href":"https:\/\/www.tatanka.nl\/de\/wp-json\/wp\/v2\/product_cat?post=42535"},{"taxonomy":"product_tag","embeddable":true,"href":"https:\/\/www.tatanka.nl\/de\/wp-json\/wp\/v2\/product_tag?post=42535"}],"curies":[{"name":"wp","href":"https:\/\/api.w.org\/{rel}","templated":true}]}}