{"id":42595,"date":"2022-03-14T10:32:39","date_gmt":"2022-03-14T08:32:39","guid":{"rendered":"https:\/\/www.tatanka.nl\/?post_type=product&#038;p=42595"},"modified":"2024-09-17T11:36:46","modified_gmt":"2024-09-17T10:36:46","slug":"raw-pre-rolled-organic-hemp-king-size-cones","status":"publish","type":"product","link":"https:\/\/www.tatanka.nl\/de\/raw-pre-rolled-organic-hemp-king-size-cones\/","title":{"rendered":"Raw Vorgerollter Bio-Hanf King Size Cones"},"content":{"rendered":"<h2>\u00dcber Raw Natural Rolling Papers<\/h2>\n<p>Es gibt einen Grund, warum Raw Bl\u00e4ttchen eine der bekanntesten Bl\u00e4ttchenmarken der Welt sind. Raw ist nicht nur f\u00fcr seine ultrahohe Qualit\u00e4t bekannt, sondern auch f\u00fcr seine nat\u00fcrlichen Materialien. Und wenn wir nat\u00fcrlich sagen, dann meinen wir - wirklich nat\u00fcrlich!<\/p>\n<p>Alle Raw-Papiere sind ungebleicht und v\u00f6llig unraffiniert. Raw verwendet keine Farbstoffe, Brennzus\u00e4tze oder Kreide bei der Herstellung ihrer Papiere. Alle Raw Papiere werden nur aus nat\u00fcrlichen Materialien wie Pflanzen hergestellt.<\/p>\n<p>Dies bedeutet, wenn Sie mit Raw rollen, werden Sie in der Lage sein, dass maximale nat\u00fcrliche Niveau Ihrer Rauch zu f\u00fchlen. Verwenden Sie Raw, um es richtig zu rauchen!<\/p>","protected":false},"excerpt":{"rendered":"<p>Hochwertigstes Hanfrollpapier? Abgehakt! Bereits vorgerollte Kegel f\u00fcr das faule Drehen? Doppelter Check! Drehen Sie Ihre Joints schneller und stellen Sie sicher, dass sie alle gleichm\u00e4\u00dfig abbrennen mit vorgerollten Hanfkegeln von Raw. Sie k\u00f6nnen erwarten, dass Sie das beste Qualit\u00e4tspapier haben, das langsam und gleichm\u00e4\u00dfig abbrennt! Liebe diese!<\/p>","protected":false},"featured_media":44911,"template":"","meta":[],"product_brand":[],"product_cat":[297,505,488,565,471,492,564],"product_tag":[],"class_list":{"0":"post-42595","1":"product","2":"type-product","3":"status-publish","4":"has-post-thumbnail","6":"product_cat-all-products","7":"product_cat-cones","8":"product_cat-headshop","9":"product_cat-hemp-rolling-papers","10":"product_cat-raw","11":"product_cat-rolling-papers","12":"product_cat-unbleached-rolling-papers","13":"product_shipping_class-creditcard-on","15":"first","16":"outofstock","17":"taxable","18":"shipping-taxable","19":"product-type-variable","20":"has-default-attributes"},"_links":{"self":[{"href":"https:\/\/www.tatanka.nl\/de\/wp-json\/wp\/v2\/product\/42595","targetHints":{"allow":["GET"]}}],"collection":[{"href":"https:\/\/www.tatanka.nl\/de\/wp-json\/wp\/v2\/product"}],"about":[{"href":"https:\/\/www.tatanka.nl\/de\/wp-json\/wp\/v2\/types\/product"}],"wp:featuredmedia":[{"embeddable":true,"href":"https:\/\/www.tatanka.nl\/de\/wp-json\/wp\/v2\/media\/44911"}],"wp:attachment":[{"href":"https:\/\/www.tatanka.nl\/de\/wp-json\/wp\/v2\/media?parent=42595"}],"wp:term":[{"taxonomy":"product_brand","embeddable":true,"href":"https:\/\/www.tatanka.nl\/de\/wp-json\/wp\/v2\/product_brand?post=42595"},{"taxonomy":"product_cat","embeddable":true,"href":"https:\/\/www.tatanka.nl\/de\/wp-json\/wp\/v2\/product_cat?post=42595"},{"taxonomy":"product_tag","embeddable":true,"href":"https:\/\/www.tatanka.nl\/de\/wp-json\/wp\/v2\/product_tag?post=42595"}],"curies":[{"name":"wp","href":"https:\/\/api.w.org\/{rel}","templated":true}]}}