{"id":42659,"date":"2022-03-14T10:32:58","date_gmt":"2022-03-14T08:32:58","guid":{"rendered":"https:\/\/www.tatanka.nl\/?post_type=product&#038;p=42659"},"modified":"2025-05-20T08:17:08","modified_gmt":"2025-05-20T07:17:08","slug":"jumbo-pink-king-size-cones-prerolled-34x","status":"publish","type":"product","link":"https:\/\/www.tatanka.nl\/de\/jumbo-pink-king-size-cones-prerolled-34x\/","title":{"rendered":"Jumbo Rosa King Size Cones Prerolled 34x"},"content":{"rendered":"<h2>Jumbo Rolling Papers<\/h2>\n<p>Jumbo Papers ist eine holl\u00e4ndische Rolling-Paper-Marke, die darauf abzielt, die Qualit\u00e4t von hochwertigem Rauchzubeh\u00f6r zu einem erschwinglichen Preis zu liefern. Jumbo Papers hat verschiedene Arten von Rolling Paper im Angebot, die es Ihnen erm\u00f6glichen, rosa, gr\u00fcn, blau, braun oder klassisch wei\u00dfes Rolling Paper zu kaufen.<\/p>\n<p>Das macht Jumbo zu einer interessanten, aufstrebenden Marke f\u00fcr Raucher, die immer auf der Suche nach etwas Neuem sind. Wenn Sie auf der Suche nach Rauchwaren sind, die nicht nur in ihrer Farbe einzigartig sind, sondern auch ein hervorragendes Preis-Leistungs-Verh\u00e4ltnis haben - dann sollten Sie Jumbo ausprobieren!<\/p>","protected":false},"excerpt":{"rendered":"<p>Rosa vorgerollte T\u00fcten f\u00fcr rosa Joints? Ja! Kommt in Schachteln zu 34 St\u00fcck? Du wei\u00dft es! Mit dieser Schachtel toller vorgerollter pinker Kegel kannst Du mit Leichtigkeit 34 pinke Joints rollen. Die Verwendung von Kegeln ist einfacher als die von einfachem Rollpapier und Tips. Au\u00dferdem werden die meisten von der rosaroten Fantasie fasziniert sein, die das Rauchen eines pinken Joints mit sich bringt!<\/p>","protected":false},"featured_media":43991,"template":"","meta":[],"product_brand":[],"product_cat":[492,297,557,505,488,464,558,569],"product_tag":[],"class_list":{"0":"post-42659","1":"product","2":"type-product","3":"status-publish","4":"has-post-thumbnail","6":"product_cat-rolling-papers","7":"product_cat-all-products","8":"product_cat-colored-papers","9":"product_cat-cones","10":"product_cat-headshop","11":"product_cat-jumbo","12":"product_cat-king-size-papers","13":"product_cat-pink-papers","14":"product_shipping_class-creditcard-on","16":"first","17":"instock","18":"taxable","19":"shipping-taxable","20":"purchasable","21":"product-type-variable","22":"has-default-attributes"},"_links":{"self":[{"href":"https:\/\/www.tatanka.nl\/de\/wp-json\/wp\/v2\/product\/42659","targetHints":{"allow":["GET"]}}],"collection":[{"href":"https:\/\/www.tatanka.nl\/de\/wp-json\/wp\/v2\/product"}],"about":[{"href":"https:\/\/www.tatanka.nl\/de\/wp-json\/wp\/v2\/types\/product"}],"wp:featuredmedia":[{"embeddable":true,"href":"https:\/\/www.tatanka.nl\/de\/wp-json\/wp\/v2\/media\/43991"}],"wp:attachment":[{"href":"https:\/\/www.tatanka.nl\/de\/wp-json\/wp\/v2\/media?parent=42659"}],"wp:term":[{"taxonomy":"product_brand","embeddable":true,"href":"https:\/\/www.tatanka.nl\/de\/wp-json\/wp\/v2\/product_brand?post=42659"},{"taxonomy":"product_cat","embeddable":true,"href":"https:\/\/www.tatanka.nl\/de\/wp-json\/wp\/v2\/product_cat?post=42659"},{"taxonomy":"product_tag","embeddable":true,"href":"https:\/\/www.tatanka.nl\/de\/wp-json\/wp\/v2\/product_tag?post=42659"}],"curies":[{"name":"wp","href":"https:\/\/api.w.org\/{rel}","templated":true}]}}