{"id":50166,"date":"2022-07-04T14:11:28","date_gmt":"2022-07-04T12:11:28","guid":{"rendered":"https:\/\/www.tatanka.nl\/?post_type=product&#038;p=50166"},"modified":"2025-05-20T08:11:56","modified_gmt":"2025-05-20T07:11:56","slug":"zink-240-tablets","status":"publish","type":"product","link":"https:\/\/www.tatanka.nl\/de\/zink-240-tablets\/","title":{"rendered":"Zink - 240 Tabletten"},"content":{"rendered":"<h2>Was sind Fit4Seasons-Zink-Tabletten?<\/h2>\n<p>Fit4Seasons Zink-Tabletten sind ein hochwertiges Nahrungserg\u00e4nzungsmittel, das das essentielle Spurenelement Zink in einer bioverf\u00fcgbaren Form liefert. Zink spielt eine wichtige Rolle bei zahlreichen k\u00f6rperlichen Prozessen, einschlie\u00dflich der Erhaltung starker Knochen, der Unterst\u00fctzung der Hautgesundheit und der F\u00f6rderung gesunder Haare und N\u00e4gel. Es ist au\u00dferdem ein starkes Antioxidans, das die Zellen vor oxidativem Stress sch\u00fctzt.<\/p>\n<p>Dieses Produkt ist besonders vorteilhaft f\u00fcr Personen, die erh\u00f6hten k\u00f6rperlichen oder geistigen Anforderungen ausgesetzt sind. Zink unterst\u00fctzt das Immunsystem und hilft dem K\u00f6rper, \u00e4u\u00dfere Bedrohungen abzuwehren und sich besser zu erholen. Au\u00dferdem tr\u00e4gt es zur Gesundheit der Augen, der Konzentration und des Ged\u00e4chtnisses bei. Bei M\u00e4nnern tr\u00e4gt Zink zur Erhaltung der Spermienqualit\u00e4t und -produktion bei.<\/p>\n<p>Jede Tablette enth\u00e4lt Zinkbisglycinat, das f\u00fcr seine hervorragende Absorption und Bioverf\u00fcgbarkeit bekannt ist, so dass Ihr K\u00f6rper in vollem Umfang von diesem wichtigen Mineralstoff profitieren kann. Fit4Seasons Zink-Tabletten sind f\u00fcr die t\u00e4gliche Einnahme geeignet und ideal f\u00fcr die Erhaltung der allgemeinen Gesundheit und des Wohlbefindens.<\/p>\n<h2>Die Geschichte der Fit4Seasons-Zink-Tabletten<\/h2>\n<p>Zink ist seit Jahrhunderten als lebenswichtiger Mineralstoff f\u00fcr die menschliche Gesundheit bekannt. Alte Zivilisationen verwendeten zinkhaltige Verbindungen zur Wundheilung und zur F\u00f6rderung der Hautgesundheit. Im Laufe der Zeit hat sich das wissenschaftliche Verst\u00e4ndnis von Zink erweitert und seine entscheidende Rolle bei der Zellteilung, der Immunfunktion und der reproduktiven Gesundheit offenbart.<\/p>\n<p>Die modernen Ern\u00e4hrungsgewohnheiten haben die Notwendigkeit einer Zinkerg\u00e4nzung deutlich gemacht, zumal bestimmte Ern\u00e4hrungsgewohnheiten oder Gesundheitszust\u00e4nde zu Mangelerscheinungen f\u00fchren k\u00f6nnen. Um diesen Bedarf zu decken, hat Fit4Seasons seine Zink-Tabletten unter Verwendung von Zinkbisglycinat entwickelt, einer Form, die eine hohe Absorption und minimale Magenreizung gew\u00e4hrleistet.<\/p>\n<p>Durch die Verbindung von traditionellem Wissen mit fortschrittlicher Ern\u00e4hrungswissenschaft bieten Fit4Seasons Zink-Tabletten eine L\u00f6sung, die die historische Bedeutung des Minerals ehrt und gleichzeitig den Anforderungen des modernen Lebensstils gerecht wird. Diese Tabletten spiegeln das Engagement von Fit4Seasons f\u00fcr Qualit\u00e4t und Gesundheit wider.<\/p>\n<h2>So verwenden Sie Fit4Seasons Zink-Tabletten<\/h2>\n<p>Fit4Seasons Zink-Tabletten sind einfach und bequem in Ihre t\u00e4gliche Routine einzubauen. Nehmen Sie eine Tablette pro Tag mit Wasser nach einer Mahlzeit ein. Die konsequente Einnahme stellt sicher, dass Ihr K\u00f6rper eine konstante Versorgung mit Zink erh\u00e4lt, um seine vielen wichtigen Funktionen zu unterst\u00fctzen.<\/p>\n<p>Die besten Ergebnisse erzielen Sie, wenn Sie die Tablette jeden Tag zur gleichen Zeit einnehmen. Dies schafft eine Gewohnheit und hilft, den Zinkspiegel im K\u00f6rper konstant zu halten. Diese Tabletten sind sowohl f\u00fcr M\u00e4nner als auch f\u00fcr Frauen geeignet und k\u00f6nnen zur Unterst\u00fctzung der allgemeinen Gesundheit, der Immunfunktion oder spezifischer Bed\u00fcrfnisse wie der Haut oder der reproduktiven Gesundheit verwendet werden.<\/p>\n<p>Wie bei allen Nahrungserg\u00e4nzungsmitteln ist es wichtig, sich an die empfohlene Dosierung zu halten. Wenn Sie an einer Krankheit leiden oder Medikamente einnehmen, konsultieren Sie vor der Einnahme Ihren medizinischen Betreuer. Fit4Seasons Zink-Tabletten wurden entwickelt, um eine ausgewogene Ern\u00e4hrung und eine gesunde Lebensweise zu erg\u00e4nzen.<\/p>\n<h2>Inhaltsstoffe von Fit4Seasons Zinktabletten<\/h2>\n<p>Fit4Seasons Zink-Tabletten sind sorgf\u00e4ltig formuliert, um maximale Wirksamkeit und Reinheit zu gew\u00e4hrleisten. Jede Tablette enth\u00e4lt:<\/p>\n<ul>\n<li><strong>Zink-Bisglycinat<\/strong>: 113,6 mg<\/li>\n<li><strong>Isomalt<\/strong>: 100 mg<\/li>\n<li><strong>Mikrokristalline Zellulose<\/strong>: 10 mg<\/li>\n<li><strong>Kieselerde<\/strong>: 3,5 mg<\/li>\n<li><strong>Vegetarisches Magnesiumstearat<\/strong>: 3,5 mg<\/li>\n<\/ul>\n<p>Zinkbisglycinat ist der Hauptwirkstoff, der aufgrund seiner besseren Absorption im Vergleich zu anderen Formen von Zink ausgew\u00e4hlt wurde. Die zus\u00e4tzlichen Inhaltsstoffe, einschlie\u00dflich Siliziumdioxid und Magnesiumstearat, sorgen daf\u00fcr, dass jede Tablette leicht zu konsumieren und frei von unn\u00f6tigen Zusatzstoffen ist. Diese Tabletten sind 100% vegan und mit Sorgfalt formuliert, um hohe Qualit\u00e4tsstandards zu erf\u00fcllen.<\/p>\n<p><strong>Zus\u00e4tzliche Informationen \u00fcber Zink:<\/strong><br \/>\n- St\u00fctzt die Knochen<br \/>\n- ist gut f\u00fcr den Zellteilungsprozess<br \/>\n- Ist gut f\u00fcr die Konzentration und das Ged\u00e4chtnis<br \/>\n- Unterst\u00fctzt den Zustand des Auges<br \/>\n- Ist gut f\u00fcr N\u00e4gel und Haare<br \/>\n- Ist wichtig f\u00fcr die Haut<br \/>\n- Unterst\u00fctzt das Immunsystem<br \/>\n- Tr\u00e4gt zur Produktion von Samenzellen bei und ist gut f\u00fcr die Spermienqualit\u00e4t<br \/>\n- ist ein Antioxidans<\/p>\n<p><strong>Warnung<\/strong><br \/>\nAu\u00dferhalb der Reichweite von Kindern aufbewahren. Konsultieren Sie Ihren Arzt vor dem Gebrauch, wenn Sie schwanger sind, stillen oder gesundheitliche Bedenken haben. Bei Raumtemperatur an einem dunklen, trockenen Ort aufbewahren. \u00dcberschreiten Sie nicht die empfohlene Tagesdosis.<\/p>","protected":false},"excerpt":{"rendered":"<p>Fit4Seasons Zink-Tabletten liefern essentielles Zink in einer leicht einzunehmenden, veganen Form. Zink unterst\u00fctzt eine Vielzahl von K\u00f6rperfunktionen, darunter die Gesundheit des Immunsystems, die Zellteilung, die Gesundheit von Haut und N\u00e4geln sowie das Wohlbefinden der Fortpflanzung. Diese Tabletten sind f\u00fcr eine optimale Aufnahme konzipiert und eignen sich perfekt f\u00fcr die t\u00e4gliche Einnahme.<\/p>","protected":false},"featured_media":126029,"template":"","meta":[],"product_brand":[],"product_cat":[598,297,522,475,533,487,486,480],"product_tag":[],"class_list":{"0":"post-50166","1":"product","2":"type-product","3":"status-publish","4":"has-post-thumbnail","6":"product_cat-fit4seasons","7":"product_cat-all-products","8":"product_cat-detox","9":"product_cat-healthshop","10":"product_cat-recovery","11":"product_cat-sport","12":"product_cat-superfoods","13":"product_cat-supplements","15":"first","16":"instock","17":"taxable","18":"shipping-taxable","19":"purchasable","20":"product-type-variable","21":"has-default-attributes"},"_links":{"self":[{"href":"https:\/\/www.tatanka.nl\/de\/wp-json\/wp\/v2\/product\/50166","targetHints":{"allow":["GET"]}}],"collection":[{"href":"https:\/\/www.tatanka.nl\/de\/wp-json\/wp\/v2\/product"}],"about":[{"href":"https:\/\/www.tatanka.nl\/de\/wp-json\/wp\/v2\/types\/product"}],"wp:featuredmedia":[{"embeddable":true,"href":"https:\/\/www.tatanka.nl\/de\/wp-json\/wp\/v2\/media\/126029"}],"wp:attachment":[{"href":"https:\/\/www.tatanka.nl\/de\/wp-json\/wp\/v2\/media?parent=50166"}],"wp:term":[{"taxonomy":"product_brand","embeddable":true,"href":"https:\/\/www.tatanka.nl\/de\/wp-json\/wp\/v2\/product_brand?post=50166"},{"taxonomy":"product_cat","embeddable":true,"href":"https:\/\/www.tatanka.nl\/de\/wp-json\/wp\/v2\/product_cat?post=50166"},{"taxonomy":"product_tag","embeddable":true,"href":"https:\/\/www.tatanka.nl\/de\/wp-json\/wp\/v2\/product_tag?post=50166"}],"curies":[{"name":"wp","href":"https:\/\/api.w.org\/{rel}","templated":true}]}}