{"id":50170,"date":"2022-07-04T14:16:54","date_gmt":"2022-07-04T12:16:54","guid":{"rendered":"https:\/\/www.tatanka.nl\/?post_type=product&#038;p=50170"},"modified":"2025-05-20T08:11:48","modified_gmt":"2025-05-20T07:11:48","slug":"vitamin-c-120-tablets","status":"publish","type":"product","link":"https:\/\/www.tatanka.nl\/de\/vitamin-c-120-tablets\/","title":{"rendered":"Vitamin C"},"content":{"rendered":"<h2>Was sind Fit4Seasons Vitamin-C-Tabletten?<\/h2>\n<p>Fit4Seasons Vitamin-C-Tabletten sind ein hochwertiges Nahrungserg\u00e4nzungsmittel, das entwickelt wurde, um Ihren K\u00f6rper mit den lebenswichtigen Vorteilen von Vitamin C zu versorgen. Jede Tablette enth\u00e4lt 900 mg Vitamin C (als Calciumascorbat) und gew\u00e4hrleistet eine effektive Aufnahme und Verwertung durch den K\u00f6rper.<\/p>\n<p>Die Formel ist zus\u00e4tzlich mit Rosa Canina-Extrakt und Citrus-Bioflavonoiden angereichert, die synergetisch wirken, um die antioxidativen Eigenschaften zu verst\u00e4rken und die Gesundheit des Immunsystems zu f\u00f6rdern. Vitamin C spielt eine Schl\u00fcsselrolle bei zahlreichen k\u00f6rperlichen Prozessen, einschlie\u00dflich der Kollagenbildung, der Energieproduktion und dem Schutz der Zellen vor oxidativem Stress durch Umweltfaktoren.<\/p>\n<p>Dieses Nahrungserg\u00e4nzungsmittel ist vollst\u00e4ndig vegan und wird aus sorgf\u00e4ltig ausgew\u00e4hlten Zutaten hergestellt, um verschiedenen Ern\u00e4hrungsgewohnheiten gerecht zu werden. Fit4Seasons Vitamin C ist ideal, um Ihr allgemeines Wohlbefinden aufrechtzuerhalten, egal ob Sie mit M\u00fcdigkeit zu k\u00e4mpfen haben, die Gesundheit Ihrer Haut unterst\u00fctzen oder die nat\u00fcrlichen Abwehrkr\u00e4fte Ihres K\u00f6rpers st\u00e4rken wollen.<\/p>\n<h2>Die Geschichte von Fit4Seasons Vitamin C<\/h2>\n<p>Vitamin C ist seit Jahrhunderten als wesentlicher N\u00e4hrstoff f\u00fcr die menschliche Gesundheit bekannt. In der Vergangenheit verwendeten Seeleute Vitamin-C-reiche Lebensmittel wie Zitrusfr\u00fcchte, um Skorbut w\u00e4hrend langer Reisen zu verhindern. Die Bedeutung dieses Vitamins f\u00fcr die Gesundheit des Immunsystems, die Kollagenproduktion und den Energiestoffwechsel ist seither gut dokumentiert.<\/p>\n<p>Fit4Seasons hat sein Vitamin C entwickelt, um diesen zeitlosen N\u00e4hrstoff zu modernisieren und eine Formel zu gew\u00e4hrleisten, die stark, wirksam und leicht in die t\u00e4gliche Routine einzubauen ist. Durch die Zugabe von Rosa Canina-Extrakt und Citrus-Bioflavonoiden unterstreicht die Marke die Bedeutung nat\u00fcrlicher, pflanzlicher Quellen zur Erg\u00e4nzung des Hauptinhaltsstoffs.<\/p>\n<p>Dieses Engagement f\u00fcr Qualit\u00e4t und Innovation spiegelt das Bestreben von Fit4Seasons wider, Nahrungserg\u00e4nzungsmittel zu entwickeln, die sich an den sich entwickelnden Gesundheitstrends orientieren und gleichzeitig in Wissenschaft und Tradition verwurzelt sind.<\/p>\n<h2>So verwenden Sie Fit4Seasons Vitamin-C-Tabletten<\/h2>\n<p>Die Einnahme von Fit4Seasons Vitamin C Tabletten ist einfach und bequem. Um optimale Ergebnisse zu erzielen, nehmen Sie zweimal t\u00e4glich eine Tablette nach den Mahlzeiten mit Wasser ein. Diese Dosierung sorgt f\u00fcr eine gleichm\u00e4\u00dfige Unterst\u00fctzung des Immunsystems und des Energieniveaus \u00fcber den ganzen Tag.<\/p>\n<p>Die regelm\u00e4\u00dfige Einnahme dieses Nahrungserg\u00e4nzungsmittels kann helfen, M\u00fcdigkeit zu bek\u00e4mpfen, die Zellen vor oxidativen Sch\u00e4den zu sch\u00fctzen und die Kollagenbildung zu unterst\u00fctzen, die f\u00fcr die Aufrechterhaltung gesunder Haut, Knochen und Blutgef\u00e4\u00dfe entscheidend ist. Ganz gleich, ob Sie Ihr allgemeines Wohlbefinden verbessern oder spezifische Probleme wie M\u00fcdigkeit oder Immunsystem unterst\u00fctzen m\u00f6chten, dieses Erg\u00e4nzungsmittel f\u00fcgt sich nahtlos in einen gesch\u00e4ftigen Lebensstil ein.<\/p>\n<p>Es ist wichtig, sich an die empfohlene Dosierung zu halten, damit die sichere Aufnahmemenge nicht \u00fcberschritten wird. Die Kombination dieser Tabletten mit einer ausgewogenen Ern\u00e4hrung, die reich an Obst und Gem\u00fcse ist, und einem aktiven Lebensstil erh\u00f6ht ihre Vorteile noch weiter.<\/p>\n<h2>Inhaltsstoffe von Fit4Seasons Vitamin C Tabletten<\/h2>\n<p>Jede Fit4Seasons Vitamin C Tablette enth\u00e4lt:<\/p>\n<ul>\n<li><strong>Vitamin C (als Calciumascorbat): 900 mg<\/strong> - Eine gepufferte Form von Vitamin C f\u00fcr eine bessere Aufnahme und einen geringeren S\u00e4uregehalt.<\/li>\n<li><strong>Rosa Canina-Extrakt (4:1): 50 mg<\/strong> - Dieser aus Hagebutten gewonnene Extrakt ist reich an Antioxidantien und unterst\u00fctzt die Gesundheit des Immunsystems.<\/li>\n<li><strong>Bioflavonoide aus Zitrusfr\u00fcchten: 50 mg<\/strong> - Pflanzenstoffe, die die Wirkung von Vitamin C verst\u00e4rken und die Gesundheit des Herz-Kreislauf-Systems f\u00f6rdern.<\/li>\n<\/ul>\n<p>Weitere Inhaltsstoffe sind mikrokristalline Cellulose, Maltodextrin, Magnesiumstearat und Silikondioxid, die die Stabilit\u00e4t der Tabletten und eine einfache Anwendung gew\u00e4hrleisten. Alle Inhaltsstoffe werden sorgf\u00e4ltig ausgew\u00e4hlt, um h\u00f6chste Qualit\u00e4t und veganfreundliche Standards zu gew\u00e4hrleisten.<\/p>\n<p><strong>Gesundheitliche Vorteile von Vitamin C<\/strong>:<br \/>\n-\u00a0<strong>Blutgef\u00e4\u00dfe:<\/strong>\u00a0Vitamin C ist wichtig f\u00fcr die Blutgef\u00e4\u00dfe. Es tr\u00e4gt zur Bildung von Kollagen bei, das f\u00fcr die Erhaltung einer starken Gef\u00e4\u00dfwand wichtig ist.<br \/>\n-\u00a0<strong>Haut und Knochen:<\/strong>\u00a0Vitamin C unterst\u00fctzt die Knochen und ist wichtig f\u00fcr Knorpel und Haut.<br \/>\n-\u00a0<strong>Immunsystem:<\/strong>\u00a0Vitamin C unterst\u00fctzt das Immunsystem. Es sorgt auch f\u00fcr zus\u00e4tzliche\/mehr Widerstandskraft bei k\u00f6rperlicher Anstrengung.<br \/>\n-\u00a0<strong>Mund und Z\u00e4hne:<\/strong>\u00a0Das Vitamin tr\u00e4gt dazu bei, dass die Z\u00e4hne stark bleiben und ist wichtig f\u00fcr die Z\u00e4hne.<br \/>\n-\u00a0<strong>Oxidative Sch\u00e4den: <\/strong>Vitamin C ist ein Antioxidans und tr\u00e4gt zum Schutz gesunder K\u00f6rperzellen bei. Es hilft auch, die Zellen vor oxidativen Sch\u00e4den durch UV-Strahlen und Luftverschmutzung zu sch\u00fctzen.<br \/>\n-\u00a0<strong>M\u00fcdigkeit:<\/strong>\u00a0Vitamin C hilft, M\u00fcdigkeit und Ersch\u00f6pfung zu verringern.<br \/>\n-\u00a0<strong>Nervensystem:<\/strong>\u00a0Vitamin C spielt eine wichtige Rolle f\u00fcr die Funktion der Nerven und unterst\u00fctzt die normale Funktion des Nervensystems.<\/p>\n<p><strong>Nehmen Sie Fit4Seasons Vitamin C:<\/strong><br \/>\n- Bei M\u00fcdigkeit oder Lethargie<br \/>\n- Zum Schutz vor freien Radikalen<br \/>\n- Zur Erhaltung gesunder Zellen und Gewebe<br \/>\n- Bei normaler Konzentration<\/p>\n<p>&nbsp;<\/p>\n<p><strong>Warnung:<\/strong><br \/>\nAu\u00dferhalb der Reichweite von Kindern aufbewahren. Konsultieren Sie vor dem Gebrauch Ihren Arzt, wenn Sie schwanger sind, stillen oder gesundheitliche Bedenken haben. An einem k\u00fchlen, dunklen Ort bei Raumtemperatur aufbewahren. \u00dcberschreiten Sie nicht die empfohlene Tagesdosis.<\/p>\n<p>&nbsp;<\/p>","protected":false},"excerpt":{"rendered":"<p>Vitamin C ist eine Substanz, die an vielen Prozessen im K\u00f6rper beteiligt ist. Vitamin C ist ein Antioxidans und wichtig f\u00fcr die Blutgef\u00e4\u00dfe, es unterst\u00fctzt die Bildung von Kollagen, es ist wichtig f\u00fcr den Energiestoffwechsel, es wirkt sich positiv auf das Immunsystem aus, es ist gut f\u00fcr die Konzentrationsf\u00e4higkeit und hilft bei M\u00fcdigkeit.<\/p>","protected":false},"featured_media":126027,"template":"","meta":[],"product_brand":[],"product_cat":[598,297,522,475,481,533,487,486,480,482],"product_tag":[],"class_list":{"0":"post-50170","1":"product","2":"type-product","3":"status-publish","4":"has-post-thumbnail","6":"product_cat-fit4seasons","7":"product_cat-all-products","8":"product_cat-detox","9":"product_cat-healthshop","10":"product_cat-healthshop-top-10","11":"product_cat-recovery","12":"product_cat-sport","13":"product_cat-superfoods","14":"product_cat-supplements","15":"product_cat-vitamins","17":"first","18":"instock","19":"taxable","20":"shipping-taxable","21":"purchasable","22":"product-type-variable","23":"has-default-attributes"},"_links":{"self":[{"href":"https:\/\/www.tatanka.nl\/de\/wp-json\/wp\/v2\/product\/50170","targetHints":{"allow":["GET"]}}],"collection":[{"href":"https:\/\/www.tatanka.nl\/de\/wp-json\/wp\/v2\/product"}],"about":[{"href":"https:\/\/www.tatanka.nl\/de\/wp-json\/wp\/v2\/types\/product"}],"wp:featuredmedia":[{"embeddable":true,"href":"https:\/\/www.tatanka.nl\/de\/wp-json\/wp\/v2\/media\/126027"}],"wp:attachment":[{"href":"https:\/\/www.tatanka.nl\/de\/wp-json\/wp\/v2\/media?parent=50170"}],"wp:term":[{"taxonomy":"product_brand","embeddable":true,"href":"https:\/\/www.tatanka.nl\/de\/wp-json\/wp\/v2\/product_brand?post=50170"},{"taxonomy":"product_cat","embeddable":true,"href":"https:\/\/www.tatanka.nl\/de\/wp-json\/wp\/v2\/product_cat?post=50170"},{"taxonomy":"product_tag","embeddable":true,"href":"https:\/\/www.tatanka.nl\/de\/wp-json\/wp\/v2\/product_tag?post=50170"}],"curies":[{"name":"wp","href":"https:\/\/api.w.org\/{rel}","templated":true}]}}