{"id":50175,"date":"2022-07-04T14:18:37","date_gmt":"2022-07-04T12:18:37","guid":{"rendered":"https:\/\/www.tatanka.nl\/?post_type=product&#038;p=50175"},"modified":"2025-07-10T00:48:46","modified_gmt":"2025-07-09T23:48:46","slug":"magnesium-taurine-120-tablets","status":"publish","type":"product","link":"https:\/\/www.tatanka.nl\/de\/magnesium-taurine-120-tablets\/","title":{"rendered":"Magnesium und Taurin"},"content":{"rendered":"<h2>Was sind Fit4Seasons Magnesium &amp; Taurin Tabletten?<\/h2>\n<p>Fit4Seasons Magnesium &amp; Taurin Tabletten sind ein Nahrungserg\u00e4nzungsmittel zur Unterst\u00fctzung verschiedener K\u00f6rperfunktionen. Magnesium, ein essentieller Mineralstoff, spielt eine entscheidende Rolle bei der Erhaltung gesunder Muskeln, Knochen und des Nervensystems. Taurin, ein bedingt essentieller N\u00e4hrstoff, erg\u00e4nzt das Magnesium, indem es dessen Vorteile verst\u00e4rkt und zus\u00e4tzliche Unterst\u00fctzung f\u00fcr die Energieproduktion und die geistige Konzentration bietet.<\/p>\n<p>Egal, ob Sie ein Sportler sind, der Unterst\u00fctzung bei der Regeneration ben\u00f6tigt, oder jemand, der sein Energieniveau und seine geistige Klarheit steigern m\u00f6chte - diese veganen Tabletten sind auf die unterschiedlichsten Bed\u00fcrfnisse abgestimmt. Fit4Seasons Magnesium &amp; Taurin ist eine vielseitige Wahl zur F\u00f6rderung des allgemeinen Wohlbefindens, geeignet f\u00fcr verschiedene Lebensstile und Altersgruppen.<\/p>\n<h2>Die Geschichte von Fit4Seasons Magnesium &amp; Taurin<\/h2>\n<p>Fit4Seasons wurde entwickelt, um qualitativ hochwertige, leicht zug\u00e4ngliche Nahrungserg\u00e4nzungsmittel f\u00fcr diejenigen anzubieten, die Wert auf ihre Gesundheit legen. Die Formel f\u00fcr Magnesium und Taurin ist das Ergebnis umfangreicher Forschungen \u00fcber die synergetischen Wirkungen dieser beiden Verbindungen. Die lebenswichtige Rolle von Magnesium f\u00fcr die menschliche Gesundheit ist seit jeher bekannt und geht auf die alten Zivilisationen zur\u00fcck, die eine mineralstoffreiche Ern\u00e4hrung sch\u00e4tzten. Taurin wurde im 19. Jahrhundert entdeckt und erlangte als essentielle aminos\u00e4ure\u00e4hnliche Verbindung, die die Energie- und Erholungsprozesse des K\u00f6rpers unterst\u00fctzt, gro\u00dfe Bedeutung.<\/p>\n<p>Fit4Seasons hat diese Elemente kombiniert, um ein modernes, vegan-freundliches Nahrungserg\u00e4nzungsmittel zu schaffen, das den Bed\u00fcrfnissen der gesundheitsbewussten Menschen von heute entspricht. Das Ergebnis ist ein Produkt, das Wissenschaft und Natur kombiniert, um greifbare gesundheitliche Vorteile zu liefern.<\/p>\n<h2>Wie verwendet man Fit4Seasons Magnesium &amp; Taurin?<\/h2>\n<p>Die Anwendung von Fit4Seasons Magnesium &amp; Taurin ist einfach. Nehmen Sie 1 bis 2 Tabletten t\u00e4glich w\u00e4hrend einer Mahlzeit mit Wasser ein. Dies gew\u00e4hrleistet eine optimale Aufnahme und hilft dem K\u00f6rper, die N\u00e4hrstoffe effektiv zu verwerten. Es wird empfohlen, die Tabletten in Ihre regelm\u00e4\u00dfige Routine einzubauen, um eine konstante Unterst\u00fctzung f\u00fcr Ihre Muskeln, Knochen und geistige Klarheit zu erhalten.<\/p>\n<p>F\u00fcr Sportler oder Personen mit erh\u00f6hten k\u00f6rperlichen oder geistigen Anforderungen kann das Erg\u00e4nzungsmittel eine zuverl\u00e4ssige Erg\u00e4nzung zu einer ausgewogenen Ern\u00e4hrung sein, die die Regeneration f\u00f6rdert und M\u00fcdigkeit verringert. Denken Sie daran, dass Nahrungserg\u00e4nzungsmittel am wirksamsten sind, wenn sie mit einem gesunden Lebensstil, einschlie\u00dflich richtiger Ern\u00e4hrung und Bewegung, kombiniert werden.<\/p>\n<h2>Inhaltsstoffe von Fit4Seasons Magnesium &amp; Taurin<\/h2>\n<p>Jede Fit4Seasons Magnesium &amp; Taurin-Tablette wird aus hochwertigen Inhaltsstoffen hergestellt, um ihren Nutzen zu maximieren. Zu den aktiven Bestandteilen geh\u00f6ren 200 mg Magnesium, das Muskeln, Knochen und das Nervensystem unterst\u00fctzt, und 100 mg Taurin, das f\u00fcr seine Rolle bei der Energieproduktion und geistigen Konzentration bekannt ist.<\/p>\n<p>Die Formel wird durch Hilfsstoffe wie mikrokristalline Cellulose, Maltodextrin und Hydroxypropylmethylcellulose erg\u00e4nzt, die daf\u00fcr sorgen, dass die Tabletten leicht zu konsumieren sind und gut aufgenommen werden. Das \u00dcberzugspulver sorgt f\u00fcr eine glatte Oberfl\u00e4che, so dass die Tabletten bequem t\u00e4glich eingenommen werden k\u00f6nnen.<\/p>\n<p>Durch die Konzentration auf wesentliche N\u00e4hrstoffe und den Verzicht auf unn\u00f6tige Zusatzstoffe liefert Fit4Seasons ein sauberes, veganes Produkt.<\/p>\n<p><strong>Vorteile von Fit4Seasons Magnesium &amp; Taurin:<\/strong><\/p>\n<p>- Geeignet f\u00fcr viele Arten von Benutzern. Von Sportlern bis hin zu \u00e4lteren Menschen.<br \/>\n-\u00a0<strong>Muskeln:<\/strong>\u00a0Magnesium ist gut f\u00fcr die Muskeln.<br \/>\n-\u00a0<strong>Die Knochen:<\/strong>\u00a0Magnesium ist gut f\u00fcr das Skelett und spielt eine Rolle bei der Knochenbildung.<br \/>\n-\u00a0<strong>Mund und Z\u00e4hne:<\/strong>\u00a0Magnesium ist wichtig f\u00fcr die Z\u00e4hne und tr\u00e4gt zur Festigkeit der Z\u00e4hne bei.<br \/>\n-\u00a0<strong>Nervensystem:<\/strong>\u00a0Magnesium spielt eine wichtige Rolle f\u00fcr das Funktionieren der Nerven.<br \/>\n-\u00a0<strong>Energie:<\/strong>\u00a0Magnesium hilft bei der Freisetzung von Energie aus der Nahrung.<br \/>\n-\u00a0<strong>Ged\u00e4chtnis:<\/strong>\u00a0Magnesium tr\u00e4gt zur geistigen Widerstandsf\u00e4higkeit und zu einem klaren Verstand bei.<\/p>\n<p>&nbsp;<\/p>\n<p><strong>Warnung:<\/strong><br \/>\nAu\u00dferhalb der Reichweite von Kindern aufbewahren. Konsultieren Sie Ihren Arzt vor dem Gebrauch, wenn Sie schwanger sind, stillen oder gesundheitliche Bedenken haben. Bei Raumtemperatur und an einem dunklen Ort aufbewahren. \u00dcberschreiten Sie nicht die empfohlene Dosierung.<\/p>","protected":false},"excerpt":{"rendered":"<p>Magnesium ist ein Mineral, das f\u00fcr den K\u00f6rper \u00e4u\u00dferst n\u00fctzlich ist. Die vielseitige Substanz kann unter anderem einen positiven Beitrag zu Muskeln, Knochen, Nervensystem und Geist leisten. Fit4Seasons Magnesium &amp; Taurin kann in verschiedenen Situationen wie k\u00f6rperlicher und geistiger Anstrengung n\u00fctzlich sein. Das Supplement ist vollst\u00e4ndig vegan und f\u00fcr viele Arten von Anwendern geeignet. Von Sportlern bis hin zu \u00e4lteren Menschen. Die Tabletten sind mit Taurin angereichert, das ein bedingt essentieller N\u00e4hrstoff ist.<\/p>","protected":false},"featured_media":126023,"template":"","meta":[],"product_brand":[],"product_cat":[598,297,522,475,533,487,486,480,482],"product_tag":[],"class_list":{"0":"post-50175","1":"product","2":"type-product","3":"status-publish","4":"has-post-thumbnail","6":"product_cat-fit4seasons","7":"product_cat-all-products","8":"product_cat-detox","9":"product_cat-healthshop","10":"product_cat-recovery","11":"product_cat-sport","12":"product_cat-superfoods","13":"product_cat-supplements","14":"product_cat-vitamins","16":"first","17":"instock","18":"taxable","19":"shipping-taxable","20":"purchasable","21":"product-type-variable","22":"has-default-attributes"},"_links":{"self":[{"href":"https:\/\/www.tatanka.nl\/de\/wp-json\/wp\/v2\/product\/50175","targetHints":{"allow":["GET"]}}],"collection":[{"href":"https:\/\/www.tatanka.nl\/de\/wp-json\/wp\/v2\/product"}],"about":[{"href":"https:\/\/www.tatanka.nl\/de\/wp-json\/wp\/v2\/types\/product"}],"wp:featuredmedia":[{"embeddable":true,"href":"https:\/\/www.tatanka.nl\/de\/wp-json\/wp\/v2\/media\/126023"}],"wp:attachment":[{"href":"https:\/\/www.tatanka.nl\/de\/wp-json\/wp\/v2\/media?parent=50175"}],"wp:term":[{"taxonomy":"product_brand","embeddable":true,"href":"https:\/\/www.tatanka.nl\/de\/wp-json\/wp\/v2\/product_brand?post=50175"},{"taxonomy":"product_cat","embeddable":true,"href":"https:\/\/www.tatanka.nl\/de\/wp-json\/wp\/v2\/product_cat?post=50175"},{"taxonomy":"product_tag","embeddable":true,"href":"https:\/\/www.tatanka.nl\/de\/wp-json\/wp\/v2\/product_tag?post=50175"}],"curies":[{"name":"wp","href":"https:\/\/api.w.org\/{rel}","templated":true}]}}