{"id":50194,"date":"2022-09-13T14:34:26","date_gmt":"2022-09-13T12:34:26","guid":{"rendered":"https:\/\/www.tatanka.nl\/?post_type=product&#038;p=50194"},"modified":"2025-10-31T10:01:46","modified_gmt":"2025-10-31T09:01:46","slug":"power-5-extract-capsules","status":"publish","type":"product","link":"https:\/\/www.tatanka.nl\/de\/power-5-extract-capsules\/","title":{"rendered":"Fantastic 5 extract Capsules"},"content":{"rendered":"<h2 dir=\"ltr\" data-pm-slice=\"1 1 []\">Was sind Fantastic 5 und Capsules?<\/h2>\n<p dir=\"ltr\">Fantastic 5 Kapseln von McMyco vereinen die Kraft von f\u00fcnf au\u00dfergew\u00f6hnlichen Heilpilzen: Reishi, Cordyceps Sinensis, Lion\u2019s Mane, Chaga, und Maitake. Diese einzigartige Mischung nutzt eine jahrhundertealte Weisheit, um das moderne Wohlbefinden zu unterst\u00fctzen, und liefert ein nat\u00fcrliches Nahrungserg\u00e4nzungsmittel, das Vitalit\u00e4t und Gleichgewicht f\u00f6rdert. Jede Kapsel enth\u00e4lt 80 mg organischen Extrakt aus jedem Pilz, angereichert mit 15 mg Vitamin C zur Bek\u00e4mpfung von M\u00fcdigkeit und 2 mg Zink zur St\u00e4rkung des Immunsystems. Diese Pilze sind f\u00fcr ihre immununterst\u00fctzenden, energie- und kognitionsf\u00f6rdernden Eigenschaften bekannt und wirken synergetisch, um die allgemeine Gesundheit zu verbessern. Von den antioxidativen F\u00e4higkeiten des Chaga bis zu den das Gehirn unterst\u00fctzenden N\u00e4hrstoffen des Lion\u2019s Mane bieten die Fantastic 5-Kapseln einen umfassenden Ansatz f\u00fcr das Wohlbefinden. Diese vegane Formel ist ideal f\u00fcr alle, die eine pflanzliche L\u00f6sung suchen. Sie ist frei von k\u00fcnstlichen Zusatzstoffen und garantiert Reinheit und Wirksamkeit. Ganz gleich, ob Sie Ihre Konzentrationsf\u00e4higkeit verbessern, Ihr Immunsystem unterst\u00fctzen oder Ihr Energieniveau aufrechterhalten m\u00f6chten, Fantastic 5-Kapseln bieten eine bequeme M\u00f6glichkeit, die Vorteile von Heilpilzen in Ihr t\u00e4gliches Leben zu integrieren und sowohl K\u00f6rper als auch Geist mit den besten Inhaltsstoffen der Natur zu unterst\u00fctzen.<\/p>\n<h2 dir=\"ltr\">Geschichte von Fantastic 5 Capsules<\/h2>\n<p dir=\"ltr\">Das Erbe der Fantastic 5-Kapseln ist in der uralten Verwendung von Heilpilzen in verschiedenen Kulturen verwurzelt. Der Reishi, in China als \"Pilz der Unsterblichkeit\" bekannt, wird seit \u00fcber 2.000 Jahren zur F\u00f6rderung der Langlebigkeit verwendet. Der Cordyceps Sinensis, der als \"Gold des Himalaya\" gepriesen wird, wurde historisch f\u00fcr seine Ausdauer in hochgelegenen Regionen gesch\u00e4tzt. Lion\u2019s Mane, das als \"nat\u00fcrlicher N\u00e4hrstoff f\u00fcr Neuronen\" verehrt wird, wird in asiatischen Traditionen seit langem zur Unterst\u00fctzung der kognitiven Gesundheit verwendet. Chaga, das so genannte \"schwarze Gold\", gedeiht in kalten Klimazonen und wurde in Sibirien und Nordeuropa wegen seiner antioxidativen Eigenschaften gesch\u00e4tzt. Maitake, Japans \"K\u00f6nig der Mushrooms\", ist seit \u00fcber 3.000 Jahren ein Grundnahrungsmittel und wird f\u00fcr sein n\u00e4hrstoffreiches Profil gesch\u00e4tzt. Diese Pilze, die einst Heilern und K\u00f6nigen vorbehalten waren, werden nun in den McMyco-Kapseln Fantastic 5 kombiniert und verbinden so Tradition mit moderner Wissenschaft. Durch den Einsatz fortschrittlicher Extraktionstechniken stellt McMyco sicher, dass jede Kapsel das gesamte Spektrum bioaktiver Verbindungen enth\u00e4lt. Damit wird die historische Bedeutung dieser Pilze gew\u00fcrdigt und ihre Vorteile f\u00fcr den gesundheitsbewussten Menschen von heute zug\u00e4nglich gemacht, der nach nat\u00fcrlicher, ganzheitlicher Unterst\u00fctzung sucht.<\/p>\n<h2 dir=\"ltr\">Verwendung von Fantastic 5 Capsules<\/h2>\n<p dir=\"ltr\">Die Einnahme der Fantastic 5-Kapseln ist einfach und l\u00e4sst sich nahtlos in den Tagesablauf integrieren. Die empfohlene Dosierung ist eine Kapsel, die zweimal t\u00e4glich mit Wasser w\u00e4hrend der Mahlzeiten eingenommen wird, um eine optimale Aufnahme der Pilzextrakte und zus\u00e4tzlichen N\u00e4hrstoffe wie Vitamin C und Zink zu gew\u00e4hrleisten. Dieses Schema unterst\u00fctzt die gleichbleibenden Vorteile, wie erh\u00f6hte Energie, verbesserte Konzentration und Unterst\u00fctzung des Immunsystems. Die besten Ergebnisse erzielen Sie, wenn Sie die Fantastic 5-Kapseln regelm\u00e4\u00dfig als Teil einer ausgewogenen Lebensweise einnehmen. Sie k\u00f6nnen mit anderen McMyco-Pilzpr\u00e4paraten kombiniert werden, um Ihr Wellness-Programm anzupassen. Die Kapseln sind vegan, leicht zu schlucken und ideal f\u00fcr vielbesch\u00e4ftigte Menschen, egal ob Sie sich auf einen anstrengenden Tag vorbereiten oder Ihre Gesundheit langfristig unterst\u00fctzen wollen. Wenn Sie noch keine Erfahrung mit Heilpilzen haben, beginnen Sie mit einer Kapsel t\u00e4glich, um die Reaktion Ihres K\u00f6rpers zu testen, bevor Sie die volle Dosis einnehmen. Wenden Sie sich immer an Ihren Arzt, wenn Sie gesundheitliche Bedenken haben oder Medikamente einnehmen, um eine sichere Anwendung zu gew\u00e4hrleisten. Mit den Fantastic 5-Kapseln k\u00f6nnen Sie m\u00fchelos die Kraft der am meisten verehrten Pilze der Natur nutzen, um Ihre Vitalit\u00e4t zu steigern und das Gleichgewicht in Ihrem Alltag zu erhalten.<\/p>\n<h2 dir=\"ltr\">Inhaltsstoffe von Fantastic 5 Capsules<\/h2>\n<p dir=\"ltr\">Jede Fantastic 5-Kapsel enth\u00e4lt eine ausgewogene Mischung von 80 mg Bio-Extrakten aus f\u00fcnf Heilpilzen: Reishi (Ganoderma Lucidum), Cordyceps Sinensis, Lion\u2019s Mane (Hericium Erinaceus), Chaga (Inonotus Obliquus), und Maitake (Grifola Frondosa). Diese Extrakte sind reich an bioaktiven Verbindungen wie Beta-Glucanen und Polysacchariden, die das Immunsystem, die Energie und die kognitiven Funktionen unterst\u00fctzen. Reishi f\u00f6rdert die Entspannung, Cordyceps verbessert die Ausdauer, Lion\u2019s Mane unterst\u00fctzt die Gesundheit des Gehirns, Chaga liefert Antioxidantien und Maitake liefert n\u00e4hrstoffreiche Vorteile. Die Formel ist angereichert mit 15 mg Vitamin C zur Verringerung von M\u00fcdigkeit und 2 mg Zink zur St\u00e4rkung der Immunit\u00e4t. Magnesiumcitrat und Siliziumdioxid sind als Hilfsstoffe enthalten, um die Produktstabilit\u00e4t ohne Qualit\u00e4tseinbu\u00dfen zu gew\u00e4hrleisten. McMyco's Fantastic 5 Kapseln sind 100% vegan, frei von k\u00fcnstlichen Zusatzstoffen und werden so hergestellt, dass sie die reinsten und wirksamsten Pilzextrakte liefern. Diese sorgf\u00e4ltig kuratierte Mischung spiegelt ein Engagement f\u00fcr nat\u00fcrliches Wohlbefinden wider und bietet ein kraftvolles, pflanzliches Nahrungserg\u00e4nzungsmittel, das eine breite Palette von gesundheitlichen Vorteilen unterst\u00fctzt und somit eine ideale Wahl f\u00fcr alle ist, die ihre Vitalit\u00e4t und Belastbarkeit auf nat\u00fcrliche Weise steigern m\u00f6chten.<\/p>\n<p dir=\"ltr\"><strong>Warnung<\/strong><br \/>\nFantastic 5 von McMyco ist ein Nahrungserg\u00e4nzungsmittel und sollte als solches verwendet werden. Die empfohlene Tagesdosis von zwei Kapseln darf nicht \u00fcberschritten werden. Au\u00dferhalb der Reichweite von Kindern aufbewahren. Konsultieren Sie vor der Einnahme Ihren Arzt, wenn Sie schwanger sind, stillen oder gesundheitliche Bedenken haben. An einem k\u00fchlen, dunklen und trockenen Ort aufbewahren, um die Wirksamkeit zu erhalten.<\/p>","protected":false},"excerpt":{"rendered":"<p dir=\"ltr\" data-pm-slice=\"1 1 []\">Steigern Sie Ihr Wohlbefinden mit McMyco Fantastic 5 Kapseln, einer wirksamen Mischung aus f\u00fcnf Heilpilzen - Reishi, Cordyceps, Lion\u2019s Mane, Chaga und Maitake. Angereichert mit Vitamin C und Zink, unterst\u00fctzen diese 120 veganen Kapseln Immunit\u00e4t, Energie und kognitive Gesundheit und bieten einen nat\u00fcrlichen Schub f\u00fcr Ihren Alltag.<\/p>","protected":false},"featured_media":134874,"template":"","meta":[],"product_brand":[],"product_cat":[596,297,512,475,521,523,533,515,476,487,486],"product_tag":[662],"class_list":{"0":"post-50194","1":"product","2":"type-product","3":"status-publish","4":"has-post-thumbnail","6":"product_cat-mcmyco","7":"product_cat-all-products","8":"product_cat-extracts","9":"product_cat-healthshop","10":"product_cat-medicinal-mushrooms","11":"product_cat-medicinal-mushrooms-supplements","12":"product_cat-recovery","13":"product_cat-shroomshop","14":"product_cat-smartshop","15":"product_cat-sport","16":"product_cat-superfoods","17":"product_tag-shrdeal","18":"product_shipping_class-creditcard-on","20":"first","21":"instock","22":"taxable","23":"shipping-taxable","24":"purchasable","25":"product-type-variable","26":"has-default-attributes"},"_links":{"self":[{"href":"https:\/\/www.tatanka.nl\/de\/wp-json\/wp\/v2\/product\/50194","targetHints":{"allow":["GET"]}}],"collection":[{"href":"https:\/\/www.tatanka.nl\/de\/wp-json\/wp\/v2\/product"}],"about":[{"href":"https:\/\/www.tatanka.nl\/de\/wp-json\/wp\/v2\/types\/product"}],"wp:featuredmedia":[{"embeddable":true,"href":"https:\/\/www.tatanka.nl\/de\/wp-json\/wp\/v2\/media\/134874"}],"wp:attachment":[{"href":"https:\/\/www.tatanka.nl\/de\/wp-json\/wp\/v2\/media?parent=50194"}],"wp:term":[{"taxonomy":"product_brand","embeddable":true,"href":"https:\/\/www.tatanka.nl\/de\/wp-json\/wp\/v2\/product_brand?post=50194"},{"taxonomy":"product_cat","embeddable":true,"href":"https:\/\/www.tatanka.nl\/de\/wp-json\/wp\/v2\/product_cat?post=50194"},{"taxonomy":"product_tag","embeddable":true,"href":"https:\/\/www.tatanka.nl\/de\/wp-json\/wp\/v2\/product_tag?post=50194"}],"curies":[{"name":"wp","href":"https:\/\/api.w.org\/{rel}","templated":true}]}}