{"id":8462,"date":"2016-12-30T12:56:37","date_gmt":"2016-12-30T10:56:37","guid":{"rendered":"http:\/\/www.tatanka.nl\/?post_type=product&#038;p=8462"},"modified":"2025-10-16T07:57:35","modified_gmt":"2025-10-16T06:57:35","slug":"colombian-mushroom-spore-10-ml","status":"publish","type":"product","link":"https:\/\/www.tatanka.nl\/de\/colombian-mushroom-spore-10-ml\/","title":{"rendered":"Colombian Pilzspore"},"content":{"rendered":"<h2 dir=\"ltr\" data-pm-slice=\"1 1 []\">Was sind Colombian Magic Mushroom Spores?<\/h2>\n<p dir=\"ltr\">Colombian Magic Mushroom Spores sind eine Premium-Sorte von Psilocybe Cubensis, die f\u00fcr ihre Potenz und ihr unverwechselbares Aussehen bekannt ist. Diese aus Kolumbien stammenden Sporen produzieren Pilze mit einer gelb-blassbraunen Kappe, die oft als \"Colombian Rust\" bezeichnet wird. Im Gegensatz zu schw\u00e4cheren Sorten wie Mexican oder Thai bietet diese Sorte eine intensivere psychedelische Erfahrung, was sie zu einem Favoriten unter erfahrenen Konsumenten macht. Die Sporen werden in einer Kulturampulle geliefert, einer sterilen, gebrauchsfertigen L\u00f6sung f\u00fcr die Beimpfung von Substraten. Diese Methode verringert das Kontaminationsrisiko im Vergleich zu herk\u00f6mmlichen Sporenabdr\u00fccken oder Spritzen und gew\u00e4hrleistet eine h\u00f6here Erfolgsquote f\u00fcr die Anbauer. Jede Ampulle enth\u00e4lt 5 ML 100% Myzel, Vermiculite und Perlite, die unter streng sterilen Bedingungen hergestellt wurden. Die Colombian Magic Mushroom Spores sind ideal f\u00fcr alle, die eine zuverl\u00e4ssige und potente Anbauerfahrung suchen und bieten ein Tor zu einem tiefgreifenden und einzigartigen Trip. Ob Sie nun ein erfahrener Z\u00fcchter oder ein neugieriger Enthusiast sind, dieses Produkt verspricht bei sorgf\u00e4ltiger Handhabung best\u00e4ndige Ergebnisse. Lagern Sie sie in einer dunklen, gek\u00fchlten Umgebung (2-8\u00b0C), um ihre Lebensdauer zu maximieren und ihre Qualit\u00e4t f\u00fcr eine optimale Nutzung zu erhalten.<\/p>\n<h2 dir=\"ltr\">Geschichte von Colombian Magic Mushroom Spores<\/h2>\n<p dir=\"ltr\">Die Geschichte von Colombian Magic Mushroom Spores reicht zur\u00fcck bis in die \u00fcppigen Regionen Kolumbiens, wo indigene Gemeinschaften seit langem Psilocybin-Pilze wegen ihrer spirituellen und medizinischen Eigenschaften verehren. Diese in der Wildnis entdeckte Cubensis-Sorte zeichnete sich durch ihr robustes Wachstum und ihre starke Wirkung aus und erhielt aufgrund ihrer charakteristischen Kappenfarbe den Spitznamen \"Colombian Rust\". Im Gegensatz zu schneller wachsenden Sorten ben\u00f6tigen diese Sporen eine l\u00e4ngere Anbauphase, aber ihre St\u00e4rke hat sie weltweit zu einer begehrten Wahl gemacht. In der modernen \u00c4ra f\u00fchrten Fortschritte in der Mykologie zur Entwicklung der Kulturampulle, die die Art und Weise, wie diese Sporen kultiviert werden, revolutionierte. Diese Innovation minimierte das Kontaminationsrisiko und machte die Colombian Magic Mushroom Spores f\u00fcr den Heimanbau zug\u00e4nglich. Ihre steigende Popularit\u00e4t ist auf ihre Zuverl\u00e4ssigkeit und die intensiven, lebendigen Erfahrungen zur\u00fcckzuf\u00fchren, die sie bieten. Heute sind sie nach wie vor ein Eckpfeiler der psychedelischen Gemeinschaft und werden f\u00fcr ihr reiches Erbe und ihre best\u00e4ndige Leistung gefeiert. Die richtige Lagerung unter k\u00fchlen, dunklen Bedingungen gew\u00e4hrleistet ihre Langlebigkeit und bewahrt ihre historische Bedeutung und Potenz f\u00fcr zuk\u00fcnftige Generationen von Z\u00fcchtern und Entdeckern, die eine tiefere Verbindung zu dieser bemerkenswerten Sorte suchen.<\/p>\n<h2 dir=\"ltr\">Wie man Colombian Magic Mushroom Spores verwendet<\/h2>\n<p dir=\"ltr\">Die Verwendung von Colombian Magic Mushroom Spores ist mit der Kulturampulle, die auf Einfachheit und Sterilit\u00e4t ausgelegt ist, ganz einfach. Waschen Sie sich zun\u00e4chst gr\u00fcndlich die H\u00e4nde und reinigen Sie das \u00c4u\u00dfere der Ampulle mit einem sterilen Alkoholtupfer, um Bakterien zu entfernen. \u00d6ffnen Sie dann die sterile Spritzenverpackung in einer sauberen Umgebung, um eine Kontamination zu vermeiden. L\u00f6sen Sie die Kappe der Ampulle leicht, um ein Vakuum zu vermeiden, und f\u00fchren Sie dann die Nadel durch die Gummidichtung, um die Spritze mit der Kultur zu f\u00fcllen. Nach dem Bef\u00fcllen ist die Spritze bereit f\u00fcr die Beimpfung des gew\u00e4hlten Substrats. Spritzen Sie die Kultur in das Substrat und lagern Sie es bei Raumtemperatur. Innerhalb weniger Tage wird sich Myzel bilden, was auf eine erfolgreiche Beimpfung hindeutet. Wenn dieses Verfahren sorgf\u00e4ltig durchgef\u00fchrt wird, ist die Erfolgsquote im Vergleich zu herk\u00f6mmlichen Methoden hoch. Arbeiten Sie stets in einem sauberen Raum, um die Sterilit\u00e4t zu erhalten und die Ergebnisse zu maximieren. \u00dcberwachen Sie nach der Beimpfung das Substrat auf eine gleichm\u00e4\u00dfige Myzelentwicklung, die der Schl\u00fcssel zur Kultivierung potenter Pilze ist. Colombian Magic Mushroom Spores gedeihen bei richtiger Pflege und bieten eine lohnende Anbauerfahrung f\u00fcr diejenigen, die auf ihrer psychedelischen Reise auf Pr\u00e4zision und Geduld setzen.<\/p>\n<h2 dir=\"ltr\">Inhaltsstoffe von Colombian Magic Mushroom Spores<\/h2>\n<p dir=\"ltr\">Colombian Magic Mushroom Spores werden mit einer pr\u00e4zisen Mischung hergestellt, um einen optimalen Anbau zu gew\u00e4hrleisten. Jede 5 ML Kulturampulle enth\u00e4lt 100% Myzel, das aktive Pilznetzwerk, das f\u00fcr das Pilzwachstum unerl\u00e4sslich ist. Dazu kommen Vermiculit, ein Mineral, das Feuchtigkeit speichert und die Ausbreitung des Myzels unterst\u00fctzt, und Perlit, das die Bel\u00fcftung verbessert und die Verdichtung des Substrats verhindert. Diese Komponenten werden unter sterilen Bedingungen hergestellt, um Kontaminationsrisiken auszuschlie\u00dfen und sicherzustellen, dass die Sporen f\u00fcr die Inokulation lebensf\u00e4hig bleiben. Im Gegensatz zu Sporenabdr\u00fccken oder Spritzen liefert das Design der Ampulle eine gebrauchsfertige Kultur, was den Prozess f\u00fcr die Z\u00fcchter vereinfacht. Das Myzel ist das Herzst\u00fcck des Produkts und sorgt f\u00fcr die starke Wirkung dieser Cubensis-Sorte. Vermiculite und Perlite schaffen ein ideales Umfeld f\u00fcr ein best\u00e4ndiges Wachstum, so dass dieses Produkt sowohl f\u00fcr Anf\u00e4nger als auch f\u00fcr erfahrene Z\u00fcchter zuverl\u00e4ssig ist. Um die Qualit\u00e4t zu erhalten, sollte die Ampulle in einer gek\u00fchlten, dunklen Umgebung (2-8\u00b0C) gelagert werden. Diese Kombination aus nat\u00fcrlichen und kontrollierten Elementen stellt sicher, dass Colombian Magic Mushroom Spores eine qualitativ hochwertige Kultivierungserfahrung bietet und Pilze hervorbringt, die f\u00fcr ihre St\u00e4rke und einzigartigen psychedelischen Eigenschaften bekannt sind.<\/p>\n<p dir=\"ltr\"><strong>Warnung<\/strong><\/p>\n<p dir=\"ltr\">Bewahren Sie Colombian Magic Mushroom Spores au\u00dferhalb der Reichweite von Kindern auf und verwenden Sie es in einer sicheren, kontrollierten Umgebung, idealerweise in Anwesenheit einer vertrauten Person. Nicht verwenden, wenn Sie schwanger sind oder stillen, da die Auswirkungen unvorhersehbar sein k\u00f6nnen. Dieses Produkt beeintr\u00e4chtigt Ihre F\u00e4higkeit, Auto zu fahren oder Maschinen zu bedienen. Vermeiden Sie die Kombination mit Alkohol, Drogen oder Medikamenten, da Wechselwirkungen die Risiken verst\u00e4rken k\u00f6nnen. Nicht empfohlen f\u00fcr Personen unter 18 Jahren. Achten Sie bei der Einnahme immer auf Sicherheit und Verantwortung.<\/p>","protected":false},"excerpt":{"rendered":"<p dir=\"auto\">Colombian Magic Mushroom Spores bieten eine starke und einzigartige psychedelische Erfahrung. Diese aus Kolumbien stammende Cubensis-Sorte, die wegen ihrer gelb-blassbraunen Kappe als \"Colombian Rust\" bekannt ist, liefert einen st\u00e4rkeren Trip als viele andere Sorten. Perfekt f\u00fcr Enthusiasten, die einen zuverl\u00e4ssigen Anbauprozess mit der Culture Ampoule f\u00fcr eine einfache Substratinokulation suchen.<\/p>","protected":false},"featured_media":13593,"template":"","meta":[],"product_brand":[],"product_cat":[540,297,595,513,515,476],"product_tag":[662],"class_list":{"0":"post-8462","1":"product","2":"type-product","3":"status-publish","4":"has-post-thumbnail","6":"product_cat-magic-mushroom-spore-syringes","7":"product_cat-all-products","8":"product_cat-mcsmart","9":"product_cat-party","10":"product_cat-shroomshop","11":"product_cat-smartshop","12":"product_tag-shrdeal","13":"product_shipping_class-creditcard-off","15":"first","16":"instock","17":"taxable","18":"shipping-taxable","19":"purchasable","20":"product-type-variable","21":"has-default-attributes"},"_links":{"self":[{"href":"https:\/\/www.tatanka.nl\/de\/wp-json\/wp\/v2\/product\/8462","targetHints":{"allow":["GET"]}}],"collection":[{"href":"https:\/\/www.tatanka.nl\/de\/wp-json\/wp\/v2\/product"}],"about":[{"href":"https:\/\/www.tatanka.nl\/de\/wp-json\/wp\/v2\/types\/product"}],"wp:featuredmedia":[{"embeddable":true,"href":"https:\/\/www.tatanka.nl\/de\/wp-json\/wp\/v2\/media\/13593"}],"wp:attachment":[{"href":"https:\/\/www.tatanka.nl\/de\/wp-json\/wp\/v2\/media?parent=8462"}],"wp:term":[{"taxonomy":"product_brand","embeddable":true,"href":"https:\/\/www.tatanka.nl\/de\/wp-json\/wp\/v2\/product_brand?post=8462"},{"taxonomy":"product_cat","embeddable":true,"href":"https:\/\/www.tatanka.nl\/de\/wp-json\/wp\/v2\/product_cat?post=8462"},{"taxonomy":"product_tag","embeddable":true,"href":"https:\/\/www.tatanka.nl\/de\/wp-json\/wp\/v2\/product_tag?post=8462"}],"curies":[{"name":"wp","href":"https:\/\/api.w.org\/{rel}","templated":true}]}}