{"id":8468,"date":"2016-12-30T13:06:03","date_gmt":"2016-12-30T11:06:03","guid":{"rendered":"http:\/\/www.tatanka.nl\/?post_type=product&#038;p=8468"},"modified":"2025-10-16T07:57:35","modified_gmt":"2025-10-16T06:57:35","slug":"ecuadorian-mushroom-spore-10-ml","status":"publish","type":"product","link":"https:\/\/www.tatanka.nl\/de\/ecuadorian-mushroom-spore-10-ml\/","title":{"rendered":"Ecuadorian Pilzspore"},"content":{"rendered":"<h2>Was sind Ecuadorian Magic Mushroom Spores?<\/h2>\n<p>Ecuadorian Magic Mushroom Spores sind eine beliebte Sorte von Psilocybe cubensis, die f\u00fcr ihre Widerstandsf\u00e4higkeit und einfache Kultivierung gesch\u00e4tzt wird. Urspr\u00fcnglich stammt diese Sorte aus den zerkl\u00fcfteten Anden und gedeiht auch in schwierigen Umgebungen, was sie ideal f\u00fcr Anbauanf\u00e4nger macht. Im Gegensatz zu herk\u00f6mmlichen Sporenabdr\u00fccken oder Spritzen enth\u00e4lt die Kulturampulle eine gebrauchsfertige Kultur, wodurch das Kontaminationsrisiko minimiert und der Anbauprozess vereinfacht wird. Die Sporen produzieren ein robustes Myzel, das innerhalb weniger Tage nach der Inokulation sichtbar wird und eine lohnende Anbauerfahrung verspricht. Diese Sporen sind perfekt f\u00fcr alle, die eine zuverl\u00e4ssige und einzigartige psychedelische Reise suchen und mit minimalem Aufwand konsistente Ergebnisse erzielen wollen. Bei ordnungsgem\u00e4\u00dfer Lagerung bleiben sie \u00fcber einen l\u00e4ngeren Zeitraum lebensf\u00e4hig und gew\u00e4hrleisten Qualit\u00e4t und Leistung. Mit einer Zusammensetzung aus 100%-Myzel, Vermiculite und Perlite ist die 5 ML-Kulturampulle auf Effizienz und Erfolg ausgelegt und richtet sich an Enthusiasten, die sowohl Einfachheit als auch Potenz bei ihren Kultivierungsbem\u00fchungen sch\u00e4tzen. Egal, ob Du neu in der Mykologie oder ein erfahrener Z\u00fcchter bist, diese Sorte bietet einen einfachen Einstieg in die faszinierende Welt der Magic Mushrooms und sorgt f\u00fcr eine unvergessliche und lebendige Erfahrung.<\/p>\n<h2>Geschichte von Ecuadorian Magic Mushroom Spores<\/h2>\n<p>Die Geschichte der Ecuadorian Magic Mushroom Spores geht zur\u00fcck auf die hochgelegenen Regionen der Anden in Ecuador, wo indigene Gemeinschaften seit langem psychedelische Pilze f\u00fcr spirituelle und kulturelle Praktiken verehren. Diese Sorte von Psilocybe cubensis wurde in der Neuzeit von Mykologen entdeckt, die s\u00fcdamerikanische Pilze erforschten, und erlangte aufgrund ihrer Anpassungsf\u00e4higkeit und ihres nachsichtigen Wesens Ber\u00fchmtheit. Ihre F\u00e4higkeit, unter den verschiedensten Bedingungen zu wachsen, vom Gebirgsklima bis hin zu kontrollierten Innenr\u00e4umen, machte sie zu einem Favoriten unter Z\u00fcchtern weltweit. Die Entwicklung der Kulturampulle stellte einen bedeutenden Fortschritt dar, da sie eine sterile, benutzerfreundliche Alternative zu herk\u00f6mmlichen Sporenverabreichungsmethoden bot. Diese Innovation reduzierte das Kontaminationsrisiko und machte die Sorte sowohl f\u00fcr Anf\u00e4nger als auch f\u00fcr erfahrene Z\u00fcchter interessant. Im Laufe der Zeit hat sich der Ruf der Sorte, ein starkes, visuell auff\u00e4lliges Myzel zu produzieren, in der weltweiten Mykologie-Gemeinschaft gefestigt. Ihre anhaltende Popularit\u00e4t spiegelt eine Mischung aus historischer Ehrfurcht und modernen Anbautechniken wider, die eine Br\u00fccke zwischen alten Traditionen und der zeitgen\u00f6ssischen psychedelischen Erforschung schl\u00e4gt. Heute sind diese Sporen nach wie vor ein Symbol f\u00fcr Widerstandsf\u00e4higkeit und Zug\u00e4nglichkeit, das die Nutzer einl\u00e4dt, sich mit einem reichen Erbe zu verbinden und gleichzeitig die Wunder der Mykologie auf sichere und kontrollierte Weise zu erkunden.<\/p>\n<h2>Wie man Ecuadorian Magic Mushroom Spores verwendet<\/h2>\n<p>Die Verwendung von Ecuadorian Magic Mushroom Spores ist dank des innovativen Designs der Kulturampulle ganz einfach. Waschen Sie sich zun\u00e4chst gr\u00fcndlich die H\u00e4nde und reinigen Sie das \u00c4u\u00dfere der Ampulle mit einem sterilen Alkoholtupfer, um Bakterien zu entfernen. \u00d6ffnen Sie dann vorsichtig die sterile Spritzenverpackung in einer sauberen Umgebung, um eine Kontamination zu vermeiden. L\u00f6sen Sie den Ampullendeckel leicht, um ein Vakuum zu vermeiden, und f\u00fchren Sie dann die Spritzennadel durch die Gummidichtung ein, um die 5-ML-Kultur aufzuziehen. Nach der Bef\u00fcllung ist die Spritze bereit, das gew\u00e4hlte Substrat zu beimpfen. Tragen Sie die Kultur auf das Substrat auf und halten Sie es bei Raumtemperatur, damit sich das Myzel innerhalb weniger Tage entwickeln kann. Das Verfahren ist so einfach gestaltet, dass auch Anf\u00e4nger mit minimalem Risiko ein erfolgreiches Wachstum erzielen k\u00f6nnen. Lagern Sie unbenutzte Sporen in einer dunklen, gek\u00fchlten Umgebung (2-8\u00b0C), um ihre Lebensdauer zu verl\u00e4ngern. Arbeiten Sie stets in einem sauberen Raum, um die Sterilit\u00e4t aufrechtzuerhalten, und befolgen Sie jeden Schritt genau, um optimale Ergebnisse zu erzielen. Diese Methode bietet eine zuverl\u00e4ssige M\u00f6glichkeit, lebendiges Myzel zu kultivieren und den Anwendern ein einzigartiges Erlebnis zu bieten. Bei richtiger Pflege ist der Prozess sowohl lohnend als auch effizient, was ihn zu einer ausgezeichneten Wahl f\u00fcr diejenigen macht, die die Mykologie zu Hause erforschen m\u00f6chten.<\/p>\n<h2>Inhaltsstoffe von Ecuadorian Magic Mushroom Spores<\/h2>\n<p>Die Zusammensetzung von Ecuadorian Magic Mushroom Spores wurde sorgf\u00e4ltig f\u00fcr optimales Wachstum und einfache Anwendung entwickelt. Jede 5 ML Kulturampulle enth\u00e4lt 100% Myzel, das aktive Pilznetzwerk, das die Entwicklung des Pilzes vorantreibt und eine robuste und schnelle Besiedlung des Substrats gew\u00e4hrleistet. Vermiculite, ein Mineral, das f\u00fcr seine feuchtigkeitsspeichernden Eigenschaften bekannt ist, ist enthalten, um ein ideales Umfeld f\u00fcr das Wachstum des Myzels zu schaffen, die Hydratation aufrechtzuerhalten und eine gesunde Entwicklung zu unterst\u00fctzen. Perlit, ein weiterer Hauptbestandteil, verbessert die Bel\u00fcftung und Drainage, verhindert die Verdichtung des Substrats und f\u00f6rdert die starke Ausbreitung des Myzels. Diese Kombination aus Myzel, Vermiculit und Perlit wird unter sterilen Bedingungen hergestellt, um Verunreinigungen zu vermeiden und ein hochwertiges Produkt zu gew\u00e4hrleisten. Der Verzicht auf zus\u00e4tzliche Chemikalien oder Zusatzstoffe gew\u00e4hrleistet einen reinen und nat\u00fcrlichen Anbauprozess und entspricht damit den Vorlieben von Mykologie-Liebhabern, die Wert auf Authentizit\u00e4t legen. Die auf Effizienz ausgelegten Inhaltsstoffe wirken synergetisch, um den Anbau zu vereinfachen und gleichzeitig das Potenzial der Sorte zu maximieren. Das Ergebnis ist ein zuverl\u00e4ssiges, anf\u00e4ngerfreundliches Produkt, das best\u00e4ndige Ergebnisse liefert und somit eine vertrauensw\u00fcrdige Wahl f\u00fcr alle ist, die ihre eigenen Magic Mushrooms mit Vertrauen und Erfolg anbauen wollen.<\/p>\n<p><strong>Warnung<\/strong><br \/>\nBewahren Sie Ecuadorian Magic Mushroom Spores au\u00dferhalb der Reichweite von Kindern auf. Verwenden Sie dieses Produkt in einer sicheren Umgebung in Innenr\u00e4umen mit einer vertrauensw\u00fcrdigen Begleitperson, die Sie bei Ihrem Erlebnis unterst\u00fctzt. Verwenden Sie es nicht, wenn Sie schwanger sind oder stillen, da es gesundheitliche Risiken mit sich bringen kann. Dieses Produkt beeintr\u00e4chtigt Ihre Verkehrst\u00fcchtigkeit und die F\u00e4higkeit, Maschinen zu bedienen. Vermeiden Sie es, es mit Alkohol, Drogen oder Medikamenten zu kombinieren, da Wechselwirkungen die Wirkung verst\u00e4rken oder unerw\u00fcnschte Reaktionen hervorrufen k\u00f6nnen. Nicht empfohlen f\u00fcr Personen unter 18 Jahren.<\/p>","protected":false},"excerpt":{"rendered":"<p dir=\"auto\">Ecuadorian Magic Mushroom Spores bieten eine einzigartige und verzeihende Sorte f\u00fcr Anf\u00e4nger, die aus den hohen Bergen der Anden stammt. Mit einer Kulturampulle f\u00fcr eine einfache Substratinokulation sorgen diese Sporen f\u00fcr eine kontaminationsfreie Erfahrung und liefern einen au\u00dfergew\u00f6hnlichen Trip mit lebhaftem Myzelwachstum.<\/p>","protected":false},"featured_media":13582,"template":"","meta":[],"product_brand":[],"product_cat":[540,297,595,513,515,476],"product_tag":[662],"class_list":{"0":"post-8468","1":"product","2":"type-product","3":"status-publish","4":"has-post-thumbnail","6":"product_cat-magic-mushroom-spore-syringes","7":"product_cat-all-products","8":"product_cat-mcsmart","9":"product_cat-party","10":"product_cat-shroomshop","11":"product_cat-smartshop","12":"product_tag-shrdeal","13":"product_shipping_class-creditcard-off","15":"first","16":"instock","17":"taxable","18":"shipping-taxable","19":"purchasable","20":"product-type-variable","21":"has-default-attributes"},"_links":{"self":[{"href":"https:\/\/www.tatanka.nl\/de\/wp-json\/wp\/v2\/product\/8468","targetHints":{"allow":["GET"]}}],"collection":[{"href":"https:\/\/www.tatanka.nl\/de\/wp-json\/wp\/v2\/product"}],"about":[{"href":"https:\/\/www.tatanka.nl\/de\/wp-json\/wp\/v2\/types\/product"}],"wp:featuredmedia":[{"embeddable":true,"href":"https:\/\/www.tatanka.nl\/de\/wp-json\/wp\/v2\/media\/13582"}],"wp:attachment":[{"href":"https:\/\/www.tatanka.nl\/de\/wp-json\/wp\/v2\/media?parent=8468"}],"wp:term":[{"taxonomy":"product_brand","embeddable":true,"href":"https:\/\/www.tatanka.nl\/de\/wp-json\/wp\/v2\/product_brand?post=8468"},{"taxonomy":"product_cat","embeddable":true,"href":"https:\/\/www.tatanka.nl\/de\/wp-json\/wp\/v2\/product_cat?post=8468"},{"taxonomy":"product_tag","embeddable":true,"href":"https:\/\/www.tatanka.nl\/de\/wp-json\/wp\/v2\/product_tag?post=8468"}],"curies":[{"name":"wp","href":"https:\/\/api.w.org\/{rel}","templated":true}]}}