{"id":8517,"date":"2017-12-30T16:46:37","date_gmt":"2017-12-30T16:46:37","guid":{"rendered":"http:\/\/www.tatanka.nl\/?post_type=product&#038;p=8517"},"modified":"2025-10-16T07:58:43","modified_gmt":"2025-10-16T06:58:43","slug":"san-pedro-trichocereus-bridgesii-seeds","status":"publish","type":"product","link":"https:\/\/www.tatanka.nl\/de\/san-pedro-trichocereus-bridgesii-seeds\/","title":{"rendered":"San Pedro Bridgesii-Samen"},"content":{"rendered":"<h2 data-pm-slice=\"1 1 []\">Was ist Trichocereus Bridgesii?<\/h2>\n<p>Die <strong>Trichocereus Bridgesii - San Pedro Kaktus<\/strong> ist ein weniger bekanntes Mitglied der Gattung Trichocereus. Sie ist bekannt f\u00fcr ihre hohe, s\u00e4ulenartige Form und die charakteristischen Rillen und ist unter Sammlern eine begehrte Pflanze. Obwohl sie geringere Mengen an Meskalin enth\u00e4lt als andere Trichocereus-Arten, werden ihre Wirkungen dennoch wegen ihrer sensorischen Verst\u00e4rkung, einschlie\u00dflich lebhafter visueller Erfahrungen, gesch\u00e4tzt.<\/p>\n<p>Botanisch neu klassifiziert als <strong>Echinopsis Lageniformis<\/strong>Dieser Kaktus wird aufgrund seiner einzigartigen Form auch als \"Penispflanze\" bezeichnet. Trotz seines psychedelischen Rufs wird er als Zierpflanze sehr gesch\u00e4tzt. Viele Liebhaber kultivieren ihn nicht nur wegen seines \u00e4sthetischen Reizes, sondern auch wegen seiner kulturellen Bedeutung in der traditionellen Medizin.<\/p>\n<div><\/div>\n<h2>Geschichte von Trichocereus Bridgesii<\/h2>\n<p>Die Urspr\u00fcnge der <strong>Trichocereus Bridgesii - San Pedro Kaktus<\/strong> Die Urspr\u00fcnge des Kaktus gehen auf Bolivien zur\u00fcck, wo er seit langem f\u00fcr seine medizinischen und spirituellen Eigenschaften genutzt wird. Indigene Kulturen haben diesen Kaktus seit jeher in Rituale eingebunden und sch\u00e4tzen seine Wirkung sowohl f\u00fcr Heilzwecke als auch f\u00fcr die Introspektion.<\/p>\n<p>Der Name \"San Pedro\" bezieht sich auf den heiligen Petrus, den christlichen Heiligen, dem man die Schl\u00fcssel zum Himmel zuschreibt. Dies deutet auf den historischen Glauben hin, dass der Kaktus tiefe Erfahrungen oder Einsichten vermitteln kann. Im Laufe der Zeit erlangte der Kaktus weltweite Anerkennung, wobei verschiedene Kultivare durch Klonierungstechniken entwickelt wurden, um seine charakteristischen Wachstumsmuster zu erhalten.<\/p>\n<p>Auch nach der Neueinstufung in die Gattung Echinopsis ist der traditionelle Name Trichocereus Bridgesii noch weit verbreitet. Das Verst\u00e4ndnis seiner Geschichte bietet einen Einblick in die kulturelle und botanische Bedeutung, die diesen Kaktus zu einem dauerhaften Favoriten gemacht hat.<\/p>\n<div><\/div>\n<h2>Wie verwendet man Trichocereus Bridgesii?<\/h2>\n<p>Kultivierung von <strong>Trichocereus Bridgesii - San Pedro Kaktus<\/strong> ist sowohl f\u00fcr Anf\u00e4nger als auch f\u00fcr erfahrene Z\u00fcchter eine lohnende Erfahrung. Sie kann drinnen oder drau\u00dfen angebaut werden, vorausgesetzt, sie erh\u00e4lt ausreichend Sonnenlicht. Obwohl sie in direkter Sonne gut gedeiht, ist es am besten, sie an einem Ort zu platzieren, an dem sie w\u00e4hrend der hei\u00dfesten Teile des Tages etwas Schatten bekommt.<\/p>\n<p>Die Samen sollten in gut durchl\u00e4ssige Erde gepflanzt werden, um Wurzelf\u00e4ule zu vermeiden. Eine Mischung aus Sand, Perlit und Kakteenerde ist ein idealer N\u00e4hrboden. Die Keimung erfordert W\u00e4rme und Feuchtigkeit, aber sobald der Kaktus etabliert ist, ist er sehr trockenheitsresistent.<\/p>\n<p>Beim Anbau dieses Kaktus ist Geduld gefragt, denn er braucht Zeit, um zu reifen. Regelm\u00e4\u00dfiges, aber m\u00e4\u00dfiges Gie\u00dfen ist wichtig, und es ist am besten, den Boden zwischen den Wassergaben austrocknen zu lassen. Das Experimentieren mit verschiedenen Licht- und Bew\u00e4sserungsbedingungen wird dazu beitragen, die optimale Umgebung f\u00fcr das Wachstum zu ermitteln.<\/p>\n<div><\/div>\n<h2>Inhaltsstoffe von Trichocereus Bridgesii<\/h2>\n<p>Die <strong>Trichocereus Bridgesii - San Pedro Kaktus<\/strong> besteht in erster Linie aus pflanzlichem Gewebe, das reich an Alkaloiden ist. Zu den wichtigsten aktiven Verbindungen geh\u00f6ren:<\/p>\n<ul data-spread=\"false\">\n<li><strong>Meskalin (in geringen Konzentrationen)<\/strong> - Eine psychoaktive Substanz, die zur sensorischen Wirkung des Kaktus beitr\u00e4gt.<\/li>\n<li><strong>Tyramin und Hordenin<\/strong> - Nat\u00fcrlich vorkommende Alkaloide, die eine Rolle in der chemischen Zusammensetzung der Pflanze spielen.<\/li>\n<li><strong>Zellulose und faserige Gewebe<\/strong> - Diese sorgen f\u00fcr die strukturelle Integrit\u00e4t des Kaktus und verleihen ihm seine charakteristische s\u00e4ulenartige Form.<\/li>\n<\/ul>\n<p>Obwohl die Pflanze Meskalin enth\u00e4lt, gilt ihre Wirkung im Vergleich zu anderen Arten wie Trichocereus Peruvianus als milder. Das macht sie zu einer beliebten Wahl f\u00fcr diejenigen, die eine subtilere sensorische Erfahrung als eine intensive psychedelische Reise bevorzugen.<\/p>\n<div><\/div>\n<p><strong>Warnung<\/strong><br \/>\nW\u00e4hrend <strong>Trichocereus Bridgesii - San Pedro Kaktus<\/strong> wird oft zu dekorativen Zwecken angebaut, aber in einigen L\u00e4ndern ist die Verwendung aufgrund des Meskalingehalts verboten. Pr\u00fcfen Sie immer die \u00f6rtlichen Gesetze, bevor Sie diese Pflanze zu anderen Zwecken als zu Zierzwecken anbauen oder verwenden.<\/p>\n<p>&nbsp;<\/p>","protected":false},"excerpt":{"rendered":"<p data-pm-slice=\"1 1 []\">Entdecken Sie die einzigartige <strong>Trichocereus Bridgesii - San Pedro Kaktus<\/strong>. Dieser unverwechselbare Kaktus stammt urspr\u00fcnglich aus Bolivien und wird wegen seiner dekorativen Wirkung und seiner leichten psychedelischen Effekte gesch\u00e4tzt. Ob im Haus oder im Freien, er gedeiht an sonnigen Standorten und ist ein echter Hingucker in jeder Sammlung.<\/p>\n<p align=\"LEFT\">Z\u00fcchten Sie Ihr eigenes! Enth\u00e4lt 100 Samen. <span style=\"color: #000000;\"><br \/>\n<\/span><\/p>","protected":false},"featured_media":126151,"template":"","meta":[],"product_brand":[],"product_cat":[536,297,600,513,476],"product_tag":[],"class_list":{"0":"post-8517","1":"product","2":"type-product","3":"status-publish","4":"has-post-thumbnail","6":"product_cat-mescaline-cacti","7":"product_cat-all-products","8":"product_cat-mcmystic","9":"product_cat-party","10":"product_cat-smartshop","11":"product_shipping_class-creditcard-off","13":"first","14":"instock","15":"taxable","16":"shipping-taxable","17":"purchasable","18":"product-type-variable"},"_links":{"self":[{"href":"https:\/\/www.tatanka.nl\/de\/wp-json\/wp\/v2\/product\/8517","targetHints":{"allow":["GET"]}}],"collection":[{"href":"https:\/\/www.tatanka.nl\/de\/wp-json\/wp\/v2\/product"}],"about":[{"href":"https:\/\/www.tatanka.nl\/de\/wp-json\/wp\/v2\/types\/product"}],"wp:featuredmedia":[{"embeddable":true,"href":"https:\/\/www.tatanka.nl\/de\/wp-json\/wp\/v2\/media\/126151"}],"wp:attachment":[{"href":"https:\/\/www.tatanka.nl\/de\/wp-json\/wp\/v2\/media?parent=8517"}],"wp:term":[{"taxonomy":"product_brand","embeddable":true,"href":"https:\/\/www.tatanka.nl\/de\/wp-json\/wp\/v2\/product_brand?post=8517"},{"taxonomy":"product_cat","embeddable":true,"href":"https:\/\/www.tatanka.nl\/de\/wp-json\/wp\/v2\/product_cat?post=8517"},{"taxonomy":"product_tag","embeddable":true,"href":"https:\/\/www.tatanka.nl\/de\/wp-json\/wp\/v2\/product_tag?post=8517"}],"curies":[{"name":"wp","href":"https:\/\/api.w.org\/{rel}","templated":true}]}}