{"id":8527,"date":"2017-12-30T18:14:30","date_gmt":"2017-12-30T18:14:30","guid":{"rendered":"http:\/\/www.tatanka.nl\/?post_type=product&#038;p=8527"},"modified":"2025-05-20T10:58:01","modified_gmt":"2025-05-20T09:58:01","slug":"wild-dagga-20x-extract","status":"publish","type":"product","link":"https:\/\/www.tatanka.nl\/de\/wild-dagga-20x-extract\/","title":{"rendered":"Wild Dagga - 20x Extrakt"},"content":{"rendered":"<h2 data-pm-slice=\"1 1 []\">Was ist Wild Dagga - 20x?<\/h2>\n<p>Wildes Dagga, auch bekannt als <strong>Leonotis Leonurus<\/strong>ist eine in S\u00fcdafrika beheimatete Pflanze. Aufgrund der Form ihrer leuchtend orangefarbenen Bl\u00fcten wird sie oft auch als L\u00f6wenschwanz oder L\u00f6wenohr bezeichnet. Die Pflanze wird traditionell wegen ihrer wohltuenden Eigenschaften verwendet, darunter eine leicht euphorisierende Wirkung, die Entspannung und geistige Klarheit f\u00f6rdert.<\/p>\n<p>Seit dem 16. Jahrhundert, <strong>Wildes Dagga<\/strong> ist \u00fcber die Kontinente gereist und hat in Europa und Asien an Popularit\u00e4t gewonnen. Seine Wirkstoffe, Marrubiin und Leonurin, sind f\u00fcr ihre beruhigende und stimmungsaufhellende Wirkung bekannt. Heute, <strong>Wildes Dagga<\/strong> ist in Kr\u00e4utertees und Naturheilmitteln weit verbreitet und wird wegen seiner sanften, aber sp\u00fcrbaren Wirkung auf Geist und K\u00f6rper gesch\u00e4tzt.<\/p>\n<h2>Die Geschichte des wilden Dagga - 20x<\/h2>\n<p>Die Verwendung von <strong>Wildes Dagga<\/strong> hat eine jahrhundertelange Tradition, vor allem in den indigenen Gemeinschaften S\u00fcdafrikas. Diese Gemeinschaften erkannten seine F\u00e4higkeit, einen Zustand leichter Euphorie und Entspannung herbeizuf\u00fchren. In der traditionellen Medizin wurde es oft als Heilmittel f\u00fcr verschiedene Beschwerden verwendet, darunter Menstruationsschmerzen, Fieber und Muskelverspannungen.<\/p>\n<p>Im 16. Jahrhundert, <strong>Wildes Dagga<\/strong> gelangte \u00fcber t\u00fcrkische H\u00e4ndler nach Europa. In den 1800er Jahren wuchs das wissenschaftliche Interesse an der Pflanze, was zur Erforschung ihrer Wirkstoffe f\u00fchrte. Trotz ihrer langen Geschichte, <strong>Wildes Dagga<\/strong> ist in der herk\u00f6mmlichen Kr\u00e4utermedizin noch relativ unbekannt, wird aber von denjenigen, die seine nat\u00fcrlichen Eigenschaften zu sch\u00e4tzen wissen, weiterhin gesch\u00e4tzt.<\/p>\n<h2>Wie verwendet man Wild Dagga - 20x<\/h2>\n<p>Eine der beliebtesten M\u00f6glichkeiten, die <strong>Wildes Dagga<\/strong> ist das Aufbr\u00fchen zu einem Tee. Eine kleine Menge, etwa 1 Gramm, reicht aus, um einen entspannenden Kr\u00e4utertee herzustellen. Lassen Sie die getrocknete Pflanze einfach einige Minuten in hei\u00dfem Wasser ziehen, bevor Sie sie trinken. Der Tee hat einen milden, erdigen Geschmack, der sich gut mit Honig oder Zitrone kombinieren l\u00e4sst.<\/p>\n<p>Eine weitere g\u00e4ngige Methode ist die Einbeziehung von <strong>Wildes Dagga<\/strong> in Lebensmittel wie Joghurt oder Smoothies. Dies erm\u00f6glicht eine subtilere und l\u00e4nger anhaltende Wirkung. Einige Nutzer entscheiden sich auch daf\u00fcr, die getrockneten Bl\u00e4tter zu rauchen, aber diese Methode ist weniger verbreitet.<\/p>\n<p>Bei der Verwendung von <strong>Wildes Dagga<\/strong>Es ist wichtig, mit einer niedrigen Dosis zu beginnen, um zu verstehen, wie Ihr K\u00f6rper darauf reagiert. Die Erfahrung jedes Einzelnen kann unterschiedlich sein, und die Wirkung h\u00e4lt in der Regel einige Stunden lang an.<\/p>\n<h2>Inhaltsstoffe von Wild Dagga - 20x<\/h2>\n<p><strong>Wildes Dagga<\/strong> enth\u00e4lt mehrere Wirkstoffe, von denen Marrubiin und Leonurin die bemerkenswertesten sind. Es wird angenommen, dass diese Verbindungen zu den entspannenden und leicht euphorisierenden Eigenschaften der Pflanze beitragen.<\/p>\n<ul data-spread=\"false\">\n<li><strong>Marrubiin<\/strong> - Marrubiin wird traditionell in der Kr\u00e4utermedizin verwendet und ist f\u00fcr seine entz\u00fcndungshemmende und beruhigende Wirkung bekannt.<\/li>\n<li><strong>Leonurin<\/strong> - Diese Verbindung wird mit Muskelentspannung in Verbindung gebracht und wird seit jeher zur Linderung von Menstruationsbeschwerden eingesetzt.<\/li>\n<li><strong>\u00c4therische \u00d6le und Flavonoide<\/strong> - Diese nat\u00fcrlichen Bestandteile tragen zur allgemeinen beruhigenden Wirkung von <strong>Wildes Dagga<\/strong> und sein Kr\u00e4uterprofil zu verbessern.<\/li>\n<\/ul>\n<p>Seit <strong>Wildes Dagga<\/strong> ist ein nat\u00fcrliches Produkt, dessen Wirkung von Faktoren wie Anbaubedingungen und Zubereitungsmethoden abh\u00e4ngen kann.<\/p>\n<p><strong>Warnung:<\/strong><br \/>\nObwohl <strong>Wildes Dagga<\/strong> gilt im Allgemeinen als sicher, ein \u00fcberm\u00e4\u00dfiger Konsum kann jedoch zu Schwindel oder \u00dcbelkeit f\u00fchren. Es wird empfohlen, sich an die empfohlene Dosierung von 1 Gramm pro Anwendung zu halten. Schwangere und stillende Personen sollten vor der Einnahme einen Arzt konsultieren. Vermeiden Sie die Mischung mit anderen psychoaktiven Substanzen, um unerw\u00fcnschte Wechselwirkungen zu vermeiden.<\/p>\n<p>Erleben Sie die beruhigende Wirkung von <strong>Wildes Dagga<\/strong> auf nat\u00fcrliche und kontrollierte Weise, sei es als warmer Tee oder als subtile Erg\u00e4nzung Ihrer t\u00e4glichen Routine.<\/p>","protected":false},"excerpt":{"rendered":"<p><span style=\"color: #000000;\">Wild Dagga wird als mildes legales High geraucht, eine billigere und leichtere Cannabis-Alternative. Die Wirkung ist \u00e4hnlich wie die von Cannabis und hat eine euphorische Wirkung mit milden psychoaktiven Eigenschaften.<\/span><\/p>","protected":false},"featured_media":126140,"template":"","meta":[],"product_brand":[],"product_cat":[600,297,512,477,513,290,476],"product_tag":[],"class_list":{"0":"post-8527","1":"product","2":"type-product","3":"status-publish","4":"has-post-thumbnail","6":"product_cat-mcmystic","7":"product_cat-all-products","8":"product_cat-extracts","9":"product_cat-herbs","10":"product_cat-party","11":"product_cat-psychedelic-herbs","12":"product_cat-smartshop","14":"first","15":"instock","16":"taxable","17":"shipping-taxable","18":"purchasable","19":"product-type-variable"},"_links":{"self":[{"href":"https:\/\/www.tatanka.nl\/de\/wp-json\/wp\/v2\/product\/8527","targetHints":{"allow":["GET"]}}],"collection":[{"href":"https:\/\/www.tatanka.nl\/de\/wp-json\/wp\/v2\/product"}],"about":[{"href":"https:\/\/www.tatanka.nl\/de\/wp-json\/wp\/v2\/types\/product"}],"wp:featuredmedia":[{"embeddable":true,"href":"https:\/\/www.tatanka.nl\/de\/wp-json\/wp\/v2\/media\/126140"}],"wp:attachment":[{"href":"https:\/\/www.tatanka.nl\/de\/wp-json\/wp\/v2\/media?parent=8527"}],"wp:term":[{"taxonomy":"product_brand","embeddable":true,"href":"https:\/\/www.tatanka.nl\/de\/wp-json\/wp\/v2\/product_brand?post=8527"},{"taxonomy":"product_cat","embeddable":true,"href":"https:\/\/www.tatanka.nl\/de\/wp-json\/wp\/v2\/product_cat?post=8527"},{"taxonomy":"product_tag","embeddable":true,"href":"https:\/\/www.tatanka.nl\/de\/wp-json\/wp\/v2\/product_tag?post=8527"}],"curies":[{"name":"wp","href":"https:\/\/api.w.org\/{rel}","templated":true}]}}