{"id":8553,"date":"2018-01-05T13:45:17","date_gmt":"2018-01-05T13:45:17","guid":{"rendered":"http:\/\/www.tatanka.nl\/?post_type=product&#038;p=8553"},"modified":"2025-05-20T10:57:45","modified_gmt":"2025-05-20T09:57:45","slug":"kanna-5-grams","status":"publish","type":"product","link":"https:\/\/www.tatanka.nl\/de\/kanna-5-grams\/","title":{"rendered":"Kanna Pulver"},"content":{"rendered":"<h2 class=\"\" data-start=\"94\" data-end=\"111\">Was ist Kanna?<\/h2>\n<p class=\"\" data-start=\"113\" data-end=\"548\">Kanna, wissenschaftlich bekannt als <em data-start=\"144\" data-end=\"165\">Sceletium tortuosum<\/em>ist eine sukkulente Pflanze, die in S\u00fcdafrika beheimatet ist. Sie wird traditionell vom indigenen Volk der Khoisan wegen ihrer beruhigenden und stimmungsaufhellenden Eigenschaften verwendet. Bekannt f\u00fcr seine F\u00e4higkeit, Stress abzubauen und das emotionale Wohlbefinden zu f\u00f6rdern, ist Kanna ein beliebtes nat\u00fcrliches Erg\u00e4nzungsmittel in der ganzen Welt geworden. Im Gegensatz zu anderen Entspannungsmitteln f\u00f6rdert Kanna typischerweise die Ruhe, ohne Schl\u00e4frigkeit zu verursachen.<\/p>\n<p class=\"\" data-start=\"550\" data-end=\"890\">Die Pflanze wirkt in erster Linie durch die Beeinflussung des k\u00f6rpereigenen Serotoninsystems und erzeugt ein sanftes Gef\u00fchl der Euphorie und Entspannung. Viele Nutzer berichten von verbesserter geistiger Klarheit und verringerten sozialen \u00c4ngsten. Die Wirkung von Kanna kann je nach Art des Konsums und der Dosierung variieren und reicht von subtiler Ruhe bis hin zu einem ausgepr\u00e4gteren erhebenden Gef\u00fchl.<\/p>\n<h2 class=\"\" data-start=\"897\" data-end=\"920\">Die Geschichte von Kanna<\/h2>\n<p class=\"\" data-start=\"922\" data-end=\"1139\">Die Verwendung von Kanna geht Hunderte von Jahren auf indigene s\u00fcdafrikanische St\u00e4mme zur\u00fcck, insbesondere auf die Khoisan. Sie kauten, fermentierten oder brauten die Bl\u00e4tter der Pflanze, um Stress zu bek\u00e4mpfen, die Stimmung zu heben und soziale Erfahrungen zu verbessern.<\/p>\n<p class=\"\" data-start=\"1141\" data-end=\"1402\">Im 19. Jahrhundert dokumentierten niederl\u00e4ndische Siedler und Botaniker Kanna und brachten es nach Europa. Seitdem hat sich die Pflanze von einem regionalen traditionellen Heilmittel zu einem weltweit anerkannten pflanzlichen Nahrungserg\u00e4nzungsmittel entwickelt, wobei raffinierte Extrakte konzentrierte Vorteile bieten.<\/p>\n<h2 class=\"\" data-start=\"1409\" data-end=\"1428\">So verwenden Sie Kanna<\/h2>\n<p class=\"\" data-start=\"1430\" data-end=\"1525\">Es gibt verschiedene Methoden, Kanna zu konsumieren, die jeweils unterschiedliche Wirkungen und Wirkzeiten haben:<\/p>\n<ul data-start=\"1527\" data-end=\"1954\">\n<li class=\"\" data-start=\"1527\" data-end=\"1643\">\n<p class=\"\" data-start=\"1529\" data-end=\"1643\"><strong data-start=\"1529\" data-end=\"1540\">Kauen<\/strong>: Die traditionelle Methode, bei der getrocknete Bl\u00e4tter oder Pulver gekaut und in den Mund genommen werden, um sie aufzunehmen.<\/p>\n<\/li>\n<li class=\"\" data-start=\"1644\" data-end=\"1729\">\n<p class=\"\" data-start=\"1646\" data-end=\"1729\"><strong data-start=\"1646\" data-end=\"1653\">Tee<\/strong>: Das Aufbr\u00fchen von Kanna zu einem Tee hat eine langsamere und nachhaltigere beruhigende Wirkung.<\/p>\n<\/li>\n<li class=\"\" data-start=\"1730\" data-end=\"1846\">\n<p class=\"\" data-start=\"1732\" data-end=\"1846\"><strong data-start=\"1732\" data-end=\"1744\">Schn\u00fcffeln<\/strong>: Das Inhalieren von fein gemahlenem Pulver f\u00fchrt zu einem schnelleren Einsetzen der Wirkung, obwohl diese Methode weniger verbreitet ist.<\/p>\n<\/li>\n<li class=\"\" data-start=\"1847\" data-end=\"1954\">\n<p class=\"\" data-start=\"1849\" data-end=\"1954\"><strong data-start=\"1849\" data-end=\"1861\">Extracts<\/strong>: Moderne Extrakte bieten eine starke Wirkung in kleineren Dosen, was sie aus Gr\u00fcnden der Bequemlichkeit beliebt macht.<\/p>\n<\/li>\n<\/ul>\n<p class=\"\" data-start=\"1956\" data-end=\"2184\">Es wird empfohlen, mit einer niedrigen Dosis zu beginnen und diese schrittweise an die pers\u00f6nliche Empfindlichkeit anzupassen. Die Kombination von Kanna mit anderen Substanzen, insbesondere solchen, die das Serotonin beeinflussen, sollte mit Vorsicht angegangen oder ganz vermieden werden.<\/p>\n<h2 class=\"\" data-start=\"2191\" data-end=\"2221\">Aktive Inhaltsstoffe in Kanna<\/h2>\n<p class=\"\" data-start=\"2223\" data-end=\"2345\">Kanna verdankt seine Wirkung einer Gruppe von Alkaloiden, die mit dem Serotonin-System des Gehirns interagieren. Zu den wichtigsten Verbindungen geh\u00f6ren:<\/p>\n<ul data-start=\"2347\" data-end=\"2570\">\n<li class=\"\" data-start=\"2347\" data-end=\"2420\">\n<p class=\"\" data-start=\"2349\" data-end=\"2420\"><strong data-start=\"2349\" data-end=\"2363\">Mesembrine<\/strong>: Bekannt f\u00fcr seine stimmungsaufhellenden und angstl\u00f6senden Eigenschaften.<\/p>\n<\/li>\n<li class=\"\" data-start=\"2421\" data-end=\"2494\">\n<p class=\"\" data-start=\"2423\" data-end=\"2494\"><strong data-start=\"2423\" data-end=\"2439\">Mesembrenon<\/strong>: Hilft beim Stressabbau und verbessert die geistige Klarheit.<\/p>\n<\/li>\n<li class=\"\" data-start=\"2495\" data-end=\"2570\">\n<p class=\"\" data-start=\"2497\" data-end=\"2570\"><strong data-start=\"2497\" data-end=\"2512\">Mesembrenol<\/strong>: Tr\u00e4gt zur allgemeinen beruhigenden Wirkung der Pflanze bei.<\/p>\n<\/li>\n<\/ul>\n<p class=\"\" data-start=\"2572\" data-end=\"2803\">Diese nat\u00fcrlichen Verbindungen bieten einen sanften, ausgewogenen Ansatz zur Stimmungsaufhellung und stellen eine pflanzliche Alternative zu synthetischen Entspannungsmitteln dar, bei der das Risiko unerw\u00fcnschter Nebenwirkungen geringer ist. Dennoch ist ein verantwortungsvoller und informierter Gebrauch unerl\u00e4sslich.<\/p>\n<p data-start=\"2810\" data-end=\"2835\"><strong>Sicherheit und Vorsichtsma\u00dfnahmen<\/strong><\/p>\n<p class=\"\" data-start=\"2837\" data-end=\"3110\">Obwohl Kanna im Allgemeinen gut vertr\u00e4glich ist, sollte es mit Vorsicht angewendet werden. Kombinieren Sie es nicht mit Antidepressiva oder anderen Medikamenten, die das Serotonin beeinflussen, da dies zu sch\u00e4dlichen Wechselwirkungen f\u00fchren kann. Au\u00dferdem sollten schwangere oder stillende Personen die Einnahme von Kanna vermeiden.<\/p>\n<p class=\"\" data-start=\"3112\" data-end=\"3223\">Lassen Sie sich immer von einem Arzt beraten, bevor Sie Kanna oder ein anderes neues Nahrungserg\u00e4nzungsmittel in Ihr Leben einf\u00fchren.<\/p>","protected":false},"excerpt":{"rendered":"<p><span style=\"color: #000000;\">Kanna <\/span><span style=\"color: #000000;\">Das Pulver hat zun\u00e4chst eine leicht anregende energetische Wirkung. Gefolgt von einem \u00dcbergang zu Stimulation und Entspannung. Diese Kanna Pulver macht Sie energisch, aufregend und euphorisch in niedrigeren Dosen und entspannt in h\u00f6heren Dosen.<br \/>\n<\/span><\/p>","protected":false},"featured_media":126902,"template":"","meta":[],"product_brand":[],"product_cat":[600,297,508,476],"product_tag":[],"class_list":{"0":"post-8553","1":"product","2":"type-product","3":"status-publish","4":"has-post-thumbnail","6":"product_cat-mcmystic","7":"product_cat-all-products","8":"product_cat-kanna","9":"product_cat-smartshop","11":"first","12":"instock","13":"taxable","14":"shipping-taxable","15":"purchasable","16":"product-type-simple"},"_links":{"self":[{"href":"https:\/\/www.tatanka.nl\/de\/wp-json\/wp\/v2\/product\/8553","targetHints":{"allow":["GET"]}}],"collection":[{"href":"https:\/\/www.tatanka.nl\/de\/wp-json\/wp\/v2\/product"}],"about":[{"href":"https:\/\/www.tatanka.nl\/de\/wp-json\/wp\/v2\/types\/product"}],"wp:featuredmedia":[{"embeddable":true,"href":"https:\/\/www.tatanka.nl\/de\/wp-json\/wp\/v2\/media\/126902"}],"wp:attachment":[{"href":"https:\/\/www.tatanka.nl\/de\/wp-json\/wp\/v2\/media?parent=8553"}],"wp:term":[{"taxonomy":"product_brand","embeddable":true,"href":"https:\/\/www.tatanka.nl\/de\/wp-json\/wp\/v2\/product_brand?post=8553"},{"taxonomy":"product_cat","embeddable":true,"href":"https:\/\/www.tatanka.nl\/de\/wp-json\/wp\/v2\/product_cat?post=8553"},{"taxonomy":"product_tag","embeddable":true,"href":"https:\/\/www.tatanka.nl\/de\/wp-json\/wp\/v2\/product_tag?post=8553"}],"curies":[{"name":"wp","href":"https:\/\/api.w.org\/{rel}","templated":true}]}}