{"id":8579,"date":"2018-01-05T16:32:32","date_gmt":"2018-01-05T16:32:32","guid":{"rendered":"http:\/\/www.tatanka.nl\/?post_type=product&#038;p=8579"},"modified":"2025-05-20T10:51:23","modified_gmt":"2025-05-20T09:51:23","slug":"skullcap-herbs","status":"publish","type":"product","link":"https:\/\/www.tatanka.nl\/de\/skullcap-herbs\/","title":{"rendered":"Sch\u00e4deldecke"},"content":{"rendered":"<h2 data-pm-slice=\"1 3 []\">Was ist Skullcap?<\/h2>\n<p>Sch\u00e4deldecke, auch bekannt als Glidkruid, ist ein Kraut, das zur Familie der Minzen geh\u00f6rt. Es wird seit Jahrhunderten zur Unterst\u00fctzung verschiedener gesundheitlicher Probleme verwendet, vor allem wegen seiner beruhigenden und leicht sedierenden Wirkung. Der botanische Name von Skullcap ist <em>Scutellaria<\/em>mit rund 200 verschiedenen Arten, die weltweit wachsen. Die in Indian Elements Skullcap verwendete Sorte ist <em>Scutellaria Lateriflora<\/em>auch bekannt als blaues Sch\u00e4delkraut oder Hundskopfkraut. Diese Pflanze ist in Nordamerika beheimatet und zeichnet sich durch ihre violetten Bl\u00fcten aus, die kleinen Helmen \u00e4hneln. Heute wird das Skullcap wegen seiner F\u00e4higkeit, Entspannung zu f\u00f6rdern, nerv\u00f6se Spannungen zu lindern und einen gesunden Schlafzyklus zu unterst\u00fctzen, hoch gesch\u00e4tzt. Ganz gleich, ob Sie unter t\u00e4glichem Stress, Muskelverspannungen oder Schlafproblemen leiden, Skullcap kann eine nat\u00fcrliche und sanfte L\u00f6sung bieten.<\/p>\n<div><\/div>\n<h2>Die Geschichte von Skullcap<\/h2>\n<p>Im Laufe der Geschichte hat der Skullcap in der traditionellen Medizin eine wichtige Rolle gespielt. Im alten China wurde die Pflanze als Teil des bekannten pflanzlichen Heilmittels Huangqin verwendet, das negative Energie vertreiben und das Gleichgewicht f\u00f6rdern sollte. In den Traditionen der amerikanischen Ureinwohner wurde das Skullcap h\u00e4ufig verwendet, um die Gesundheit von Frauen zu unterst\u00fctzen, Nervosit\u00e4t zu lindern und einen Zustand der Ruhe herbeizuf\u00fchren. Auch die europ\u00e4ischen Kr\u00e4uterkundler erkannten seine beruhigenden Eigenschaften und verordneten es h\u00e4ufig, um Spannungen abzubauen und den Schlaf zu verbessern. Im Laufe der Zeit hat sich dieses kraftvolle Kraut seinen Ruf als nat\u00fcrliches Entspannungsmittel bewahrt. Auch heute noch ist es eine beliebte Wahl f\u00fcr alle, die eine pflanzliche Unterst\u00fctzung f\u00fcr Entspannung und Wohlbefinden suchen. Die moderne Verwendung von Skullcap ist nach wie vor tief in diesen traditionellen Praktiken verwurzelt, was seine anhaltende Bedeutung in der Kr\u00e4utermedizin beweist.<\/p>\n<div><\/div>\n<h2>Wie man Sch\u00e4deldecke verwendet<\/h2>\n<p>Indian Elements Sch\u00e4deldach ist vielseitig und einfach zu verwenden. Die gebr\u00e4uchlichste Art, es zu konsumieren, ist das Aufbr\u00fchen zu einem Tee. Zur Zubereitung l\u00e4sst man einfach 1 Gramm Skullcap etwa 10 Minuten lang in hei\u00dfem Wasser ziehen. Auf diese Weise k\u00f6nnen die wohltuenden Inhaltsstoffe in die Fl\u00fcssigkeit \u00fcbergehen und ein beruhigendes Kr\u00e4utergetr\u00e4nk bilden. Viele Anwender berichten, dass sie nach dem Genuss von Skullcap-Tee ein Gef\u00fchl der Ruhe und Entspannung versp\u00fcren, was ihn zu einer ausgezeichneten Wahl macht, um sich nach einem stressigen Tag zu entspannen. Neben Tee kann Skullcap auch in Kr\u00e4utermischungen, Tinkturen oder Kapseln verwendet werden. Auch wenn die Ergebnisse unterschiedlich ausfallen k\u00f6nnen, kann eine konsequente Anwendung einen entspannten Zustand f\u00f6rdern, einen besseren Schlaf unterst\u00fctzen und Muskelbeschwerden lindern. Um die Vorteile zu maximieren, wird empfohlen, 1 Gramm pro Tag einzunehmen. Lagern Sie das Produkt immer an einem k\u00fchlen, trockenen Ort, um seine Wirksamkeit und Frische zu erhalten.<\/p>\n<div><\/div>\n<h2>Inhaltsstoffe von Skullcap<\/h2>\n<p>Indian Elements Skullcap besteht aus einem einzigen, hochwertigen Inhaltsstoff: <em>Scutellaria Lateriflora<\/em>. Dies gew\u00e4hrleistet ein reines und nat\u00fcrliches Produkt, frei von Zusatzstoffen, F\u00fcllstoffen oder k\u00fcnstlichen Substanzen. Das Kraut wird sorgf\u00e4ltig beschafft und aufbereitet, um seine positiven Eigenschaften zu erhalten. Skullcap ist 100% vegan und passt gut in eine nat\u00fcrliche Wellness-Routine. Ob allein oder in Kombination mit anderen beruhigenden Kr\u00e4utern, Skullcap bietet eine sanfte und wirksame M\u00f6glichkeit, Entspannung und allgemeines Wohlbefinden zu f\u00f6rdern. Wenn Sie sich f\u00fcr Indian Elements Skullcap entscheiden, entscheiden Sie sich f\u00fcr ein traditionelles und bew\u00e4hrtes pflanzliches Heilmittel.<\/p>\n<div><\/div>\n<p><strong>Warnung:<\/strong><\/p>\n<ul data-spread=\"false\">\n<li>Nur zur Verwendung durch Erwachsene \u00fcber 18 Jahre. Au\u00dferhalb der Reichweite von Kindern aufbewahren.<\/li>\n<li>Nicht in Kombination mit MAO-Hemmern verwenden.<\/li>\n<li>Nicht empfohlen f\u00fcr Personen mit Nieren- oder Herzerkrankungen, hohem oder niedrigem Blutdruck, Diabetes oder Personen, die unter dem Einfluss von Medikamenten, Drogen oder Alkohol stehen.<\/li>\n<li>Dieses Produkt ist kein Arzneimittel, sondern ein Nahrungserg\u00e4nzungsmittel und sollte auch als solches verwendet werden.<\/li>\n<li>Nicht verzehren, wenn das Siegel gebrochen ist. F\u00fcr optimale Frische an einem dunklen, trockenen Ort aufbewahren.<\/li>\n<\/ul>","protected":false},"excerpt":{"rendered":"<p data-pm-slice=\"1 1 []\">Indian Elements Skullcap ist ein nat\u00fcrliches pflanzliches Erg\u00e4nzungsmittel, das f\u00fcr seine beruhigenden und entspannenden Eigenschaften bekannt ist. Dieses aus Scutellaria Lateriflora hergestellte Produkt hilft, Stress abzubauen, f\u00f6rdert einen erholsamen Schlaf und unterst\u00fctzt das allgemeine Wohlbefinden. Skullcap ist ideal f\u00fcr alle, die nach nat\u00fcrlicher Entspannung suchen, und kann als Tee oder in anderen Formen konsumiert werden.<\/p>","protected":false},"featured_media":125963,"template":"","meta":[],"product_brand":[],"product_cat":[597,297,477,510,511,476],"product_tag":[],"class_list":{"0":"post-8579","1":"product","2":"type-product","3":"status-publish","4":"has-post-thumbnail","6":"product_cat-indian-elements","7":"product_cat-all-products","8":"product_cat-herbs","9":"product_cat-relax","10":"product_cat-relax-herbs","11":"product_cat-smartshop","13":"first","14":"instock","15":"taxable","16":"shipping-taxable","17":"purchasable","18":"product-type-variable"},"_links":{"self":[{"href":"https:\/\/www.tatanka.nl\/de\/wp-json\/wp\/v2\/product\/8579","targetHints":{"allow":["GET"]}}],"collection":[{"href":"https:\/\/www.tatanka.nl\/de\/wp-json\/wp\/v2\/product"}],"about":[{"href":"https:\/\/www.tatanka.nl\/de\/wp-json\/wp\/v2\/types\/product"}],"wp:featuredmedia":[{"embeddable":true,"href":"https:\/\/www.tatanka.nl\/de\/wp-json\/wp\/v2\/media\/125963"}],"wp:attachment":[{"href":"https:\/\/www.tatanka.nl\/de\/wp-json\/wp\/v2\/media?parent=8579"}],"wp:term":[{"taxonomy":"product_brand","embeddable":true,"href":"https:\/\/www.tatanka.nl\/de\/wp-json\/wp\/v2\/product_brand?post=8579"},{"taxonomy":"product_cat","embeddable":true,"href":"https:\/\/www.tatanka.nl\/de\/wp-json\/wp\/v2\/product_cat?post=8579"},{"taxonomy":"product_tag","embeddable":true,"href":"https:\/\/www.tatanka.nl\/de\/wp-json\/wp\/v2\/product_tag?post=8579"}],"curies":[{"name":"wp","href":"https:\/\/api.w.org\/{rel}","templated":true}]}}