{"id":8636,"date":"2017-01-06T16:23:32","date_gmt":"2017-01-06T14:23:32","guid":{"rendered":"http:\/\/www.tatanka.nl\/?post_type=product&#038;p=8636"},"modified":"2026-03-31T15:20:46","modified_gmt":"2026-03-31T14:20:46","slug":"trip-stopper","status":"publish","type":"product","link":"https:\/\/www.tatanka.nl\/de\/trip-stopper\/","title":{"rendered":"Bad Trip Stopper"},"content":{"rendered":"<h2 data-start=\"51\" data-end=\"77\">Was ist Trip Stopper?<\/h2>\n<p data-start=\"78\" data-end=\"395\">Trip Stopper ist ein spezielles Erg\u00e4nzungsmittel zur Unterst\u00fctzung von Personen w\u00e4hrend psychedelischer Erfahrungen. Es f\u00f6rdert die Gelassenheit und reduziert Unbehagen oder \u00c4ngste, die w\u00e4hrend eines Trips auftreten k\u00f6nnen. Egal, ob Sie neu bei Psychedelika oder ein erfahrener Benutzer sind, bietet Trip Stopper einen Weg, um sich stabiler und unter Kontrolle zu f\u00fchlen.<\/p>\n<p data-start=\"397\" data-end=\"768\">Dieses Nahrungserg\u00e4nzungsmittel stoppt eine Reise nicht vollst\u00e4ndig, sondern hilft dem Benutzer, auf dem Boden zu bleiben. Traubenzucker-Tabletten liefern schnelle Energie und helfen, den Blutzuckerspiegel zu stabilisieren, w\u00e4hrend Baldrian-Kapseln die Entspannung f\u00f6rdern. Zusammen helfen diese Inhaltsstoffe bei der Bew\u00e4ltigung der emotionalen und k\u00f6rperlichen Empfindungen, die mit einer psychedelischen Reise einhergehen, so dass schwierige Momente leichter zu meistern sind.<\/p>\n<p data-start=\"770\" data-end=\"915\">Der Trip Stopper bietet ein Gef\u00fchl der Kontrolle und Stabilit\u00e4t und ist damit ein wertvoller Begleiter f\u00fcr alle, die ein ruhigeres und kontrollierteres Fahrgef\u00fchl suchen.<\/p>\n<h2 data-start=\"917\" data-end=\"945\">Geschichte des Trip Stopper<\/h2>\n<p data-start=\"946\" data-end=\"1343\">Trip Stopper wurde als Reaktion auf das wachsende Interesse an Psychedelika und das Bed\u00fcrfnis nach nat\u00fcrlicher Unterst\u00fctzung w\u00e4hrend Trips entwickelt. Da immer mehr Menschen Psychedelika erforschen, ist die Bedeutung der Aufrechterhaltung eines ausgewogenen und sicheren Umfelds weithin anerkannt worden. Diese Formel, die auf jahrelanger Forschung basiert, kombiniert Dextrose und Baldrian - zwei bekannte nat\u00fcrliche Wirkstoffe zur Unterst\u00fctzung der Energie und Entspannung.<\/p>\n<p data-start=\"1345\" data-end=\"1684\">Baldrian wird in der Kr\u00e4utermedizin seit langem wegen seiner beruhigenden Eigenschaften verwendet, die helfen, Stress und \u00c4ngste abzubauen. Dextrose, ein Einfachzucker, sorgt f\u00fcr einen schnellen Energieschub, der besonders bei intensiven psychedelischen Erfahrungen n\u00fctzlich ist. Durch die Kombination dieser beiden Inhaltsstoffe bietet Trip Stopper eine ganzheitliche Methode zur effektiven Bew\u00e4ltigung von Trips.<\/p>\n<p data-start=\"1686\" data-end=\"1865\">Der Trip Stopper kann die Auswirkungen eines Trips zwar nicht beseitigen, aber er beruhigt die Nutzer und hilft ihnen, ruhig zu bleiben, was ihn zu einem n\u00fctzlichen Hilfsmittel bei der Bew\u00e4ltigung psychedelischer Erfahrungen macht.<\/p>\n<h2 data-start=\"1867\" data-end=\"1895\">So verwenden Sie den Trip Stopper<\/h2>\n<p data-start=\"1896\" data-end=\"1967\">Trip Stopper ist einfach zu bedienen. Befolgen Sie diese Schritte, um die besten Ergebnisse zu erzielen:<\/p>\n<ol data-start=\"1969\" data-end=\"2418\">\n<li data-start=\"1969\" data-end=\"2140\">Nehmen Sie <strong data-start=\"1977\" data-end=\"2001\">zwei Traubenzucker-Tabletten<\/strong> und lassen Sie sie langsam im Mund zergehen. Auf diese Weise wird der Zucker effizient aufgenommen, was dazu beitr\u00e4gt, die Intensit\u00e4t der Reise zu verringern.<\/li>\n<li data-start=\"2141\" data-end=\"2247\">Schlucken Sie die <strong data-start=\"2156\" data-end=\"2177\">Baldrian-Kapseln<\/strong> mit einem gro\u00dfen Glas Wasser, um die Entspannung zu f\u00f6rdern und \u00c4ngste abzubauen.<\/li>\n<li data-start=\"2248\" data-end=\"2418\">Warten Sie auf <strong data-start=\"2262\" data-end=\"2276\">10 Minuten<\/strong> bevor Sie etwas Festes essen, z. B. eine Scheibe Brot. So k\u00f6nnen die Inhaltsstoffe ihre Wirkung entfalten und der Blutzuckerspiegel wird weiter stabilisiert.<\/li>\n<\/ol>\n<p data-start=\"2420\" data-end=\"2667\">Um optimale Ergebnisse zu erzielen, nehmen Sie Trip Stopper in einem <strong data-start=\"2464\" data-end=\"2499\">ruhige und kontrollierte Umgebung<\/strong> wo Sie sich auf Entspannung und Erdung konzentrieren k\u00f6nnen. Ganz gleich, ob Sie zum ersten Mal mit einem Ger\u00e4t arbeiten oder schon Erfahrung haben, diese einfachen Schritte werden Ihnen helfen, sich besser vorbereitet und kontrolliert zu f\u00fchlen.<\/p>\n<h2 data-start=\"2669\" data-end=\"2701\">Inhaltsstoffe von Trip Stopper<\/h2>\n<p data-start=\"2702\" data-end=\"2821\">Trip Stopper enth\u00e4lt zwei wichtige Inhaltsstoffe, die zusammenwirken, um K\u00f6rper und Geist w\u00e4hrend eines psychedelischen Trips zu unterst\u00fctzen:<\/p>\n<ul data-start=\"2823\" data-end=\"3248\">\n<li data-start=\"2823\" data-end=\"3022\"><strong data-start=\"2825\" data-end=\"2837\">Traubenzucker<\/strong> - Ein Einfachzucker, der eine sofortige Energiequelle darstellt und hilft, den Blutzuckerspiegel auszugleichen und M\u00fcdigkeit vorzubeugen. Dies tr\u00e4gt dazu bei, die Konzentration und Wachsamkeit w\u00e4hrend des gesamten Erlebnisses aufrechtzuerhalten.<\/li>\n<li data-start=\"3023\" data-end=\"3248\"><strong data-start=\"3025\" data-end=\"3037\">Baldrian<\/strong> - Ein nat\u00fcrliches pflanzliches Heilmittel, das f\u00fcr seine beruhigende Wirkung bekannt ist. Baldrian wird seit Jahrhunderten verwendet, um \u00c4ngste abzubauen und die Entspannung zu f\u00f6rdern, was ihn ideal macht, um die mentalen und emotionalen Aspekte einer Reise zu bew\u00e4ltigen.<\/li>\n<\/ul>\n<p data-start=\"3250\" data-end=\"3511\">Zusammen ergeben diese Zutaten ein <strong data-start=\"3287\" data-end=\"3308\">ausgewogene L\u00f6sung<\/strong> f\u00fcr diejenigen, die sich \u00fcberw\u00e4ltigt oder \u00e4ngstlich f\u00fchlen. W\u00e4hrend Trip Stopper nicht vollst\u00e4ndig eine psychedelische Erfahrung zu stoppen, hilft es ein Gef\u00fchl der Stabilit\u00e4t und Ruhe f\u00fcr eine glattere, \u00fcberschaubarer Reise bieten.<\/p>\n<p data-start=\"3513\" data-end=\"3525\"><strong>Warnung<\/strong><\/p>\n<p data-start=\"3526\" data-end=\"3582\" data-is-last-node=\"\">Au\u00dferhalb der Reichweite von Kindern aufbewahren. Dies ist kein Arzneimittel.<\/p>","protected":false},"excerpt":{"rendered":"<p>Sowohl f\u00fcr Anf\u00e4nger als auch f\u00fcr erfahrene Taucher kann der Tripstopper helfen, einen schlechten Trip zu minimieren. Innerhalb von 20 - 30 Minuten wird die Fahrt weniger intensiv und allein das Wissen, dass Sie die Fahrt stoppen k\u00f6nnen, l\u00e4sst Sie Ihre Erfahrung mehr genie\u00dfen.<\/p>","protected":false},"featured_media":127320,"template":"","meta":[],"product_brand":[],"product_cat":[595,297,592,577,539,540,516,518,513,515,476,593,578],"product_tag":[662],"class_list":{"0":"post-8636","1":"product","2":"type-product","3":"status-publish","4":"has-post-thumbnail","6":"product_cat-mcsmart","7":"product_cat-all-products","8":"product_cat-beginner-magic-mushroom-grow-kits","9":"product_cat-beginner-magic-truffles","10":"product_cat-magic-mushroom-grow-kits","11":"product_cat-magic-mushroom-spore-syringes","12":"product_cat-magic-truffles","13":"product_cat-mushrooms","14":"product_cat-party","15":"product_cat-shroomshop","16":"product_cat-smartshop","17":"product_cat-strongest-magic-mushroom-grow-kits","18":"product_cat-strongest-magic-truffles","19":"product_tag-shrdeal","20":"product_shipping_class-creditcard-on","22":"first","23":"instock","24":"taxable","25":"shipping-taxable","26":"purchasable","27":"product-type-variable","28":"has-default-attributes"},"_links":{"self":[{"href":"https:\/\/www.tatanka.nl\/de\/wp-json\/wp\/v2\/product\/8636","targetHints":{"allow":["GET"]}}],"collection":[{"href":"https:\/\/www.tatanka.nl\/de\/wp-json\/wp\/v2\/product"}],"about":[{"href":"https:\/\/www.tatanka.nl\/de\/wp-json\/wp\/v2\/types\/product"}],"wp:featuredmedia":[{"embeddable":true,"href":"https:\/\/www.tatanka.nl\/de\/wp-json\/wp\/v2\/media\/127320"}],"wp:attachment":[{"href":"https:\/\/www.tatanka.nl\/de\/wp-json\/wp\/v2\/media?parent=8636"}],"wp:term":[{"taxonomy":"product_brand","embeddable":true,"href":"https:\/\/www.tatanka.nl\/de\/wp-json\/wp\/v2\/product_brand?post=8636"},{"taxonomy":"product_cat","embeddable":true,"href":"https:\/\/www.tatanka.nl\/de\/wp-json\/wp\/v2\/product_cat?post=8636"},{"taxonomy":"product_tag","embeddable":true,"href":"https:\/\/www.tatanka.nl\/de\/wp-json\/wp\/v2\/product_tag?post=8636"}],"curies":[{"name":"wp","href":"https:\/\/api.w.org\/{rel}","templated":true}]}}