{"id":8989,"date":"2018-01-12T18:25:35","date_gmt":"2018-01-12T18:25:35","guid":{"rendered":"http:\/\/www.tatanka.nl\/?post_type=product&#038;p=8989"},"modified":"2025-05-20T10:36:58","modified_gmt":"2025-05-20T09:36:58","slug":"damiana-capsules-sex","status":"publish","type":"product","link":"https:\/\/www.tatanka.nl\/de\/damiana-capsules-sex\/","title":{"rendered":"Damiana Capsules"},"content":{"rendered":"<h2 data-pm-slice=\"1 1 []\">Was ist Damiana?<\/h2>\n<p>Damiana ist ein kleiner, aromatischer Strauch, der in Mittel- und S\u00fcdamerika beheimatet ist. Wissenschaftlich bekannt als <strong>Turnera diffusa<\/strong>Diese Pflanze geh\u00f6rt zur Familie der Passionsblumen und ist an ihren leuchtend gelben Bl\u00fcten und gr\u00fcnen Bl\u00e4ttern zu erkennen.<\/p>\n<p>Seit Jahrhunderten nutzen indigene Kulturen Damiana f\u00fcr ihre nat\u00fcrlichen gesundheitlichen Vorteile, insbesondere zur Steigerung der Libido. Diese Pflanze wird oft mit gesteigertem sexuellem Verlangen, verbesserter Ausdauer und verbessertem allgemeinen Wohlbefinden in Verbindung gebracht. Neben ihrer aphrodisierenden Wirkung wird Damiana auch f\u00fcr ihre leicht entspannenden Eigenschaften gesch\u00e4tzt, die helfen k\u00f6nnen, Stress abzubauen und geistige Klarheit zu f\u00f6rdern. Egal, ob Sie auf der Suche nach einem nat\u00fcrlichen Weg sind, um Ihre Energie zu steigern, Ihre Stimmung zu heben oder Ihre Intimit\u00e4t zu verbessern, Damiana k\u00f6nnte das perfekte pflanzliche Erg\u00e4nzungsmittel f\u00fcr Sie sein.<\/p>\n<h2>Die Geschichte von Damiana<\/h2>\n<p>Die Verwendung von Damiana geht Hunderte von Jahren zur\u00fcck, insbesondere in Mexiko und anderen Teilen Lateinamerikas. Die indigenen St\u00e4mme sch\u00e4tzten diese Pflanze wegen ihrer medizinischen Eigenschaften und verwendeten sie zur Behandlung verschiedener k\u00f6rperlicher Beschwerden und zur Verbesserung der sexuellen Gesundheit.<\/p>\n<p>Damiana gilt traditionell als starkes Aphrodisiakum, das die Libido anregt, die sexuelle Leistungsf\u00e4higkeit verbessert und die Empfindungen steigert. Alte Kulturen verwendeten Damiana zur Herstellung von Liebestr\u00e4nken und Kr\u00e4utertonika, die die reproduktive Gesundheit und die allgemeine Vitalit\u00e4t unterst\u00fctzen sollten. Im Laufe der Jahre hat diese Pflanze ihren Ruf bewahrt und wird in der modernen Kr\u00e4utermedizin immer noch h\u00e4ufig verwendet. In Mexiko wird sie sogar bestimmten traditionellen alkoholischen Getr\u00e4nken wie Margaritas beigemischt, um deren Wirkung zu verst\u00e4rken. Aufgrund ihrer langj\u00e4hrigen Geschichte und ihrer starken Wirkung ist Damiana nach wie vor ein gefragtes pflanzliches Heilmittel f\u00fcr alle, die ihr Wohlbefinden auf nat\u00fcrliche Weise verbessern wollen.<\/p>\n<h2>Wie man Damiana verwendet<\/h2>\n<p>Damiana wird am h\u00e4ufigsten in Kapselform konsumiert, um eine einfache und genaue Dosierung zu erm\u00f6glichen. Die empfohlene Dosierung ist <strong>eine Kapsel pro Einnahme<\/strong>mit einem Glas Wasser eingenommen. Um optimale Ergebnisse zu erzielen, ist es am besten, Damiana in eine konsequente Wellness-Routine einzubauen.<\/p>\n<p>Sowohl M\u00e4nner als auch Frauen k\u00f6nnen von den Eigenschaften von Damiana profitieren. W\u00e4hrend die einen die Wirkung relativ schnell erfahren, k\u00f6nnen andere im Laufe der Zeit allm\u00e4hliche Verbesserungen feststellen. Damiana kann auch mit anderen pflanzlichen Nahrungserg\u00e4nzungsmitteln, wie Muira Puama, kombiniert werden, um seine energetisierende und aphrodisierende Wirkung zu verst\u00e4rken.<\/p>\n<p>Neben der Steigerung der Libido wird Damiana h\u00e4ufig zur F\u00f6rderung der Entspannung, zum Stressabbau und zur Unterst\u00fctzung des emotionalen Wohlbefindens verwendet. Seine milde psychoaktive Wirkung wird manchmal mit der von Cannabis verglichen, da sie ein Gef\u00fchl der Ruhe vermittelt, ohne zu berauschen. Halten Sie sich immer an die empfohlene Dosierung und konsultieren Sie einen Arzt, wenn Sie Bedenken bez\u00fcglich der Einnahme haben.<\/p>\n<h2>Inhaltsstoffe von Damiana<\/h2>\n<p>Die Damiana-Kapseln von Indian Elements enthalten nur einen aktiven Wirkstoff:<\/p>\n<ul data-spread=\"false\">\n<li><strong>Turnera diffusa<\/strong> (Damiana-Extrakt)<\/li>\n<\/ul>\n<p>Diese reine und nat\u00fcrliche Formulierung stellt sicher, dass Sie die vollen Vorteile von Damiana ohne unn\u00f6tige Zusatzstoffe erhalten. Indian Elements ist bestrebt, qualitativ hochwertige pflanzliche Produkte anzubieten, die <strong>100% nat\u00fcrlich und vegan-freundlich<\/strong>Das macht sie zu einer guten Wahl f\u00fcr alle, die Wellness-L\u00f6sungen auf pflanzlicher Basis suchen.<\/p>\n<div><\/div>\n<p><strong>Warnung:<\/strong><br \/>\nDieses Produkt ist bestimmt f\u00fcr Personen im Alter von <strong>18 und \u00e4lter<\/strong>. Au\u00dferhalb der Reichweite von Kindern aufbewahren. Damiana sollte nicht in Kombination verwendet werden mit <strong>MAO-Hemmer<\/strong>. Personen mit Nieren- oder Herzerkrankungen, hohem oder niedrigem Blutdruck, Diabetes oder Personen, die unter dem Einfluss von Medikamenten, Drogen oder Alkohol stehen, sollten die Einnahme vermeiden. Dies ist ein Nahrungserg\u00e4nzungsmittel und sollte als solches verwendet werden. Nicht verwenden, wenn das Siegel gebrochen ist.<\/p>","protected":false},"excerpt":{"rendered":"<p data-pm-slice=\"1 1 []\">Erleben Sie die nat\u00fcrlichen Vorteile von Damiana! Dieses einzigartige pflanzliche Erg\u00e4nzungsmittel ist f\u00fcr seine anregenden und aphrodisierenden Eigenschaften bekannt. Traditionell seit Jahrhunderten verwendet, kann Damiana die Libido steigern, die Stimmung verbessern und eine leicht entspannende Wirkung haben. Jetzt in praktischer Kapselform erh\u00e4ltlich, so dass Sie es leicht in Ihre t\u00e4gliche Routine einbauen k\u00f6nnen.<\/p>","protected":false},"featured_media":125960,"template":"","meta":[],"product_brand":[],"product_cat":[597,297,531,576,383,476],"product_tag":[],"class_list":{"0":"post-8989","1":"product","2":"type-product","3":"status-publish","4":"has-post-thumbnail","6":"product_cat-indian-elements","7":"product_cat-all-products","8":"product_cat-aphrodisiacs","9":"product_cat-sex-products-for-couples","10":"product_cat-sex-shop","11":"product_cat-smartshop","13":"first","14":"instock","15":"taxable","16":"shipping-taxable","17":"purchasable","18":"product-type-variable"},"_links":{"self":[{"href":"https:\/\/www.tatanka.nl\/de\/wp-json\/wp\/v2\/product\/8989","targetHints":{"allow":["GET"]}}],"collection":[{"href":"https:\/\/www.tatanka.nl\/de\/wp-json\/wp\/v2\/product"}],"about":[{"href":"https:\/\/www.tatanka.nl\/de\/wp-json\/wp\/v2\/types\/product"}],"wp:featuredmedia":[{"embeddable":true,"href":"https:\/\/www.tatanka.nl\/de\/wp-json\/wp\/v2\/media\/125960"}],"wp:attachment":[{"href":"https:\/\/www.tatanka.nl\/de\/wp-json\/wp\/v2\/media?parent=8989"}],"wp:term":[{"taxonomy":"product_brand","embeddable":true,"href":"https:\/\/www.tatanka.nl\/de\/wp-json\/wp\/v2\/product_brand?post=8989"},{"taxonomy":"product_cat","embeddable":true,"href":"https:\/\/www.tatanka.nl\/de\/wp-json\/wp\/v2\/product_cat?post=8989"},{"taxonomy":"product_tag","embeddable":true,"href":"https:\/\/www.tatanka.nl\/de\/wp-json\/wp\/v2\/product_tag?post=8989"}],"curies":[{"name":"wp","href":"https:\/\/api.w.org\/{rel}","templated":true}]}}