{"id":8991,"date":"2018-01-12T18:32:37","date_gmt":"2018-01-12T18:32:37","guid":{"rendered":"http:\/\/www.tatanka.nl\/?post_type=product&#038;p=8991"},"modified":"2025-05-20T10:36:51","modified_gmt":"2025-05-20T09:36:51","slug":"muira-puama-capsules-sex","status":"publish","type":"product","link":"https:\/\/www.tatanka.nl\/de\/muira-puama-capsules-sex\/","title":{"rendered":"Muira Puama Capsules"},"content":{"rendered":"<h2 data-pm-slice=\"1 1 []\">Was ist Muira Puama?<\/h2>\n<p>Muira Puama ist ein tropischer Baum, der im Amazonas-Regenwald in Brasilien beheimatet ist. Seine Rinde und Wurzeln werden traditionell von indigenen St\u00e4mmen f\u00fcr verschiedene gesundheitliche Vorteile verwendet, insbesondere zur Verbesserung der sexuellen Leistung und des Verlangens. Oft als \"Potency Wood\" bezeichnet, ist Muira Puama f\u00fcr seine aphrodisierenden Eigenschaften und seine F\u00e4higkeit, das Energieniveau zu erh\u00f6hen, bekannt.<\/p>\n<p>Dieses nat\u00fcrliche Kraut ist weltweit f\u00fcr seine libidosteigernde Wirkung bekannt, was es zu einem beliebten Erg\u00e4nzungsmittel f\u00fcr diejenigen macht, die ihre intimen Erfahrungen verbessern wollen. Neben seiner Rolle als Potenzmittel wird Muira Puama auch f\u00fcr seine potenziellen Vorteile beim Stressabbau und bei der Unterst\u00fctzung der Gelenkgesundheit gesch\u00e4tzt. Ob Sie Ihre Energie steigern, Spannungen abbauen oder Ihre allgemeine Vitalit\u00e4t verbessern wollen, Muira Puama k\u00f6nnte die perfekte nat\u00fcrliche L\u00f6sung sein.<\/p>\n<h2>Die Geschichte von Muira Puama<\/h2>\n<p>Muira Puama wird schon seit langem von den indigenen St\u00e4mmen des Amazonas verwendet. Seit Jahrhunderten verlassen sich diese Gemeinschaften auf die Rinde und die Wurzeln des Baumes, um verschiedene Beschwerden zu behandeln, wobei der Schwerpunkt auf der Verbesserung der sexuellen Funktion und Leistung liegt. Schamanen und Heiler im Amazonasgebiet haben Muira Puama als nat\u00fcrliches Heilmittel zur Behandlung von Impotenz, M\u00fcdigkeit und St\u00f6rungen des Nervensystems eingesetzt.<\/p>\n<p>Mit der Zeit verbreitete sich das Wissen um die Vorteile von Muira Puama \u00fcber S\u00fcdamerika hinaus. Europ\u00e4ische Entdecker und Kr\u00e4uterkundler interessierten sich im 19. Jahrhundert f\u00fcr die Pflanze, was zu weiteren Forschungen \u00fcber ihre Wirkung f\u00fchrte. Heute wird Muira Puama h\u00e4ufig in nat\u00fcrlichen Gesundheitsprodukten verwendet, um die Libido zu steigern, das Energieniveau zu erh\u00f6hen und die kognitiven Funktionen zu unterst\u00fctzen. Sein Ruf als starkes Aphrodisiakum ist ungebrochen und macht ihn zu einem Hauptbestandteil verschiedener pflanzlicher Pr\u00e4parate zur Steigerung der sexuellen Leistungsf\u00e4higkeit.<\/p>\n<h2>Wie man Muira Puama verwendet<\/h2>\n<p>Muira Puama ist meist in Kapselform erh\u00e4ltlich, um die Einnahme zu erleichtern. Die empfohlene Dosierung ist eine Kapsel pro Einnahme, begleitet von einem Glas Wasser. F\u00fcr beste Ergebnisse ist es ratsam, die Erg\u00e4nzung konsequent als Teil einer t\u00e4glichen Wellness-Routine zu nehmen.<\/p>\n<p>Dieses pflanzliche Pr\u00e4parat kann sowohl von M\u00e4nnern als auch von Frauen eingenommen werden, die eine nat\u00fcrliche Methode zur Steigerung der Libido und der allgemeinen Vitalit\u00e4t suchen. Manche Menschen bemerken die Wirkung innerhalb eines kurzen Zeitraums, w\u00e4hrend andere allm\u00e4hliche Verbesserungen im Laufe der Zeit erfahren. Muira Puama ist auch daf\u00fcr bekannt, dass es gut in Kombination mit anderen pflanzlichen Nahrungserg\u00e4nzungsmitteln, wie Damiana, wirkt, um seine Vorteile noch zu verst\u00e4rken.<\/p>\n<p>Muira Puama wird zwar in erster Linie wegen seiner aphrodisierenden Wirkung verwendet, kann aber auch eine zus\u00e4tzliche Unterst\u00fctzung bei Stress oder leichten Gelenkbeschwerden bieten. Wie bei allen Nahrungserg\u00e4nzungsmitteln wird empfohlen, die empfohlene Dosierung einzuhalten und einen Arzt zu konsultieren, wenn Sie Bedenken bez\u00fcglich der Einnahme haben.<\/p>\n<h2>Inhaltsstoffe von Muira Puama<\/h2>\n<p>Die Muira-Puama-Kapseln von Indian Elements enthalten nur einen einzigen Wirkstoff:<\/p>\n<ul data-spread=\"false\">\n<li><strong>Ptychopetalum Olacoides<\/strong> (Muira-Puama-Extrakt)<\/li>\n<\/ul>\n<p>Diese reine und nat\u00fcrliche Formulierung stellt sicher, dass Sie die maximalen Vorteile von Muira Puama ohne unn\u00f6tige Zusatzstoffe erhalten. Indian Elements ist bestrebt, hochwertige pflanzliche Produkte zu liefern, die 100% nat\u00fcrlich und vegan-freundlich sind, was sie zu einer ausgezeichneten Wahl f\u00fcr alle macht, die nach pflanzlichen Wellness-L\u00f6sungen suchen.<\/p>\n<div><\/div>\n<p><strong>Warnung:<\/strong><br \/>\nDieses Produkt ist f\u00fcr den Gebrauch durch Personen ab 18 Jahren bestimmt. Au\u00dferhalb der Reichweite von Kindern aufbewahren. Muira Puama ist ein MAO-Hemmer und sollte nicht von Personen mit Nieren- oder Herzproblemen, hohem oder niedrigem Blutdruck, Diabetes oder Personen, die unter dem Einfluss von Medikamenten, Drogen oder Alkohol stehen, verwendet werden. Dies ist ein Nahrungserg\u00e4nzungsmittel und sollte als solches verwendet werden. Nicht verwenden, wenn das Siegel gebrochen ist.<\/p>","protected":false},"excerpt":{"rendered":"<p data-pm-slice=\"1 1 []\">Entdecken Sie die nat\u00fcrliche Kraft von Muira Puama! Dieses wirksame pflanzliche Pr\u00e4parat wird seit Jahrhunderten verwendet, um die Libido zu steigern, die sexuelle Leistungsf\u00e4higkeit zu verbessern und das allgemeine Wohlbefinden zu f\u00f6rdern. Diese leicht einzunehmenden Kapseln sind f\u00fcr M\u00e4nner und Frauen gleicherma\u00dfen geeignet und bieten einen nat\u00fcrlichen Schub f\u00fcr K\u00f6rper und Geist.<\/p>","protected":false},"featured_media":125957,"template":"","meta":[],"product_brand":[],"product_cat":[597,297,531,576,383,476],"product_tag":[],"class_list":{"0":"post-8991","1":"product","2":"type-product","3":"status-publish","4":"has-post-thumbnail","6":"product_cat-indian-elements","7":"product_cat-all-products","8":"product_cat-aphrodisiacs","9":"product_cat-sex-products-for-couples","10":"product_cat-sex-shop","11":"product_cat-smartshop","13":"first","14":"instock","15":"taxable","16":"shipping-taxable","17":"purchasable","18":"product-type-variable"},"_links":{"self":[{"href":"https:\/\/www.tatanka.nl\/de\/wp-json\/wp\/v2\/product\/8991","targetHints":{"allow":["GET"]}}],"collection":[{"href":"https:\/\/www.tatanka.nl\/de\/wp-json\/wp\/v2\/product"}],"about":[{"href":"https:\/\/www.tatanka.nl\/de\/wp-json\/wp\/v2\/types\/product"}],"wp:featuredmedia":[{"embeddable":true,"href":"https:\/\/www.tatanka.nl\/de\/wp-json\/wp\/v2\/media\/125957"}],"wp:attachment":[{"href":"https:\/\/www.tatanka.nl\/de\/wp-json\/wp\/v2\/media?parent=8991"}],"wp:term":[{"taxonomy":"product_brand","embeddable":true,"href":"https:\/\/www.tatanka.nl\/de\/wp-json\/wp\/v2\/product_brand?post=8991"},{"taxonomy":"product_cat","embeddable":true,"href":"https:\/\/www.tatanka.nl\/de\/wp-json\/wp\/v2\/product_cat?post=8991"},{"taxonomy":"product_tag","embeddable":true,"href":"https:\/\/www.tatanka.nl\/de\/wp-json\/wp\/v2\/product_tag?post=8991"}],"curies":[{"name":"wp","href":"https:\/\/api.w.org\/{rel}","templated":true}]}}