{"id":9002,"date":"2018-01-13T09:47:22","date_gmt":"2018-01-13T09:47:22","guid":{"rendered":"http:\/\/www.tatanka.nl\/?post_type=product&#038;p=9002"},"modified":"2025-05-20T10:35:52","modified_gmt":"2025-05-20T09:35:52","slug":"muira-puama-herbs","status":"publish","type":"product","link":"https:\/\/www.tatanka.nl\/de\/muira-puama-herbs\/","title":{"rendered":"Muira Puama Herbs"},"content":{"rendered":"<h2>Was ist Muira Puama?<\/h2>\n<p>Muira Puama (Ptychopetalum Olacoides) ist ein tropisches Kraut, das im brasilianischen Amazonas-Regenwald heimisch ist. Diese Pflanze wird seit Jahrhunderten von indigenen St\u00e4mmen f\u00fcr ihre bemerkenswerte Wirkung auf die sexuelle Gesundheit und Vitalit\u00e4t gefeiert. Bekannt als \"Potency Wood\", ist Muira Puama ein starkes Aphrodisiakum, das die Libido steigert und die sexuelle Funktion sowohl bei M\u00e4nnern als auch bei Frauen verbessert.<\/p>\n<p>Neben den Vorteilen f\u00fcr die sexuelle Gesundheit ist Muira Puama auch f\u00fcr seine F\u00e4higkeit bekannt, Stress abzubauen und Gelenkschmerzen zu lindern, was es zu einem vielseitigen Kraut f\u00fcr das allgemeine Wohlbefinden macht. Das Kraut wird meist als Tee konsumiert, wo seine beruhigende Wirkung schnell sp\u00fcrbar ist. Ob Sie Ihre Intimit\u00e4t verbessern oder einfach nur eine ausgeglichene Stimmung f\u00f6rdern wollen, Muira Puama bietet eine nat\u00fcrliche L\u00f6sung. Seine sanften und doch wirksamen Eigenschaften haben es zu einer beliebten Wahl bei denjenigen gemacht, die sowohl ihre k\u00f6rperliche als auch ihre geistige Gesundheit unterst\u00fctzen wollen.<\/p>\n<h2>Geschichte von Muira Puama<\/h2>\n<p>Muira Puama hat eine lange Tradition in den indigenen Kulturen des Amazonasgebiets. Seit Jahrhunderten werden die Rinde und die Wurzeln des Muira-Puama-Baums wegen ihrer medizinischen Eigenschaften verwendet, insbesondere als Aphrodisiakum zur Steigerung der sexuellen Lust und Leistung. Die Pflanze verdiente sich den Namen \"Potency Wood\" aufgrund ihrer starken libidosteigernden Wirkung, die von den indigenen V\u00f6lkern seit Generationen gesch\u00e4tzt wird.<\/p>\n<p>In der traditionellen brasilianischen Medizin wurde Muira Puama auch zur Behandlung einer Vielzahl von Beschwerden wie M\u00fcdigkeit, Stress und Gelenkschmerzen eingesetzt. Seine belebende Wirkung auf K\u00f6rper und Geist machte es zu einem unverzichtbaren Kraut in den lokalen Heilpraktiken. Im Laufe der Jahre hat sich der Ruf des Krauts weltweit verbreitet, und es wird heute h\u00e4ufig als Nahrungserg\u00e4nzungsmittel zur Unterst\u00fctzung der sexuellen Gesundheit, der geistigen Klarheit und der allgemeinen Vitalit\u00e4t verwendet.<\/p>\n<p>Da nat\u00fcrliche Heilmittel immer mehr Beachtung finden, wird Muira Puama weiterhin als ein starkes und wirksames Kraut zur Verbesserung des k\u00f6rperlichen und geistigen Wohlbefindens verehrt.<\/p>\n<h2>Wie man Muira Puama verwendet<\/h2>\n<p>Muira Puama wird am h\u00e4ufigsten in Form von Tee konsumiert, der als die effektivste Art gilt, um seine Vorteile zu erfahren. Um den Tee zuzubereiten, lassen Sie 1 Gramm Muira Puama in hei\u00dfem Wasser ziehen und genie\u00dfen ihn t\u00e4glich. Diese Dosierung wird f\u00fcr diejenigen empfohlen, die ihre Libido steigern, Stress abbauen oder Gelenkschmerzen lindern wollen. Regelm\u00e4\u00dfige Einnahme ist der Schl\u00fcssel, um die volle Wirkung dieses Krauts zu erfahren.<\/p>\n<p>F\u00fcr diejenigen, die andere Verzehrmethoden bevorzugen, kann Muira Puama mit Kr\u00e4utern wie Damiana kombiniert werden, um seine aphrodisierenden Eigenschaften zu verst\u00e4rken. Au\u00dferdem kann es je nach pers\u00f6nlicher Vorliebe in Form von Tinkturen oder Kapseln konsumiert werden. Eine konsequente Einnahme von Muira Puama wird empfohlen, um die besten Ergebnisse zu erzielen, da seine Vorteile mit der Zeit immer deutlicher werden.<\/p>\n<p>Halten Sie sich immer an die empfohlene Dosierung und beobachten Sie, wie Ihr K\u00f6rper auf das Kraut reagiert. Muira Puama kann ein effektiver Teil Ihrer t\u00e4glichen Routine werden und sowohl Ihre geistige als auch Ihre k\u00f6rperliche Gesundheit unterst\u00fctzen.<\/p>\n<h2>Inhaltsstoffe von Muira Puama<\/h2>\n<p>Der Wirkstoff in Muira Puama ist Ptychopetalum Olacoides, eine tropische Pflanze, die reich an bioaktiven Verbindungen ist. Es wird angenommen, dass diese Verbindungen, insbesondere Alkaloide, f\u00fcr die aphrodisierenden, stresslindernden und gelenkschmerzlindernden Eigenschaften von Muira Puama verantwortlich sind. Die Rinde und die Wurzeln der Pflanze enthalten diese nat\u00fcrlichen Substanzen, die mit dem K\u00f6rper interagieren, um die sexuelle Funktion zu verbessern, die Libido zu steigern und das allgemeine Wohlbefinden zu f\u00f6rdern.<\/p>\n<p>Zus\u00e4tzlich zu den Vorteilen f\u00fcr die sexuelle Gesundheit besitzt Muira Puama entz\u00fcndungshemmende und schmerzlindernde Eigenschaften, die helfen, Gelenk- und Muskelbeschwerden zu lindern. Diese bioaktiven Verbindungen wirken synergetisch, um einen abgerundeten Nutzen f\u00fcr die Gesundheit zu bieten, was Muira Puama zu einer ausgezeichneten Wahl f\u00fcr alle macht, die eine nat\u00fcrliche Unterst\u00fctzung sowohl f\u00fcr die sexuelle Vitalit\u00e4t als auch f\u00fcr die allgemeine Gesundheit suchen.<\/p>\n<p>Durch die Kombination seiner Wirkungen auf die sexuelle Verbesserung, den Stressabbau und die Verringerung von Gelenkschmerzen wird Muira Puama zu einer beliebten Wahl f\u00fcr Menschen, die nach einer ganz nat\u00fcrlichen Wellness-L\u00f6sung suchen.<\/p>\n<p><strong>Warnung:<\/strong><br \/>\nMuira Puama ist f\u00fcr Erwachsene ab 18 Jahren bestimmt. Au\u00dferhalb der Reichweite von Kindern aufbewahren. Da es sich um einen MAO-Hemmer handelt, sollte es nicht von Personen mit Nieren- oder Herzproblemen, hohem oder niedrigem Blutdruck, Diabetes oder Personen, die unter dem Einfluss von Medikamenten, Drogen oder Alkohol stehen, verwendet werden. Dieses Kraut ist ein Nahrungserg\u00e4nzungsmittel, kein Medikament, und sollte auch als solches verwendet werden. Kaufen Sie nicht, wenn das Siegel gebrochen ist.<\/p>","protected":false},"excerpt":{"rendered":"<p>Muira Puama ist ein starkes aphrodisierendes Kraut, das in Brasilien beheimatet und daf\u00fcr bekannt ist, die Libido zu steigern und die sexuelle Leistungsf\u00e4higkeit zu verbessern. Dieses nat\u00fcrliche Heilmittel wird aus der Rinde und den Wurzeln des Muira-Puama-Baums gewonnen und hilft auch, Stress und Gelenkschmerzen zu lindern. Es wird \u00fcblicherweise als Tee getrunken und kann sowohl M\u00e4nnern als auch Frauen zugute kommen.<\/p>","protected":false},"featured_media":125951,"template":"","meta":[],"product_brand":[],"product_cat":[597,297,531,576,383,476],"product_tag":[],"class_list":{"0":"post-9002","1":"product","2":"type-product","3":"status-publish","4":"has-post-thumbnail","6":"product_cat-indian-elements","7":"product_cat-all-products","8":"product_cat-aphrodisiacs","9":"product_cat-sex-products-for-couples","10":"product_cat-sex-shop","11":"product_cat-smartshop","13":"first","14":"instock","15":"taxable","16":"shipping-taxable","17":"purchasable","18":"product-type-variable"},"_links":{"self":[{"href":"https:\/\/www.tatanka.nl\/de\/wp-json\/wp\/v2\/product\/9002","targetHints":{"allow":["GET"]}}],"collection":[{"href":"https:\/\/www.tatanka.nl\/de\/wp-json\/wp\/v2\/product"}],"about":[{"href":"https:\/\/www.tatanka.nl\/de\/wp-json\/wp\/v2\/types\/product"}],"wp:featuredmedia":[{"embeddable":true,"href":"https:\/\/www.tatanka.nl\/de\/wp-json\/wp\/v2\/media\/125951"}],"wp:attachment":[{"href":"https:\/\/www.tatanka.nl\/de\/wp-json\/wp\/v2\/media?parent=9002"}],"wp:term":[{"taxonomy":"product_brand","embeddable":true,"href":"https:\/\/www.tatanka.nl\/de\/wp-json\/wp\/v2\/product_brand?post=9002"},{"taxonomy":"product_cat","embeddable":true,"href":"https:\/\/www.tatanka.nl\/de\/wp-json\/wp\/v2\/product_cat?post=9002"},{"taxonomy":"product_tag","embeddable":true,"href":"https:\/\/www.tatanka.nl\/de\/wp-json\/wp\/v2\/product_tag?post=9002"}],"curies":[{"name":"wp","href":"https:\/\/api.w.org\/{rel}","templated":true}]}}