{"id":130971,"date":"2025-07-15T08:39:57","date_gmt":"2025-07-15T07:39:57","guid":{"rendered":"https:\/\/www.tatanka.nl\/?page_id=130971"},"modified":"2026-03-25T11:28:53","modified_gmt":"2026-03-25T10:28:53","slug":"discount","status":"publish","type":"page","link":"https:\/\/www.tatanka.nl\/es\/discount\/","title":{"rendered":"Descuento"},"content":{"rendered":"<div id=\"text-2755168567\" class=\"text\">\n\t\t\n\n<h1>\u00daltimos descuentos<\/h1>\n\t\t\n<style>\n#text-2755168567 {\n  line-height: 1.5;\n  text-align: center;\n}\n<\/style>\n\t<\/div>\n\t\n<p style=\"text-align: center;\">Disfruta de grandes ahorros en tus productos favoritos de Tatanka con nuestros \u00faltimos c\u00f3digos de descuento. Actualizamos regularmente esta p\u00e1gina para ofrecerte las ofertas m\u00e1s actuales, as\u00ed que cons\u00faltala a menudo. Aprovecha tu descuento mientras dure. \u00a1Feliz compra y disfruta de tus ahorros!<\/p>\n<div class=\"is-divider divider clearfix\" style=\"max-width:100%;height:1px;\"><\/div>\n\n<div class=\"row\"  id=\"row-595390535\">\n\n\n\t<div id=\"col-2022918220\" class=\"col medium-6 small-12 large-6\"  >\n\t\t\t\t<div class=\"col-inner\"  >\n\t\t\t\n\t\t\t\n\n\n  <div class=\"banner has-hover\" id=\"banner-1907509667\">\n          <div class=\"banner-inner fill\">\n        <div class=\"banner-bg fill\" >\n            <img loading=\"lazy\" decoding=\"async\" width=\"2560\" height=\"732\" src=\"https:\/\/www.tatanka.nl\/wp-content\/uploads\/2026\/03\/Bunnys-Best-Shroomdeals_Wide_Steve_V3-scaled.png\" class=\"bg attachment-original size-original\" alt=\"- Tatanka.nl\" title=\"- Tatanka.nl\">                                    \n                    <\/div>\n\t\t\n        <div class=\"banner-layers container\">\n            <a class=\"fill\" href=\"https:\/\/www.tatanka.nl\/es\/shroomshop\/\"><div class=\"fill banner-link\"><\/div><\/a>            \n\n\n        <\/div>\n      <\/div>\n\n            \n<style>\n#banner-1907509667 {\n  padding-top: 146px;\n}\n<\/style>\n  <\/div>\n\n\n<div class=\"is-divider divider clearfix\" style=\"height:0px;\"><\/div>\n\n<h2>Las mejores ofertas de setas del conejito<\/h2>\n<p class=\"p1\">\u00a1La primavera ya est\u00e1 aqu\u00ed! Disfruta de 25% de descuento en toda la shroomshop* y descubre o abast\u00e9cete de tus productos favoritos. \u00a1No te pierdas esta oferta de temporada! Esta promoci\u00f3n est\u00e1 activa hasta el 20 de abril.<\/p>\n<p><em>* No v\u00e1lido en combinaci\u00f3n con otras promociones.\u00a0<\/em><\/p>\n<div class=\"row\"  id=\"row-1540127134\">\n\n\n\t<div id=\"col-1727266911\" class=\"col medium-6 small-7 large-6\"  >\n\t\t\t\t<div class=\"col-inner\"  >\n\t\t\t\n\t\t\t\n\n<a href=\"https:\/\/www.tatanka.nl\/es\/shroomshop\/\" class=\"button primary\" >\n\t\t<span>Ir al descuento<\/span>\n\t<\/a>\n\n\n\n\t\t<\/div>\n\t\t\t\t\t<\/div>\n\n\t\n\n\t<div id=\"col-1976264561\" class=\"col medium-6 small-5 large-6\"  >\n\t\t\t\t<div class=\"col-inner text-right\"  >\n\t\t\t\n\t\t\t\n\n<a class=\"button success\" >\n\t\t<span>Activo<\/span>\n\t<i class=\"icon-checkmark\" aria-hidden=\"true\"><\/i><\/a>\n\n\n\n\t\t<\/div>\n\t\t\t\t\t<\/div>\n\n\t\n\n<\/div>\n<div class=\"is-divider divider clearfix\" style=\"max-width:100%;height:1px;\"><\/div>\n\n\n\t\t<\/div>\n\t\t\t\t\t<\/div>\n\n\t\n\n\t<div id=\"col-1224935406\" class=\"col medium-6 small-12 large-6\"  >\n\t\t\t\t<div class=\"col-inner\"  >\n\t\t\t\n\t\t\t\n\n\n  <div class=\"banner has-hover\" id=\"banner-178089661\">\n          <div class=\"banner-inner fill\">\n        <div class=\"banner-bg fill\" >\n            <img loading=\"lazy\" decoding=\"async\" width=\"1610\" height=\"460\" src=\"https:\/\/www.tatanka.nl\/wp-content\/uploads\/2025\/07\/Bulkactie_wide_v2.jpg\" class=\"bg attachment-medium size-medium\" alt=\"- Tatanka.nl\" title=\"- Tatanka.nl\">                                    \n                    <\/div>\n\t\t\n        <div class=\"banner-layers container\">\n            <a class=\"fill\" href=\"https:\/\/www.tatanka.nl\/es\/shroomshop\/magic-mushroom-grow-kits\/\"><div class=\"fill banner-link\"><\/div><\/a>            \n\n\n        <\/div>\n      <\/div>\n\n            \n<style>\n#banner-178089661 {\n  padding-top: 146px;\n}\n<\/style>\n  <\/div>\n\n\n<div class=\"is-divider divider clearfix\" style=\"height:0px;\"><\/div>\n\n<h2><strong>Kit de cultivo de setas m\u00e1gicas<\/strong><\/h2>\n<p>Para los aficionados al bricolaje y los amantes de la naturaleza. Viva una experiencia m\u00e1gica con nuestras trufas de alta calidad. Es muy sencillo: cuanto m\u00e1s compres, m\u00e1s ahorras*.\u00a0<\/p>\n<p><em>* No v\u00e1lido en combinaci\u00f3n con otras promociones.\u00a0<\/em><\/p>\n<div class=\"row\"  id=\"row-31496093\">\n\n\n\t<div id=\"col-1379383202\" class=\"col medium-6 small-7 large-6\"  >\n\t\t\t\t<div class=\"col-inner\"  >\n\t\t\t\n\t\t\t\n\n<a href=\"https:\/\/www.tatanka.nl\/es\/shroomshop\/magic-mushroom-grow-kits\/\" class=\"button primary\" >\n\t\t<span>Ir al descuento<\/span>\n\t<\/a>\n\n\n\n\t\t<\/div>\n\t\t\t\t\t<\/div>\n\n\t\n\n\t<div id=\"col-255964940\" class=\"col medium-6 small-5 large-6\"  >\n\t\t\t\t<div class=\"col-inner text-right\"  >\n\t\t\t\n\t\t\t\n\n<a class=\"button success\" >\n\t\t<span>Activo<\/span>\n\t<i class=\"icon-checkmark\" aria-hidden=\"true\"><\/i><\/a>\n\n\n\n\t\t<\/div>\n\t\t\t\t\t<\/div>\n\n\t\n\n<\/div>\n<div class=\"is-divider divider clearfix\" style=\"max-width:100%;height:1px;\"><\/div>\n\n\n\t\t<\/div>\n\t\t\t\t\t<\/div>\n\n\t\n\n<\/div>\n<div class=\"row\"  id=\"row-741310069\">\n\n\n\t<div id=\"col-1442615750\" class=\"col medium-6 small-12 large-6\"  >\n\t\t\t\t<div class=\"col-inner\"  >\n\t\t\t\n\t\t\t\n\n\n  <div class=\"banner has-hover\" id=\"banner-1763015284\">\n          <div class=\"banner-inner fill\">\n        <div class=\"banner-bg fill\" >\n            <img loading=\"lazy\" decoding=\"async\" width=\"1610\" height=\"460\" src=\"https:\/\/www.tatanka.nl\/wp-content\/uploads\/2025\/07\/Bulkactie_wide_v3.jpg\" class=\"bg attachment-medium size-medium\" alt=\"- Tatanka.nl\" title=\"- Tatanka.nl\">                                    \n                    <\/div>\n\t\t\n        <div class=\"banner-layers container\">\n            <a class=\"fill\" href=\"https:\/\/www.tatanka.nl\/es\/shroomshop\/magic-truffles\/\"><div class=\"fill banner-link\"><\/div><\/a>            \n\n\n        <\/div>\n      <\/div>\n\n            \n<style>\n#banner-1763015284 {\n  padding-top: 146px;\n}\n<\/style>\n  <\/div>\n\n\n<div class=\"is-divider divider clearfix\" style=\"height:0px;\"><\/div>\n\n<h2><strong>Trufas m\u00e1gicas a granel con descuento<\/strong><\/h2>\n<p>Para los aventureros y exploradores. Viva una experiencia m\u00e1gica con nuestras trufas de alta calidad. Es sencillo: cuanto m\u00e1s compres, m\u00e1s ahorras*.\u00a0<\/p>\n<p><em>* No v\u00e1lido en combinaci\u00f3n con otras promociones.<\/em><\/p>\n<div class=\"row\"  id=\"row-511390251\">\n\n\n\t<div id=\"col-435501275\" class=\"col medium-6 small-7 large-6\"  >\n\t\t\t\t<div class=\"col-inner\"  >\n\t\t\t\n\t\t\t\n\n<a href=\"https:\/\/www.tatanka.nl\/es\/shroomshop\/magic-truffles\/\" class=\"button primary\" >\n\t\t<span>Ir al descuento<\/span>\n\t<\/a>\n\n\n\n\t\t<\/div>\n\t\t\t\t\t<\/div>\n\n\t\n\n\t<div id=\"col-228007709\" class=\"col medium-6 small-5 large-6\"  >\n\t\t\t\t<div class=\"col-inner text-right\"  >\n\t\t\t\n\t\t\t\n\n<a class=\"button success\" >\n\t\t<span>Activo<\/span>\n\t<i class=\"icon-checkmark\" aria-hidden=\"true\"><\/i><\/a>\n\n\n\n\t\t<\/div>\n\t\t\t\t\t<\/div>\n\n\t\n\n<\/div>\n<div class=\"is-divider divider clearfix\" style=\"max-width:100%;height:1px;\"><\/div>\n\n\n\t\t<\/div>\n\t\t\t\t\t<\/div>\n\n\t\n\n\t<div id=\"col-1857789883\" class=\"col medium-6 small-12 large-6\"  >\n\t\t\t\t<div class=\"col-inner\"  >\n\t\t\t\n\t\t\t\n\n\n  <div class=\"banner has-hover\" id=\"banner-1341615424\">\n          <div class=\"banner-inner fill\">\n        <div class=\"banner-bg fill\" >\n            <img loading=\"lazy\" decoding=\"async\" width=\"1610\" height=\"460\" src=\"https:\/\/www.tatanka.nl\/wp-content\/uploads\/2025\/07\/Bulkactie_wide_v1.jpg\" class=\"bg attachment-medium size-medium\" alt=\"- Tatanka.nl\" title=\"- Tatanka.nl\">                                    \n                    <\/div>\n\t\t\n        <div class=\"banner-layers container\">\n            <a class=\"fill\" href=\"https:\/\/www.tatanka.nl\/es\/shroomshop\/magic-mushroom-spore-syringes\/\"><div class=\"fill banner-link\"><\/div><\/a>            \n\n\n        <\/div>\n      <\/div>\n\n            \n<style>\n#banner-1341615424 {\n  padding-top: 146px;\n}\n<\/style>\n  <\/div>\n\n\n<div class=\"is-divider divider clearfix\" style=\"height:0px;\"><\/div>\n\n<h2><strong>Esporas de hongos m\u00e1gicos descuento a granel<\/strong><\/h2>\n<p>Para los expertos conocedores y coleccionistas. Viva una experiencia m\u00e1gica con nuestras trufas de alta calidad. Es muy sencillo: cuanto m\u00e1s compre, m\u00e1s ahorrar\u00e1*.\u00a0<\/p>\n<p><em>* No v\u00e1lido en combinaci\u00f3n con otras promociones.<\/em><\/p>\n<div class=\"row\"  id=\"row-387395539\">\n\n\n\t<div id=\"col-677043521\" class=\"col medium-6 small-7 large-6\"  >\n\t\t\t\t<div class=\"col-inner\"  >\n\t\t\t\n\t\t\t\n\n<a href=\"https:\/\/www.tatanka.nl\/es\/shroomshop\/magic-mushroom-spore-syringes\/\" class=\"button primary\" >\n\t\t<span>Ir al descuento<\/span>\n\t<\/a>\n\n\n\n\t\t<\/div>\n\t\t\t\t\t<\/div>\n\n\t\n\n\t<div id=\"col-1650921093\" class=\"col medium-6 small-5 large-6\"  >\n\t\t\t\t<div class=\"col-inner text-right\"  >\n\t\t\t\n\t\t\t\n\n<a class=\"button success\" >\n\t\t<span>Activo<\/span>\n\t<i class=\"icon-checkmark\" aria-hidden=\"true\"><\/i><\/a>\n\n\n\n\t\t<\/div>\n\t\t\t\t\t<\/div>\n\n\t\n\n<\/div>\n<div class=\"is-divider divider clearfix\" style=\"max-width:100%;height:1px;\"><\/div>\n\n\n\t\t<\/div>\n\t\t\t\t\t<\/div>\n\n\t\n\n<\/div>\n\n\t<div id=\"text-2552188626\" class=\"text\">\n\t\t\n\n<h3><strong>Condiciones generales<\/strong><\/h3>\n\t\t\n<style>\n#text-2552188626 {\n  font-size: 1.55rem;\n  line-height: 0.75;\n}\n<\/style>\n\t<\/div>\n\t\n<p>Entendemos que a todo el mundo le gusta una buena ganga, y por eso hemos hecho nuestra misi\u00f3n de traerte c\u00f3digos de descuento especiales de Tatanka. Para asegurarnos que todo el mundo entiende los descuentos de Tatanks encontrar\u00e1s los t\u00e9rminos y condiciones de los descuentos debajo.\u00a0<\/p>\n<p>Todas las ofertas est\u00e1n sujetas a disponibilidad y pueden cambiar durante el periodo promocional especificado. Los pedidos deben realizarse mientras la oferta est\u00e9 activa y disponible. Las ofertas actuales no pueden canjearse por productos alternativos ni por dinero en efectivo. Los descuentos por volumen se aplicar\u00e1n autom\u00e1ticamente. Los descuentos por volumen s\u00f3lo se aplican en l\u00ednea. Durante las grandes promociones, los descuentos por volumen se desactivan temporalmente. Nos esforzamos por proporcionar informaci\u00f3n precisa en todo momento, pero no somos responsables de ning\u00fan error u omisi\u00f3n. Nos reservamos el derecho a modificar detalles, descripciones y disponibilidad de ofertas y productos.<\/p>","protected":false},"excerpt":{"rendered":"","protected":false},"author":7496,"featured_media":0,"parent":0,"menu_order":0,"comment_status":"closed","ping_status":"closed","template":"","meta":{"footnotes":""},"class_list":["post-130971","page","type-page","status-publish","hentry"],"_links":{"self":[{"href":"https:\/\/www.tatanka.nl\/es\/wp-json\/wp\/v2\/pages\/130971","targetHints":{"allow":["GET"]}}],"collection":[{"href":"https:\/\/www.tatanka.nl\/es\/wp-json\/wp\/v2\/pages"}],"about":[{"href":"https:\/\/www.tatanka.nl\/es\/wp-json\/wp\/v2\/types\/page"}],"author":[{"embeddable":true,"href":"https:\/\/www.tatanka.nl\/es\/wp-json\/wp\/v2\/users\/7496"}],"replies":[{"embeddable":true,"href":"https:\/\/www.tatanka.nl\/es\/wp-json\/wp\/v2\/comments?post=130971"}],"version-history":[{"count":59,"href":"https:\/\/www.tatanka.nl\/es\/wp-json\/wp\/v2\/pages\/130971\/revisions"}],"predecessor-version":[{"id":138572,"href":"https:\/\/www.tatanka.nl\/es\/wp-json\/wp\/v2\/pages\/130971\/revisions\/138572"}],"wp:attachment":[{"href":"https:\/\/www.tatanka.nl\/es\/wp-json\/wp\/v2\/media?parent=130971"}],"curies":[{"name":"wp","href":"https:\/\/api.w.org\/{rel}","templated":true}]}}