{"id":15152,"date":"2018-04-23T12:47:56","date_gmt":"2018-04-23T12:47:56","guid":{"rendered":"http:\/\/www.tatanka.nl\/?page_id=15152"},"modified":"2023-11-22T17:53:00","modified_gmt":"2023-11-22T15:53:00","slug":"about-us","status":"publish","type":"page","link":"https:\/\/www.tatanka.nl\/es\/about-us\/","title":{"rendered":"Sobre Tatanka"},"content":{"rendered":"<div id=\"gap-607650446\" class=\"gap-element clearfix\" style=\"display:block; height:auto;\">\n\t\t\n<style>\n#gap-607650446 {\n  padding-top: 30px;\n}\n<\/style>\n\t<\/div>\n\t\n\n<div class=\"container section-title-container\" ><h3 class=\"section-title section-title-normal\"><b aria-hidden=\"true\"><\/b><span class=\"section-title-main\" style=\"font-size:149%;\">Sobre Tatanka<\/span><b aria-hidden=\"true\"><\/b><\/h3><\/div>\n\n<div class=\"row\"  id=\"row-897515283\">\n\n\n\t<div id=\"col-1765019635\" class=\"col medium-8 small-12 large-8\"  >\n\t\t\t\t<div class=\"col-inner\"  >\n\t\t\t\n\t\t\t\n\n<h2 data-animated=\"true\" data-animate=\"fadeInLeft\">La experiencia Tatanka desde 1995<\/h2>\n<p data-animated=\"true\" data-animate=\"fadeInLeft\">Quienes deseen vivir una aut\u00e9ntica \"experiencia \u00c1msterdam\" no pueden pasar por alto la tienda inteligente Tatanka. Tatanka es una palabra de los indios nativos americanos que significa b\u00fafalo, un animal t\u00f3tem con la capacidad de guiar a las personas hacia un esp\u00edritu fuerte e independiente.<\/p>\n<p data-animated=\"true\" data-animate=\"fadeInLeft\">Y de hecho, \u00a1esa es precisamente la misi\u00f3n de Tatanka Smartshop! No en vano se respira un ambiente de apertura y tolerancia en nuestra tienda repleta de productos naturales. Tanto si buscas trufas m\u00e1gicas frescas para una experiencia intensa y euf\u00f3rica, liquid-xtc para un subid\u00f3n de energ\u00eda o hierbas para intensificar tu vida sexual: \u00a1Tatanka lo tiene!<\/p>\n\n\t\t<\/div>\n\t\t\t\t\t<\/div>\n\n\t\n\n\t<div id=\"col-1536982999\" class=\"col medium-4 small-12 large-4 small-col-first\"  >\n\t\t\t\t<div class=\"col-inner\"  >\n\t\t\t\n\t\t\t\n\n\t<div class=\"img has-hover x md-x lg-x y md-y lg-y\" id=\"image_1352007310\">\n\t\t\t\t\t\t\t\t<div class=\"img-inner dark\" >\n\t\t\t<img loading=\"lazy\" decoding=\"async\" width=\"512\" height=\"512\" src=\"https:\/\/www.tatanka.nl\/wp-content\/uploads\/2018\/05\/Tatanka-Logo-512x512.jpg\" class=\"attachment-original size-original\" alt=\"- Tatanka.nl\" srcset=\"https:\/\/www.tatanka.nl\/wp-content\/uploads\/2018\/05\/Tatanka-Logo-512x512.jpg 512w, https:\/\/www.tatanka.nl\/wp-content\/uploads\/2018\/05\/Tatanka-Logo-512x512-420x420.jpg 420w, https:\/\/www.tatanka.nl\/wp-content\/uploads\/2018\/05\/Tatanka-Logo-512x512-100x100.jpg 100w, https:\/\/www.tatanka.nl\/wp-content\/uploads\/2018\/05\/Tatanka-Logo-512x512-64x64.jpg 64w, https:\/\/www.tatanka.nl\/wp-content\/uploads\/2018\/05\/Tatanka-Logo-512x512-380x380.jpg 380w\" sizes=\"auto, (max-width: 512px) 100vw, 512px\" title=\"- Tatanka.nl\">\t\t\t\t\t\t\n\t\t\t\t\t<\/div>\n\t\t\t\t\t\t\t\t\n<style>\n#image_1352007310 {\n  width: 100%;\n}\n<\/style>\n\t<\/div>\n\t\n\n\t<div id=\"gap-801028796\" class=\"gap-element clearfix\" style=\"display:block; height:auto;\">\n\t\t\n<style>\n#gap-801028796 {\n  padding-top: 10px;\n}\n<\/style>\n\t<\/div>\n\t\n\n\n\t\t<\/div>\n\t\t\t\t\t<\/div>\n\n\t\n\n<\/div>\n\n\t<section class=\"section dark\" id=\"section_386939692\">\n\t\t<div class=\"section-bg fill\" >\n\t\t\t\t\t\t\t\t\t\n\t\t\t\n\n\t\t<\/div>\n\n\t\t\n\n\t\t<div class=\"section-content relative\">\n\t\t\t\n\n<div class=\"row row-large align-middle\"  id=\"row-1284412833\">\n\n\n\t<div id=\"col-1207343765\" class=\"col medium-6 small-12 large-6\"  >\n\t\t\t\t<div class=\"col-inner text-center\"  >\n\t\t\t\n\t\t\t\n\n\t<div class=\"img has-hover x md-x lg-x y md-y lg-y\" id=\"image_489067861\">\n\t\t\t\t\t\t\t\t<div class=\"img-inner image-cover dark\" style=\"padding-top:75%;\">\n\t\t\t<img loading=\"lazy\" decoding=\"async\" width=\"1440\" height=\"404\" src=\"https:\/\/www.tatanka.nl\/wp-content\/uploads\/2018\/05\/Trip-Capsules-and-Liquid.jpg\" class=\"attachment-original size-original\" alt=\"- Tatanka.nl\" srcset=\"https:\/\/www.tatanka.nl\/wp-content\/uploads\/2018\/05\/Trip-Capsules-and-Liquid.jpg 1440w, https:\/\/www.tatanka.nl\/wp-content\/uploads\/2018\/05\/Trip-Capsules-and-Liquid-420x118.jpg 420w, https:\/\/www.tatanka.nl\/wp-content\/uploads\/2018\/05\/Trip-Capsules-and-Liquid-64x18.jpg 64w, https:\/\/www.tatanka.nl\/wp-content\/uploads\/2018\/05\/Trip-Capsules-and-Liquid-600x168.jpg 600w, https:\/\/www.tatanka.nl\/wp-content\/uploads\/2018\/05\/Trip-Capsules-and-Liquid-768x215.jpg 768w, https:\/\/www.tatanka.nl\/wp-content\/uploads\/2018\/05\/Trip-Capsules-and-Liquid-800x224.jpg 800w\" sizes=\"auto, (max-width: 1440px) 100vw, 1440px\" title=\"- Tatanka.nl\">\t\t\t\t\t\t\n\t\t\t\t\t<\/div>\n\t\t\t\t\t\t\t\t\n<style>\n#image_489067861 {\n  width: 100%;\n}\n<\/style>\n\t<\/div>\n\t\n\n\t<div id=\"gap-1573576090\" class=\"gap-element clearfix\" style=\"display:block; height:auto;\">\n\t\t\n<style>\n#gap-1573576090 {\n  padding-top: 10px;\n}\n<\/style>\n\t<\/div>\n\t\n\n\n\t\t<\/div>\n\t\t\t\t\t<\/div>\n\n\t\n\n\t<div id=\"col-1385731810\" class=\"col medium-6 small-12 large-6\"  >\n\t\t\t\t<div class=\"col-inner text-left\"  >\n\t\t\t\n\t\t\t\n\n<h2 data-animated=\"true\" data-animate=\"fadeInLeft\">Su experimentado gu\u00eda desde \u00c1msterdam.<\/h2>\n<p data-animated=\"true\" data-animate=\"fadeInLeft\">Lo bueno es que Tatanka no es s\u00f3lo un lugar donde entras a comprar productos psicoactivos, uppers, downers, cbd y m\u00e1s, sino que tambi\u00e9n puedes obtener m\u00e1s informaci\u00f3n aqu\u00ed. Y eso es exactamente lo que hace diferente a Tatanka. Puedes confiar en nuestro equipo para un asesoramiento honesto y experto.<\/p>\n<p data-animated=\"true\" data-animate=\"fadeInLeft\">Aqu\u00ed estar\u00e1s en el lugar adecuado si quieres saber qu\u00e9 efecto tiene un producto en tu mente y qu\u00e9 influencia puede tener en tus sentimientos y tu comportamiento.<\/p>\n\n\t\t<\/div>\n\t\t\t\t\t<\/div>\n\n\t\n\n<\/div>\n\n\t\t<\/div>\n\n\t\t\n<style>\n#section_386939692 {\n  padding-top: 60px;\n  padding-bottom: 60px;\n  background-color: rgb(0,0,0);\n}\n<\/style>\n\t<\/section>\n\t\n\n\t<section class=\"section\" id=\"section_524551233\">\n\t\t<div class=\"section-bg fill\" >\n\t\t\t\t\t\t\t\t\t\n\t\t\t\n\t<div class=\"is-border\"\n\t\tstyle=\"border-width:0px 0px 0px 0px;\">\n\t<\/div>\n\n\t\t<\/div>\n\n\t\t\n\n\t\t<div class=\"section-content relative\">\n\t\t\t\n\n<div class=\"row row-large align-middle\"  id=\"row-1615816664\">\n\n\n\t<div id=\"col-1578044779\" class=\"col medium-6 small-12 large-6\"  >\n\t\t\t\t<div class=\"col-inner text-left\"  >\n\t\t\t\n\t\t\t\n\n<h2 data-animated=\"true\" data-animate=\"fadeInLeft\">Visite nuestras tiendas Tatanka en \u00c1msterdam<\/h2>\n<p data-animated=\"true\" data-animate=\"fadeInLeft\">\u00bfEst\u00e1 de visita en \u00c1msterdam? Entonces le invitamos a visitar una de nuestras tiendas de \u00c1msterdam. \u00a1Tenemos 3 tiendas! Los productos que encuentres en la tienda online de Tatanka, tambi\u00e9n los encontrar\u00e1s en nuestras tiendas de \u00c1msterdam. <span id=\"ext-gen2322\"><\/span>Vive la aut\u00e9ntica experiencia de \u00c1msterdam \u00a1Estamos preparados!<\/p>\n<a href=\"https:\/\/www.tatanka.nl\/es\/our-stores\/\" class=\"button primary box-shadow-2 box-shadow-4-hover\" >\n\t\t<span>Nuestras tiendas<\/span>\n\t<\/a>\n\n\n\n\t\t<\/div>\n\t\t\t\t\t<\/div>\n\n\t\n\n\t<div id=\"col-739447225\" class=\"col medium-6 small-12 large-6 small-col-first\"  >\n\t\t\t\t<div class=\"col-inner\"  >\n\t\t\t\n\t\t\t\n\n\t<div class=\"img has-hover x md-x lg-x y md-y lg-y\" id=\"image_984179362\">\n\t\t\t\t\t\t\t\t<div class=\"img-inner dark\" >\n\t\t\t<img loading=\"lazy\" decoding=\"async\" width=\"400\" height=\"275\" src=\"https:\/\/www.tatanka.nl\/wp-content\/uploads\/2018\/04\/Tatanka-Halve-Maan-Shop.jpg\" class=\"attachment-original size-original\" alt=\"- Tatanka.nl\" srcset=\"https:\/\/www.tatanka.nl\/wp-content\/uploads\/2018\/04\/Tatanka-Halve-Maan-Shop.jpg 400w, https:\/\/www.tatanka.nl\/wp-content\/uploads\/2018\/04\/Tatanka-Halve-Maan-Shop-64x44.jpg 64w\" sizes=\"auto, (max-width: 400px) 100vw, 400px\" title=\"- Tatanka.nl\">\t\t\t\t\t\t\n\t\t\t\t\t<\/div>\n\t\t\t\t\t\t\t\t\n<style>\n#image_984179362 {\n  width: 100%;\n}\n<\/style>\n\t<\/div>\n\t\n\n\t<div id=\"gap-1140004664\" class=\"gap-element clearfix\" style=\"display:block; height:auto;\">\n\t\t\n<style>\n#gap-1140004664 {\n  padding-top: 10px;\n}\n<\/style>\n\t<\/div>\n\t\n\n\n\t\t<\/div>\n\t\t\t\t\t<\/div>\n\n\t\n\n<\/div>\n\n\t\t<\/div>\n\n\t\t\n<style>\n#section_524551233 {\n  padding-top: 60px;\n  padding-bottom: 60px;\n  background-color: rgb(255, 255, 255);\n}\n<\/style>\n\t<\/section>\n\t\n\n\t<section class=\"section dark\" id=\"section_1586783348\">\n\t\t<div class=\"section-bg fill\" >\n\t\t\t\t\t\t\t\t\t\n\t\t\t\n\t<div class=\"is-border\"\n\t\tstyle=\"border-width:0px 0px 0px 0px;\">\n\t<\/div>\n\n\t\t<\/div>\n\n\t\t\n\n\t\t<div class=\"section-content relative\">\n\t\t\t\n\n<div class=\"row row-large align-middle\"  id=\"row-1066855159\">\n\n\n\t<div id=\"col-1724228564\" class=\"col medium-6 small-12 large-6\"  >\n\t\t\t\t<div class=\"col-inner\"  >\n\t\t\t\n\t\t\t\n\n\t<div class=\"img has-hover x md-x lg-x y md-y lg-y\" id=\"image_1534669629\">\n\t\t\t\t\t\t\t\t<div class=\"img-inner image-cover dark\" style=\"padding-top:75%;\">\n\t\t\t<img loading=\"lazy\" decoding=\"async\" width=\"420\" height=\"400\" src=\"https:\/\/www.tatanka.nl\/wp-content\/uploads\/2017\/10\/After-E-for-Detox.jpg\" class=\"attachment-original size-original\" alt=\"- Tatanka.nl\" srcset=\"https:\/\/www.tatanka.nl\/wp-content\/uploads\/2017\/10\/After-E-for-Detox.jpg 420w, https:\/\/www.tatanka.nl\/wp-content\/uploads\/2017\/10\/After-E-for-Detox-64x61.jpg 64w\" sizes=\"auto, (max-width: 420px) 100vw, 420px\" title=\"- Tatanka.nl\">\t\t\t\t\t\t\n\t\t\t\t\t<\/div>\n\t\t\t\t\t\t\t\t\n<style>\n#image_1534669629 {\n  width: 100%;\n}\n<\/style>\n\t<\/div>\n\t\n\n\t<div id=\"gap-1068188882\" class=\"gap-element clearfix\" style=\"display:block; height:auto;\">\n\t\t\n<style>\n#gap-1068188882 {\n  padding-top: 10px;\n}\n<\/style>\n\t<\/div>\n\t\n\n\n\t\t<\/div>\n\t\t\t\t\t<\/div>\n\n\t\n\n\t<div id=\"col-926146157\" class=\"col medium-6 small-12 large-6\"  >\n\t\t\t\t<div class=\"col-inner text-left\"  >\n\t\t\t\n\t\t\t\n\n<h2>Descubra diversos productos a base de plantas.<\/h2>\n<p>En Tatanka nos tomamos tiempo para ti, \u00a1y t\u00fa tambi\u00e9n! T\u00f3mate tu tiempo para echar un vistazo y repasar todos nuestros productos con los que puedes tener una experiencia m\u00e1gica, en una fiesta, en casa o \u00a1simplemente en la naturaleza de \u00c1msterdam!<\/p>\n<p>Por supuesto, este es el lugar perfecto para todo tipo de productos inteligentes de calidad, como uppers y downers, como kanna o kratom, semillas de cannabis, productos sexuales, vitaminas para la recuperaci\u00f3n, aceite y l\u00edquido de cbd, pipas de agua, vaporizadores y \u00a1mucho m\u00e1s!<\/p>\n\n\t\t<\/div>\n\t\t\t\t\t<\/div>\n\n\t\n\n<\/div>\n\n\t\t<\/div>\n\n\t\t\n<style>\n#section_1586783348 {\n  padding-top: 60px;\n  padding-bottom: 60px;\n  background-color: rgb(0,0,0);\n}\n<\/style>\n\t<\/section>\n\t\n\n\t<section class=\"section\" id=\"section_1715148674\">\n\t\t<div class=\"section-bg fill\" >\n\t\t\t\t\t\t\t\t\t\n\t\t\t\n\t<div class=\"is-border\"\n\t\tstyle=\"border-width:0px 0px 0px 0px;\">\n\t<\/div>\n\n\t\t<\/div>\n\n\t\t\n\n\t\t<div class=\"section-content relative\">\n\t\t\t\n\n<div class=\"row row-large align-middle\"  id=\"row-1232392910\">\n\n\n\t<div id=\"col-1755232812\" class=\"col medium-6 small-12 large-6\"  >\n\t\t\t\t<div class=\"col-inner text-left\"  >\n\t\t\t\n\t\t\t\n\n<h2 data-animated=\"true\" data-animate=\"fadeInLeft\">Pida sus productos favoritos en l\u00ednea desde \u00c1msterdam<\/h2>\n<p data-animated=\"true\" data-animate=\"fadeInLeft\">\u00bfOcupado, ocupado, ocupado? \u00bfNo tiene tiempo de visitar una de nuestras tiendas de \u00c1msterdam? \u00bfO vive en el extranjero? Le ofrecemos una amplia gama de productos en l\u00ednea en nuestra tienda web, que se renueva constantemente. <span id=\"ext-gen2322\"><\/span><\/p>\n<p data-animated=\"true\" data-animate=\"fadeInLeft\">Puede hacer su pedido en l\u00ednea con nosotros<\/p>\n<a href=\"https:\/\/www.tatanka.nl\/es\/\" class=\"button primary box-shadow-2 box-shadow-4-hover\" >\n\t\t<span>Comprar ahora<\/span>\n\t<\/a>\n\n\n\n\t\t<\/div>\n\t\t\t\t\t<\/div>\n\n\t\n\n\t<div id=\"col-424944640\" class=\"col medium-6 small-12 large-6 small-col-first\"  >\n\t\t\t\t<div class=\"col-inner\"  >\n\t\t\t\n\t\t\t\n\n\t<div class=\"img has-hover x md-x lg-x y md-y lg-y\" id=\"image_1882118288\">\n\t\t\t\t\t\t\t\t<div class=\"img-inner dark\" >\n\t\t\t<img loading=\"lazy\" decoding=\"async\" width=\"600\" height=\"400\" src=\"https:\/\/www.tatanka.nl\/wp-content\/uploads\/2018\/05\/Discreet-Shipping-Tatanka.jpg\" class=\"attachment-original size-original\" alt=\"- Tatanka.nl\" srcset=\"https:\/\/www.tatanka.nl\/wp-content\/uploads\/2018\/05\/Discreet-Shipping-Tatanka.jpg 600w, https:\/\/www.tatanka.nl\/wp-content\/uploads\/2018\/05\/Discreet-Shipping-Tatanka-420x280.jpg 420w, https:\/\/www.tatanka.nl\/wp-content\/uploads\/2018\/05\/Discreet-Shipping-Tatanka-64x43.jpg 64w\" sizes=\"auto, (max-width: 600px) 100vw, 600px\" title=\"- Tatanka.nl\">\t\t\t\t\t\t\n\t\t\t\t\t<\/div>\n\t\t\t\t\t\t\t\t\n<style>\n#image_1882118288 {\n  width: 100%;\n}\n<\/style>\n\t<\/div>\n\t\n\n\t<div id=\"gap-416510304\" class=\"gap-element clearfix\" style=\"display:block; height:auto;\">\n\t\t\n<style>\n#gap-416510304 {\n  padding-top: 10px;\n}\n<\/style>\n\t<\/div>\n\t\n\n\n\t\t<\/div>\n\t\t\t\t\t<\/div>\n\n\t\n\n<\/div>\n\n\t\t<\/div>\n\n\t\t\n<style>\n#section_1715148674 {\n  padding-top: 60px;\n  padding-bottom: 60px;\n}\n<\/style>\n\t<\/section>","protected":false},"excerpt":{"rendered":"","protected":false},"author":1,"featured_media":0,"parent":0,"menu_order":0,"comment_status":"closed","ping_status":"closed","template":"page-blank.php","meta":{"footnotes":""},"class_list":["post-15152","page","type-page","status-publish","hentry"],"_links":{"self":[{"href":"https:\/\/www.tatanka.nl\/es\/wp-json\/wp\/v2\/pages\/15152","targetHints":{"allow":["GET"]}}],"collection":[{"href":"https:\/\/www.tatanka.nl\/es\/wp-json\/wp\/v2\/pages"}],"about":[{"href":"https:\/\/www.tatanka.nl\/es\/wp-json\/wp\/v2\/types\/page"}],"author":[{"embeddable":true,"href":"https:\/\/www.tatanka.nl\/es\/wp-json\/wp\/v2\/users\/1"}],"replies":[{"embeddable":true,"href":"https:\/\/www.tatanka.nl\/es\/wp-json\/wp\/v2\/comments?post=15152"}],"version-history":[{"count":0,"href":"https:\/\/www.tatanka.nl\/es\/wp-json\/wp\/v2\/pages\/15152\/revisions"}],"wp:attachment":[{"href":"https:\/\/www.tatanka.nl\/es\/wp-json\/wp\/v2\/media?parent=15152"}],"curies":[{"name":"wp","href":"https:\/\/api.w.org\/{rel}","templated":true}]}}