{"id":31614,"date":"2021-06-04T09:11:04","date_gmt":"2021-06-04T09:11:04","guid":{"rendered":"https:\/\/www.tatanka.nl\/?page_id=31614"},"modified":"2024-09-30T12:20:03","modified_gmt":"2024-09-30T11:20:03","slug":"staff-wanted","status":"publish","type":"page","link":"https:\/\/www.tatanka.nl\/es\/staff-wanted\/","title":{"rendered":"Se busca personal"},"content":{"rendered":"<div id=\"gap-1582776735\" class=\"gap-element clearfix\" style=\"display:block; height:auto;\">\n\t\t\n<style>\n#gap-1582776735 {\n  padding-top: 40px;\n}\n<\/style>\n\t<\/div>\n\t\n\n<div class=\"row row-small\"  id=\"row-1613679104\">\n\n\n\t<div id=\"col-1708264891\" class=\"col small-12 large-12 small-col-first\"  >\n\t\t\t\t<div class=\"col-inner text-left box-shadow-3\"  >\n\t\t\t\n\t\t\t\n\n\t<div class=\"img has-hover x md-x lg-x y md-y lg-y\" id=\"image_812271875\">\n\t\t\t\t\t\t\t\t<div class=\"img-inner dark\" >\n\t\t\t<img loading=\"lazy\" decoding=\"async\" width=\"1440\" height=\"404\" src=\"https:\/\/www.tatanka.nl\/wp-content\/uploads\/2018\/05\/Psychedelic-Magic-Truffles-Amsterdam.jpg\" class=\"attachment-original size-original\" alt=\"- Tatanka.nl\" srcset=\"https:\/\/www.tatanka.nl\/wp-content\/uploads\/2018\/05\/Psychedelic-Magic-Truffles-Amsterdam.jpg 1440w, https:\/\/www.tatanka.nl\/wp-content\/uploads\/2018\/05\/Psychedelic-Magic-Truffles-Amsterdam-420x118.jpg 420w, https:\/\/www.tatanka.nl\/wp-content\/uploads\/2018\/05\/Psychedelic-Magic-Truffles-Amsterdam-64x18.jpg 64w, https:\/\/www.tatanka.nl\/wp-content\/uploads\/2018\/05\/Psychedelic-Magic-Truffles-Amsterdam-600x168.jpg 600w, https:\/\/www.tatanka.nl\/wp-content\/uploads\/2018\/05\/Psychedelic-Magic-Truffles-Amsterdam-768x215.jpg 768w, https:\/\/www.tatanka.nl\/wp-content\/uploads\/2018\/05\/Psychedelic-Magic-Truffles-Amsterdam-800x224.jpg 800w\" sizes=\"auto, (max-width: 1440px) 100vw, 1440px\" title=\"- Tatanka.nl\">\t\t\t\t\t\t\n\t\t\t\t\t<\/div>\n\t\t\t\t\t\t\t\t\n<style>\n#image_812271875 {\n  width: 100%;\n}\n<\/style>\n\t<\/div>\n\t\n\n<h1><span style=\"font-size: 120%;\">Vacaciones<\/span><\/h1>\n<p>Estamos buscando directamente un asistente de direcci\u00f3n para una de nuestras 3 tiendas en Amsterdam. Met doorgroei mogelijkheden tot algemeen assistent manager.<\/p>\n<p>Para m\u00e1s informaci\u00f3n, consulte aqu\u00ed la oferta de empleo<\/p>\n<div class=\"accordion\">\n\n\t<div id=\"accordion-3797151133\" class=\"accordion-item\">\n\t\t<a id=\"accordion-3797151133-label\" class=\"accordion-title plain active\" href=\"#accordion-item-verkoopmedewerker\" aria-expanded=\"true\" aria-controls=\"accordion-3797151133-content\">\n\t\t\t<button class=\"toggle\" aria-label=\"Toggle\"><i class=\"icon-angle-down\" aria-hidden=\"true\"><\/i><\/button>\n\t\t\t<span>Verkoopmedewerker<\/span>\n\t\t<\/a>\n\t\t<div id=\"accordion-3797151133-content\" class=\"accordion-inner\" style=\"display: block;\" aria-labelledby=\"accordion-3797151133-label\">\n\t\t\t\n\n<p>\u00bfEres entusiasta, valiente y te gusta ayudar a la gente? \u00a1Te estamos buscando!<\/p>\n<p>Estamos buscando fabricantes para nuestros tres Smartshop (el Headshop y dos filiales de Tatanka) en el centro de \u00c1msterdam. <\/p>\n<p><strong>Buscamos a alguien que lo haga:<\/strong><\/p>\n<p>- <strong>Nederlands<\/strong> en <strong>Engels<\/strong> spreekt<br \/>- Ayudar a los ciudadanos de forma positiva<br \/>- Graag samenwerkt, maar ook zelfstandig is<br \/>- Se tiene en cuenta la opini\u00f3n p\u00fablica y se act\u00faa de forma proactiva<\/p>\n<p><strong>Nos dirigimos directamente a las personas que forman parte de nuestro equipo<\/strong><\/p>\n<a href=\"mailto:job@tatanka.nl?subject=Aanmelding%20vacature%3A%20Verkoopmedewerker&#038;body=Hallo%2C%20ik%20heb%20interesse%20in%20de%20vacature%20van%20Verkoopmedewerker\" class=\"button primary is-shade is-larger box-shadow-4 box-shadow-5-hover\" style=\"border-radius:15px;\">\n\t\t<span>Correo electr\u00f3nico<\/span>\n\t<i class=\"icon-envelop\" aria-hidden=\"true\"><\/i><\/a>\n\n\n<p>----<\/p>\n<p>\u00bfEres entusiasta, h\u00e1bil y te gusta ayudar a la gente? Entonces te estamos buscando.<\/p>\n<p>Buscamos empleados de ventas para nuestros tres Smartshop (el Headshop y dos sucursales de Tatanka) en el centro de \u00c1msterdam.<\/p>\n<p>Buscamos a alguien que:<\/p>\n<p>- habla neerland\u00e9s e ingl\u00e9s<br \/>\n- Ser capaz de ayudar a los clientes de forma positiva<br \/>\n- Le gusta trabajar en equipo, pero tambi\u00e9n es independiente<br \/>\n- Tiene perspicacia, piensa de forma orientada a encontrar soluciones y act\u00faa de forma proactiva.<\/p>\n<p>Buscamos inmediatamente personas para unirse a nuestro equipo<\/p>\n<a href=\"mailto:job@tatanka.nl?subject=Aanmelding%20vacature%3A%20Verkoopmedewerker&#038;body=Hallo%2C%20ik%20heb%20interesse%20in%20de%20vacature%20van%20Verkoopmedewerker\" class=\"button primary is-shade is-larger box-shadow-4 box-shadow-5-hover\" style=\"border-radius:15px;\">\n\t\t<span>Correo electr\u00f3nico<\/span>\n\t<i class=\"icon-envelop\" aria-hidden=\"true\"><\/i><\/a>\n\n\n\n\t\t<\/div>\n\t<\/div>\n\t\n\t<div id=\"accordion-1928906650\" class=\"accordion-item\">\n\t\t<a id=\"accordion-1928906650-label\" class=\"accordion-title plain\" href=\"#accordion-item-assistent-winkelmanager-m\/v-(30-40-uur)\" aria-expanded=\"false\" aria-controls=\"accordion-1928906650-content\">\n\t\t\t<button class=\"toggle\" aria-label=\"Toggle\"><i class=\"icon-angle-down\" aria-hidden=\"true\"><\/i><\/button>\n\t\t\t<span>Assistent winkelmanager m\/v (30-40 uur)<\/span>\n\t\t<\/a>\n\t\t<div id=\"accordion-1928906650-content\" class=\"accordion-inner\" aria-labelledby=\"accordion-1928906650-label\">\n\t\t\t\n\n<p>\u00bfEres entusiasta, atrevido y te gustan los ni\u00f1os? \u00a1Te estamos buscando!<\/p>\n<p>Para nuestros tres Smartshop (el Headshop y dos filiales de Tatanka) en el centro de \u00c1msterdam estamos buscando un asistente de direcci\u00f3n de tienda. Se ofrece la posibilidad de convertirse en asistente de direcci\u00f3n de todas las tiendas.<\/p>\n<p><strong>Buscamos a alguien que lo haga:<\/strong><\/p>\n<p>- <strong>Nederlands<\/strong> en <strong>Engels<\/strong> spreekt<br \/>- Zich verantwoordelijk voelt<br \/>- Las personas positivas pueden ayudar<br \/>- En el sentido de la palabra, se pueden realizar ajustes y correcciones.&nbsp;<br \/>- Graag samenwerkt, maar ook zelfstandig is<br \/>- Se tiene en cuenta la opini\u00f3n p\u00fablica y se act\u00faa de forma proactiva<\/p>\n<p><strong>Voorkomende taken:<\/strong><\/p>\n<p>- Informaci\u00f3n adicional sobre la seguridad vial<br \/>- Soluciones y servicios de Collega<br \/>- Mantener y asesorar a los ciudadanos<br \/>- Verificaci\u00f3n y optimizaci\u00f3n de la red de distribuci\u00f3n<br \/>- Actualizaci\u00f3n de las facturas<\/p>\n\t<div id=\"gap-1927021131\" class=\"gap-element clearfix\" style=\"display:block; height:auto;\">\n\t\t\n<style>\n#gap-1927021131 {\n  padding-top: 30px;\n}\n<\/style>\n\t<\/div>\n\t\n\n<a href=\"mailto:job@tatanka.nl?subject=Aanmelding%20vacature%3A%20Assistent%20winkelmanager&#038;body=Hallo%2C%20ik%20heb%20interesse%20in%20de%20vacature%20van%20Assistent%20winkelmanager!\" class=\"button primary is-shade is-larger box-shadow-4 box-shadow-5-hover\" style=\"border-radius:15px;\">\n\t\t<span>Correo electr\u00f3nico<\/span>\n\t<i class=\"icon-envelop\" aria-hidden=\"true\"><\/i><\/a>\n\n\n\n\t\t<\/div>\n\t<\/div>\n\t\n\n<\/div>\n\n\t\t<\/div>\n\t\t\t\t\n<style>\n#col-1708264891 > .col-inner {\n  padding: 30px 30px 30px 30px;\n}\n<\/style>\n\t<\/div>\n\n\t\n\n<\/div>\n<div class=\"row row-small row-box-shadow-3\"  id=\"row-900055468\">\n\n\n\t<div id=\"col-801609192\" class=\"col medium-4 small-12 large-4\"  >\n\t\t\t\t<div class=\"col-inner\"  >\n\t\t\t\n\t\t\t\n\n<h2>1. Tienda Tatanka<\/h2>\n\t<div class=\"img has-hover x md-x lg-x y md-y lg-y\" id=\"image_1549380933\">\n\t\t\t\t\t\t\t\t<div class=\"img-inner dark\" >\n\t\t\t<img loading=\"lazy\" decoding=\"async\" width=\"400\" height=\"275\" src=\"https:\/\/www.tatanka.nl\/wp-content\/uploads\/2018\/04\/Tatanka-Amsterdam-Shop.jpg\" class=\"attachment-original size-original\" alt=\"- Tatanka.nl\" srcset=\"https:\/\/www.tatanka.nl\/wp-content\/uploads\/2018\/04\/Tatanka-Amsterdam-Shop.jpg 400w, https:\/\/www.tatanka.nl\/wp-content\/uploads\/2018\/04\/Tatanka-Amsterdam-Shop-64x44.jpg 64w\" sizes=\"auto, (max-width: 400px) 100vw, 400px\" title=\"- Tatanka.nl\">\t\t\t\t\t\t\n\t\t\t\t\t<\/div>\n\t\t\t\t\t\t\t\t\n<style>\n#image_1549380933 {\n  width: 100%;\n}\n<\/style>\n\t<\/div>\n\t\n\n<p>Korte Leidsedwarsstraat 151a<br \/>1017 PZ Amsterdam<br \/>Pa\u00edses Bajos<\/p>\n<p><strong> Cerca de Leidseplein<\/strong><br \/>De 10.00 a 22.00<\/p>\n\n\t\t<\/div>\n\t\t\t\t\t<\/div>\n\n\t\n\n\t<div id=\"col-2066210508\" class=\"col medium-4 small-12 large-4\"  >\n\t\t\t\t<div class=\"col-inner\"  >\n\t\t\t\n\t\t\t\n\n<h2>2. Headshop<\/h2>\n\t<div class=\"img has-hover x md-x lg-x y md-y lg-y\" id=\"image_2071109653\">\n\t\t\t\t\t\t\t\t<div class=\"img-inner dark\" >\n\t\t\t<img loading=\"lazy\" decoding=\"async\" width=\"400\" height=\"275\" src=\"https:\/\/www.tatanka.nl\/wp-content\/uploads\/2018\/04\/Headshop-Amsterdam.jpg\" class=\"attachment-original size-original\" alt=\"- Tatanka.nl\" srcset=\"https:\/\/www.tatanka.nl\/wp-content\/uploads\/2018\/04\/Headshop-Amsterdam.jpg 400w, https:\/\/www.tatanka.nl\/wp-content\/uploads\/2018\/04\/Headshop-Amsterdam-64x44.jpg 64w\" sizes=\"auto, (max-width: 400px) 100vw, 400px\" title=\"- Tatanka.nl\">\t\t\t\t\t\t\n\t\t\t\t\t<\/div>\n\t\t\t\t\t\t\t\t\n<style>\n#image_2071109653 {\n  width: 100%;\n}\n<\/style>\n\t<\/div>\n\t\n\n<p>Kloveniersburgwal 39<br \/>1011 JW Amsterdam<br \/>Pa\u00edses Bajos<\/p>\n<p><strong> Cerca de la plaza Dam<\/strong><br \/>\nDe 10.00 a 22.00<\/p>\n\n\t\t<\/div>\n\t\t\t\t\t<\/div>\n\n\t\n\n\t<div id=\"col-367119326\" class=\"col medium-4 small-12 large-4\"  >\n\t\t\t\t<div class=\"col-inner text-left\"  >\n\t\t\t\n\t\t\t\n\n<h2>3. Tienda Tatanka<\/h2>\n\t<div class=\"img has-hover x md-x lg-x y md-y lg-y\" id=\"image_1338414464\">\n\t\t\t\t\t\t\t\t<div class=\"img-inner dark\" >\n\t\t\t<img loading=\"lazy\" decoding=\"async\" width=\"400\" height=\"275\" src=\"https:\/\/www.tatanka.nl\/wp-content\/uploads\/2018\/04\/Tatanka-Halve-Maan-Shop.jpg\" class=\"attachment-original size-original\" alt=\"- Tatanka.nl\" srcset=\"https:\/\/www.tatanka.nl\/wp-content\/uploads\/2018\/04\/Tatanka-Halve-Maan-Shop.jpg 400w, https:\/\/www.tatanka.nl\/wp-content\/uploads\/2018\/04\/Tatanka-Halve-Maan-Shop-64x44.jpg 64w\" sizes=\"auto, (max-width: 400px) 100vw, 400px\" title=\"- Tatanka.nl\">\t\t\t\t\t\t\n\t\t\t\t\t<\/div>\n\t\t\t\t\t\t\t\t\n<style>\n#image_1338414464 {\n  width: 100%;\n}\n<\/style>\n\t<\/div>\n\t\n\n<p>Halvemaansteeg 12<br \/>1017 CR Amsterdam<br \/>Pa\u00edses Bajos<\/p>\n<p><strong> Cerca de Rembrandtplein<\/strong><br \/>\nDe 10.00 a 22.00<\/p>\n\n\t\t<\/div>\n\t\t\t\t\t<\/div>\n\n\t\n\n\n<style>\n#row-900055468 > .col > .col-inner {\n  padding: 30px 30px 30px 30px;\n}\n<\/style>\n<\/div>\n\t<div id=\"gap-744432760\" class=\"gap-element clearfix\" style=\"display:block; height:auto;\">\n\t\t\n<style>\n#gap-744432760 {\n  padding-top: 20px;\n}\n<\/style>\n\t<\/div>","protected":false},"excerpt":{"rendered":"","protected":false},"author":1427,"featured_media":0,"parent":0,"menu_order":0,"comment_status":"closed","ping_status":"closed","template":"page-blank.php","meta":{"footnotes":""},"class_list":["post-31614","page","type-page","status-publish","hentry"],"_links":{"self":[{"href":"https:\/\/www.tatanka.nl\/es\/wp-json\/wp\/v2\/pages\/31614","targetHints":{"allow":["GET"]}}],"collection":[{"href":"https:\/\/www.tatanka.nl\/es\/wp-json\/wp\/v2\/pages"}],"about":[{"href":"https:\/\/www.tatanka.nl\/es\/wp-json\/wp\/v2\/types\/page"}],"author":[{"embeddable":true,"href":"https:\/\/www.tatanka.nl\/es\/wp-json\/wp\/v2\/users\/1427"}],"replies":[{"embeddable":true,"href":"https:\/\/www.tatanka.nl\/es\/wp-json\/wp\/v2\/comments?post=31614"}],"version-history":[{"count":0,"href":"https:\/\/www.tatanka.nl\/es\/wp-json\/wp\/v2\/pages\/31614\/revisions"}],"wp:attachment":[{"href":"https:\/\/www.tatanka.nl\/es\/wp-json\/wp\/v2\/media?parent=31614"}],"curies":[{"name":"wp","href":"https:\/\/api.w.org\/{rel}","templated":true}]}}