{"id":31860,"date":"2021-07-07T11:20:34","date_gmt":"2021-07-07T11:20:34","guid":{"rendered":"https:\/\/www.tatanka.nl\/?page_id=31860"},"modified":"2023-05-15T13:58:38","modified_gmt":"2023-05-15T11:58:38","slug":"complaints","status":"publish","type":"page","link":"https:\/\/www.tatanka.nl\/es\/complaints\/","title":{"rendered":"Quejas"},"content":{"rendered":"<div id=\"gap-676751800\" class=\"gap-element clearfix\" style=\"display:block; height:auto;\">\n\t\t\n<style>\n#gap-676751800 {\n  padding-top: 40px;\n}\n<\/style>\n\t<\/div>\n\t\n\n<div class=\"row row-small\"  id=\"row-1278313147\">\n\n\n\t<div id=\"col-182390306\" class=\"col small-12 large-12 small-col-first\"  >\n\t\t\t\t<div class=\"col-inner text-left box-shadow-3\"  >\n\t\t\t\n\t\t\t\n\n\t<div class=\"img has-hover x md-x lg-x y md-y lg-y\" id=\"image_1037359356\">\n\t\t\t\t\t\t\t\t<div class=\"img-inner dark\" >\n\t\t\t<img loading=\"lazy\" decoding=\"async\" width=\"1440\" height=\"404\" src=\"https:\/\/www.tatanka.nl\/wp-content\/uploads\/2018\/05\/Psychedelic-Magic-Truffles-Amsterdam.jpg\" class=\"attachment-original size-original\" alt=\"- Tatanka.nl\" srcset=\"https:\/\/www.tatanka.nl\/wp-content\/uploads\/2018\/05\/Psychedelic-Magic-Truffles-Amsterdam.jpg 1440w, https:\/\/www.tatanka.nl\/wp-content\/uploads\/2018\/05\/Psychedelic-Magic-Truffles-Amsterdam-420x118.jpg 420w, https:\/\/www.tatanka.nl\/wp-content\/uploads\/2018\/05\/Psychedelic-Magic-Truffles-Amsterdam-64x18.jpg 64w, https:\/\/www.tatanka.nl\/wp-content\/uploads\/2018\/05\/Psychedelic-Magic-Truffles-Amsterdam-600x168.jpg 600w, https:\/\/www.tatanka.nl\/wp-content\/uploads\/2018\/05\/Psychedelic-Magic-Truffles-Amsterdam-768x215.jpg 768w, https:\/\/www.tatanka.nl\/wp-content\/uploads\/2018\/05\/Psychedelic-Magic-Truffles-Amsterdam-800x224.jpg 800w\" sizes=\"auto, (max-width: 1440px) 100vw, 1440px\" title=\"- Tatanka.nl\">\t\t\t\t\t\t\n\t\t\t\t\t<\/div>\n\t\t\t\t\t\t\t\t\n<style>\n#image_1037359356 {\n  width: 100%;\n}\n<\/style>\n\t<\/div>\n\t\n\n<h1><span style=\"font-size: 120%;\">Quejas<\/span><\/h1>\n<p>Existe la posibilidad de que ocurra algo que no est\u00e9 de acuerdo con lo previsto. Le recomendamos que, en primer lugar, nos comunique sus quejas a trav\u00e9s del formulario de contacto que figura m\u00e1s abajo. Si esto no conduce a una soluci\u00f3n, es posible registrar su disputa para mediaci\u00f3n a trav\u00e9s del&nbsp;<span style=\"text-decoration: underline;\"><a href=\"https:\/\/www.webwinkelkeur.nl\/kennisbank\/consumenten\/geschil\/dispute\/\" target=\"_blank\" rel=\"noopener noreferrer\">Fundaci\u00f3n ValuedShops\/WebwinkelKeur<\/a><\/span>&nbsp;(esto solo se aplica a los clientes neerlandeses y\/o belgas). Desde el 15 de febrero de 2016, los consumidores de la UE tambi\u00e9n pueden presentar reclamaciones a trav\u00e9s de la plataforma ODR de la Comisi\u00f3n Europea. La plataforma ODR se encuentra en&nbsp;<span style=\"text-decoration: underline;\"><a href=\"http:\/\/ec.europa.eu\/odr\" target=\"_blank\" rel=\"noopener noreferrer\">http:\/\/ec.europa.eu\/odr<\/a><\/span>. Si su queja a\u00fan no se ha tramitado en otro lugar, puede presentarla a trav\u00e9s de la plataforma de la Uni\u00f3n Europea.<\/p>\n<div class=\"is-divider divider clearfix\" style=\"max-width:100px;height:10px;background-color:rgb(255, 255, 255);\"><\/div>\n\n<div class=\"row\"  id=\"row-609897084\">\n\n\n\t<div id=\"col-541715691\" class=\"col medium-4 small-12 large-4\"  >\n\t\t\t\t<div class=\"col-inner\"  >\n\t\t\t\n\t\t\t\n\n<h2>Correo electr\u00f3nico<\/h2>\n<p>\u00bfTiene alguna queja sobre su pedido en l\u00ednea? Indique su n\u00famero de pedido. Por lo general, los mensajes se responden en el plazo de un d\u00eda laborable.<\/p>\n\n<a href=\"mailto:info@tatanka.nl?subject=Complaint%3A&#038;body=Hey%20Tatanka%2C%0A%0AUnfortunately%20i&#039;m%20not%20happy%20with%20my%20order%2Fproduct.%0A%0AYou%20can%20find%20my%20order%20number%20and%20complaint%20below.%0A%0AOrder%20number%3A%0AMy%20complaint%20is%3A\" class=\"button primary\" style=\"border-radius:10px;\">\n\t\t<span>Enviar un correo electr\u00f3nico<\/span>\n\t<i class=\"icon-envelop\" aria-hidden=\"true\"><\/i><\/a>\n\n\n\n\t\t<\/div>\n\t\t\t\t\t<\/div>\n\n\t\n\n\t<div id=\"col-1624771026\" class=\"col medium-4 small-12 large-4\"  >\n\t\t\t\t<div class=\"col-inner\"  >\n\t\t\t\n\t\t\t\n\n<h2>Direcci\u00f3n<\/h2>\n<p>Tatanka.nl<br \/>PePePe BV<br \/>Sulky 6 J<br \/>Zeewolde<br \/>3897AJ<\/p>\n<p><strong>KVK:<\/strong> 34236211<br \/><strong>BTW:<\/strong> NL815030411B01<\/p>\n\n\t\t<\/div>\n\t\t\t\t\t<\/div>\n\n\t\n\n\t<div id=\"col-1938838325\" class=\"col medium-4 small-12 large-4\"  >\n\t\t\t\t<div class=\"col-inner\"  >\n\t\t\t\n\t\t\t\n\n<h2>Tel\u00e9fono<\/h2>\n<p>(0031)(0)85-0160883<\/p>\n\n\t\t<\/div>\n\t\t\t\t\t<\/div>\n\n\t\n\n<\/div>\n\n\t\t<\/div>\n\t\t\t\t\n<style>\n#col-182390306 > .col-inner {\n  padding: 30px 30px 30px 30px;\n}\n<\/style>\n\t<\/div>\n\n\t\n\n<\/div>\n<div class=\"row row-small row-box-shadow-3\"  id=\"row-1254668905\">\n\n\n<\/div>\n\t<div id=\"gap-395114311\" class=\"gap-element clearfix\" style=\"display:block; height:auto;\">\n\t\t\n<style>\n#gap-395114311 {\n  padding-top: 20px;\n}\n<\/style>\n\t<\/div>","protected":false},"excerpt":{"rendered":"","protected":false},"author":1427,"featured_media":0,"parent":0,"menu_order":0,"comment_status":"closed","ping_status":"closed","template":"page-blank.php","meta":{"footnotes":""},"class_list":["post-31860","page","type-page","status-publish","hentry"],"_links":{"self":[{"href":"https:\/\/www.tatanka.nl\/es\/wp-json\/wp\/v2\/pages\/31860","targetHints":{"allow":["GET"]}}],"collection":[{"href":"https:\/\/www.tatanka.nl\/es\/wp-json\/wp\/v2\/pages"}],"about":[{"href":"https:\/\/www.tatanka.nl\/es\/wp-json\/wp\/v2\/types\/page"}],"author":[{"embeddable":true,"href":"https:\/\/www.tatanka.nl\/es\/wp-json\/wp\/v2\/users\/1427"}],"replies":[{"embeddable":true,"href":"https:\/\/www.tatanka.nl\/es\/wp-json\/wp\/v2\/comments?post=31860"}],"version-history":[{"count":0,"href":"https:\/\/www.tatanka.nl\/es\/wp-json\/wp\/v2\/pages\/31860\/revisions"}],"wp:attachment":[{"href":"https:\/\/www.tatanka.nl\/es\/wp-json\/wp\/v2\/media?parent=31860"}],"curies":[{"name":"wp","href":"https:\/\/api.w.org\/{rel}","templated":true}]}}