{"id":31937,"date":"2021-07-14T09:38:03","date_gmt":"2021-07-14T07:38:03","guid":{"rendered":"https:\/\/www.tatanka.nl\/?page_id=31937"},"modified":"2022-03-29T11:49:52","modified_gmt":"2022-03-29T09:49:52","slug":"payment-methods","status":"publish","type":"page","link":"https:\/\/www.tatanka.nl\/es\/payment-methods\/","title":{"rendered":"Formas de pago"},"content":{"rendered":"<div id=\"gap-1379206791\" class=\"gap-element clearfix\" style=\"display:block; height:auto;\">\n\t\t\n<style>\n#gap-1379206791 {\n  padding-top: 50px;\n}\n<\/style>\n\t<\/div>\n\t\n\n<div class=\"container section-title-container\" ><h2 class=\"section-title section-title-bold-center\"><b aria-hidden=\"true\"><\/b><span class=\"section-title-main\" style=\"font-size:131%;\">FORMAS DE PAGO<\/span><b aria-hidden=\"true\"><\/b><\/h2><\/div>\n\n<div class=\"row\"  id=\"row-1650939728\">\n\n\n\t<div id=\"col-957986138\" class=\"col small-12 large-12\"  >\n\t\t\t\t<div class=\"col-inner text-left dark\"  >\n\t\t\t\n\t\t\t\n\n\t<div id=\"text-2738038729\" class=\"text\">\n\t\t\n\nEn Tatanka puede elegir entre varios m\u00e9todos de pago. Todos ellos son seguros y discretos. Echa un vistazo a las opciones que te ofrecemos y elige la que m\u00e1s se adapte a tus gustos y ubicaci\u00f3n.\n\t\t\n<style>\n#text-2738038729 {\n  color: rgb(0, 0, 0);\n}\n#text-2738038729 > * {\n  color: rgb(0, 0, 0);\n}\n<\/style>\n\t<\/div>\n\t\n\t<div id=\"gap-853335804\" class=\"gap-element clearfix\" style=\"display:block; height:auto;\">\n\t\t\n<style>\n#gap-853335804 {\n  padding-top: 30px;\n}\n<\/style>\n\t<\/div>\n\t\n\n\t<div class=\"img has-hover x md-x lg-x y md-y lg-y\" id=\"image_2007891044\">\n\t\t\t\t\t\t\t\t<div class=\"img-inner dark\" style=\"margin:0px 300px 0px 300px;\">\n\t\t\t<img loading=\"lazy\" decoding=\"async\" width=\"1920\" height=\"300\" src=\"https:\/\/www.tatanka.nl\/wp-content\/uploads\/2021\/07\/suge.png\" class=\"attachment-original size-original\" alt=\"- Tatanka.nl\" srcset=\"https:\/\/www.tatanka.nl\/wp-content\/uploads\/2021\/07\/suge.png 1920w, https:\/\/www.tatanka.nl\/wp-content\/uploads\/2021\/07\/suge-420x66.png 420w, https:\/\/www.tatanka.nl\/wp-content\/uploads\/2021\/07\/suge-64x10.png 64w, https:\/\/www.tatanka.nl\/wp-content\/uploads\/2021\/07\/suge-600x94.png 600w, https:\/\/www.tatanka.nl\/wp-content\/uploads\/2021\/07\/suge-800x125.png 800w, https:\/\/www.tatanka.nl\/wp-content\/uploads\/2021\/07\/suge-380x59.png 380w, https:\/\/www.tatanka.nl\/wp-content\/uploads\/2021\/07\/suge-768x120.png 768w, https:\/\/www.tatanka.nl\/wp-content\/uploads\/2021\/07\/suge-1536x240.png 1536w\" sizes=\"auto, (max-width: 1920px) 100vw, 1920px\" title=\"- Tatanka.nl\">\t\t\t\t\t\t\n\t\t\t\t\t<\/div>\n\t\t\t\t\t\t\t\t\n<style>\n#image_2007891044 {\n  width: 100%;\n}\n<\/style>\n\t<\/div>\n\t\n\n\n\t\t<\/div>\n\t\t\t\t\t<\/div>\n\n\t\n\n<\/div>\n<div class=\"container section-title-container\" ><h2 class=\"section-title section-title-bold-center\"><b aria-hidden=\"true\"><\/b><span class=\"section-title-main\" >1. iDEAL \/ MisterCash \/ Bancontact \/ Eps-\u00dcberweisung \/ Giropay<\/span><b aria-hidden=\"true\"><\/b><\/h2><\/div>\n\n<div class=\"row\"  id=\"row-877888249\">\n\n\n\t<div id=\"col-1334720527\" class=\"col small-12 large-12\"  >\n\t\t\t\t<div class=\"col-inner text-left dark\"  >\n\t\t\t\n\t\t\t\n\n\t<div id=\"text-485769715\" class=\"text\">\n\t\t\n\n<p>Esta es la forma m\u00e1s r\u00e1pida y sencilla de realizar el pago. Seleccione la opci\u00f3n que se adapte a su banco y finalice los pasos del proceso. Nuestro proveedor de servicios de pago facilita un entorno de pago seguro.<\/p>\n<p>Una vez completado el pago, recibir\u00e1 un aviso de inmediato. Nuestro equipo empezar\u00e1 a procesar el pedido para enviarlo lo antes posible. Le mantendremos informado del estado del pedido por correo electr\u00f3nico.<\/p>\n\t\t\n<style>\n#text-485769715 {\n  color: rgb(0, 0, 0);\n}\n#text-485769715 > * {\n  color: rgb(0, 0, 0);\n}\n<\/style>\n\t<\/div>\n\t\n\t<div id=\"gap-1616081823\" class=\"gap-element clearfix\" style=\"display:block; height:auto;\">\n\t\t\n<style>\n#gap-1616081823 {\n  padding-top: 30px;\n}\n<\/style>\n\t<\/div>\n\t\n\n\n\t\t<\/div>\n\t\t\t\t\t<\/div>\n\n\t\n\n<\/div>\n<div class=\"container section-title-container\" ><h2 class=\"section-title section-title-bold-center\"><b aria-hidden=\"true\"><\/b><span class=\"section-title-main\" >2. Transferencia bancaria directa<\/span><b aria-hidden=\"true\"><\/b><\/h2><\/div>\n\n<div class=\"row\"  id=\"row-945168898\">\n\n\n\t<div id=\"col-352099776\" class=\"col small-12 large-12\"  >\n\t\t\t\t<div class=\"col-inner text-left dark\"  >\n\t\t\t\n\t\t\t\n\n\t<div id=\"text-3733265353\" class=\"text\">\n\t\t\n\n<p>Es posible realizar el pago por transferencia bancaria. Seleccione la opci\u00f3n \"Transferencia bancaria directa\" y siga los pasos. Una vez completado el pedido, recibir\u00e1 un correo electr\u00f3nico con la informaci\u00f3n necesaria y los datos de pago.<\/p>\n<p>Tenga en cuenta que, una vez realizado el pago, pueden transcurrir entre 1 y 3 d\u00edas hasta que recibamos el dinero. Por lo tanto, el env\u00edo del pedido puede tardar un poco m\u00e1s. Le mantendremos informado por correo electr\u00f3nico.<\/p>\n\t\t\n<style>\n#text-3733265353 {\n  color: rgb(0, 0, 0);\n}\n#text-3733265353 > * {\n  color: rgb(0, 0, 0);\n}\n<\/style>\n\t<\/div>\n\t\n\t<div id=\"gap-1780502921\" class=\"gap-element clearfix\" style=\"display:block; height:auto;\">\n\t\t\n<style>\n#gap-1780502921 {\n  padding-top: 30px;\n}\n<\/style>\n\t<\/div>\n\t\n\n\n\t\t<\/div>\n\t\t\t\t\t<\/div>\n\n\t\n\n<\/div>\n<div class=\"container section-title-container\" ><h2 class=\"section-title section-title-bold-center\"><b aria-hidden=\"true\"><\/b><span class=\"section-title-main\" >3. Criptodivisas<\/span><b aria-hidden=\"true\"><\/b><\/h2><\/div>\n\n<div class=\"row\"  id=\"row-1254660555\">\n\n\n\t<div id=\"col-1081365926\" class=\"col small-12 large-12\"  >\n\t\t\t\t<div class=\"col-inner text-left dark\"  >\n\t\t\t\n\t\t\t\n\n\t<div id=\"text-3389991167\" class=\"text\">\n\t\t\n\n<p>Aceptamos pagos con m\u00faltiples tipos de criptomonedas. Estos pagos se procesan con Coinbase, el mayor exchange y broker de Bitcoin del mundo. Para pagar con criptomonedas puede seleccionar la opci\u00f3n de pago \"Bitcoin y otras criptomonedas\".<\/p>\n<p>Actualmente aceptamos Bitcoin, Ethereum, USD Coin, Litecoin y Bitcoin cash.<\/p>\n\t\t\n<style>\n#text-3389991167 {\n  color: rgb(0, 0, 0);\n}\n#text-3389991167 > * {\n  color: rgb(0, 0, 0);\n}\n<\/style>\n\t<\/div>\n\t\n\t<div class=\"img has-hover x md-x lg-x y md-y lg-y\" id=\"image_588434939\">\n\t\t\t\t\t\t\t\t<div class=\"img-inner dark\" style=\"margin:0px 300px 0px 300px;\">\n\t\t\t<img loading=\"lazy\" decoding=\"async\" width=\"1920\" height=\"300\" src=\"https:\/\/www.tatanka.nl\/wp-content\/uploads\/2021\/07\/Crypto-icons.png\" class=\"attachment-original size-original\" alt=\"Pagos criptogr\u00e1ficos\" srcset=\"https:\/\/www.tatanka.nl\/wp-content\/uploads\/2021\/07\/Crypto-icons.png 1920w, https:\/\/www.tatanka.nl\/wp-content\/uploads\/2021\/07\/Crypto-icons-420x66.png 420w, https:\/\/www.tatanka.nl\/wp-content\/uploads\/2021\/07\/Crypto-icons-64x10.png 64w, https:\/\/www.tatanka.nl\/wp-content\/uploads\/2021\/07\/Crypto-icons-600x94.png 600w, https:\/\/www.tatanka.nl\/wp-content\/uploads\/2021\/07\/Crypto-icons-800x125.png 800w, https:\/\/www.tatanka.nl\/wp-content\/uploads\/2021\/07\/Crypto-icons-380x59.png 380w, https:\/\/www.tatanka.nl\/wp-content\/uploads\/2021\/07\/Crypto-icons-768x120.png 768w, https:\/\/www.tatanka.nl\/wp-content\/uploads\/2021\/07\/Crypto-icons-1536x240.png 1536w\" sizes=\"auto, (max-width: 1920px) 100vw, 1920px\" title=\"- Tatanka.nl\">\t\t\t\t\t\t\n\t\t\t\t\t<\/div>\n\t\t\t\t\t\t\t\t\n<style>\n#image_588434939 {\n  width: 100%;\n}\n<\/style>\n\t<\/div>\n\t\n\n\t<div id=\"gap-682358923\" class=\"gap-element clearfix\" style=\"display:block; height:auto;\">\n\t\t\n<style>\n#gap-682358923 {\n  padding-top: 30px;\n}\n<\/style>\n\t<\/div>\n\t\n\n\n\t\t<\/div>\n\t\t\t\t\t<\/div>\n\n\t\n\n<\/div>\n\t<div id=\"gap-1720840471\" class=\"gap-element clearfix\" style=\"display:block; height:auto;\">\n\t\t\n<style>\n#gap-1720840471 {\n  padding-top: 40px;\n}\n<\/style>\n\t<\/div>","protected":false},"excerpt":{"rendered":"","protected":false},"author":1427,"featured_media":0,"parent":0,"menu_order":0,"comment_status":"closed","ping_status":"closed","template":"page-blank.php","meta":{"footnotes":""},"class_list":["post-31937","page","type-page","status-publish","hentry"],"_links":{"self":[{"href":"https:\/\/www.tatanka.nl\/es\/wp-json\/wp\/v2\/pages\/31937","targetHints":{"allow":["GET"]}}],"collection":[{"href":"https:\/\/www.tatanka.nl\/es\/wp-json\/wp\/v2\/pages"}],"about":[{"href":"https:\/\/www.tatanka.nl\/es\/wp-json\/wp\/v2\/types\/page"}],"author":[{"embeddable":true,"href":"https:\/\/www.tatanka.nl\/es\/wp-json\/wp\/v2\/users\/1427"}],"replies":[{"embeddable":true,"href":"https:\/\/www.tatanka.nl\/es\/wp-json\/wp\/v2\/comments?post=31937"}],"version-history":[{"count":0,"href":"https:\/\/www.tatanka.nl\/es\/wp-json\/wp\/v2\/pages\/31937\/revisions"}],"wp:attachment":[{"href":"https:\/\/www.tatanka.nl\/es\/wp-json\/wp\/v2\/media?parent=31937"}],"curies":[{"name":"wp","href":"https:\/\/api.w.org\/{rel}","templated":true}]}}