{"id":38285,"date":"2021-12-10T17:00:37","date_gmt":"2021-12-10T15:00:37","guid":{"rendered":"https:\/\/www.tatanka.nl\/?page_id=38285"},"modified":"2023-08-22T11:26:40","modified_gmt":"2023-08-22T09:26:40","slug":"grow-kit-instructions","status":"publish","type":"page","link":"https:\/\/www.tatanka.nl\/es\/grow-kit-instructions\/","title":{"rendered":"Instrucciones del kit de cultivo"},"content":{"rendered":"<div class=\"container section-title-container\" ><h1 class=\"section-title section-title-normal\"><b aria-hidden=\"true\"><\/b><span class=\"section-title-main\" >Instrucciones del kit de cultivo<\/span><b aria-hidden=\"true\"><\/b><\/h1><\/div>\n\n<p>Bienvenido a la p\u00e1gina de instrucciones del kit de cultivo Headshop. A continuaci\u00f3n encontrar\u00e1 las \u00faltimas instrucciones del Kit de Cultivo. Aseg\u00farese de seguirlas cuidadosamente. Cada paso es importante y tendr\u00e1 un efecto en los resultados de su cultivo. <span style=\"text-decoration: underline;\"><a href=\"https:\/\/www.tatanka.nl\/es\/shroomshop\/magic-mushroom-grow-kits\/\">Kit de cultivo de setas<\/a><\/span>. Nota: debajo encontrar\u00e1 las instrucciones de nuestro kit de cultivo. Hay dos tipos diferentes.<\/p>\n<div class=\"row\"  id=\"row-1813958666\">\n\n\n\t<div id=\"col-224421592\" class=\"col medium-6 small-12 large-6\"  >\n\t\t\t\t<div class=\"col-inner\"  >\n\t\t\t\n\t\t\t\n\n<h3><strong>Instrucciones generales del kit de cultivo<\/strong><\/h3>\n<p>Estas instrucciones son aplicables a todos los kits de cultivo&nbsp;<strong>excepto<\/strong> el Hawaiian Copelandia Cyanescens.<\/p>\n<a href=\"#growkit1\" class=\"button primary\" >\n\t\t<span>Pulse aqu\u00ed<\/span>\n\t<\/a>\n\n\n\n\t\t<\/div>\n\t\t\t\t\t<\/div>\n\n\t\n\n\t<div id=\"col-1686116313\" class=\"col medium-6 small-12 large-6\"  >\n\t\t\t\t<div class=\"col-inner\"  >\n\t\t\t\n\t\t\t\n\n<h3><b>Hawaiian Copelandia Cyanesens instrucciones<\/b><\/h3>\n<p>S\u00f3lo son aplicables al kit de cultivo de Copelandia Hawaiian y requieren una atenci\u00f3n especial.<\/p>\n<a href=\"#growkit2\" class=\"button primary\" >\n\t\t<span>Pulse aqu\u00ed<\/span>\n\t<\/a>\n\n\n\n\t\t<\/div>\n\t\t\t\t\t<\/div>\n\n\t\n\n<\/div>\n<p>Seguir unas instrucciones precisas y cuidar bien de tu kit de cultivo de setas m\u00e1gicas es la parte m\u00e1s importante a la hora de cultivar tus propias setas m\u00e1gicas. En resumen: s\u00e9 est\u00e9ril, utiliza agua limpia y sigue las instrucciones que encontrar\u00e1s a continuaci\u00f3n.Mushrooms forman parte de la naturaleza y, por lo tanto, todas crecen de forma diferente. No importa cu\u00e1ntas veces hayas montado un kit de cultivo, cada vez puede ser diferente. Sigue siempre atentamente las instrucciones. De esta forma tambi\u00e9n podr\u00e1s conseguir la mayor cosecha. \u00a1Feliz cultivo de setas!<\/p>\n\t<div id=\"gap-1667582673\" class=\"gap-element clearfix\" style=\"display:block; height:auto;\">\n\t\t\n<style>\n#gap-1667582673 {\n  padding-top: 30px;\n}\n<\/style>\n\t<\/div>\n\t\n\n<span class=\"scroll-to\" data-label=\"Scroll to: #growkit1\" data-bullet=\"true\" data-link=\"#growkit1\" data-title=\"General grow kit instructions\"><a name=\"growkit1\"><\/a><\/span>\n\n<div class=\"container section-title-container\" ><h2 class=\"section-title section-title-normal\"><b aria-hidden=\"true\"><\/b><span class=\"section-title-main\" >Instrucciones generales del kit de cultivo<\/span><b aria-hidden=\"true\"><\/b><\/h2><\/div>\n\n\n  \n    <div class=\"row  lightbox-multi-gallery large-columns-2 medium-columns- small-columns-\" >\n  <div class=\"gallery-col col\" >\n          <div class=\"col-inner\">\n            <a class=\"\" href=\"https:\/\/www.tatanka.nl\/wp-content\/uploads\/2023\/08\/GrowKit-instructies-ENG_STAP-4-tm-7.jpg\" title=\"Seta m\u00e1gica GrowKit instrucciones frente tatanka\">            <div class=\"box has-hover gallery-box box-none\">\n              <div class=\"box-image\" >\n                <img loading=\"lazy\" decoding=\"async\" width=\"874\" height=\"1240\" src=\"https:\/\/www.tatanka.nl\/wp-content\/uploads\/2023\/08\/GrowKit-instructies-ENG_STAP-4-tm-7.jpg\" class=\"attachment-medium size-medium\" alt=\"Seta m\u00e1gica GrowKit instrucciones frente tatanka\" ids=\"115915,115916\" style=\"none\" columns=\"2\" srcset=\"https:\/\/www.tatanka.nl\/wp-content\/uploads\/2023\/08\/GrowKit-instructies-ENG_STAP-4-tm-7.jpg 874w, https:\/\/www.tatanka.nl\/wp-content\/uploads\/2023\/08\/GrowKit-instructies-ENG_STAP-4-tm-7-106x150.jpg 106w, https:\/\/www.tatanka.nl\/wp-content\/uploads\/2023\/08\/GrowKit-instructies-ENG_STAP-4-tm-7-768x1090.jpg 768w, https:\/\/www.tatanka.nl\/wp-content\/uploads\/2023\/08\/GrowKit-instructies-ENG_STAP-4-tm-7-420x596.jpg 420w, https:\/\/www.tatanka.nl\/wp-content\/uploads\/2023\/08\/GrowKit-instructies-ENG_STAP-4-tm-7-64x91.jpg 64w\" sizes=\"auto, (max-width: 874px) 100vw, 874px\" title=\"- Tatanka.nl\">                                                              <\/div>\n              <div class=\"box-text text-left\" >\n                 <p>Seta m\u00e1gica GrowKit instrucciones frente tatanka<\/p>\n              <\/div>\n            <\/div>\n            <\/a>          <\/div>\n         <\/div><div class=\"gallery-col col\" >\n          <div class=\"col-inner\">\n            <a class=\"\" href=\"https:\/\/www.tatanka.nl\/wp-content\/uploads\/2023\/08\/GrowKit-instructies-ENG_STAP-4-tm-72.jpg\" title=\"Seta m\u00e1gica GrowKit instruye de nuevo tatanka\">            <div class=\"box has-hover gallery-box box-none\">\n              <div class=\"box-image\" >\n                <img loading=\"lazy\" decoding=\"async\" width=\"874\" height=\"1240\" src=\"https:\/\/www.tatanka.nl\/wp-content\/uploads\/2023\/08\/GrowKit-instructies-ENG_STAP-4-tm-72.jpg\" class=\"attachment-medium size-medium\" alt=\"Seta m\u00e1gica GrowKit instruye de nuevo tatanka\" ids=\"115915,115916\" style=\"none\" columns=\"2\" srcset=\"https:\/\/www.tatanka.nl\/wp-content\/uploads\/2023\/08\/GrowKit-instructies-ENG_STAP-4-tm-72.jpg 874w, https:\/\/www.tatanka.nl\/wp-content\/uploads\/2023\/08\/GrowKit-instructies-ENG_STAP-4-tm-72-106x150.jpg 106w, https:\/\/www.tatanka.nl\/wp-content\/uploads\/2023\/08\/GrowKit-instructies-ENG_STAP-4-tm-72-768x1090.jpg 768w, https:\/\/www.tatanka.nl\/wp-content\/uploads\/2023\/08\/GrowKit-instructies-ENG_STAP-4-tm-72-420x596.jpg 420w, https:\/\/www.tatanka.nl\/wp-content\/uploads\/2023\/08\/GrowKit-instructies-ENG_STAP-4-tm-72-64x91.jpg 64w\" sizes=\"auto, (max-width: 874px) 100vw, 874px\" title=\"- Tatanka.nl\">                                                              <\/div>\n              <div class=\"box-text text-left\" >\n                 <p>Seta m\u00e1gica GrowKit instruye de nuevo tatanka<\/p>\n              <\/div>\n            <\/div>\n            <\/a>          <\/div>\n         <\/div><\/div>\n\n<div class=\"row\"  id=\"row-209144112\">\n\n\n\t<div id=\"col-1889972211\" class=\"col medium-6 small-12 large-6\"  >\n\t\t\t\t<div class=\"col-inner\"  >\n\t\t\t\n\t\t\t\n\n<p><strong>Primer paso<\/strong><\/p>\n<p>L\u00e1vate bien las manos y limpia el exterior del kit de cultivo con un pa\u00f1o seco. Retira la tapa y gu\u00e1rdala para el paso 2.<\/p>\n<p><strong>Paso 2<\/strong><\/p>\n<p>Llene el armario de cultivo hasta el borde con agua templada (20 \u00b0C), vuelva a taparlo y d\u00e9jelo en remojo durante 5 minutos. Importante: no deje nunca el armario de cultivo en remojo durante m\u00e1s de 1 hora.<\/p>\n<p><strong>Paso 3<\/strong><\/p>\n<p>Retire la tapa del kit de cultivo y escurra bien el agua. Deja escurrir el growkit durante 10 segundos.<\/p>\n<p><strong>Paso 4<\/strong><\/p>\n<p>Coloque el kit de cultivo en la bolsa de cultivo y ll\u00e9nela con una taza (200-250 ml) de agua tibia (20 \u00b0C). A continuaci\u00f3n, doble la parte superior de la bolsa y ci\u00e9rrela con 2 clips.<\/p>\n\n\t\t<\/div>\n\t\t\t\t\t<\/div>\n\n\t\n\n\t<div id=\"col-687951863\" class=\"col medium-6 small-12 large-6\"  >\n\t\t\t\t<div class=\"col-inner\"  >\n\t\t\t\n\t\t\t\n\n<p><strong>Paso 5<\/strong><\/p>\n<p>Coloque el kit de cultivo en un lugar con una temperatura ambiente media de 20-25 \u00b0C. Aseg\u00farese de que el armario de cultivo no est\u00e9 expuesto a la luz solar directa, ni debajo de una l\u00e1mpara, ni cerca de un radiador o fuente de calor. Importante: la bolsa debe permanecer cerrada hasta que se formen las primeras cabezas de alfiler. Hasta entonces, el contenido de CO2 y la humedad dentro de la bolsa deben ser lo m\u00e1s altos posible.<\/p>\n<p><strong>Paso 6<\/strong><\/p>\n<p>Cuando aparezcan las primeras cabezas de alfiler*, deje que entre aire fresco en la bolsa de cultivo a diario (durante unos minutos) y humedezca el kit de cultivo con una botella nebulizadora. *Las cabezas de alfiler son las primeras formas visibles de los min\u00fasculos sombreros de las setas. Las primeras cabezas de alfiler pueden tardar entre 10 y 20 d\u00edas en ser visibles.<\/p>\n<p><strong>Paso 7<\/strong><\/p>\n<p>Los champi\u00f1ones pueden recolectarse justo antes de que se abran las membranas de la parte inferior del sombrero. Durante la recolecci\u00f3n, sujete suavemente el tallo y g\u00edrelo a izquierda\/derecha. Cuando la seta se suelte, s\u00e1quela con el mayor cuidado posible. <strong>Importante:<\/strong> el hongo debe retirarse por completo para que haya espacio para uno nuevo.<\/p>\n<p><strong>Paso 8<\/strong><\/p>\n<p><strong>Enhorabuena<\/strong>la cosecha est\u00e1 completa. Ahora es posible cultivar un nuevo brote de setas repitiendo de nuevo los pasos 4 a 7.<\/p>\n\n\t\t<\/div>\n\t\t\t\t\t<\/div>\n\n\t\n\n<\/div>\n<div class=\"row\"  id=\"row-1080890098\">\n\n\n\t<div id=\"col-1320673050\" class=\"col medium-6 small-12 large-6\"  >\n\t\t\t\t<div class=\"col-inner text-left\"  >\n\t\t\t\n\t<div class=\"is-border\"\n\t\tstyle=\"border-color:rgb(0, 0, 0);border-width:1px 1px 1px 1;margin:0px -10px 0px -10px;\">\n\t<\/div>\n\t\t\t\n\n<div class=\"row\"  id=\"row-1598978809\">\n\n\n\t<div id=\"col-1233359330\" class=\"col small-12 large-12\"  >\n\t\t\t\t<div class=\"col-inner\"  >\n\t\t\t\n\t\t\t\n\n\t<div id=\"text-1812199311\" class=\"text\">\n\t\t\n\n<table>\n<tbody>\n<tr>\n<td style=\"width: 332.25px;\">\n<h3><strong>Consejo 1<\/strong><\/h3>\n<p>Aseg\u00farese de que el kit de cultivo est\u00e9 siempre h\u00famedo. Tambi\u00e9n es importante que el kit de cultivo no se seque entre los pasos 5 y 6. En este caso, puede abrir la bolsa y humedecer el kit de nuevo. En este caso, puede abrir la bolsa y humedecer el kit de cultivo de nuevo.<\/p>\n<\/td>\n<td style=\"width: 204.75px;\"><img loading=\"lazy\" decoding=\"async\" class=\"alignnone size-full wp-image-47098\" src=\"https:\/\/www.tatanka.nl\/wp-content\/uploads\/2022\/05\/Stap-1.jpg\" alt=\"- Tatanka.nl\" width=\"300\" height=\"300\" title=\"- Tatanka.nl\" srcset=\"https:\/\/www.tatanka.nl\/wp-content\/uploads\/2022\/05\/Stap-1.jpg 300w, https:\/\/www.tatanka.nl\/wp-content\/uploads\/2022\/05\/Stap-1-100x100.jpg 100w, https:\/\/www.tatanka.nl\/wp-content\/uploads\/2022\/05\/Stap-1-64x64.jpg 64w\" sizes=\"auto, (max-width: 300px) 100vw, 300px\" \/><\/td>\n<\/tr>\n<\/tbody>\n<\/table>\n\t\t\n<style>\n#text-1812199311 {\n  font-size: 1.15rem;\n}\n@media (min-width:550px) {\n  #text-1812199311 {\n    font-size: 1rem;\n  }\n}\n<\/style>\n\t<\/div>\n\t\n\n\t\t<\/div>\n\t\t\t\t\t<\/div>\n\n\t\n\n<\/div>\n\n\t\t<\/div>\n\t\t\t\t\n<style>\n#col-1320673050 > .col-inner {\n  padding: 0px 0px 0px 0px;\n  margin: 0px 0px 25px 0px;\n}\n<\/style>\n\t<\/div>\n\n\t\n\n\t<div id=\"col-908577884\" class=\"col medium-6 small-12 large-6\"  >\n\t\t\t\t<div class=\"col-inner text-left\"  >\n\t\t\t\n\t<div class=\"is-border\"\n\t\tstyle=\"border-color:rgb(0, 0, 0);border-width:1px 1px 1px 1;margin:0px -10px 0px -10px;\">\n\t<\/div>\n\t\t\t\n\n<div class=\"row\"  id=\"row-421597763\">\n\n\n\t<div id=\"col-1503120514\" class=\"col small-12 large-12\"  >\n\t\t\t\t<div class=\"col-inner\"  >\n\t\t\t\n\t\t\t\n\n\t<div id=\"text-4292508168\" class=\"text\">\n\t\t\n\n<table>\n<tbody>\n<tr>\n<td style=\"width: 332.25px;\">\n<h3><strong>Consejo 2<\/strong><\/h3>\n<p>Maneje su kit de cultivo con cuidado, esto aumentar\u00e1 la posibilidad de un mejor rendimiento durante un pr\u00f3ximo brote.<\/p>\n<\/td>\n<td style=\"width: 204.75px;\"><img loading=\"lazy\" decoding=\"async\" class=\"alignnone wp-image-47099 size-full\" src=\"https:\/\/www.tatanka.nl\/wp-content\/uploads\/2022\/05\/Stap-2.jpg\" alt=\"- Tatanka.nl\" width=\"300\" height=\"300\" title=\"- Tatanka.nl\" srcset=\"https:\/\/www.tatanka.nl\/wp-content\/uploads\/2022\/05\/Stap-2.jpg 300w, https:\/\/www.tatanka.nl\/wp-content\/uploads\/2022\/05\/Stap-2-100x100.jpg 100w, https:\/\/www.tatanka.nl\/wp-content\/uploads\/2022\/05\/Stap-2-64x64.jpg 64w\" sizes=\"auto, (max-width: 300px) 100vw, 300px\" \/><\/td>\n<\/tr>\n<\/tbody>\n<\/table>\n\t\t\n<style>\n#text-4292508168 {\n  font-size: 1rem;\n}\n<\/style>\n\t<\/div>\n\t\n\n\t\t<\/div>\n\t\t\t\t\t<\/div>\n\n\t\n\n<\/div>\n\n\t\t<\/div>\n\t\t\t\t\n<style>\n#col-908577884 > .col-inner {\n  padding: 0px 0px 0px 0px;\n  margin: 0px 0px 25px 0px;\n}\n<\/style>\n\t<\/div>\n\n\t\n\n\t<div id=\"col-102455504\" class=\"col medium-6 small-12 large-6\"  >\n\t\t\t\t<div class=\"col-inner text-left\"  >\n\t\t\t\n\t<div class=\"is-border\"\n\t\tstyle=\"border-color:rgb(0, 0, 0);border-width:1px 1px 1px 1;margin:0px -10px 0px -10px;\">\n\t<\/div>\n\t\t\t\n\n<div class=\"row\"  id=\"row-1241427892\">\n\n\n\t<div id=\"col-1015137684\" class=\"col small-12 large-12\"  >\n\t\t\t\t<div class=\"col-inner\"  >\n\t\t\t\n\t\t\t\n\n\t<div id=\"text-3658978139\" class=\"text\">\n\t\t\n\n<table>\n<tbody>\n<tr>\n<td style=\"width: 332.25px;\">\n<h3><strong>Consejo 3<\/strong><\/h3>\n<p>\u00bfNo sabe cu\u00e1ndo recoger las setas? Es mejor recogerlas pronto que demasiado tarde.<\/p>\n<\/td>\n<td style=\"width: 204.75px;\"><img loading=\"lazy\" decoding=\"async\" class=\"alignnone size-full wp-image-47100\" src=\"https:\/\/www.tatanka.nl\/wp-content\/uploads\/2022\/05\/Stap-3.jpg\" alt=\"- Tatanka.nl\" width=\"300\" height=\"300\" title=\"- Tatanka.nl\" srcset=\"https:\/\/www.tatanka.nl\/wp-content\/uploads\/2022\/05\/Stap-3.jpg 300w, https:\/\/www.tatanka.nl\/wp-content\/uploads\/2022\/05\/Stap-3-100x100.jpg 100w, https:\/\/www.tatanka.nl\/wp-content\/uploads\/2022\/05\/Stap-3-64x64.jpg 64w\" sizes=\"auto, (max-width: 300px) 100vw, 300px\" \/><\/td>\n<\/tr>\n<\/tbody>\n<\/table>\n\t\t\n<style>\n#text-3658978139 {\n  font-size: 1rem;\n}\n<\/style>\n\t<\/div>\n\t\n\n\t\t<\/div>\n\t\t\t\t\t<\/div>\n\n\t\n\n<\/div>\n\n\t\t<\/div>\n\t\t\t\t\n<style>\n#col-102455504 > .col-inner {\n  padding: 0px 0px 0px 0px;\n  margin: 0px 0px 25px 0px;\n}\n<\/style>\n\t<\/div>\n\n\t\n\n\t<div id=\"col-884018526\" class=\"col medium-6 small-12 large-6\"  >\n\t\t\t\t<div class=\"col-inner text-left\"  >\n\t\t\t\n\t<div class=\"is-border\"\n\t\tstyle=\"border-color:rgb(0, 0, 0);border-width:1px 1px 1px 1;margin:0px -10px 0px -10px;\">\n\t<\/div>\n\t\t\t\n\n<div class=\"row\"  id=\"row-1180806307\">\n\n\n\t<div id=\"col-1020462787\" class=\"col small-12 large-12\"  >\n\t\t\t\t<div class=\"col-inner\"  >\n\t\t\t\n\t\t\t\n\n\t<div id=\"text-4104803322\" class=\"text\">\n\t\t\n\n<table>\n<tbody>\n<tr>\n<td style=\"width: 332.25px;\">\n<h3><strong>Consejo 4<\/strong><\/h3>\n<p>Una temperatura baja puede provocar que el kit de cultivo no funcione. Aseg\u00farate de que la temperatura nunca descienda por debajo de los 20 grados. Presta atenci\u00f3n a esto y no bajes la temperatura por la noche.<\/p>\n<\/td>\n<td style=\"width: 204.75px;\"><img loading=\"lazy\" decoding=\"async\" class=\"alignnone size-full wp-image-47101\" src=\"https:\/\/www.tatanka.nl\/wp-content\/uploads\/2022\/05\/Stap-4.jpg\" alt=\"- Tatanka.nl\" width=\"300\" height=\"300\" title=\"- Tatanka.nl\" srcset=\"https:\/\/www.tatanka.nl\/wp-content\/uploads\/2022\/05\/Stap-4.jpg 300w, https:\/\/www.tatanka.nl\/wp-content\/uploads\/2022\/05\/Stap-4-100x100.jpg 100w, https:\/\/www.tatanka.nl\/wp-content\/uploads\/2022\/05\/Stap-4-64x64.jpg 64w\" sizes=\"auto, (max-width: 300px) 100vw, 300px\" \/><\/td>\n<\/tr>\n<\/tbody>\n<\/table>\n\t\t\n<style>\n#text-4104803322 {\n  font-size: 1rem;\n}\n<\/style>\n\t<\/div>\n\t\n\n\t\t<\/div>\n\t\t\t\t\t<\/div>\n\n\t\n\n<\/div>\n\n\t\t<\/div>\n\t\t\t\t\n<style>\n#col-884018526 > .col-inner {\n  padding: 0px 0px 0px 0px;\n  margin: 0px 0px 25px 0px;\n}\n<\/style>\n\t<\/div>\n\n\t\n\n<\/div>\n<span class=\"scroll-to\" data-label=\"Scroll to: #growkit2\" data-bullet=\"true\" data-link=\"#growkit2\" data-title=\"Hawaiian Copelandia Cyanesens instructions\"><a name=\"growkit2\"><\/a><\/span>\n\n<div class=\"container section-title-container\" ><h2 class=\"section-title section-title-normal\"><b aria-hidden=\"true\"><\/b><span class=\"section-title-main\" >Hawaiian Copelandia Cyanesens instrucciones<\/span><b aria-hidden=\"true\"><\/b><\/h2><\/div>\n\n<p>A continuaci\u00f3n encontrar\u00e1 las instrucciones para el Hawaiian Copelandia growkit. Este growkit necesita atenci\u00f3n extra, lea las instrucciones cuidadosamente.<\/p>\n\n  \n    <div class=\"row  lightbox-multi-gallery large-columns-2 medium-columns- small-columns-\" >\n  <div class=\"gallery-col col\" >\n          <div class=\"col-inner\">\n            <a class=\"\" href=\"https:\/\/www.tatanka.nl\/wp-content\/uploads\/2022\/08\/Hawaiian-GrowKit-instructies-ENG-Front-564x800.jpg\" title=\"\">            <div class=\"box has-hover gallery-box box-none\">\n              <div class=\"box-image\" >\n                <img loading=\"lazy\" decoding=\"async\" width=\"423\" height=\"600\" src=\"https:\/\/www.tatanka.nl\/wp-content\/uploads\/2022\/08\/Hawaiian-GrowKit-instructies-ENG-Front-423x600.jpg\" class=\"attachment-medium size-medium\" alt=\"- Tatanka.nl\" ids=\"54309,54308\" style=\"none\" columns=\"2\" srcset=\"https:\/\/www.tatanka.nl\/wp-content\/uploads\/2022\/08\/Hawaiian-GrowKit-instructies-ENG-Front-423x600.jpg 423w, https:\/\/www.tatanka.nl\/wp-content\/uploads\/2022\/08\/Hawaiian-GrowKit-instructies-ENG-Front-564x800.jpg 564w, https:\/\/www.tatanka.nl\/wp-content\/uploads\/2022\/08\/Hawaiian-GrowKit-instructies-ENG-Front-268x380.jpg 268w, https:\/\/www.tatanka.nl\/wp-content\/uploads\/2022\/08\/Hawaiian-GrowKit-instructies-ENG-Front-768x1090.jpg 768w, https:\/\/www.tatanka.nl\/wp-content\/uploads\/2022\/08\/Hawaiian-GrowKit-instructies-ENG-Front-420x596.jpg 420w, https:\/\/www.tatanka.nl\/wp-content\/uploads\/2022\/08\/Hawaiian-GrowKit-instructies-ENG-Front-64x91.jpg 64w, https:\/\/www.tatanka.nl\/wp-content\/uploads\/2022\/08\/Hawaiian-GrowKit-instructies-ENG-Front.jpg 874w\" sizes=\"auto, (max-width: 423px) 100vw, 423px\" title=\"- Tatanka.nl\">                                                              <\/div>\n              <div class=\"box-text text-left\" >\n                 <p><\/p>\n              <\/div>\n            <\/div>\n            <\/a>          <\/div>\n         <\/div><div class=\"gallery-col col\" >\n          <div class=\"col-inner\">\n            <a class=\"\" href=\"https:\/\/www.tatanka.nl\/wp-content\/uploads\/2022\/08\/Hawaiian-GrowKit-instructies-ENG-Back-564x800.jpg\" title=\"\">            <div class=\"box has-hover gallery-box box-none\">\n              <div class=\"box-image\" >\n                <img loading=\"lazy\" decoding=\"async\" width=\"423\" height=\"600\" src=\"https:\/\/www.tatanka.nl\/wp-content\/uploads\/2022\/08\/Hawaiian-GrowKit-instructies-ENG-Back-423x600.jpg\" class=\"attachment-medium size-medium\" alt=\"- Tatanka.nl\" ids=\"54309,54308\" style=\"none\" columns=\"2\" srcset=\"https:\/\/www.tatanka.nl\/wp-content\/uploads\/2022\/08\/Hawaiian-GrowKit-instructies-ENG-Back-423x600.jpg 423w, https:\/\/www.tatanka.nl\/wp-content\/uploads\/2022\/08\/Hawaiian-GrowKit-instructies-ENG-Back-564x800.jpg 564w, https:\/\/www.tatanka.nl\/wp-content\/uploads\/2022\/08\/Hawaiian-GrowKit-instructies-ENG-Back-268x380.jpg 268w, https:\/\/www.tatanka.nl\/wp-content\/uploads\/2022\/08\/Hawaiian-GrowKit-instructies-ENG-Back-768x1090.jpg 768w, https:\/\/www.tatanka.nl\/wp-content\/uploads\/2022\/08\/Hawaiian-GrowKit-instructies-ENG-Back-420x596.jpg 420w, https:\/\/www.tatanka.nl\/wp-content\/uploads\/2022\/08\/Hawaiian-GrowKit-instructies-ENG-Back-64x91.jpg 64w, https:\/\/www.tatanka.nl\/wp-content\/uploads\/2022\/08\/Hawaiian-GrowKit-instructies-ENG-Back.jpg 874w\" sizes=\"auto, (max-width: 423px) 100vw, 423px\" title=\"- Tatanka.nl\">                                                              <\/div>\n              <div class=\"box-text text-left\" >\n                 <p><\/p>\n              <\/div>\n            <\/div>\n            <\/a>          <\/div>\n         <\/div><\/div>\n\n<div class=\"row\"  id=\"row-1992707614\">\n\n\n\t<div id=\"col-1637588505\" class=\"col medium-6 small-12 large-6\"  >\n\t\t\t\t<div class=\"col-inner\"  >\n\t\t\t\n\t\t\t\n\n<p><strong>Primer paso<\/strong><\/p>\n<p>Abre la caja y saca el contenido: el kit de cultivo, la bolsa de cultivo, dos bandejas de tierra negra y un clip.<\/p>\n<p><strong>Paso 2<\/strong><\/p>\n<p>L\u00e1vate bien las manos con jab\u00f3n y retira la tapa del kit de cultivo. Esparce la tierra negra uniformemente sobre el kit de cultivo.<\/p>\n<p><strong>Paso 3<\/strong><\/p>\n<p>Roc\u00ede la capa superior del kit con agua y aseg\u00farese de que est\u00e9 h\u00fameda. Roc\u00eda tambi\u00e9n el interior de la bolsa. Aseg\u00farate de que hay suficiente ox\u00edgeno en la bolsa e introduce el kit de cultivo. Cierra la bolsa con el clip.<\/p>\n<p><strong>Paso 4<\/strong><\/p>\n<p>Aseg\u00farate de pulverizar el kit de cultivo a diario y darle ox\u00edgeno fresco. Puedes apretar la bolsa para asegurarte de que el ox\u00edgeno se refresca. Es importante mantener h\u00fameda la capa superior del kit.<\/p>\n\n\t\t<\/div>\n\t\t\t\t\t<\/div>\n\n\t\n\n\t<div id=\"col-432543295\" class=\"col medium-6 small-12 large-6\"  >\n\t\t\t\t<div class=\"col-inner\"  >\n\t\t\t\n\t\t\t\n\n<p><strong>Paso 5<\/strong><\/p>\n<p>Al cabo de 6 - 11 d\u00edas se formar\u00e1n las primeras setas. En este momento puede sacar brevemente el kit de la bolsa. Roc\u00ede el interior de la bolsa y vuelva a meter el kit de cultivo en la bolsa. (A las setas Hawaiian no les gusta el contacto directo con el agua).<\/p>\n<p><strong>Paso 6<\/strong><\/p>\n<p>Unos 5-7 d\u00edas despu\u00e9s de que las setas empiecen a crecer, est\u00e1n listas para ser arrancadas. Empiece a arrancarlas justo antes de que los sombreros empiecen a abrirse. Intenta hacerlo justo antes de que caigan las primeras esporas negras, pero no te preocupes si ya ha ocurrido. L\u00e1vate las manos y saca con cuidado las setas del kit.<\/p>\n<p><strong>Paso 7<\/strong><\/p>\n<p>Cuando hayas cosechado todo el brote, puedes repetir todo el proceso desde el paso 3 (nebulizaci\u00f3n) y el ciclo se repetir\u00e1. Lo m\u00e1s importante es mantener el kit de cultivo h\u00famedo y asegurarse de que recibe aire fresco a diario. Tenga en cuenta que la Copelandia Hawaiian es un producto mucho m\u00e1s delicado que otros kits de cultivo de setas.<\/p>\n\n\t\t<\/div>\n\t\t\t\t\t<\/div>\n\n\t\n\n<\/div>","protected":false},"excerpt":{"rendered":"","protected":false},"author":1427,"featured_media":0,"parent":0,"menu_order":0,"comment_status":"closed","ping_status":"closed","template":"","meta":{"footnotes":""},"class_list":["post-38285","page","type-page","status-publish","hentry"],"_links":{"self":[{"href":"https:\/\/www.tatanka.nl\/es\/wp-json\/wp\/v2\/pages\/38285","targetHints":{"allow":["GET"]}}],"collection":[{"href":"https:\/\/www.tatanka.nl\/es\/wp-json\/wp\/v2\/pages"}],"about":[{"href":"https:\/\/www.tatanka.nl\/es\/wp-json\/wp\/v2\/types\/page"}],"author":[{"embeddable":true,"href":"https:\/\/www.tatanka.nl\/es\/wp-json\/wp\/v2\/users\/1427"}],"replies":[{"embeddable":true,"href":"https:\/\/www.tatanka.nl\/es\/wp-json\/wp\/v2\/comments?post=38285"}],"version-history":[{"count":0,"href":"https:\/\/www.tatanka.nl\/es\/wp-json\/wp\/v2\/pages\/38285\/revisions"}],"wp:attachment":[{"href":"https:\/\/www.tatanka.nl\/es\/wp-json\/wp\/v2\/media?parent=38285"}],"curies":[{"name":"wp","href":"https:\/\/api.w.org\/{rel}","templated":true}]}}