{"id":50662,"date":"2022-07-11T09:15:48","date_gmt":"2022-07-11T07:15:48","guid":{"rendered":"https:\/\/www.tatanka.nl\/?page_id=50662"},"modified":"2022-07-11T09:47:31","modified_gmt":"2022-07-11T07:47:31","slug":"affiliate-program","status":"publish","type":"page","link":"https:\/\/www.tatanka.nl\/es\/affiliate-program\/","title":{"rendered":"Programa de afiliaci\u00f3n de Tatanka"},"content":{"rendered":"<div id=\"gap-1022611771\" class=\"gap-element clearfix\" style=\"display:block; height:auto;\">\n\t\t\n<style>\n#gap-1022611771 {\n  padding-top: 30px;\n}\n<\/style>\n\t<\/div>\n\t\n\n<div class=\"container section-title-container\" ><h1 class=\"section-title section-title-normal\"><b aria-hidden=\"true\"><\/b><span class=\"section-title-main\" style=\"font-size:149%;\">Programa de afiliaci\u00f3n de Tatanka<\/span><b aria-hidden=\"true\"><\/b><\/h1><\/div>\n\n<div class=\"row\"  id=\"row-997536535\">\n\n\n\t<div id=\"col-2007899906\" class=\"col medium-8 small-12 large-8\"  >\n\t\t\t\t<div class=\"col-inner\"  >\n\t\t\t\n\t\t\t\n\n<h2>Gane dinero promocionando nuestros productos<\/h2>\n<p>\u00bfTienes una p\u00e1gina web o un canal multimedia y quieres ganar dinero promocionando nuestros productos? Entonces nos gustar\u00eda invitarte a inscribirte en el programa de afiliados de Tatanka.<\/p>\n<p>Nuestro programa de afiliados funciona en colaboraci\u00f3n con Daisycon. Reg\u00edstrate ahora como editor y gana altas comisiones por producto vendido.<\/p>\n<a href=\"https:\/\/www.daisycon.com\/nl\/campagnes\/17221-tatanka\/\" target=\"_blank\" class=\"button primary\" rel=\"noopener\">\n\t\t<span>Inscr\u00edbete aqu\u00ed<\/span>\n\t<\/a>\n\n\n<h3>Por qu\u00e9 afiliarse a Tatanka<\/h3>\n<ul>\n<li>Alta comisi\u00f3n sobre la base del SPC<\/li>\n<li>Validaci\u00f3n r\u00e1pida de las ventas semanales. (m\u00ednimo 30 d\u00edas)<\/li>\n<li>Precios competitivos B2C<\/li>\n<li>Numerosos banners promocionales disponibles<\/li>\n<li>Posibilidad de pancartas personalizadas previa solicitud<\/li>\n<li>Equipo de asistencia activo para usted y el cliente<\/li>\n<li>Alimentaci\u00f3n de productos a petici\u00f3n<\/li>\n<\/ul>\n<a href=\"https:\/\/www.daisycon.com\/nl\/campagnes\/17221-tatanka\/\" target=\"_blank\" class=\"button primary\" rel=\"noopener\">\n\t\t<span>Inscr\u00edbete aqu\u00ed<\/span>\n\t<\/a>\n\n\n<p>Si tiene alguna pregunta sobre nosotros o sobre el programa de afiliaci\u00f3n, no dude en preguntarnos. Estaremos encantados de ayudarle en su camino hacia una gran colaboraci\u00f3n.<\/p>\n\n\t\t<\/div>\n\t\t\t\t\t<\/div>\n\n\t\n\n\t<div id=\"col-1376663940\" class=\"col medium-4 small-12 large-4 small-col-first\"  >\n\t\t\t\t<div class=\"col-inner\"  >\n\t\t\t\n\t\t\t\n\n\t<div class=\"img has-hover hide-for-small x md-x lg-x y md-y lg-y\" id=\"image_1610631246\">\n\t\t\t\t\t\t\t\t<div class=\"img-inner dark\" >\n\t\t\t<img loading=\"lazy\" decoding=\"async\" width=\"512\" height=\"512\" src=\"https:\/\/www.tatanka.nl\/wp-content\/uploads\/2018\/05\/Tatanka-Logo-512x512.jpg\" class=\"attachment-original size-original\" alt=\"- Tatanka.nl\" srcset=\"https:\/\/www.tatanka.nl\/wp-content\/uploads\/2018\/05\/Tatanka-Logo-512x512.jpg 512w, https:\/\/www.tatanka.nl\/wp-content\/uploads\/2018\/05\/Tatanka-Logo-512x512-420x420.jpg 420w, https:\/\/www.tatanka.nl\/wp-content\/uploads\/2018\/05\/Tatanka-Logo-512x512-100x100.jpg 100w, https:\/\/www.tatanka.nl\/wp-content\/uploads\/2018\/05\/Tatanka-Logo-512x512-64x64.jpg 64w, https:\/\/www.tatanka.nl\/wp-content\/uploads\/2018\/05\/Tatanka-Logo-512x512-380x380.jpg 380w\" sizes=\"auto, (max-width: 512px) 100vw, 512px\" title=\"- Tatanka.nl\">\t\t\t\t\t\t\n\t\t\t\t\t<\/div>\n\t\t\t\t\t\t\t\t\n<style>\n#image_1610631246 {\n  width: 100%;\n}\n<\/style>\n\t<\/div>\n\t\n\n\t<div id=\"gap-737242375\" class=\"gap-element clearfix\" style=\"display:block; height:auto;\">\n\t\t\n<style>\n#gap-737242375 {\n  padding-top: 10px;\n}\n<\/style>\n\t<\/div>\n\t\n\n\n\t\t<\/div>\n\t\t\t\t\t<\/div>\n\n\t\n\n<\/div>","protected":false},"excerpt":{"rendered":"","protected":false},"author":1427,"featured_media":0,"parent":0,"menu_order":0,"comment_status":"closed","ping_status":"closed","template":"page-blank.php","meta":{"footnotes":""},"class_list":["post-50662","page","type-page","status-publish","hentry"],"_links":{"self":[{"href":"https:\/\/www.tatanka.nl\/es\/wp-json\/wp\/v2\/pages\/50662","targetHints":{"allow":["GET"]}}],"collection":[{"href":"https:\/\/www.tatanka.nl\/es\/wp-json\/wp\/v2\/pages"}],"about":[{"href":"https:\/\/www.tatanka.nl\/es\/wp-json\/wp\/v2\/types\/page"}],"author":[{"embeddable":true,"href":"https:\/\/www.tatanka.nl\/es\/wp-json\/wp\/v2\/users\/1427"}],"replies":[{"embeddable":true,"href":"https:\/\/www.tatanka.nl\/es\/wp-json\/wp\/v2\/comments?post=50662"}],"version-history":[{"count":0,"href":"https:\/\/www.tatanka.nl\/es\/wp-json\/wp\/v2\/pages\/50662\/revisions"}],"wp:attachment":[{"href":"https:\/\/www.tatanka.nl\/es\/wp-json\/wp\/v2\/media?parent=50662"}],"curies":[{"name":"wp","href":"https:\/\/api.w.org\/{rel}","templated":true}]}}