{"id":105264,"date":"2023-06-20T09:22:11","date_gmt":"2023-06-20T07:22:11","guid":{"rendered":"https:\/\/www.tatanka.nl\/?post_type=product&#038;p=105264"},"modified":"2025-09-23T12:48:31","modified_gmt":"2025-09-23T11:48:31","slug":"trippy-x","status":"publish","type":"product","link":"https:\/\/www.tatanka.nl\/es\/trippy-x\/","title":{"rendered":"Trippy X"},"content":{"rendered":"<h2 data-start=\"0\" data-end=\"22\">\u00bfQu\u00e9 es Trippy X?<\/h2>\n<p data-start=\"24\" data-end=\"955\">Trippy X es una p\u00edldora de fiesta potente y \u00fanica dise\u00f1ada para llevar a los usuarios a un viaje caleidosc\u00f3pico como ning\u00fan otro. Formulada con ingredientes naturales cuidadosamente seleccionados, mejora la percepci\u00f3n y estimula la imaginaci\u00f3n, creando una experiencia inolvidable. Tanto si buscas elevar el ambiente de una fiesta como embarcarte en un viaje personal de autodescubrimiento, Trippy X fomenta la creatividad, la exploraci\u00f3n y las nuevas perspectivas. Este suplemento favorece la transformaci\u00f3n visual y sensorial, permitiendo a los usuarios conectar con su entorno de una forma m\u00e1s profunda y profunda. Al cambiar tu percepci\u00f3n y mejorar tu forma de experimentar el mundo, Trippy X abre las puertas a nuevas posibilidades y emocionantes aventuras. Su mezcla cuidadosamente elaborada de ingredientes naturales proporciona una experiencia fascinante, sumergi\u00e9ndote en sensaciones v\u00edvidas y visuales cautivadoras - perfecto para aquellos que buscan una experiencia intensa y transformadora.<\/p>\n<h2 data-start=\"957\" data-end=\"985\">Historia de Trippy X<\/h2>\n<p data-start=\"987\" data-end=\"1911\">Trippy X se inspira en siglos de curaci\u00f3n tradicional a base de plantas, incorporando ingredientes conocidos por sus propiedades para expandir la mente. El uso de sustancias naturales para la mejora cognitiva y perceptiva se remonta a las civilizaciones antiguas, donde las culturas de todo el mundo aprovecharon el poder de las plantas para inducir estados alterados de conciencia. Estas pr\u00e1cticas ancestrales sentaron las bases para las exploraciones modernas de la percepci\u00f3n sensorial. Trippy X es una evoluci\u00f3n contempor\u00e1nea de estas tradiciones, la fusi\u00f3n de la sabidur\u00eda a base de hierbas de larga tradici\u00f3n con las \u00faltimas investigaciones en suplementos naturales. Su mezcla cuidadosamente dise\u00f1ada maximiza la experiencia de expansi\u00f3n mental, ayudando a los usuarios a aprovechar su creatividad, sus emociones y su conciencia sensorial. Al encapsular estos poderosos ingredientes en una forma f\u00e1cil de usar, Trippy X ofrece una manera segura y conveniente de embarcarse en un viaje personal de auto-exploraci\u00f3n y percepci\u00f3n elevada.<\/p>\n<h2 data-start=\"1913\" data-end=\"1937\">C\u00f3mo utilizar Trippy X<\/h2>\n<p data-start=\"1939\" data-end=\"2469\">Para experimentar plenamente los efectos de Trippy X, tome una c\u00e1psula de 30 a 45 minutos antes del efecto deseado. Para una absorci\u00f3n \u00f3ptima, consuma la c\u00e1psula con agua o zumo de frutas. La dosis recomendada es de una c\u00e1psula al d\u00eda, y no se aconseja sobrepasar este l\u00edmite. Trippy X ha sido dise\u00f1ado para proporcionar una experiencia envolvente y transformadora, por lo que el tiempo es esencial para conseguir todos sus efectos. Dado que la f\u00f3rmula act\u00faa gradualmente, tomar la c\u00e1psula en el momento adecuado te permite adentrarte en el viaje y disfrutarlo plenamente.<\/p>\n<p data-start=\"2471\" data-end=\"2827\">Es importante utilizar Trippy X con atenci\u00f3n y respeto. Tanto si lo utilizas para un evento social como para una exploraci\u00f3n personal, crear el entorno adecuado mejora la experiencia. Aseg\u00farate de estar en un espacio seguro y c\u00f3modo donde puedas disfrutar plenamente del viaje. Prep\u00e1rate para abrir tu mente, activar tu creatividad y explorar nuevas dimensiones de percepci\u00f3n.<\/p>\n<h2 data-start=\"2829\" data-end=\"2857\">Ingredientes de Trippy X<\/h2>\n<p data-start=\"2859\" data-end=\"3022\">Las c\u00e1psulas Trippy X contienen una mezcla cuidadosamente seleccionada de ingredientes conocidos por sus propiedades para expandir la mente y potenciar los sentidos. Los ingredientes clave incluyen:<\/p>\n<ul data-start=\"3024\" data-end=\"3663\">\n<li data-start=\"3024\" data-end=\"3230\"><strong data-start=\"3026\" data-end=\"3062\">Baby Hawaiian Woodrose (175 mg):<\/strong> Utilizada en la medicina tradicional desde hace siglos, esta poderosa planta induce visiones v\u00edvidas y potencia la creatividad, transportando a los usuarios a estados alterados de conciencia.<\/li>\n<li data-start=\"3231\" data-end=\"3479\"><strong data-start=\"3233\" data-end=\"3264\">Pasiflora 10% (250 mg):<\/strong> Valorada por sus efectos calmantes, la pasiflora ayuda a aliviar la ansiedad y garantiza una experiencia equilibrada entre relajaci\u00f3n y estimulaci\u00f3n. Permite a los usuarios adentrarse en su viaje con una sensaci\u00f3n de concentraci\u00f3n y tranquilidad.<\/li>\n<li data-start=\"3480\" data-end=\"3663\"><strong data-start=\"3482\" data-end=\"3499\">Zinc (10 mg):<\/strong> Favorece la funci\u00f3n cognitiva general y el bienestar, ayudando al cuerpo a procesar los efectos de los otros ingredientes para una experiencia m\u00e1s suave y envolvente.<\/li>\n<\/ul>\n<p data-start=\"3665\" data-end=\"3911\" data-is-last-node=\"\">Juntos, estos ingredientes crean una potente f\u00f3rmula que gu\u00eda a los usuarios en una aventura caleidosc\u00f3pica rica en sentidos. Con Trippy X, puedes desbloquear nuevas perspectivas, expandir tu imaginaci\u00f3n y explorar reinos m\u00e1s profundos de creatividad y autodescubrimiento.<\/p>\n<p><strong style=\"font-size: 14.4px;\">Advertencia:<\/strong><\/p>\n<p>No utilice un suplemento diet\u00e9tico como sustituto de una dieta variada. Mantener fuera del alcance de los ni\u00f1os. S\u00f3lo se permite su uso a mayores de 18 a\u00f1os. No utilizar en combinaci\u00f3n con medicamentos u otros estimulantes, en caso de tensi\u00f3n arterial alta\/baja, afecciones card\u00edacas, trastornos tiroideos, enfermedades renales, depresi\u00f3n, nerviosismo, dolencias f\u00edsicas y\/o mentales y uso de inhibidores de la MAO. Tenga cuidado con el consumo excesivo de alcohol. En caso de duda, consulte a su m\u00e9dico.<\/p>","protected":false},"excerpt":{"rendered":"<p>Experimenta un viaje fascinante e inolvidable con Trippy X, nuestra cautivadora pastilla para fiestas que garantiza transportarte a nuevos reinos de maravillas caleidosc\u00f3picas. Infundidas con una mezcla sin igual de elementos naturales, nuestras C\u00e1psulas Caleidosc\u00f3picas prometen un viaje impresionante que te invita a sumergirte en el emocionante abismo de tu imaginaci\u00f3n. Abraza la potente potencia de Trippy X y prep\u00e1rate para ser asombrado por una experiencia incomparable, hipnotizante como nunca antes.<\/p>","protected":false},"featured_media":115901,"template":"","meta":[],"product_brand":[],"product_cat":[535,525,476,532],"product_tag":[],"class_list":{"0":"post-105264","1":"product","2":"type-product","3":"status-publish","4":"has-post-thumbnail","6":"product_cat-dnx","7":"product_cat-party-pills","8":"product_cat-smartshop","9":"product_cat-trippy-pills","10":"product_shipping_class-not-allowed-group-3","12":"first","13":"instock","14":"taxable","15":"shipping-taxable","16":"purchasable","17":"product-type-variable","18":"has-default-attributes"},"_links":{"self":[{"href":"https:\/\/www.tatanka.nl\/es\/wp-json\/wp\/v2\/product\/105264","targetHints":{"allow":["GET"]}}],"collection":[{"href":"https:\/\/www.tatanka.nl\/es\/wp-json\/wp\/v2\/product"}],"about":[{"href":"https:\/\/www.tatanka.nl\/es\/wp-json\/wp\/v2\/types\/product"}],"wp:featuredmedia":[{"embeddable":true,"href":"https:\/\/www.tatanka.nl\/es\/wp-json\/wp\/v2\/media\/115901"}],"wp:attachment":[{"href":"https:\/\/www.tatanka.nl\/es\/wp-json\/wp\/v2\/media?parent=105264"}],"wp:term":[{"taxonomy":"product_brand","embeddable":true,"href":"https:\/\/www.tatanka.nl\/es\/wp-json\/wp\/v2\/product_brand?post=105264"},{"taxonomy":"product_cat","embeddable":true,"href":"https:\/\/www.tatanka.nl\/es\/wp-json\/wp\/v2\/product_cat?post=105264"},{"taxonomy":"product_tag","embeddable":true,"href":"https:\/\/www.tatanka.nl\/es\/wp-json\/wp\/v2\/product_tag?post=105264"}],"curies":[{"name":"wp","href":"https:\/\/api.w.org\/{rel}","templated":true}]}}