{"id":11395,"date":"2018-02-14T17:08:28","date_gmt":"2018-02-14T17:08:28","guid":{"rendered":"http:\/\/www.tatanka.nl\/?post_type=product&#038;p=11395"},"modified":"2025-05-20T10:28:47","modified_gmt":"2025-05-20T09:28:47","slug":"hempcare-ruby-10-cbd-oil-30ml","status":"publish","type":"product","link":"https:\/\/www.tatanka.nl\/es\/hempcare-ruby-10-cbd-oil-30ml\/","title":{"rendered":"HempCare Ruby 10% Aceite de CBD 30ml"},"content":{"rendered":"<h2>HempCare Ruby 10% Aceite de CBD 30ml<\/h2>\n<h2 data-start=\"0\" data-end=\"33\">\u00bfQu\u00e9 es HempCare RUBY 10% CBD?<\/h2>\n<p data-start=\"35\" data-end=\"548\">HempCare RUBY 10% CBD es un aceite de CBD 100% natural altamente concentrado, derivado de una rara planta de c\u00e1\u00f1amo cultivada en un suelo de arcilla roja rico en minerales en las monta\u00f1as. El entorno \u00fanico en el que crece este c\u00e1\u00f1amo contribuye al color rojo rub\u00ed del aceite y a sus potentes propiedades naturales. HempCare RUBY 10% CBD es rico en cannabinoides beneficiosos, incluyendo cannabidiol (CBD), cannabigerol (CBG) y cannabinol (CBN), junto con terpenos, flavonoides y fenoles, todos los cuales trabajan sin\u00e9rgicamente para apoyar el cuerpo de forma natural.<\/p>\n<p data-start=\"550\" data-end=\"923\">Lo que hace que HempCare RUBY 10% CBD destaque es su mayor concentraci\u00f3n de beta-cariofileno, un terpeno conocido por sus potentes propiedades antiinflamatorias y analg\u00e9sicas. Esto lo convierte en una excelente opci\u00f3n para aquellos que buscan aliviar molestias o reducir el estr\u00e9s. Su composici\u00f3n natural garantiza que est\u00e1 libre de sustancias t\u00f3xicas, ofreciendo una experiencia pura y org\u00e1nica.<\/p>\n<h2 data-start=\"925\" data-end=\"960\">Historia de HempCare RUBY 10% CBD<\/h2>\n<p data-start=\"962\" data-end=\"1417\">La historia de HempCare RUBY 10% CBD comienza con el cultivo de c\u00e1\u00f1amo en una regi\u00f3n monta\u00f1osa \u00fanica, donde la arcilla roja natural del suelo contribuye a las cualidades excepcionales de la planta. HempCare selecciona cuidadosamente las mejores variedades de c\u00e1\u00f1amo y utiliza un proceso de extracci\u00f3n especial para preservar todo el espectro de cannabinoides, terpenos y otros nutrientes esenciales. Estas plantas de c\u00e1\u00f1amo se cultivan sin pesticidas, lo que garantiza un producto puro y de alta calidad.<\/p>\n<p data-start=\"1419\" data-end=\"1727\">HempCare se ha ganado el reconocimiento por elaborar productos de CBD de primera calidad, y el aceite de CBD RUBY 10% destaca por su alto contenido en terpenos y sus poco comunes condiciones de cultivo. Este aceite no es un producto de CBD m\u00e1s, sino un testimonio del compromiso de HempCare por ofrecer una experiencia de CBD realmente \u00fanica y eficaz.<\/p>\n<h2 data-start=\"1729\" data-end=\"1764\">C\u00f3mo utilizar HempCare RUBY 10% CBD<\/h2>\n<p data-start=\"1766\" data-end=\"2110\">Para obtener resultados \u00f3ptimos, se recomienda empezar con 5 gotas de HempCare RUBY 10% CBD dos veces al d\u00eda debajo de la lengua. Mant\u00e9n el aceite bajo la lengua durante unos 20 segundos antes de tragarlo para garantizar la m\u00e1xima absorci\u00f3n. Muchos usuarios afirman sentir los efectos tras unos d\u00edas de uso constante, aunque los resultados \u00f3ptimos pueden variar de una persona a otra.<\/p>\n<p data-start=\"2112\" data-end=\"2512\">Si experimenta alguna reacci\u00f3n adversa, es aconsejable reducir la dosis. El cuerpo absorber\u00e1 s\u00f3lo lo que necesite, y el exceso se expulsar\u00e1 de forma natural a trav\u00e9s de la orina o el sudor. Si desea un efecto m\u00e1s fuerte, puede aumentar gradualmente la dosis para adaptarla a sus necesidades. HempCare RUBY 10% CBD ofrece un enfoque flexible para el uso del CBD, permiti\u00e9ndote ajustar la dosis seg\u00fan tu experiencia personal.<\/p>\n<h2 data-start=\"2514\" data-end=\"2553\">Ingredientes de HempCare RUBY 10% CBD<\/h2>\n<p data-start=\"2555\" data-end=\"2921\">HempCare RUBY 10% CBD contiene dos ingredientes principales: aceite de semilla de c\u00e1\u00f1amo y extracto de c\u00e1\u00f1amo. Estos ingredientes trabajan juntos para proporcionar una potente mezcla de cannabinoides, incluyendo CBD, CBG y CBN, junto con una variedad de terpenos, flavonoides y otros compuestos beneficiosos. La inclusi\u00f3n de aceite de semilla de c\u00e1\u00f1amo garantiza que el producto siga siendo org\u00e1nico y libre de sustancias qu\u00edmicas nocivas.<\/p>\n<p data-start=\"2923\" data-end=\"3292\">Los terpenos del HempCare RUBY 10% CBD, como el bisabolol, son conocidos por sus propiedades antibacterianas y antif\u00fangicas, que contribuyen a los beneficios terap\u00e9uticos del aceite. Esta combinaci\u00f3n de ingredientes naturales crea un producto eficaz y seguro para el uso diario. Sin aditivos t\u00f3xicos, HempCare RUBY 10% CBD le garantiza lo mejor de la naturaleza.<\/p>\n<p data-start=\"3294\" data-end=\"3304\"><strong>Advertencia<\/strong><\/p>\n<p data-start=\"3306\" data-end=\"3457\">Consulte con un profesional sanitario antes de utilizarlo, especialmente si est\u00e1 embarazada, en per\u00edodo de lactancia o tomando medicaci\u00f3n. No exceda la dosis recomendada.<\/p>\n<p data-start=\"3459\" data-end=\"3755\" data-is-last-node=\"\">HempCare RUBY 10% CBD es un producto \u00fanico y eficaz que combina las propiedades curativas naturales del c\u00e1\u00f1amo con la ciencia moderna. Tanto si buscas aliviar el dolor, reducir el estr\u00e9s o simplemente un impulso de bienestar natural, HempCare RUBY 10% CBD proporciona una soluci\u00f3n totalmente natural para tu rutina diaria.<\/p>","protected":false},"excerpt":{"rendered":"<p>Hempcare RUBY 10% CBD es una variante especial de CBD. Donde hempcare utiliza una planta de c\u00e1\u00f1amo de fibra com\u00fan con CBD RAW 5% CBD, opt\u00f3 por CBD RUBY, una planta m\u00e1s rara. El aceite de CBD Hempcare RUBY 10% es rico en terpenos \"especiales\", que desempe\u00f1an un papel importante en diversas funciones del organismo.<\/p>","protected":false},"featured_media":126600,"template":"","meta":[],"product_brand":[],"product_cat":[601,297,485,371,483],"product_tag":[],"class_list":{"0":"post-11395","1":"product","2":"type-product","3":"status-publish","4":"has-post-thumbnail","6":"product_cat-hempcare","7":"product_cat-all-products","8":"product_cat-cbd-oils","9":"product_cat-cbd-top-10","10":"product_cat-cbdshop","12":"first","13":"instock","14":"taxable","15":"shipping-taxable","16":"purchasable","17":"product-type-variable"},"_links":{"self":[{"href":"https:\/\/www.tatanka.nl\/es\/wp-json\/wp\/v2\/product\/11395","targetHints":{"allow":["GET"]}}],"collection":[{"href":"https:\/\/www.tatanka.nl\/es\/wp-json\/wp\/v2\/product"}],"about":[{"href":"https:\/\/www.tatanka.nl\/es\/wp-json\/wp\/v2\/types\/product"}],"wp:featuredmedia":[{"embeddable":true,"href":"https:\/\/www.tatanka.nl\/es\/wp-json\/wp\/v2\/media\/126600"}],"wp:attachment":[{"href":"https:\/\/www.tatanka.nl\/es\/wp-json\/wp\/v2\/media?parent=11395"}],"wp:term":[{"taxonomy":"product_brand","embeddable":true,"href":"https:\/\/www.tatanka.nl\/es\/wp-json\/wp\/v2\/product_brand?post=11395"},{"taxonomy":"product_cat","embeddable":true,"href":"https:\/\/www.tatanka.nl\/es\/wp-json\/wp\/v2\/product_cat?post=11395"},{"taxonomy":"product_tag","embeddable":true,"href":"https:\/\/www.tatanka.nl\/es\/wp-json\/wp\/v2\/product_tag?post=11395"}],"curies":[{"name":"wp","href":"https:\/\/api.w.org\/{rel}","templated":true}]}}