{"id":11396,"date":"2018-02-14T17:12:36","date_gmt":"2018-02-14T17:12:36","guid":{"rendered":"http:\/\/www.tatanka.nl\/?post_type=product&#038;p=11396"},"modified":"2025-05-20T10:28:41","modified_gmt":"2025-05-20T09:28:41","slug":"hempcare-raw-5-cbd-oil-30ml","status":"publish","type":"product","link":"https:\/\/www.tatanka.nl\/es\/hempcare-raw-5-cbd-oil-30ml\/","title":{"rendered":"HempCare Raw 5% Aceite de CBD 30ml"},"content":{"rendered":"<h2>HempCare Raw 5% Aceite de CBD 30ml<\/h2>\n<h2 data-start=\"0\" data-end=\"31\">\u00bfQu\u00e9 es Hempcare RAW 5% CBD?<\/h2>\n<p data-start=\"33\" data-end=\"652\">Hempcare RAW 5% CBD es un aceite de CBD org\u00e1nico de alta calidad derivado del c\u00e1\u00f1amo. Este producto se encuentra en su forma m\u00e1s pura, ofreciendo un extracto crudo sin procesar que conserva todos los compuestos naturales que se encuentran en la planta de c\u00e1\u00f1amo, como cannabinoides, terpenos y flavonoides. Estos compuestos trabajan juntos para proporcionar beneficios hol\u00edsticos al cuerpo, sin los efectos psicoactivos asociados con el THC. Hempcare RAW 5% CBD se elabora mediante extracci\u00f3n con CO2, un m\u00e9todo que preserva la integridad natural de la planta y garantiza un producto limpio y eficaz. Este producto es ideal para quienes se inician en el CBD o prefieren un remedio org\u00e1nico y natural.<\/p>\n<h2 data-start=\"654\" data-end=\"687\">Historia de Hempcare RAW 5% CBD<\/h2>\n<p data-start=\"689\" data-end=\"1292\">El CBD ha sido reconocido por sus propiedades terap\u00e9uticas durante siglos, y su uso ha ganado una atenci\u00f3n significativa en los \u00faltimos a\u00f1os. Las civilizaciones antiguas comprend\u00edan los beneficios medicinales del CBD y, en el siglo XX, la investigaci\u00f3n cient\u00edfica empez\u00f3 a confirmar sus posibles ventajas para la salud. Hempcare RAW 5% CBD forma parte del movimiento moderno del CBD, proporcionando una opci\u00f3n cruda y sin refinar para los usuarios que buscan una experiencia de CBD puro. El producto se elabora a partir de plantas de c\u00e1\u00f1amo org\u00e1nico cuidadosamente seleccionadas, y su m\u00e9todo de extracci\u00f3n con CO2 garantiza una opci\u00f3n fiable para quienes buscan todo el espectro de beneficios del c\u00e1\u00f1amo.<\/p>\n<h2 data-start=\"1294\" data-end=\"1327\">C\u00f3mo utilizar Hempcare RAW 5% CBD<\/h2>\n<p data-start=\"1329\" data-end=\"1923\">Para maximizar los beneficios del Hempcare RAW 5% CBD, se recomienda tomar el aceite por v\u00eda sublingual, colocando unas gotas bajo la lengua. Este m\u00e9todo permite una absorci\u00f3n m\u00e1s r\u00e1pida en el torrente sangu\u00edneo, garantizando resultados r\u00e1pidos y eficaces. Comience con una dosis peque\u00f1a y aum\u00e9ntela gradualmente seg\u00fan sus necesidades personales. Dado que este producto es natural, sus efectos pueden variar de una persona a otra, por lo que es importante controlar su respuesta y ajustar la dosis seg\u00fan sea necesario. Hempcare RAW 5% CBD se presenta en un c\u00f3modo frasco con cuentagotas, lo que facilita su incorporaci\u00f3n a tu rutina diaria de bienestar.<\/p>\n<h2 data-start=\"1925\" data-end=\"1962\">Ingredientes de Hempcare RAW 5% CBD<\/h2>\n<p data-start=\"1964\" data-end=\"2547\">Hempcare RAW 5% CBD se elabora a partir de 100% ingredientes naturales, lo que garantiza un producto puro y org\u00e1nico. El ingrediente principal es el extracto de c\u00e1\u00f1amo, que contiene una variedad de cannabinoides, incluyendo CBD y CBG, junto con terpenos y flavonoides. Estos compuestos trabajan juntos para apoyar la salud y el bienestar general. Adem\u00e1s, el producto contiene aceite de semilla de c\u00e1\u00f1amo, que proporciona \u00e1cidos grasos esenciales nutritivos. Esta combinaci\u00f3n de ingredientes derivados del c\u00e1\u00f1amo garantiza que Hempcare RAW 5% CBD ofrezca una amplia gama de beneficios, como promover la relajaci\u00f3n y reducir la inflamaci\u00f3n.<\/p>\n<p data-start=\"2549\" data-end=\"2559\"><strong>Advertencia<\/strong><\/p>\n<p data-start=\"2561\" data-end=\"2823\" data-is-last-node=\"\">Como con cualquier suplemento natural, es importante consultar con un profesional de la salud antes de comenzar un nuevo r\u00e9gimen de CBD, especialmente si est\u00e1 embarazada, amamantando o tiene alguna condici\u00f3n de salud existente. Mant\u00e9ngalo fuera del alcance de los ni\u00f1os y gu\u00e1rdelo en un lugar fresco y seco.<\/p>","protected":false},"excerpt":{"rendered":"<p><span style=\"color: #000000;\">El aceite crudo de CBD Hempcare est\u00e1 muy concentrado y contiene, adem\u00e1s de CBD 5%, aceite de semillas de c\u00e1\u00f1amo con vitaminas B y E.<\/span><\/p>\n<p><span style=\"color: #000000;\">Lleno de antioxidantes, \u00e1cidos grasos saludables 3 y 6 y potente extracto de aceite de c\u00e1\u00f1amo CBD, que contiene Raw Cbd que ayuda a reconstruir el cuerpo. Contiene 30 ml.<\/span><\/p>","protected":false},"featured_media":126594,"template":"","meta":[],"product_brand":[],"product_cat":[601,297,485,371,483],"product_tag":[],"class_list":{"0":"post-11396","1":"product","2":"type-product","3":"status-publish","4":"has-post-thumbnail","6":"product_cat-hempcare","7":"product_cat-all-products","8":"product_cat-cbd-oils","9":"product_cat-cbd-top-10","10":"product_cat-cbdshop","12":"first","13":"instock","14":"taxable","15":"shipping-taxable","16":"purchasable","17":"product-type-variable"},"_links":{"self":[{"href":"https:\/\/www.tatanka.nl\/es\/wp-json\/wp\/v2\/product\/11396","targetHints":{"allow":["GET"]}}],"collection":[{"href":"https:\/\/www.tatanka.nl\/es\/wp-json\/wp\/v2\/product"}],"about":[{"href":"https:\/\/www.tatanka.nl\/es\/wp-json\/wp\/v2\/types\/product"}],"wp:featuredmedia":[{"embeddable":true,"href":"https:\/\/www.tatanka.nl\/es\/wp-json\/wp\/v2\/media\/126594"}],"wp:attachment":[{"href":"https:\/\/www.tatanka.nl\/es\/wp-json\/wp\/v2\/media?parent=11396"}],"wp:term":[{"taxonomy":"product_brand","embeddable":true,"href":"https:\/\/www.tatanka.nl\/es\/wp-json\/wp\/v2\/product_brand?post=11396"},{"taxonomy":"product_cat","embeddable":true,"href":"https:\/\/www.tatanka.nl\/es\/wp-json\/wp\/v2\/product_cat?post=11396"},{"taxonomy":"product_tag","embeddable":true,"href":"https:\/\/www.tatanka.nl\/es\/wp-json\/wp\/v2\/product_tag?post=11396"}],"curies":[{"name":"wp","href":"https:\/\/api.w.org\/{rel}","templated":true}]}}