{"id":115892,"date":"2023-08-21T15:19:48","date_gmt":"2023-08-21T13:19:48","guid":{"rendered":"https:\/\/www.tatanka.nl\/?post_type=product&#038;p=115892"},"modified":"2025-06-04T15:41:32","modified_gmt":"2025-06-04T14:41:32","slug":"sexy-x","status":"publish","type":"product","link":"https:\/\/www.tatanka.nl\/es\/sexy-x\/","title":{"rendered":"Sexy X"},"content":{"rendered":"<h2 data-start=\"51\" data-end=\"90\">\u00bfQu\u00e9 son los tapones Sexy X Euphoric Sex?<\/h2>\n<p data-start=\"92\" data-end=\"971\">Sexy X Euphoric Sex Caps es un suplemento de primera calidad dise\u00f1ado para mejorar las experiencias \u00edntimas amplificando las sensaciones f\u00edsicas y profundizando las conexiones emocionales. Esta mezcla de hierbas cuidadosamente elaborada estimula los sentidos, favorece la relajaci\u00f3n y aumenta el placer, por lo que es el compa\u00f1ero perfecto para los momentos de intimidad. Al aumentar la euforia y la pasi\u00f3n, Sexy X le permite a usted y a su pareja explorar nuevas dimensiones del deseo. M\u00e1s que una simple pastilla para fiestas, sirve como herramienta para mejorar la intimidad y crear una atm\u00f3sfera de mayor placer y conexi\u00f3n. Con ingredientes cuidadosamente seleccionados, permite disfrutar de una experiencia m\u00e1s sensual, ayud\u00e1ndote a alcanzar un placer m\u00e1s profundo y una mayor proximidad emocional. Tanto si buscas intensificar tus momentos \u00edntimos como embarcarte en un viaje apasionado, Sexy X Euphoric Sex Caps te ofrece el impulso necesario para elevar tu experiencia.<\/p>\n<h2 data-start=\"973\" data-end=\"1017\">Historia de los tapones Sexy X Euphoric Sex<\/h2>\n<p data-start=\"1019\" data-end=\"1781\">Las c\u00e1psulas Sexy X Euphoric Sex fueron creadas en respuesta a la creciente demanda de productos que mejoren la intimidad tanto f\u00edsica como emocional. Aprovechando el poder de las hierbas naturales, los creadores de Sexy X desarrollaron un suplemento que refuerza el v\u00ednculo natural entre la pareja. Los ingredientes clave de esta f\u00f3rmula se han utilizado durante siglos en diversas culturas para potenciar la libido, aumentar el placer e inducir la euforia. Combinando estas potentes hierbas en una pr\u00e1ctica c\u00e1psula, naci\u00f3 Sexy X. Desde su lanzamiento, ha ganado gran popularidad entre las personas que buscan mejorar sus relaciones y profundizar su conexi\u00f3n emocional y f\u00edsica. Se ha convertido en la elecci\u00f3n preferida de quienes desean explorar nuevos niveles de intimidad y sensualidad.<\/p>\n<h2 data-start=\"1783\" data-end=\"1823\">C\u00f3mo utilizar los tapones Sexy X Euphoric Sex<\/h2>\n<p data-start=\"1825\" data-end=\"2537\">Para obtener la mejor experiencia, tomar una c\u00e1psula de 30 a 45 minutos antes del efecto deseado. Para garantizar una absorci\u00f3n \u00f3ptima, consuma la c\u00e1psula con agua o zumo de frutas. El l\u00edmite diario recomendado es de dos c\u00e1psulas, y es esencial no superar esta dosis en un per\u00edodo de 24 horas. Tomar Sexy X a la hora adecuada garantiza sentir todos sus efectos en el momento perfecto. La f\u00f3rmula est\u00e1 dise\u00f1ada para mejorar las conexiones f\u00edsicas y emocionales, por lo que es ideal para su uso antes de una experiencia \u00edntima. Seguir la dosis recomendada ayuda a garantizar una experiencia segura y agradable. Si buscas aumentar tu sensualidad y desbloquear nuevos niveles de placer, Sexy X Euphoric Sex Caps son la elecci\u00f3n perfecta.<\/p>\n<h2 data-start=\"2539\" data-end=\"2583\">Ingredientes de Sexy X Euphoric Sex Caps<\/h2>\n<p data-start=\"2585\" data-end=\"2835\">Sexy X Euphoric Sex Caps est\u00e1n formuladas con una mezcla cuidadosamente seleccionada de hierbas, cada una elegida por su capacidad para potenciar las sensaciones f\u00edsicas, aumentar el placer y reforzar los v\u00ednculos afectivos. Los ingredientes clave en cada c\u00e1psula vegetariana incluyen:<\/p>\n<ul data-start=\"2837\" data-end=\"3449\">\n<li data-start=\"2837\" data-end=\"2928\"><strong data-start=\"2839\" data-end=\"2864\">Damiana 10% (100 mg):<\/strong> Tradicionalmente utilizado para mejorar la salud sexual y aumentar el deseo.<\/li>\n<li data-start=\"2929\" data-end=\"3033\"><strong data-start=\"2931\" data-end=\"2949\">GABA (100 mg):<\/strong> Favorece la relajaci\u00f3n y reduce el estr\u00e9s, permitiendo una experiencia m\u00e1s conectada.<\/li>\n<li data-start=\"3034\" data-end=\"3129\"><strong data-start=\"3036\" data-end=\"3063\">Ginkgo Biloba (100 mg):<\/strong> Mejora la circulaci\u00f3n, lo que aumenta las sensaciones f\u00edsicas.<\/li>\n<li data-start=\"3130\" data-end=\"3228\"><strong data-start=\"3132\" data-end=\"3159\">Extracto Kanna (100 mg):<\/strong> Eleva el estado de \u00e1nimo y alivia el estr\u00e9s, fomentando la intimidad emocional.<\/li>\n<li data-start=\"3229\" data-end=\"3334\"><strong data-start=\"3231\" data-end=\"3258\">Pasiflora (100 mg):<\/strong> Proporciona efectos calmantes, ayud\u00e1ndole a relajarse por completo y a abrazar el momento.<\/li>\n<li data-start=\"3335\" data-end=\"3449\"><strong data-start=\"3337\" data-end=\"3378\">\u00c1cido asc\u00f3rbico (80 mg) y zinc (10 mg):<\/strong> Favorecen la salud y la energ\u00eda en general, mejorando a\u00fan m\u00e1s la experiencia.<\/li>\n<\/ul>\n<p data-start=\"3451\" data-end=\"3623\" data-is-last-node=\"\">Juntos, estos ingredientes act\u00faan de forma sin\u00e9rgica para proporcionar una experiencia elevada y sensual, desbloqueando nuevos niveles de placer e intimidad tanto para usted como para su pareja.<\/p>\n<p><strong>Advertencia:<\/strong><br \/>\nNo utilice un suplemento diet\u00e9tico como sustituto de una dieta variada. Mantener fuera del alcance de los ni\u00f1os. S\u00f3lo se permite su uso a mayores de 18 a\u00f1os. No utilizar en combinaci\u00f3n con medicamentos u otros estimulantes, en caso de tensi\u00f3n arterial alta\/baja, afecciones card\u00edacas, trastornos tiroideos, enfermedades renales, depresi\u00f3n, nerviosismo, dolencias f\u00edsicas y\/o mentales y uso de inhibidores de la MAO. Tenga cuidado con el consumo excesivo de alcohol. En caso de duda, consulte a su m\u00e9dico.<\/p>","protected":false},"excerpt":{"rendered":"<p><span data-sheets-value=\"{&quot;1&quot;:2,&quot;2&quot;:&quot;Experience Passion and Ecstasy with Sexy X Euphoric Sex Caps!\\n\\nIndulge in the extraordinary with Sexy X Euphoric Sex Caps \u2013 a one-of-a-kind herbal blend meticulously crafted to ignite your senses and set the stage for an unforgettable journey into the realms of love and desire. From enhancing your physical sensations to deepening emotional connections, Sexy X is the secret ingredient that transforms intimate moments into a symphony of euphoria and passion.\\n\\nIgnite Your Senses and Explore New Depths of Pleasure\\n\\nImagine a world where every touch, every whisper, and every glance carries an electrifying charge. With Sexy X, that fantasy becomes your reality. Our unique blend of carefully selected herbs is designed to awaken your body and mind, elevating your experiences to new heights. Feel the tingle of anticipation as you take the first step towards sensual exploration, opening doors to pleasure you never thought possible.\\n\\nUnleash Your Inner Sensuality with Sexy X\\n\\nUnveil the hidden facets of your sensuality with Sexy X Euphoric Sex Caps. Let go of inhibitions and allow your inner desires to flourish. Whether you're igniting the flames of a long-term relationship or kindling a new spark, Sexy X provides the key to unlocking the door to a world where inhibitions fade and passion takes the lead.\\n\\nWhy Choose Sexy X Euphoric Sex Caps?\\n\\nSexy X is more than just a party pill \u2013 it's a gateway to a universe of unparalleled ecstasy. Our meticulously crafted blend is formulated with a focus on quality, safety, and the ultimate satisfaction of you and your partner. Every moment becomes an opportunity to delve into the depths of connection, amplifying the intimacy and excitement you share.\\n\\nElevate Your Intimate Moments Today\\n\\nReady to embark on a journey that will redefine your understanding of passion and connection? The Sexy X Euphoric Sex Caps are here to guide you. Unveil a world of heightened sensations, emotional intensity, and unbridled desire. Elevate your intimate moments and create memories that will last a lifetime. Experience the magic of Sexy X \u2013 order now and discover the euphoria that awaits!\\n\\n\\n\\n\\n\\n&quot;}\" data-sheets-userformat=\"{&quot;2&quot;:771,&quot;3&quot;:{&quot;1&quot;:0},&quot;4&quot;:{&quot;1&quot;:2,&quot;2&quot;:16711935},&quot;11&quot;:3,&quot;12&quot;:0}\">\u00a1Experimenta la pasi\u00f3n y el \u00e9xtasis con Sexy X Euphoric Sex Caps! Disfruta de lo extraordinario con Sexy X Euphoric Sex Caps, una mezcla de hierbas \u00fanica en su clase, meticulosamente elaborada para encender tus sentidos y preparar el terreno para un viaje inolvidable al reino del amor y el deseo. Desde la mejora de sus sensaciones f\u00edsicas hasta la profundizaci\u00f3n de las conexiones emocionales, Sexy X es el ingrediente secreto que transforma los momentos \u00edntimos en una sinfon\u00eda de euforia y pasi\u00f3n.<\/span><\/p>","protected":false},"featured_media":115895,"template":"","meta":[],"product_brand":[],"product_cat":[535,525,476,532],"product_tag":[],"class_list":{"0":"post-115892","1":"product","2":"type-product","3":"status-publish","4":"has-post-thumbnail","6":"product_cat-dnx","7":"product_cat-party-pills","8":"product_cat-smartshop","9":"product_cat-trippy-pills","10":"product_shipping_class-not-allowed-group-1","12":"first","13":"instock","14":"taxable","15":"shipping-taxable","16":"purchasable","17":"product-type-variable","18":"has-default-attributes"},"_links":{"self":[{"href":"https:\/\/www.tatanka.nl\/es\/wp-json\/wp\/v2\/product\/115892","targetHints":{"allow":["GET"]}}],"collection":[{"href":"https:\/\/www.tatanka.nl\/es\/wp-json\/wp\/v2\/product"}],"about":[{"href":"https:\/\/www.tatanka.nl\/es\/wp-json\/wp\/v2\/types\/product"}],"wp:featuredmedia":[{"embeddable":true,"href":"https:\/\/www.tatanka.nl\/es\/wp-json\/wp\/v2\/media\/115895"}],"wp:attachment":[{"href":"https:\/\/www.tatanka.nl\/es\/wp-json\/wp\/v2\/media?parent=115892"}],"wp:term":[{"taxonomy":"product_brand","embeddable":true,"href":"https:\/\/www.tatanka.nl\/es\/wp-json\/wp\/v2\/product_brand?post=115892"},{"taxonomy":"product_cat","embeddable":true,"href":"https:\/\/www.tatanka.nl\/es\/wp-json\/wp\/v2\/product_cat?post=115892"},{"taxonomy":"product_tag","embeddable":true,"href":"https:\/\/www.tatanka.nl\/es\/wp-json\/wp\/v2\/product_tag?post=115892"}],"curies":[{"name":"wp","href":"https:\/\/api.w.org\/{rel}","templated":true}]}}