{"id":118510,"date":"2024-01-26T10:51:44","date_gmt":"2024-01-26T08:51:44","guid":{"rendered":"https:\/\/www.tatanka.nl\/?post_type=product&#038;p=118510"},"modified":"2025-11-04T11:58:49","modified_gmt":"2025-11-04T10:58:49","slug":"microdosing-tea-mcmicrodose-6-grams","status":"publish","type":"product","link":"https:\/\/www.tatanka.nl\/es\/microdosing-tea-mcmicrodose-6-grams\/","title":{"rendered":"Microdosing T\u00e9: McMicrodose 6 gramos"},"content":{"rendered":"<h2>\u00bfQu\u00e9 es el t\u00e9 Microdosing - McMicrodose?<\/h2>\n<p>Microdosing T\u00e9 - McMicrodose es una delicada mezcla de 6 gramos de trufas m\u00e1gicas y Shamanita T\u00e9, infusionado con hibisco y lavanda para una deliciosa experiencia sensorial. Dise\u00f1ado para microdosis, este t\u00e9 ofrece una sutil elevaci\u00f3n del estado de \u00e1nimo, la concentraci\u00f3n y la creatividad sin efectos abrumadores, por lo que es ideal para mejorar las rutinas diarias. Al remojarse, el t\u00e9 se transforma de un relajante verde azulado a un cautivador p\u00farpura, a\u00f1adiendo un toque de magia a cada sorbo. Las suaves trufas favorecen la claridad y el equilibrio emocional, mientras que la mezcla de hierbas potencia el sabor y la relajaci\u00f3n. Perfecto para principiantes o para quienes buscan un suave est\u00edmulo, el T\u00e9 Microdosing - McMicrodose se integra perfectamente en el trabajo, los proyectos creativos o los momentos sociales. F\u00e1cil de preparar, invita a los usuarios a saborear una experiencia consciente en cualquier entorno c\u00f3modo. Este t\u00e9 es m\u00e1s que una bebida; es una puerta de entrada a una conciencia enriquecida y al bienestar. Cons\u00famalo siempre de forma responsable, empezando con una peque\u00f1a dosis para calibrar los efectos, y disfrute del encantador viaje que ofrece. Microdosing T\u00e9 - McMicrodose eleva los momentos cotidianos, fomentando la inspiraci\u00f3n y la conexi\u00f3n con su encanto \u00fanico y sabroso.<\/p>\n<h2>Historia del t\u00e9 Microdosing - McMicrodose<\/h2>\n<p>Los or\u00edgenes del T\u00e9 Microdosing - McMicrodose se remontan al antiguo uso de sustancias psicoactivas para la mejora cognitiva y emocional. Las trufas m\u00e1gicas, el n\u00facleo de este t\u00e9, se han utilizado durante siglos en diversas culturas para promover la claridad y la conexi\u00f3n espiritual, a menudo en peque\u00f1as dosis. El movimiento moderno de microdosificaci\u00f3n, que ha ido ganando terreno en las \u00faltimas d\u00e9cadas, se basa en esta tradici\u00f3n, haciendo hincapi\u00e9 en las dosis bajas de psicod\u00e9licos para la creatividad y el bienestar. Microdosing Tea - McMicrodose combina estas trufas tradicionales con Shamanita Tea, una mezcla de hierbas inspirada en las pr\u00e1cticas cham\u00e1nicas, para crear un producto contempor\u00e1neo. La infusi\u00f3n de hibisco y lavanda se centra en el placer sensorial, en consonancia con el creciente inter\u00e9s por los psicod\u00e9licos centrados en el bienestar. Este t\u00e9 surgi\u00f3 como respuesta a la demanda de mejoras sutiles y funcionales que encajen en estilos de vida ajetreados. Su auge pone de manifiesto un cambio cultural hacia el uso consciente de dosis bajas de psicod\u00e9licos para el crecimiento personal y la productividad. Al combinar la sabidur\u00eda ancestral con la innovaci\u00f3n moderna, el T\u00e9 Microdosing - McMicrodose ofrece una forma suave y accesible de explorar la consciencia, animando a los usuarios a comprometerse con su yo interior a la vez que mantienen la funcionalidad diaria, todo ello dentro de un marco seguro y sabroso.<\/p>\n<h2>C\u00f3mo utilizar el t\u00e9 Microdosing - McMicrodose<\/h2>\n<p>Preparar el t\u00e9 Magic Microdosing es un proceso sencillo que mejora la experiencia enriquecedora general:<\/p>\n<p>1. Pon a hervir 1,5 litros de agua en un hervidor u olla. Una vez que el agua empiece a hervir, ret\u00edrela del fuego y d\u00e9jela enfriar durante unos minutos hasta que alcance unos 80 grados cent\u00edgrados. Esta es la temperatura adecuada para el t\u00e9 Shamanita.<br \/>\n2. Coloque la bolsita de t\u00e9 Shamanita en la tetera o la olla. Opcionalmente, a\u00f1ada la bolsita de t\u00e9 adicional que desee.<br \/>\n3. Vierta con cuidado el agua caliente sobre la bolsita de t\u00e9 Shamanita en la tetera u olla.<br \/>\n4. Deje reposar el t\u00e9 durante unos 7 minutos. El tiempo exacto de infusi\u00f3n puede variar en funci\u00f3n de las preferencias personales, pero no lo deje demasiado tiempo para evitar que el t\u00e9 se vuelva demasiado fuerte. Si tiene una bolsita de t\u00e9 adicional, recuerde retirarla a tiempo.<br \/>\n5. Retire la bolsa de t\u00e9 Shamanita de la tetera o tetera y des\u00e9chela.<br \/>\n6. Sirva el t\u00e9 Shamanita caliente en tazas o vasos.<\/p>\n<h2>Ingredientes del t\u00e9 Microdosing - McMicrodose<\/h2>\n<p>Microdosing T\u00e9 - McMicrodose se elabora a partir de 6 gramos de trufas m\u00e1gicas y Shamanita T\u00e9, con una deliciosa mezcla de hibisco y lavanda. Las trufas m\u00e1gicas, seleccionadas por su suave potencia, contienen compuestos naturales que mejoran sutilmente el estado de \u00e1nimo, la concentraci\u00f3n y la creatividad, ideales para microdosificar. Estas trufas se cultivan para garantizar una calidad constante, proporcionando un efecto suave que favorece la funcionalidad diaria. El T\u00e9 Shamanita, una mezcla de hierbas patentada, incluye hibisco por su vibrante sabor y lavanda por sus propiedades calmantes, creando una experiencia relajante y arom\u00e1tica. Esta mezcla potencia los efectos de las trufas al tiempo que a\u00f1ade un cambio de color visualmente impresionante de azul verdoso a p\u00farpura durante la infusi\u00f3n. No se utilizan aditivos artificiales ni conservantes, lo que garantiza un producto puro y natural. La sinergia entre las trufas y el t\u00e9 de hierbas fomenta una experiencia equilibrada y estimulante, perfecta para aquellos que buscan una mejora consciente. Los ingredientes se obtienen con cuidado para mantener la frescura y la potencia, ofreciendo un t\u00e9 fiable y encantador. Cons\u00e9rvelo en un lugar fresco y seco para preservar su calidad. Microdosing T\u00e9 - McMicrodose proporciona una forma \u00fanica y sabrosa de elevar los momentos cotidianos, apoyando la creatividad y el bienestar con cada sorbo.<\/p>\n<p><strong>Advertencia<\/strong><br \/>\nUtilizar s\u00f3lo para mayores de 18 a\u00f1os y mantener fuera del alcance de los ni\u00f1os. Consulte a un m\u00e9dico antes de utilizarlo si est\u00e1 embarazada, en per\u00edodo de lactancia o tiene problemas de salud. Evite su uso si tiene problemas renales o cardiacos, tensi\u00f3n arterial alta o baja, diabetes o si se encuentra bajo los efectos de medicamentos, alcohol o drogas. Este producto no es un medicamento. No lo compre si el precinto est\u00e1 roto.<\/p>","protected":false},"excerpt":{"rendered":"<p dir=\"auto\">Microdosing T\u00e9 - McMicrodose, con 6 gramos de trufas m\u00e1gicas, mezcla hibisco y lavanda para una experiencia sutil y estimulante. Este encantador t\u00e9 mejora el estado de \u00e1nimo, la concentraci\u00f3n y la creatividad, transformando las rutinas diarias con un hipnotizante cambio de color del verde azulado al morado intenso.<\/p>","protected":false},"featured_media":128683,"template":"","meta":[],"product_brand":[],"product_cat":[620,297,615,625,515,476],"product_tag":[662],"class_list":{"0":"post-118510","1":"product","2":"type-product","3":"status-publish","4":"has-post-thumbnail","6":"product_cat-shamanita","7":"product_cat-all-products","8":"product_cat-magic-truffle-tea","9":"product_cat-mcmicrodose","10":"product_cat-shroomshop","11":"product_cat-smartshop","12":"product_tag-shrdeal","13":"product_shipping_class-creditcard-off","15":"first","16":"instock","17":"taxable","18":"shipping-taxable","19":"purchasable","20":"product-type-variable","21":"has-default-attributes"},"_links":{"self":[{"href":"https:\/\/www.tatanka.nl\/es\/wp-json\/wp\/v2\/product\/118510","targetHints":{"allow":["GET"]}}],"collection":[{"href":"https:\/\/www.tatanka.nl\/es\/wp-json\/wp\/v2\/product"}],"about":[{"href":"https:\/\/www.tatanka.nl\/es\/wp-json\/wp\/v2\/types\/product"}],"wp:featuredmedia":[{"embeddable":true,"href":"https:\/\/www.tatanka.nl\/es\/wp-json\/wp\/v2\/media\/128683"}],"wp:attachment":[{"href":"https:\/\/www.tatanka.nl\/es\/wp-json\/wp\/v2\/media?parent=118510"}],"wp:term":[{"taxonomy":"product_brand","embeddable":true,"href":"https:\/\/www.tatanka.nl\/es\/wp-json\/wp\/v2\/product_brand?post=118510"},{"taxonomy":"product_cat","embeddable":true,"href":"https:\/\/www.tatanka.nl\/es\/wp-json\/wp\/v2\/product_cat?post=118510"},{"taxonomy":"product_tag","embeddable":true,"href":"https:\/\/www.tatanka.nl\/es\/wp-json\/wp\/v2\/product_tag?post=118510"}],"curies":[{"name":"wp","href":"https:\/\/api.w.org\/{rel}","templated":true}]}}