{"id":118541,"date":"2024-01-26T10:53:32","date_gmt":"2024-01-26T08:53:32","guid":{"rendered":"https:\/\/www.tatanka.nl\/?post_type=product&#038;p=118541"},"modified":"2025-11-04T11:58:47","modified_gmt":"2025-11-04T10:58:47","slug":"euphoric-tea-atlantis-15-grams","status":"publish","type":"product","link":"https:\/\/www.tatanka.nl\/es\/euphoric-tea-atlantis-15-grams\/","title":{"rendered":"Euphoric T\u00e9: Atlantis 15 gramos"},"content":{"rendered":"<h2>\u00bfQu\u00e9 es el t\u00e9 Atlantis Euphoric?<\/h2>\n<p>El T\u00e9 Atlantis Euphoric es una deliciosa mezcla de 15 gramos de Trufas M\u00e1gicas Atlantis y un t\u00e9 de hierbas hecho a medida, dise\u00f1ado para despertar la alegr\u00eda y la claridad mental. Este t\u00e9 \u00fanico induce una euforia suave, parecida a un zumbido ligero y alegre, sin la intensidad de un viaje psicod\u00e9lico completo. Las trufas m\u00e1gicas, seleccionadas por su gran calidad, mejoran el estado de \u00e1nimo, la concentraci\u00f3n y la creatividad, lo que hace que este t\u00e9 sea perfecto para quienes buscan una experiencia edificante pero con los pies en la tierra. El t\u00e9 de hierbas complementa las trufas, amplificando sus efectos alegres al tiempo que promueve la relajaci\u00f3n y la introspecci\u00f3n. Ideal para entornos sociales o para reflexionar en silencio, el t\u00e9 Atlantis Euphoric fomenta un estado de feliz satisfacci\u00f3n que enriquece la realidad en lugar de distorsionarla. F\u00e1cil de preparar, invita a los usuarios a saborear un viaje consciente en un entorno confortable. Tanto si est\u00e1 explorando ideas creativas como si simplemente busca una escapada serena, este t\u00e9 ofrece un armonioso equilibrio de euforia y consciencia. Cons\u00famelo siempre de forma responsable, empezando con una peque\u00f1a dosis para calibrar los efectos, y aseg\u00farate de estar en un entorno tranquilo para disfrutar de la mejor experiencia. Atlantis Euphoric El t\u00e9 es su puerta de entrada a una aventura alegre e iluminadora.<\/p>\n<h2>Historia de Atlantis Euphoric T\u00e9<\/h2>\n<p>Las ra\u00edces del T\u00e9 Atlantis Euphoric se encuentran en el antiguo uso de sustancias psicoactivas para el enriquecimiento emocional y espiritual. Las trufas m\u00e1gicas, el coraz\u00f3n de esta mezcla, han sido veneradas en todas las culturas durante siglos, a menudo utilizadas en rituales para elevar el estado de \u00e1nimo y fomentar la conexi\u00f3n. La creaci\u00f3n moderna de este t\u00e9 se inspira en este legado, mezclando tradiciones consagradas con pr\u00e1cticas de bienestar contempor\u00e1neas. Las trufas m\u00e1gicas Atlantis, elegidas por sus efectos equilibrados y estimulantes, se combinaron con una tisana personalizada inspirada en la herborister\u00eda cham\u00e1nica para crear un producto \u00fanico. Esta fusi\u00f3n surgi\u00f3 a medida que crec\u00eda el inter\u00e9s por los psicod\u00e9licos naturales, sobre todo por su potencial para potenciar la creatividad y el bienestar emocional. La formulaci\u00f3n del t\u00e9 refleja un cuidadoso equilibrio, dise\u00f1ado para proporcionar alegr\u00eda sin abrumar los sentidos. El t\u00e9 Atlantis Euphoric representa una evoluci\u00f3n moderna de estas pr\u00e1cticas, ofreciendo una forma suave pero profunda de explorar los paisajes interiores. Su popularidad pone de manifiesto un cambio cultural hacia el uso consciente e intencionado de los psicod\u00e9licos para el crecimiento personal. Al honrar la sabidur\u00eda ancestral y al mismo tiempo adoptar la innovaci\u00f3n, este t\u00e9 invita a los usuarios a experimentar la misma claridad edificante que ha inspirado a los buscadores a lo largo de la historia, todo dentro de un marco seguro y accesible.<\/p>\n<h2>C\u00f3mo utilizar el t\u00e9 Atlantis Euphoric<\/h2>\n<p>Preparar el t\u00e9 Magic Truffle Euphoric es un proceso sencillo que mejora la experiencia enriquecedora en general:<\/p>\n<p>1. Hierve 1,5 litros de agua en un hervidor o cacerola. Una vez que el agua empiece a hervir, ret\u00edrala del fuego y deja que se enfr\u00ede durante unos minutos hasta alcanzar unos 80 grados cent\u00edgrados.<br \/>\n2. Coloque la bolsita de t\u00e9 Shamanita en la tetera u olla.<br \/>\n3. Muela o pique las Trufas M\u00e1gicas en trozos peque\u00f1os, rellene con ellas la bolsita de t\u00e9 vac\u00eda suministrada y col\u00f3quela en la tetera o la olla.<br \/>\n4. Vierte con cuidado el agua caliente sobre las bolsitas de t\u00e9 en la tetera o la olla.<br \/>\n5. Deje reposar el t\u00e9 Shamanita durante aproximadamente 7 minutos. El tiempo exacto de infusi\u00f3n puede variar seg\u00fan las preferencias personales. A continuaci\u00f3n, retire la bolsita de t\u00e9 Shamanita de la tetera o la olla.<br \/>\n6. Deje reposar la bolsita de t\u00e9 con trufas m\u00e1gicas de 10 a 15 minutos.<br \/>\n7. Despu\u00e9s de la infusi\u00f3n, retire la bolsita de t\u00e9 con trufas m\u00e1gicas. Puedes optar por comer las trufas para un impulso extra.<br \/>\n8. Sirva el t\u00e9 Shamanita caliente en tazas o vasos.<\/p>\n<h2>Ingredientes del t\u00e9 Atlantis Euphoric<\/h2>\n<p>El T\u00e9 Atlantis Euphoric se elabora a partir de dos componentes clave: 15 gramos de Trufas M\u00e1gicas Atlantis y una mezcla de infusiones personalizada. Las trufas m\u00e1gicas, famosas por sus propiedades estimulantes, se cultivan cuidadosamente para garantizar una calidad y potencia constantes. Contienen compuestos naturales que elevan el estado de \u00e1nimo, mejoran la concentraci\u00f3n y estimulan la creatividad, proporcionando una experiencia suave y euf\u00f3rica. La tisana, una mezcla patentada de plantas cuidadosamente seleccionadas, potencia los efectos de las trufas al tiempo que a\u00f1ade una dimensi\u00f3n relajante y sabrosa a la infusi\u00f3n. Esta mezcla est\u00e1 dise\u00f1ada para promover la relajaci\u00f3n y amplificar las propiedades alegres de las trufas, creando un equilibrio armonioso que favorece la introspecci\u00f3n y la claridad emocional. No se utilizan aditivos artificiales ni conservantes, lo que garantiza un producto puro y natural. La sinergia entre las trufas y la tisana crea una experiencia \u00fanica, por lo que el T\u00e9 Atlantis Euphoric es ideal para quienes buscan un viaje ligero y estimulante. Los ingredientes se obtienen con cuidado para mantener su potencia y calidad, ofreciendo a los usuarios una experiencia fiable y enriquecedora. Conserve el producto en un lugar fresco y seco para preservar su frescura y eficacia, garantizando que cada taza produzca los efectos deseados.<\/p>\n<p><strong>Advertencia<\/strong><br \/>\nUtilizar s\u00f3lo para mayores de 18 a\u00f1os y mantener fuera del alcance de los ni\u00f1os. Consulte a un m\u00e9dico antes de utilizarlo si est\u00e1 embarazada, en per\u00edodo de lactancia o tiene problemas de salud. Evite su uso si tiene problemas renales o cardiacos, tensi\u00f3n arterial alta o baja, diabetes o si se encuentra bajo los efectos de medicamentos, alcohol o drogas. Este producto no es un medicamento. No lo compre si el precinto est\u00e1 roto.<\/p>","protected":false},"excerpt":{"rendered":"<p dir=\"auto\">El T\u00e9 Atlantis Euphoric, infusionado con 15 gramos de Trufas M\u00e1gicas Atlantis, proporciona una experiencia alegre y estimulante. Esta mezcla expertamente elaborada promueve la euforia, la claridad mental y la inspiraci\u00f3n creativa sin psicod\u00e9licos intensos, ideal para aquellos que buscan un viaje ligero y dichoso en un entorno sereno.<\/p>","protected":false},"featured_media":118781,"template":"","meta":[],"product_brand":[],"product_cat":[620,297,615,515,476],"product_tag":[662],"class_list":{"0":"post-118541","1":"product","2":"type-product","3":"status-publish","4":"has-post-thumbnail","6":"product_cat-shamanita","7":"product_cat-all-products","8":"product_cat-magic-truffle-tea","9":"product_cat-shroomshop","10":"product_cat-smartshop","11":"product_tag-shrdeal","12":"product_shipping_class-creditcard-off","14":"first","15":"instock","16":"taxable","17":"shipping-taxable","18":"purchasable","19":"product-type-variable","20":"has-default-attributes"},"_links":{"self":[{"href":"https:\/\/www.tatanka.nl\/es\/wp-json\/wp\/v2\/product\/118541","targetHints":{"allow":["GET"]}}],"collection":[{"href":"https:\/\/www.tatanka.nl\/es\/wp-json\/wp\/v2\/product"}],"about":[{"href":"https:\/\/www.tatanka.nl\/es\/wp-json\/wp\/v2\/types\/product"}],"wp:featuredmedia":[{"embeddable":true,"href":"https:\/\/www.tatanka.nl\/es\/wp-json\/wp\/v2\/media\/118781"}],"wp:attachment":[{"href":"https:\/\/www.tatanka.nl\/es\/wp-json\/wp\/v2\/media?parent=118541"}],"wp:term":[{"taxonomy":"product_brand","embeddable":true,"href":"https:\/\/www.tatanka.nl\/es\/wp-json\/wp\/v2\/product_brand?post=118541"},{"taxonomy":"product_cat","embeddable":true,"href":"https:\/\/www.tatanka.nl\/es\/wp-json\/wp\/v2\/product_cat?post=118541"},{"taxonomy":"product_tag","embeddable":true,"href":"https:\/\/www.tatanka.nl\/es\/wp-json\/wp\/v2\/product_tag?post=118541"}],"curies":[{"name":"wp","href":"https:\/\/api.w.org\/{rel}","templated":true}]}}