{"id":118547,"date":"2024-01-26T10:54:06","date_gmt":"2024-01-26T08:54:06","guid":{"rendered":"https:\/\/www.tatanka.nl\/?post_type=product&#038;p=118547"},"modified":"2026-01-20T00:48:29","modified_gmt":"2026-01-19T23:48:29","slug":"tripping-tea-dragons-dynamite-20-grams","status":"publish","type":"product","link":"https:\/\/www.tatanka.nl\/es\/tripping-tea-dragons-dynamite-20-grams\/","title":{"rendered":"Tripping T\u00e9: Dragon\u2019s Dynamite 20 gramos"},"content":{"rendered":"<h2 dir=\"ltr\" data-pm-slice=\"1 1 []\">\u00bfQu\u00e9 es el t\u00e9 Dragon\u2019s Dynamite Tripping?<\/h2>\n<p dir=\"ltr\">Dragon\u2019s Dynamite Tripping Tea es una potente mezcla psicod\u00e9lica que combina 20 gramos de trufas m\u00e1gicas con Shamanita Tea, una infusi\u00f3n de hierbas especialmente seleccionada. Dise\u00f1ado para aquellos que buscan una inmersi\u00f3n profunda en su conciencia, este t\u00e9 proporciona alucinaciones v\u00edvidas, percepciones sensoriales y temporales alteradas y experiencias emocionales intensas. Las trufas m\u00e1gicas, conocidas por sus potentes efectos, trabajan en sinergia con la infusi\u00f3n para amplificar el viaje, fomentando la creatividad, la introspecci\u00f3n y el crecimiento espiritual. Ideal para consumidores experimentados, ofrece una experiencia transformadora cuando se consume en un entorno tranquilo y c\u00f3modo, con la presencia de un gu\u00eda sobrio. El t\u00e9 es f\u00e1cil de preparar y permite a los usuarios remojar las trufas y las hierbas para obtener un efecto equilibrado y envolvente. Este producto no es s\u00f3lo una bebida, sino una puerta de entrada a la exploraci\u00f3n de los reinos m\u00e1s profundos de la mente, que fomenta la comprensi\u00f3n profunda y la expresi\u00f3n art\u00edstica. Su f\u00f3rmula cuidadosamente elaborada garantiza un equilibrio armonioso entre intensidad y atenci\u00f3n, lo que la convierte en una oferta \u00fanica para quienes est\u00e1n dispuestos a embarcarse en una aventura m\u00edstica. Siga siempre las pautas de dosificaci\u00f3n para garantizar una experiencia segura e iluminadora.<\/p>\n<h2 dir=\"ltr\">Historia del t\u00e9 Dragon\u2019s Dynamite Tripping<\/h2>\n<p dir=\"ltr\">Los or\u00edgenes del T\u00e9 Dragon\u2019s Dynamite Tripping se remontan a antiguas tradiciones de uso de sustancias psicoactivas para el crecimiento espiritual y personal. Las trufas m\u00e1gicas, su componente principal, se han utilizado durante siglos en diversas culturas por sus propiedades alteradoras de la mente, a menudo en rituales para conectar con lo divino o explorar el yo. La formulaci\u00f3n moderna de este t\u00e9 surgi\u00f3 del resurgimiento del inter\u00e9s por los psicod\u00e9licos con fines terap\u00e9uticos y creativos. Al mezclar estas trufas con Shamanita Tea, una mezcla de hierbas inspirada en las pr\u00e1cticas cham\u00e1nicas, este producto combina la sabidur\u00eda ancestral con la innovaci\u00f3n contempor\u00e1nea. Las trufas se cultivan para maximizar su potencia, mientras que el t\u00e9 potencia sus efectos, creando una experiencia m\u00e1s suave y reflexiva. Esta fusi\u00f3n refleja el creciente aprecio por los psicod\u00e9licos naturales en las comunidades art\u00edsticas y de bienestar. Dragon\u2019s Dynamite Tripping El t\u00e9 tiende un puente entre el pasado y el presente, ofreciendo a los usuarios la oportunidad de aprovechar el mismo poder transformador que ha guiado a chamanes y buscadores durante generaciones. Su creciente popularidad subraya un cambio cultural que favorece el uso de psicod\u00e9licos para la atenci\u00f3n plena y el autodescubrimiento, siempre con un \u00e9nfasis en el uso seguro e intencionado.<\/p>\n<h2 dir=\"ltr\">C\u00f3mo utilizar el t\u00e9 Dragon\u2019s Dynamite Tripping<\/h2>\n<p>Preparar el t\u00e9 Magic Truffle Tripping es un proceso sencillo que mejora la experiencia enriquecedora en general:<\/p>\n<p>1. Hierve 1,5 litros de agua en un hervidor o cacerola. Una vez que el agua empiece a hervir, ret\u00edrala del fuego y deja que se enfr\u00ede durante unos minutos hasta alcanzar unos 80 grados cent\u00edgrados.<br \/>\n2. Coloque la bolsita de t\u00e9 Shamanita en la tetera u olla.<br \/>\n3. Muela o pique las Trufas M\u00e1gicas en trozos peque\u00f1os, rellene con ellas la bolsita de t\u00e9 vac\u00eda suministrada y col\u00f3quela en la tetera o la olla.<br \/>\n4. Vierte con cuidado el agua caliente sobre las bolsitas de t\u00e9 en la tetera o la olla.<br \/>\n5. Deje reposar el t\u00e9 Shamanita durante aproximadamente 7 minutos. El tiempo exacto de infusi\u00f3n puede variar seg\u00fan las preferencias personales. A continuaci\u00f3n, retire la bolsita de t\u00e9 Shamanita de la tetera o la olla.<br \/>\n6. Deje reposar la bolsita de t\u00e9 con trufas m\u00e1gicas de 10 a 15 minutos.<br \/>\n7. Despu\u00e9s de la infusi\u00f3n, retire la bolsita de t\u00e9 con trufas m\u00e1gicas. Puedes optar por comer las trufas para un impulso extra.<br \/>\n8. Sirva el t\u00e9 Shamanita caliente en tazas o vasos.<\/p>\n<h2 dir=\"ltr\">Ingredientes del t\u00e9 Dragon\u2019s Dynamite Tripping<\/h2>\n<p dir=\"ltr\">El T\u00e9 Dragon\u2019s Dynamite Tripping se elabora a partir de dos componentes principales: 20 gramos de trufas m\u00e1gicas y t\u00e9 Shamanita. Las trufas m\u00e1gicas, conocidas por sus potentes compuestos psicoactivos, se cultivan cuidadosamente para garantizar una potencia y calidad constantes, proporcionando alucinaciones v\u00edvidas y profundas percepciones emocionales. Estas trufas contienen compuestos naturales que interact\u00faan con el cerebro para alterar la percepci\u00f3n, el estado de \u00e1nimo y la conciencia, por lo que son ideales para consumidores experimentados. El T\u00e9 Shamanita, una mezcla de hierbas patentada, complementa las trufas potenciando sus efectos y promoviendo un viaje m\u00e1s suave e introspectivo. Este t\u00e9 incluye hierbas cuidadosamente seleccionadas que armonizan con las trufas, fomentando una experiencia equilibrada que estimula la creatividad y la conexi\u00f3n espiritual. La combinaci\u00f3n de estos ingredientes crea un efecto sin\u00e9rgico, amplificando el viaje psicod\u00e9lico a la vez que lo asienta en un marco consciente. No contiene aditivos artificiales ni conservantes, lo que garantiza una experiencia natural y aut\u00e9ntica. La precisa formulaci\u00f3n de este t\u00e9 est\u00e1 dise\u00f1ada para ayudar a los usuarios a explorar sus paisajes interiores, lo que lo convierte en una oferta \u00fanica para quienes buscan una transformaci\u00f3n profunda. Conserve siempre el producto en un lugar fresco y seco para mantener su potencia.<\/p>\n<p dir=\"ltr\"><strong>Advertencia<\/strong><br \/>\nUtilizar s\u00f3lo para mayores de 18 a\u00f1os y mantener fuera del alcance de los ni\u00f1os. Consulte a un m\u00e9dico antes de utilizarlo si est\u00e1 embarazada, en per\u00edodo de lactancia o tiene problemas de salud. Evite su uso si tiene problemas renales o cardiacos, tensi\u00f3n arterial alta o baja, diabetes o si se encuentra bajo los efectos de medicamentos, alcohol o drogas. Este producto no es un medicamento. No lo compre si el precinto est\u00e1 roto.<\/p>","protected":false},"excerpt":{"rendered":"<p dir=\"auto\">Dragon\u2019s Dynamite Tripping Tea es una potente mezcla de 20 gramos de trufas m\u00e1gicas y Shamanita Tea, elaborada para usuarios experimentados que buscan alucinaciones v\u00edvidas y un profundo autodescubrimiento. Este t\u00e9 \u00fanico ofrece un viaje psicod\u00e9lico inmersivo, potenciando la creatividad, la profundidad emocional y la exploraci\u00f3n espiritual en un entorno seguro y c\u00f3modo con un gu\u00eda sobrio.<\/p>","protected":false},"featured_media":118802,"template":"","meta":[],"product_brand":[],"product_cat":[620,297,615,515,476],"product_tag":[662],"class_list":{"0":"post-118547","1":"product","2":"type-product","3":"status-publish","4":"has-post-thumbnail","6":"product_cat-shamanita","7":"product_cat-all-products","8":"product_cat-magic-truffle-tea","9":"product_cat-shroomshop","10":"product_cat-smartshop","11":"product_tag-shrdeal","12":"product_shipping_class-creditcard-off","14":"first","15":"instock","16":"taxable","17":"shipping-taxable","18":"purchasable","19":"product-type-variable","20":"has-default-attributes"},"_links":{"self":[{"href":"https:\/\/www.tatanka.nl\/es\/wp-json\/wp\/v2\/product\/118547","targetHints":{"allow":["GET"]}}],"collection":[{"href":"https:\/\/www.tatanka.nl\/es\/wp-json\/wp\/v2\/product"}],"about":[{"href":"https:\/\/www.tatanka.nl\/es\/wp-json\/wp\/v2\/types\/product"}],"wp:featuredmedia":[{"embeddable":true,"href":"https:\/\/www.tatanka.nl\/es\/wp-json\/wp\/v2\/media\/118802"}],"wp:attachment":[{"href":"https:\/\/www.tatanka.nl\/es\/wp-json\/wp\/v2\/media?parent=118547"}],"wp:term":[{"taxonomy":"product_brand","embeddable":true,"href":"https:\/\/www.tatanka.nl\/es\/wp-json\/wp\/v2\/product_brand?post=118547"},{"taxonomy":"product_cat","embeddable":true,"href":"https:\/\/www.tatanka.nl\/es\/wp-json\/wp\/v2\/product_cat?post=118547"},{"taxonomy":"product_tag","embeddable":true,"href":"https:\/\/www.tatanka.nl\/es\/wp-json\/wp\/v2\/product_tag?post=118547"}],"curies":[{"name":"wp","href":"https:\/\/api.w.org\/{rel}","templated":true}]}}